{"id":3098,"date":"2024-03-14T14:07:49","date_gmt":"2024-03-14T06:07:49","guid":{"rendered":"https:\/\/zojopackaging.com\/?post_type=product&#038;p=3098"},"modified":"2025-03-28T23:59:35","modified_gmt":"2025-03-28T15:59:35","slug":"perfume-rose-red-silver-card-box","status":"publish","type":"product","link":"https:\/\/zojopackaging.com\/de\/product\/perfume-rose-red-silver-card-box\/","title":{"rendered":"Benutzerdefinierte Parf\u00fcm Rose rot Silber Karton Box ODM Lieferant"},"content":{"rendered":"<h1>Benutzerdefinierte Parf\u00fcm Rose rot Silber Karton Box ODM Lieferant<\/h1>\n<p>Die Perfume Rose Red Silver Cardboard Box ist eine luxuri\u00f6se und elegante Verpackungsm\u00f6glichkeit f\u00fcr Ihre exquisite Parf\u00fcmsammlung. Diese Schachtel ist aus hochwertigem Silberkarton mit einer wundersch\u00f6nen rosaroten Farbe gefertigt, die ein atemberaubendes und auff\u00e4lliges Design schafft.<\/p>\n<p>Die Kombination der Farben Rosenrot und Silber verleiht der Schachtel einen raffinierten und romantischen Look und macht sie perfekt f\u00fcr die Pr\u00e4sentation von Premium-Parfums. Der metallische Glanz des silbernen Kartonmaterials unterstreicht den Gesamteindruck der Box und verleiht ihr einen Hauch von Luxus und Glamour.<\/p>\n<p>Die robuste Konstruktion der Box sorgt daf\u00fcr, dass Ihre Parfums bei der Lagerung und beim Transport gut gesch\u00fctzt und sicher sind. Die kompakte Gr\u00f6\u00dfe und das stilvolle Design machen diese Box ideal f\u00fcr die Pr\u00e4sentation auf dem Schminktisch, in Regalen oder als Geschenkbox f\u00fcr besondere Anl\u00e4sse.<\/p>\n<p>Ob Sie ein Parf\u00fcmh\u00e4ndler sind, der sein Markenimage aufwerten m\u00f6chte, oder eine Privatperson, die eine schicke und stilvolle M\u00f6glichkeit sucht, ihre Lieblingsd\u00fcfte aufzubewahren - die Perfume Rose Red Silver Card Box ist die perfekte Wahl. Setzen Sie ein Zeichen mit Ihrer Parf\u00fcmsammlung mit dieser exquisiten Verpackung, die Parf\u00fcmliebhaber und -kenner gleicherma\u00dfen beeindrucken wird.<\/p>\n<h1><strong>Spezifikation<\/strong><\/h1>\n<div class=\"widget block block-static-block\">\n<div class=\"landing-page-section option-bottom\">\n<div class=\"custom-materials-tabs-content container container-adjustment\">\n<div class=\"custom-materials-tab-content active\">\n<div class=\"widget block block-static-block\">\n<div class=\"options-items\">\n<div class=\"flex-grid-row-option\">\n<div class=\"flex-grid-item-option\">\n<div class=\"material-box\">\n<div class=\"material-des\">\n<table width=\"1070\">\n<tbody>\n<tr>\n<td width=\"373\">Abmessungen<\/td>\n<td width=\"373\">Alle kundenspezifischen Gr\u00f6\u00dfen und Formen<\/td>\n<\/tr>\n<tr>\n<td width=\"373\">MOQ<\/td>\n<td width=\"373\">500St\u00fcck<\/td>\n<\/tr>\n<tr>\n<td width=\"373\">Probezeit<\/td>\n<td width=\"373\">3-5 Tage<\/td>\n<\/tr>\n<tr>\n<td width=\"373\">Standardverfahren<\/td>\n<td width=\"373\">Stanzen, Kleben, Rillen, Perforieren<\/td>\n<\/tr>\n<tr>\n<td width=\"373\">Drucken<\/td>\n<td width=\"373\">Cmyk, pms, kein Druck<\/td>\n<\/tr>\n<tr>\n<td width=\"373\">Option Material<\/td>\n<td width=\"373\">Wei\u00dfes Kartonpapier, gestrichenes Papier, Kunstdruckpapier, Kraftpapier, Elfenbeinkarton, Duplexkarton, Spezialpapier, usw.<\/td>\n<\/tr>\n<tr>\n<td width=\"373\">Oberfl\u00e4chenveredelung<\/td>\n<td width=\"373\">Matt\/Glanz-Laminierung, Spot-UV-Pr\u00e4gung, Pr\u00e4gung, Folienpr\u00e4gung usw.<\/td>\n<\/tr>\n<tr>\n<td width=\"373\">Industrie Verwendung<\/td>\n<td width=\"373\">Kosmetika, Parf\u00fcm, Bekleidung, Schmuck, Tabak, Lebensmittel, Geschenkartikel und Waren des t\u00e4glichen Bedarfs,<\/td>\n<\/tr>\n<tr>\n<td width=\"373\">Qualit\u00e4tskontrolle<\/td>\n<td width=\"373\">Fortschrittliche Ausr\u00fcstung und ein erfahrenes QC-Team \u00fcberpr\u00fcfen Material, Halbfertig- und Fertigprodukte streng in jedem Schritt, bevor<\/td>\n<\/tr>\n<tr>\n<td width=\"373\">Preis<\/td>\n<td width=\"373\">Der Endpreis wird auf Ihr Produkt und die von Ihnen ben\u00f6tigte Menge zugeschnitten<\/td>\n<\/tr>\n<tr>\n<td width=\"373\">Bearbeitungszeit<\/td>\n<td width=\"373\">7-14 Werktage, Eile<\/td>\n<\/tr>\n<tr>\n<td width=\"373\">Papierbestand<\/td>\n<td width=\"373\">10pt bis 28pt (60lb bis 400lb) umweltfreundliches Kraftpapier, E-Welle, Buxkarton, Cardstock<\/td>\n<\/tr>\n<tr>\n<td width=\"373\">Format der Druckvorlage<\/td>\n<td width=\"373\">JPG, PDF, AI, CDR, EPS, GIF....<\/td>\n<\/tr>\n<tr>\n<td width=\"373\">Zubeh\u00f6r<\/td>\n<td width=\"373\">Magnet, Farbband, EVA-Form, Kunststoffschale, Schwamm, PVC\/PET\/PP-Fenster,...<\/td>\n<\/tr>\n<tr>\n<td width=\"373\">Zahlungsfrist<\/td>\n<td width=\"373\">T\/T, Western Union, Paypal, 30% Anzahlung und 70% Restbetrag vor Versand.<\/td>\n<\/tr>\n<\/tbody>\n<\/table>\n<\/div>\n<\/div>\n<\/div>\n<\/div>\n<\/div>\n<\/div>\n<\/div>\n<\/div>\n<\/div>\n<\/div>\n<div class=\"widget block block-static-block\">\n<div class=\"landing-page-section option-bottom\">\n<div class=\"custom-materials-tabs-content container container-adjustment\">\n<div class=\"custom-materials-tab-content active\">\n<div class=\"widget block block-static-block\">\n<div class=\"options-items\">\n<div class=\"flex-grid-row-option\">\n<div class=\"flex-grid-item-option\">\n<div class=\"material-box\">\n<p>&nbsp;<\/p>\n<\/div>\n<\/div>\n<\/div>\n<\/div>\n<p><!---end of option item--><\/p>\n<\/div>\n<\/div>\n<\/div>\n<\/div>\n<\/div>","protected":false},"excerpt":{"rendered":"<p>Einzigartige Branding mit erschwinglichen Custom Printed Parf\u00fcm Boxen Verpackung Gro\u00dfhandel mit Logo. Holen Sie sich Ihre benutzerdefinierte Parf\u00fcm-Box in jeder Gr\u00f6\u00dfe und Farbe.<\/p>\n<ul>\n<li>MOQ: 500 St\u00fcck<\/li>\n<li>Lieferzeit:7-14 Arbeitstage, Eilauftrag<\/li>\n<li>Ma\u00dfgeschneidert in den Abmessungen (Durchmesser x H\u00f6he)<\/li>\n<li>Kundenspezifischer Druck<\/li>\n<li>Umweltfreundlich, recycelbar und plastikfrei<\/li>\n<li>Preis\uff1aDer Endpreis wird auf Ihr Produkt und die von Ihnen ben\u00f6tigte Menge zugeschnitten<\/li>\n<\/ul>","protected":false},"featured_media":3102,"template":"","meta":[],"product_brand":[],"product_cat":[30,417,430,31],"product_tag":[865,866,867],"class_list":{"0":"post-3098","1":"product","2":"type-product","3":"status-publish","4":"has-post-thumbnail","6":"product_cat-by-industry","7":"product_cat-custom-perfume-boxes-by-industry","8":"product_cat-folding-cartons","9":"product_cat-paper-box-style","10":"product_tag-custom-cardboard-box","11":"product_tag-perfume-cardboard-box","12":"product_tag-silver-cardboard-box","14":"first","15":"instock","16":"shipping-taxable","17":"product-type-grouped"},"_links":{"self":[{"href":"https:\/\/zojopackaging.com\/de\/wp-json\/wp\/v2\/product\/3098","targetHints":{"allow":["GET"]}}],"collection":[{"href":"https:\/\/zojopackaging.com\/de\/wp-json\/wp\/v2\/product"}],"about":[{"href":"https:\/\/zojopackaging.com\/de\/wp-json\/wp\/v2\/types\/product"}],"version-history":[{"count":2,"href":"https:\/\/zojopackaging.com\/de\/wp-json\/wp\/v2\/product\/3098\/revisions"}],"predecessor-version":[{"id":8521,"href":"https:\/\/zojopackaging.com\/de\/wp-json\/wp\/v2\/product\/3098\/revisions\/8521"}],"wp:featuredmedia":[{"embeddable":true,"href":"https:\/\/zojopackaging.com\/de\/wp-json\/wp\/v2\/media\/3102"}],"wp:attachment":[{"href":"https:\/\/zojopackaging.com\/de\/wp-json\/wp\/v2\/media?parent=3098"}],"wp:term":[{"taxonomy":"product_brand","embeddable":true,"href":"https:\/\/zojopackaging.com\/de\/wp-json\/wp\/v2\/product_brand?post=3098"},{"taxonomy":"product_cat","embeddable":true,"href":"https:\/\/zojopackaging.com\/de\/wp-json\/wp\/v2\/product_cat?post=3098"},{"taxonomy":"product_tag","embeddable":true,"href":"https:\/\/zojopackaging.com\/de\/wp-json\/wp\/v2\/product_tag?post=3098"}],"curies":[{"name":"wp","href":"https:\/\/api.w.org\/{rel}","templated":true}]}}