{"id":3119,"date":"2024-03-14T14:21:00","date_gmt":"2024-03-14T06:21:00","guid":{"rendered":"https:\/\/zojopackaging.com\/?post_type=product&#038;p=3119"},"modified":"2025-03-27T17:27:19","modified_gmt":"2025-03-27T09:27:19","slug":"custom-perfume-box","status":"publish","type":"product","link":"https:\/\/zojopackaging.com\/de\/product\/custom-perfume-box\/","title":{"rendered":"Gro\u00dfhandel Die Parf\u00fcm-Boxen Kosmetik-Verpackung liefert"},"content":{"rendered":"<h1>Gro\u00dfhandel Die Parf\u00fcm-Boxen Kosmetik-Verpackung liefert<\/h1>\n<p><a href=\"https:\/\/zojopackaging.com\/de\/produkt-kategorie\/custom-perfume-boxes\/\">Individuelle Parf\u00fcmschachtel<\/a> Dies tr\u00e4gt dazu bei, den Duft des Parf\u00fcms zu bewahren und gleichzeitig die Reinheit und Qualit\u00e4t des Parf\u00fcms zu erhalten und zu verhindern, dass sich der Duft aufgrund langfristiger Exposition gegen\u00fcber der Luft allm\u00e4hlich verfl\u00fcchtigt.Aus einer Reihe von Gr\u00fcnden sind umweltfreundliche Verpackungen f\u00fcr die Parf\u00fcmindustrie von entscheidender Bedeutung, und immer mehr Menschen verwenden umweltfreundliche Materialien, um die Auswirkungen auf die Umwelt zu verringern.<\/p>\n<h3>Wir bieten hochqualitative Pritning und Verpackungsl\u00f6sungen f\u00fcr <a href=\"https:\/\/zojoprint.en.alibaba.com\/productgrouplist-930456046\/Perfume_Box.html\" target=\"_blank\" rel=\"noopener\">individuelle Parf\u00fcmverpackung<\/a><\/h3>\n<p>Hochwertige Druck- und Verpackungsl\u00f6sungen sind unerl\u00e4sslich f\u00fcr <a href=\"https:\/\/zojopackaging.com\/de\/produkt-kategorie\/custom-perfume-boxes\/\">Parf\u00fcmkasten nach Ma\u00df<\/a> Dar\u00fcber hinaus verwenden die meisten Parf\u00fcmerien ein einzigartiges Design und einen einzigartigen Druck, um ihr Markenimage zu st\u00e4rken und den Wiedererkennungswert und die Professionalit\u00e4t der Marke zu erh\u00f6hen.<\/p>\n<h3><strong>Umweltfreundliches Material f\u00fcr die Herstellung\u00a0\u00a0<\/strong><\/h3>\n<p>Bei der Herstellung<a href=\"https:\/\/zojopackaging.com\/de\/produkt-kategorie\/custom-perfume-boxes\/\"> individuelle Parf\u00fcmschachteln<\/a>Die Verwendung umweltfreundlicher Materialien ist von entscheidender Bedeutung, denn sie tr\u00e4gt nicht nur dazu bei, die Auswirkungen auf die Umwelt zu verringern, sondern verbessert auch das Markenimage und zieht mehr nachhaltigkeitsbewusste Verbraucher an.<\/p>\n<p>Wir k\u00f6nnen Ihnen die folgenden Materialien zur Auswahl anbieten.<\/p>\n<h4>wie zum Beispiel:<\/h4>\n<p><b>Spezialpapier<\/b><\/p>\n<p><b>gewelltes Papier<\/b><\/p>\n<p><strong>anderes Papier<\/strong><\/p>\n<p><img fetchpriority=\"high\" decoding=\"async\" class=\"size-medium wp-image-7511 alignnone\" src=\"https:\/\/zojopackaging.com\/wp-content\/uploads\/2024\/03\/63ba72fb42de82bdcc1ddc218d5a80e-300x269.jpg\" alt=\"Material\" width=\"300\" height=\"269\" title=\"\" srcset=\"https:\/\/zojopackaging.com\/wp-content\/uploads\/2024\/03\/63ba72fb42de82bdcc1ddc218d5a80e-300x269.jpg 300w, https:\/\/zojopackaging.com\/wp-content\/uploads\/2024\/03\/63ba72fb42de82bdcc1ddc218d5a80e-600x538.jpg 600w, https:\/\/zojopackaging.com\/wp-content\/uploads\/2024\/03\/63ba72fb42de82bdcc1ddc218d5a80e.jpg 750w\" sizes=\"(max-width: 300px) 100vw, 300px\" \/><\/p>\n<p>\uff08Die folgenden Materialien sind zu Ihrer Information gedacht\uff09<\/p>\n<h3>Parf\u00fcmverpackung ist das Beste f\u00fcr Ihr <a href=\"https:\/\/zojoprint.en.alibaba.com\/index.html?spm=a2700.shop_pl.88.11.23bb7121MItxGU\" target=\"_blank\" rel=\"noopener\">Kundenspezifische Boxen<\/a> Braucht!<\/h3>\n<p>Die Verpackung f\u00fcr Parf\u00fcm kann aus einer Vielzahl von umweltfreundlichen Materialien hergestellt werden: Pappe, Kunstdruckpapier und Spezialpapier sind eine ausgezeichnete Wahl. Sie k\u00f6nnen sicherstellen, dass die Verpackung zu Ihrer Markenidentit\u00e4t passt und Ihrer Zielgruppe die richtige Botschaft vermittelt, indem Sie die visuelle Anziehungskraft Ihres Parf\u00fcms verst\u00e4rken, es f\u00fcr die Kunden attraktiver machen und im Regal hervorstechen lassen, basierend auf dem Logo, den Farben und den Designelementen Ihrer Marke.<\/p>\n<h3>Warum sollten Sie uns f\u00fcr Ihre individuellen Verpackungen w\u00e4hlen?<\/h3>\n<p>Gegr\u00fcndet im Jahr 2009, bietet zojopackaging seit langem hervorragende L\u00f6sungen speziell f\u00fcr Duftprodukte f\u00fcr verschiedene Unternehmen und Marken. Wir glauben an die Bequemlichkeit unserer Kunden auf die bestm\u00f6gliche Weise, weshalb unsere Produkte 100% Kundenzufriedenheit haben.<\/p>\n<h1><strong>Spezifikation<\/strong><\/h1>\n<div class=\"widget block block-static-block\">\n<div class=\"landing-page-section option-bottom\">\n<div class=\"custom-materials-tabs-content container container-adjustment\">\n<div class=\"custom-materials-tab-content active\">\n<div class=\"widget block block-static-block\">\n<div class=\"options-items\">\n<div class=\"flex-grid-row-option\">\n<div class=\"flex-grid-item-option\">\n<div class=\"material-box\">\n<div class=\"material-des\">\n<table width=\"1070\">\n<tbody>\n<tr>\n<td width=\"373\">Abmessungen<\/td>\n<td width=\"373\">Alle kundenspezifischen Gr\u00f6\u00dfen und Formen<\/td>\n<\/tr>\n<tr>\n<td width=\"373\">MOQ<\/td>\n<td width=\"373\">500 St\u00fcck (zur \u00dcberpr\u00fcfung der Qualit\u00e4t von Mustern)<\/td>\n<\/tr>\n<tr>\n<td width=\"373\">Probezeit<\/td>\n<td width=\"373\">3-5 Arbeitstage<\/td>\n<\/tr>\n<tr>\n<td width=\"373\">Standardverfahren<\/td>\n<td width=\"373\">Stanzen, Kleben, Rillen, Perforieren<\/td>\n<\/tr>\n<tr>\n<td width=\"373\">Drucken<\/td>\n<td width=\"373\">Cmyk, pms, kein Druck<\/td>\n<\/tr>\n<tr>\n<td width=\"373\">Option Material<\/td>\n<td width=\"373\">Wei\u00dfes Kartonpapier, gestrichenes Papier, Kunstdruckpapier, Kraftpapier, Elfenbeinkarton, Duplexkarton, Spezialpapier, usw.<\/td>\n<\/tr>\n<tr>\n<td width=\"373\">Oberfl\u00e4chenveredelung<\/td>\n<td width=\"373\">Matt\/Glanz-Laminierung, Spot-UV-Pr\u00e4gung, Pr\u00e4gung, Folienpr\u00e4gung usw.<\/td>\n<\/tr>\n<tr>\n<td width=\"373\">Industrie Verwendung<\/td>\n<td width=\"373\">Kosmetika, Parf\u00fcm, Bekleidung, Schmuck, Tabak, Lebensmittel, Geschenkartikel und Waren des t\u00e4glichen Bedarfs,<\/td>\n<\/tr>\n<tr>\n<td width=\"373\">Qualit\u00e4tskontrolle<\/td>\n<td width=\"373\">Fortschrittliche Ausr\u00fcstung und ein erfahrenes QC-Team \u00fcberpr\u00fcfen Material, Halbfertig- und Fertigprodukte streng in jedem Schritt, bevor<\/td>\n<\/tr>\n<tr>\n<td width=\"373\">Preis<\/td>\n<td width=\"373\">Der Endpreis wird auf Ihr Produkt und die von Ihnen ben\u00f6tigte Menge zugeschnitten<\/td>\n<\/tr>\n<tr>\n<td width=\"373\">Bearbeitungszeit<\/td>\n<td width=\"373\">7-14 Arbeitstage<\/td>\n<\/tr>\n<tr>\n<td width=\"373\">Papierbestand<\/td>\n<td width=\"373\">10pt bis 28pt (60lb bis 400lb) umweltfreundliches Kraftpapier, E-Welle, Buxkarton, Cardstock<\/td>\n<\/tr>\n<tr>\n<td width=\"373\">Format der Druckvorlage<\/td>\n<td width=\"373\">JPG, PDF, AI, CDR, EPS, GIF....<\/td>\n<\/tr>\n<tr>\n<td width=\"373\">Zubeh\u00f6r<\/td>\n<td width=\"373\">Magnet, Farbband, EVA-Form, Kunststoffschale, Schwamm, PVC\/PET\/PP-Fenster,...<\/td>\n<\/tr>\n<tr>\n<td width=\"373\">Zahlungsfrist<\/td>\n<td width=\"373\">T\/T, Western Union, Paypal, 30% Anzahlung und 70% Restbetrag vor Versand.<\/td>\n<\/tr>\n<\/tbody>\n<\/table>\n<\/div>\n<\/div>\n<\/div>\n<\/div>\n<\/div>\n<\/div>\n<\/div>\n<\/div>\n<\/div>\n<\/div>\n<div class=\"widget block block-static-block\">\n<div class=\"landing-page-section option-bottom\">\n<div class=\"custom-materials-tabs-content container container-adjustment\">\n<div class=\"custom-materials-tab-content active\">\n<div class=\"widget block block-static-block\">\n<div class=\"options-items\">\n<div class=\"flex-grid-row-option\">\n<div class=\"flex-grid-item-option\">\n<div class=\"material-box\">\n<p>&nbsp;<\/p>\n<\/div>\n<\/div>\n<\/div>\n<\/div>\n<p><!---end of option item--><\/p>\n<\/div>\n<\/div>\n<\/div>\n<\/div>\n<\/div>","protected":false},"excerpt":{"rendered":"<p>1. Die Box Typ mit Deckel und Boden nimmt die Struktur der oberen und unteren Deckel, zweischichtigen Schutz des Produkts, die effektiv verhindern k\u00f6nnen, dass die Elemente in der Verpackung von besch\u00e4digt werden<br \/>\n2. Spezialpapier Material unterstreicht die Einfachheit der Box, aber nicht das Gef\u00fchl von Luxus fehlt<br \/>\n3. Das Gold-Hei\u00dfpr\u00e4gefolienverfahren verleiht der Verpackung ein Gef\u00fchl von Luxus und eine hochwertige visuelle Pr\u00e4sentation<br \/>\n4. Verschiedene Schachteltypen, Materialien, Gr\u00f6\u00dfen, Auskleidungen und Oberfl\u00e4chendruckeffekte k\u00f6nnen nach Ihren Bed\u00fcrfnissen angepasst werden<\/p>","protected":false},"featured_media":3125,"template":"","meta":[],"product_brand":[],"product_cat":[30,390,417,425],"product_tag":[686,336,687],"class_list":{"0":"post-3119","1":"product","2":"type-product","3":"status-publish","4":"has-post-thumbnail","6":"product_cat-by-industry","7":"product_cat-custom-cosmetics-boxes","8":"product_cat-custom-perfume-boxes-by-industry","9":"product_cat-lid-and-base-gift-box","10":"product_tag-cosmetic-packaging-supplies","11":"product_tag-perfume-boxes","12":"product_tag-wholesale-perfume-packaging","14":"first","15":"instock","16":"shipping-taxable","17":"product-type-grouped"},"_links":{"self":[{"href":"https:\/\/zojopackaging.com\/de\/wp-json\/wp\/v2\/product\/3119","targetHints":{"allow":["GET"]}}],"collection":[{"href":"https:\/\/zojopackaging.com\/de\/wp-json\/wp\/v2\/product"}],"about":[{"href":"https:\/\/zojopackaging.com\/de\/wp-json\/wp\/v2\/types\/product"}],"version-history":[{"count":2,"href":"https:\/\/zojopackaging.com\/de\/wp-json\/wp\/v2\/product\/3119\/revisions"}],"predecessor-version":[{"id":8409,"href":"https:\/\/zojopackaging.com\/de\/wp-json\/wp\/v2\/product\/3119\/revisions\/8409"}],"wp:featuredmedia":[{"embeddable":true,"href":"https:\/\/zojopackaging.com\/de\/wp-json\/wp\/v2\/media\/3125"}],"wp:attachment":[{"href":"https:\/\/zojopackaging.com\/de\/wp-json\/wp\/v2\/media?parent=3119"}],"wp:term":[{"taxonomy":"product_brand","embeddable":true,"href":"https:\/\/zojopackaging.com\/de\/wp-json\/wp\/v2\/product_brand?post=3119"},{"taxonomy":"product_cat","embeddable":true,"href":"https:\/\/zojopackaging.com\/de\/wp-json\/wp\/v2\/product_cat?post=3119"},{"taxonomy":"product_tag","embeddable":true,"href":"https:\/\/zojopackaging.com\/de\/wp-json\/wp\/v2\/product_tag?post=3119"}],"curies":[{"name":"wp","href":"https:\/\/api.w.org\/{rel}","templated":true}]}}