{"id":3140,"date":"2024-03-14T14:32:51","date_gmt":"2024-03-14T06:32:51","guid":{"rendered":"https:\/\/zojopackaging.com\/?post_type=product&#038;p=3140"},"modified":"2025-03-27T17:39:59","modified_gmt":"2025-03-27T09:39:59","slug":"custom-perfume-drawer-boxes","status":"publish","type":"product","link":"https:\/\/zojopackaging.com\/de\/product\/custom-perfume-drawer-boxes\/","title":{"rendered":"Beste benutzerdefinierte Luxus-Duft Parf\u00fcm Verpackung Boxen Lieferant"},"content":{"rendered":"<h1>Beste benutzerdefinierte Luxus-Duft Parf\u00fcm Verpackung Boxen Lieferant<\/h1>\n<p>Individuell gestaltete Parf\u00fcmschachteln sind eine elegante und praktische Wahl f\u00fcr die Verpackung von Parf\u00fcms und bieten ein anspruchsvolles Auspackerlebnis, das den Eindruck von Luxus und Qualit\u00e4t verst\u00e4rkt.<\/p>\n<h2>1. Entwurf und Ausf\u00fchrung<\/h2>\n<p>Ma\u00dfgeschneiderte Schubladenboxen f\u00fcr Parf\u00fcm, die ultimative L\u00f6sung f\u00fcr Ihren Bedarf an Verpackungen f\u00fcr Parf\u00fcmprodukte.<\/p>\n<p>Unsere Luxus-Kosmetik-Parf\u00fcmboxen sind ein Meisterwerk des Designs. Mit Pr\u00e4zision und Liebe zum Detail gefertigt, zeigen sie eine Eleganz, die ihresgleichen sucht. Die schlanken Linien und die raffinierten Oberfl\u00e4chen verleihen ihnen ein raffiniertes Aussehen, das sofort ins Auge sticht.<\/p>\n<h2>2. Materielle Qualit\u00e4t<\/h2>\n<p>Diese aus den besten Materialien hergestellten Schachteln garantieren Langlebigkeit und ein luxuri\u00f6ses Gef\u00fchl. Das verwendete hochwertige Papier oder Gewebe erh\u00f6ht nicht nur die \u00c4sthetik, sondern bietet auch einen Schutzschild f\u00fcr Ihre kostbaren Parfums.<\/p>\n<h2>3. Markenanpassung<\/h2>\n<p>Wir wissen, wie wichtig die Markenidentit\u00e4t ist.<\/p>\n<h2>4. Pr\u00e4sentation und Appell<\/h2>\n<p>Die Luxus-Kosmetik-Parf\u00fcmschachteln verleihen Ihrem Produkt Wert und Prestige und machen es zu einem Must-have f\u00fcr anspruchsvolle Kunden. <a href=\"https:\/\/zojopackaging.com\/de\/contact-us\/\">Jetzt bestellen<\/a> und geben Sie Ihrem Parf\u00fcm die Verpackung, die es verdient!<\/p>\n<h1><strong>Spezifikation<\/strong><\/h1>\n<div class=\"widget block block-static-block\">\n<div class=\"landing-page-section option-bottom\">\n<div class=\"custom-materials-tabs-content container container-adjustment\">\n<div class=\"custom-materials-tab-content active\">\n<div class=\"widget block block-static-block\">\n<div class=\"options-items\">\n<div class=\"flex-grid-row-option\">\n<div class=\"flex-grid-item-option\">\n<div class=\"material-box\">\n<div class=\"material-des\">\n<table width=\"1070\">\n<tbody>\n<tr>\n<td width=\"373\">Abmessungen<\/td>\n<td width=\"373\">Alle kundenspezifischen Gr\u00f6\u00dfen und Formen<\/td>\n<\/tr>\n<tr>\n<td width=\"373\">MOQ<\/td>\n<td width=\"373\">500St\u00fcck<\/td>\n<\/tr>\n<tr>\n<td width=\"373\">Probezeit<\/td>\n<td width=\"373\">3-5 Tage<\/td>\n<\/tr>\n<tr>\n<td width=\"373\">Standardverfahren<\/td>\n<td width=\"373\">Stanzen, Kleben, Rillen, Perforieren<\/td>\n<\/tr>\n<tr>\n<td width=\"373\">Drucken<\/td>\n<td width=\"373\">Cmyk, pms, kein Druck<\/td>\n<\/tr>\n<tr>\n<td width=\"373\">Option Material<\/td>\n<td width=\"373\">Wei\u00dfes Kartonpapier, gestrichenes Papier, Kunstdruckpapier, Kraftpapier, Elfenbeinkarton, Duplexkarton, Spezialpapier, usw.<\/td>\n<\/tr>\n<tr>\n<td width=\"373\">Oberfl\u00e4chenveredelung<\/td>\n<td width=\"373\">Matt\/Glanz-Laminierung, Spot-UV-Pr\u00e4gung, Pr\u00e4gung, Folienpr\u00e4gung usw.<\/td>\n<\/tr>\n<tr>\n<td width=\"373\">Industrie Verwendung<\/td>\n<td width=\"373\">Kosmetika, Parf\u00fcm, Bekleidung, Schmuck, Tabak, Lebensmittel, Geschenkartikel und Waren des t\u00e4glichen Bedarfs,<\/td>\n<\/tr>\n<tr>\n<td width=\"373\">Qualit\u00e4tskontrolle<\/td>\n<td width=\"373\">Fortschrittliche Ausr\u00fcstung und ein erfahrenes QC-Team \u00fcberpr\u00fcfen Material, Halbfertig- und Fertigprodukte streng in jedem Schritt, bevor<\/td>\n<\/tr>\n<tr>\n<td width=\"373\">Preis<\/td>\n<td width=\"373\">Der Endpreis wird auf Ihr Produkt und die von Ihnen ben\u00f6tigte Menge zugeschnitten<\/td>\n<\/tr>\n<tr>\n<td width=\"373\">Bearbeitungszeit<\/td>\n<td width=\"373\">7-14 Werktage, Eile<\/td>\n<\/tr>\n<tr>\n<td width=\"373\">Papierbestand<\/td>\n<td width=\"373\">10pt bis 28pt (60lb bis 400lb) umweltfreundliches Kraftpapier, E-Welle, Buxkarton, Cardstock<\/td>\n<\/tr>\n<tr>\n<td width=\"373\">Format der Druckvorlage<\/td>\n<td width=\"373\">JPG, PDF, AI, CDR, EPS, GIF....<\/td>\n<\/tr>\n<tr>\n<td width=\"373\">Zubeh\u00f6r<\/td>\n<td width=\"373\">Magnet, Farbband, EVA-Form, Kunststoffschale, Schwamm, PVC\/PET\/PP-Fenster,...<\/td>\n<\/tr>\n<tr>\n<td width=\"373\">Zahlungsfrist<\/td>\n<td width=\"373\">T\/T, Western Union, Paypal, 30% Anzahlung und 70% Restbetrag vor Versand.<\/td>\n<\/tr>\n<\/tbody>\n<\/table>\n<\/div>\n<\/div>\n<\/div>\n<\/div>\n<\/div>\n<\/div>\n<\/div>\n<\/div>\n<\/div>\n<\/div>\n<div class=\"widget block block-static-block\">\n<div class=\"landing-page-section option-bottom\">\n<div class=\"custom-materials-tabs-content container container-adjustment\">\n<div class=\"custom-materials-tab-content active\">\n<div class=\"widget block block-static-block\">\n<div class=\"options-items\">\n<div class=\"flex-grid-row-option\">\n<div class=\"flex-grid-item-option\">\n<div class=\"material-box\">\n<p>&nbsp;<\/p>\n<\/div>\n<\/div>\n<\/div>\n<\/div>\n<p><!---end of option item--><\/p>\n<\/div>\n<\/div>\n<\/div>\n<\/div>\n<\/div>","protected":false},"excerpt":{"rendered":"<p>1. Die Schublade Papier Box Design gleitet offen, so dass es einfach f\u00fcr die Benutzer zu \u00f6ffnen und zu schlie\u00dfen, die Verringerung der Benutzer die Bedienung Zeit<br \/>\n2. Mit einem Zubeh\u00f6rband ist es leicht herauszuziehen und erh\u00f6ht die Markenerkennung<br \/>\n3. Das Design der Verpackungskiste ist an das Design des Nahen Ostens angelehnt, spiegelt die regionale Kultur wider und zeichnet sich durch eine einzigartige visuelle Sprache und funktionale Anpassungsf\u00e4higkeit aus.<br \/>\n4. Anpassbare Box Typ, Gr\u00f6\u00dfe, Design-Stil zu verschiedenen Parf\u00fcm-Verpackung anpassen<\/p>","protected":false},"featured_media":3142,"template":"","meta":[],"product_brand":[],"product_cat":[30,417,31,426],"product_tag":[688,340,689],"class_list":{"0":"post-3140","1":"product","2":"type-product","3":"status-publish","4":"has-post-thumbnail","6":"product_cat-by-industry","7":"product_cat-custom-perfume-boxes-by-industry","8":"product_cat-paper-box-style","9":"product_cat-paper-drawer-boxes","10":"product_tag-luxury-scent-packaging","11":"product_tag-perfume-packaging-boxes","12":"product_tag-scent-packaging-supplier","14":"first","15":"instock","16":"shipping-taxable","17":"product-type-grouped"},"_links":{"self":[{"href":"https:\/\/zojopackaging.com\/de\/wp-json\/wp\/v2\/product\/3140","targetHints":{"allow":["GET"]}}],"collection":[{"href":"https:\/\/zojopackaging.com\/de\/wp-json\/wp\/v2\/product"}],"about":[{"href":"https:\/\/zojopackaging.com\/de\/wp-json\/wp\/v2\/types\/product"}],"version-history":[{"count":2,"href":"https:\/\/zojopackaging.com\/de\/wp-json\/wp\/v2\/product\/3140\/revisions"}],"predecessor-version":[{"id":8410,"href":"https:\/\/zojopackaging.com\/de\/wp-json\/wp\/v2\/product\/3140\/revisions\/8410"}],"wp:featuredmedia":[{"embeddable":true,"href":"https:\/\/zojopackaging.com\/de\/wp-json\/wp\/v2\/media\/3142"}],"wp:attachment":[{"href":"https:\/\/zojopackaging.com\/de\/wp-json\/wp\/v2\/media?parent=3140"}],"wp:term":[{"taxonomy":"product_brand","embeddable":true,"href":"https:\/\/zojopackaging.com\/de\/wp-json\/wp\/v2\/product_brand?post=3140"},{"taxonomy":"product_cat","embeddable":true,"href":"https:\/\/zojopackaging.com\/de\/wp-json\/wp\/v2\/product_cat?post=3140"},{"taxonomy":"product_tag","embeddable":true,"href":"https:\/\/zojopackaging.com\/de\/wp-json\/wp\/v2\/product_tag?post=3140"}],"curies":[{"name":"wp","href":"https:\/\/api.w.org\/{rel}","templated":true}]}}