{"id":3178,"date":"2024-03-14T14:59:30","date_gmt":"2024-03-14T06:59:30","guid":{"rendered":"https:\/\/zojopackaging.com\/?post_type=product&#038;p=3178"},"modified":"2025-03-27T19:46:39","modified_gmt":"2025-03-27T11:46:39","slug":"custom-flip-cover-perfume-boxes","status":"publish","type":"product","link":"https:\/\/zojopackaging.com\/de\/product\/custom-flip-cover-perfume-boxes\/","title":{"rendered":"Ma\u00dfgeschneiderte Luxus-Parf\u00fcm-Box Hersteller Lieferanten Fabrik"},"content":{"rendered":"<h1>Ma\u00dfgeschneiderte Luxus-Parf\u00fcm-Box Hersteller Lieferanten Fabrik<\/h1>\n<p>Die kundenindividuellen Luxus-Parf\u00fcmschachteln der Hersteller-Lieferantenfabrik sind eine stilvolle und umweltfreundliche Verpackungsl\u00f6sung f\u00fcr Ihre hochwertigen Parf\u00fcmprodukte. Gefertigt aus hochwertigen, nachhaltigen Materialien, verf\u00fcgen diese Boxen \u00fcber ein schlankes Flip-Cover-Design in einer leuchtenden gr\u00fcnen Farbe, die Eleganz und Raffinesse ausstrahlt.<\/p>\n<p>Diese individuell gestalteten Boxen, die sowohl Schutz als auch \u00c4sthetik bieten, k\u00f6nnen mit Ihrem Markenlogo, Ihren Botschaften und anderen Designelementen personalisiert werden, um eine einzigartige und auff\u00e4llige Verpackung zu schaffen, die bei Ihrer Zielgruppe Anklang findet. Der Klappdeckel verleiht der Gesamtpr\u00e4sentation einen Hauch von Luxus und Exklusivit\u00e4t und eignet sich perfekt zum Verschenken oder zur Pr\u00e4sentation im Einzelhandel.<\/p>\n<p>Diese ma\u00dfgeschneiderten Luxus-Parf\u00fcmschachteln des Herstellers erh\u00f6hen nicht nur den wahrgenommenen Wert Ihrer Produkte, sondern sie zeigen auch Ihr Engagement f\u00fcr Nachhaltigkeit und Umweltverantwortung. Verbessern Sie Ihr Markenimage mit diesen umweltfreundlichen und optisch auff\u00e4lligen Verpackungsl\u00f6sungen, die Ihren Kunden ein unvergessliches Auspackerlebnis bieten und gleichzeitig einen positiven Einfluss auf unseren Planeten haben.<\/p>\n<h1><strong>Spezifikation<\/strong><\/h1>\n<div class=\"widget block block-static-block\">\n<div class=\"landing-page-section option-bottom\">\n<div class=\"custom-materials-tabs-content container container-adjustment\">\n<div class=\"custom-materials-tab-content active\">\n<div class=\"widget block block-static-block\">\n<div class=\"options-items\">\n<div class=\"flex-grid-row-option\">\n<div class=\"flex-grid-item-option\">\n<div class=\"material-box\">\n<div class=\"material-des\">\n<table width=\"1070\">\n<tbody>\n<tr>\n<td width=\"373\">Abmessungen<\/td>\n<td width=\"373\">Alle kundenspezifischen Gr\u00f6\u00dfen und Formen<\/td>\n<\/tr>\n<tr>\n<td width=\"373\">MOQ<\/td>\n<td width=\"373\">500St\u00fcck<\/td>\n<\/tr>\n<tr>\n<td width=\"373\">Probezeit<\/td>\n<td width=\"373\">3-5 Tage<\/td>\n<\/tr>\n<tr>\n<td width=\"373\">Standardverfahren<\/td>\n<td width=\"373\">Stanzen, Kleben, Rillen, Perforieren<\/td>\n<\/tr>\n<tr>\n<td width=\"373\">Drucken<\/td>\n<td width=\"373\">Cmyk, pms, kein Druck<\/td>\n<\/tr>\n<tr>\n<td width=\"373\">Option Material<\/td>\n<td width=\"373\">Wei\u00dfes Kartonpapier, gestrichenes Papier, Kunstdruckpapier, Kraftpapier, Elfenbeinkarton, Duplexkarton, Spezialpapier, usw.<\/td>\n<\/tr>\n<tr>\n<td width=\"373\">Oberfl\u00e4chenveredelung<\/td>\n<td width=\"373\">Matt\/Glanz-Laminierung, Spot-UV-Pr\u00e4gung, Pr\u00e4gung, Folienpr\u00e4gung usw.<\/td>\n<\/tr>\n<tr>\n<td width=\"373\">Industrie Verwendung<\/td>\n<td width=\"373\">Kosmetika, Parf\u00fcm, Bekleidung, Schmuck, Tabak, Lebensmittel, Geschenkartikel und Waren des t\u00e4glichen Bedarfs,<\/td>\n<\/tr>\n<tr>\n<td width=\"373\">Qualit\u00e4tskontrolle<\/td>\n<td width=\"373\">Fortschrittliche Ausr\u00fcstung und ein erfahrenes QC-Team \u00fcberpr\u00fcfen Material, Halbfertig- und Fertigprodukte streng in jedem Schritt, bevor<\/td>\n<\/tr>\n<tr>\n<td width=\"373\">Preis<\/td>\n<td width=\"373\">Der Endpreis wird auf Ihr Produkt und die von Ihnen ben\u00f6tigte Menge zugeschnitten<\/td>\n<\/tr>\n<tr>\n<td width=\"373\">Bearbeitungszeit<\/td>\n<td width=\"373\">7-14 Werktage, Eile<\/td>\n<\/tr>\n<tr>\n<td width=\"373\">Papierbestand<\/td>\n<td width=\"373\">10pt bis 28pt (60lb bis 400lb) umweltfreundliches Kraftpapier, E-Welle, Buxkarton, Cardstock<\/td>\n<\/tr>\n<tr>\n<td width=\"373\">Format der Druckvorlage<\/td>\n<td width=\"373\">JPG, PDF, AI, CDR, EPS, GIF....<\/td>\n<\/tr>\n<tr>\n<td width=\"373\">Zubeh\u00f6r<\/td>\n<td width=\"373\">Magnet, Farbband, EVA-Form, Kunststoffschale, Schwamm, PVC\/PET\/PP-Fenster,...<\/td>\n<\/tr>\n<tr>\n<td width=\"373\">Zahlungsfrist<\/td>\n<td width=\"373\">T\/T, Western Union, Paypal, 30% Anzahlung und 70% Restbetrag vor Versand.<\/td>\n<\/tr>\n<\/tbody>\n<\/table>\n<\/div>\n<\/div>\n<\/div>\n<\/div>\n<\/div>\n<\/div>\n<\/div>\n<\/div>\n<\/div>\n<\/div>\n<div class=\"widget block block-static-block\">\n<div class=\"landing-page-section option-bottom\">\n<div class=\"custom-materials-tabs-content container container-adjustment\">\n<div class=\"custom-materials-tab-content active\">\n<div class=\"widget block block-static-block\">\n<div class=\"options-items\">\n<div class=\"flex-grid-row-option\">\n<div class=\"flex-grid-item-option\">\n<div class=\"material-box\">\n<p>&nbsp;<\/p>\n<\/div>\n<\/div>\n<\/div>\n<\/div>\n<p><!---end of option item--><\/p>\n<\/div>\n<\/div>\n<\/div>\n<\/div>\n<\/div>","protected":false},"excerpt":{"rendered":"<p>1. Der Clamshell-Geschenkkarton hat durch sein integriertes \u00d6ffnungs- und Verschlussdesign erhebliche Vorteile in der Verpackungsfunktionalit\u00e4t und Praktikabilit\u00e4t<br \/>\n2. 157g C2S beschichtetes Kunstdruckpapier + 1200g Hartpappe, stark und haltbar<br \/>\n3. Gr\u00fcne umweltfreundliche Farbe ist universell als ein Umweltsymbol, das schnell Marke und nachhaltige Entwicklung etablieren kann<\/p>","protected":false},"featured_media":3183,"template":"","meta":[],"product_brand":[],"product_cat":[30,417,428,31],"product_tag":[701,333,702],"class_list":{"0":"post-3178","1":"product","2":"type-product","3":"status-publish","4":"has-post-thumbnail","6":"product_cat-by-industry","7":"product_cat-custom-perfume-boxes-by-industry","8":"product_cat-irregular-shaped-gift-boxes","9":"product_cat-paper-box-style","10":"product_tag-customized-perfume-box","11":"product_tag-luxury-perfume-box","12":"product_tag-perfume-box-manufacturer","14":"first","15":"instock","16":"shipping-taxable","17":"product-type-grouped"},"_links":{"self":[{"href":"https:\/\/zojopackaging.com\/de\/wp-json\/wp\/v2\/product\/3178","targetHints":{"allow":["GET"]}}],"collection":[{"href":"https:\/\/zojopackaging.com\/de\/wp-json\/wp\/v2\/product"}],"about":[{"href":"https:\/\/zojopackaging.com\/de\/wp-json\/wp\/v2\/types\/product"}],"version-history":[{"count":2,"href":"https:\/\/zojopackaging.com\/de\/wp-json\/wp\/v2\/product\/3178\/revisions"}],"predecessor-version":[{"id":8418,"href":"https:\/\/zojopackaging.com\/de\/wp-json\/wp\/v2\/product\/3178\/revisions\/8418"}],"wp:featuredmedia":[{"embeddable":true,"href":"https:\/\/zojopackaging.com\/de\/wp-json\/wp\/v2\/media\/3183"}],"wp:attachment":[{"href":"https:\/\/zojopackaging.com\/de\/wp-json\/wp\/v2\/media?parent=3178"}],"wp:term":[{"taxonomy":"product_brand","embeddable":true,"href":"https:\/\/zojopackaging.com\/de\/wp-json\/wp\/v2\/product_brand?post=3178"},{"taxonomy":"product_cat","embeddable":true,"href":"https:\/\/zojopackaging.com\/de\/wp-json\/wp\/v2\/product_cat?post=3178"},{"taxonomy":"product_tag","embeddable":true,"href":"https:\/\/zojopackaging.com\/de\/wp-json\/wp\/v2\/product_tag?post=3178"}],"curies":[{"name":"wp","href":"https:\/\/api.w.org\/{rel}","templated":true}]}}