{"id":3185,"date":"2024-03-14T15:03:02","date_gmt":"2024-03-14T07:03:02","guid":{"rendered":"https:\/\/zojopackaging.com\/?post_type=product&#038;p=3185"},"modified":"2025-03-27T19:31:51","modified_gmt":"2025-03-27T11:31:51","slug":"customized-perfume-packaging-gift-boxes","status":"publish","type":"product","link":"https:\/\/zojopackaging.com\/de\/product\/customized-perfume-packaging-gift-boxes\/","title":{"rendered":"Luxus Parf\u00fcm Box Geschenk Set Verpackung Manufactuere anpassen"},"content":{"rendered":"<h1>Luxus Parf\u00fcm Box Geschenk Set Verpackung Manufactuere anpassen<\/h1>\n<p>Die ma\u00dfgeschneiderten Parf\u00fcmverpackungen sind der Inbegriff von Luxus und Raffinesse, um das Geschenkerlebnis f\u00fcr Ihre hochwertigen Parf\u00fcmprodukte zu verbessern. Diese sorgf\u00e4ltig gefertigten Schachteln sind darauf zugeschnitten, Ihre Parfums auf die eleganteste und fesselndste Art und Weise zu pr\u00e4sentieren.<\/p>\n<p>Mit dem Schwerpunkt auf Individualisierung k\u00f6nnen diese Geschenkboxen personalisiert werden, um Ihre Markenidentit\u00e4t durch individuelle Farben, Logos und Designelemente widerzuspiegeln. Die Liebe zum Detail bei der Verpackung sorgt daf\u00fcr, dass jede Schachtel ein Kunstwerk ist, das die Gesamtpr\u00e4sentation Ihrer Parfums aufwertet.<\/p>\n<p>Ob f\u00fcr besondere Anl\u00e4sse, Firmengeschenke oder f\u00fcr den Einzelhandel, diese individuellen Geschenkboxen verleihen jedem Auspacken einen Hauch von Exklusivit\u00e4t und Charme. Die hochwertigen Materialien und die exquisite Handwerkskunst der Boxen sch\u00fctzen nicht nur die Parf\u00fcmflaschen, sondern hinterlassen auch einen bleibenden Eindruck beim Empf\u00e4nger.<\/p>\n<p>Setzen Sie mit Ihren Parf\u00fcmprodukten ein Zeichen, indem Sie sich f\u00fcr diese individuell gestalteten Geschenkverpackungen entscheiden, die nicht nur die Qualit\u00e4t Ihrer Marke widerspiegeln, sondern auch ein Gef\u00fchl von Luxus und Prestige f\u00fcr jedes Geschenk vermitteln.<\/p>\n<h1><strong>Spezifikation<\/strong><\/h1>\n<div class=\"widget block block-static-block\">\n<div class=\"landing-page-section option-bottom\">\n<div class=\"custom-materials-tabs-content container container-adjustment\">\n<div class=\"custom-materials-tab-content active\">\n<div class=\"widget block block-static-block\">\n<div class=\"options-items\">\n<div class=\"flex-grid-row-option\">\n<div class=\"flex-grid-item-option\">\n<div class=\"material-box\">\n<div class=\"material-des\">\n<table width=\"1070\">\n<tbody>\n<tr>\n<td width=\"373\">Abmessungen<\/td>\n<td width=\"373\">Alle kundenspezifischen Gr\u00f6\u00dfen und Formen<\/td>\n<\/tr>\n<tr>\n<td width=\"373\">MOQ<\/td>\n<td width=\"373\">500St\u00fcck<\/td>\n<\/tr>\n<tr>\n<td width=\"373\">Probezeit<\/td>\n<td width=\"373\">3-5 Tage<\/td>\n<\/tr>\n<tr>\n<td width=\"373\">Standardverfahren<\/td>\n<td width=\"373\">Stanzen, Kleben, Rillen, Perforieren<\/td>\n<\/tr>\n<tr>\n<td width=\"373\">Drucken<\/td>\n<td width=\"373\">Cmyk, pms, kein Druck<\/td>\n<\/tr>\n<tr>\n<td width=\"373\">Option Material<\/td>\n<td width=\"373\">Wei\u00dfes Kartonpapier, gestrichenes Papier, Kunstdruckpapier, Kraftpapier, Elfenbeinkarton, Duplexkarton, Spezialpapier, usw.<\/td>\n<\/tr>\n<tr>\n<td width=\"373\">Oberfl\u00e4chenveredelung<\/td>\n<td width=\"373\">Matt\/Glanz-Laminierung, Spot-UV-Pr\u00e4gung, Pr\u00e4gung, Folienpr\u00e4gung usw.<\/td>\n<\/tr>\n<tr>\n<td width=\"373\">Industrie Verwendung<\/td>\n<td width=\"373\">Kosmetika, Parf\u00fcm, Bekleidung, Schmuck, Tabak, Lebensmittel, Geschenkartikel und Waren des t\u00e4glichen Bedarfs,<\/td>\n<\/tr>\n<tr>\n<td width=\"373\">Qualit\u00e4tskontrolle<\/td>\n<td width=\"373\">Fortschrittliche Ausr\u00fcstung und ein erfahrenes QC-Team \u00fcberpr\u00fcfen Material, Halbfertig- und Fertigprodukte streng in jedem Schritt, bevor<\/td>\n<\/tr>\n<tr>\n<td width=\"373\">Preis<\/td>\n<td width=\"373\">Der Endpreis wird auf Ihr Produkt und die von Ihnen ben\u00f6tigte Menge zugeschnitten<\/td>\n<\/tr>\n<tr>\n<td width=\"373\">Bearbeitungszeit<\/td>\n<td width=\"373\">7-14 Werktage, Eile<\/td>\n<\/tr>\n<tr>\n<td width=\"373\">Papierbestand<\/td>\n<td width=\"373\">10pt bis 28pt (60lb bis 400lb) umweltfreundliches Kraftpapier, E-Welle, Buxkarton, Cardstock<\/td>\n<\/tr>\n<tr>\n<td width=\"373\">Format der Druckvorlage<\/td>\n<td width=\"373\">JPG, PDF, AI, CDR, EPS, GIF....<\/td>\n<\/tr>\n<tr>\n<td width=\"373\">Zubeh\u00f6r<\/td>\n<td width=\"373\">Magnet, Farbband, EVA-Form, Kunststoffschale, Schwamm, PVC\/PET\/PP-Fenster,...<\/td>\n<\/tr>\n<tr>\n<td width=\"373\">Zahlungsfrist<\/td>\n<td width=\"373\">T\/T, Western Union, Paypal, 30% Anzahlung und 70% Restbetrag vor Versand.<\/td>\n<\/tr>\n<\/tbody>\n<\/table>\n<\/div>\n<\/div>\n<\/div>\n<\/div>\n<\/div>\n<\/div>\n<\/div>\n<\/div>\n<\/div>\n<\/div>\n<div class=\"widget block block-static-block\">\n<div class=\"landing-page-section option-bottom\">\n<div class=\"custom-materials-tabs-content container container-adjustment\">\n<div class=\"custom-materials-tab-content active\">\n<div class=\"widget block block-static-block\">\n<div class=\"options-items\">\n<div class=\"flex-grid-row-option\">\n<div class=\"flex-grid-item-option\">\n<div class=\"material-box\">\n<p>&nbsp;<\/p>\n<\/div>\n<\/div>\n<\/div>\n<\/div>\n<p><!---end of option item--><\/p>\n<\/div>\n<\/div>\n<\/div>\n<\/div>\n<\/div>","protected":false},"excerpt":{"rendered":"<p>1. Durch die Doppelt\u00fcr und die magnetische Verschlusstechnik weist sie erhebliche Vorteile bei der Verpackungsfunktionalit\u00e4t und der Benutzerfreundlichkeit auf.<br \/>\n2. Das Gold-Hei\u00dfpr\u00e4gefolienverfahren verleiht der Verpackung ein Gef\u00fchl von Luxus und eine hochwertige visuelle Pr\u00e4sentation<br \/>\n3. Wir sind gut darin, spezielle Schachtelformen zu entwickeln. Wenn Sie irgendwelche Ideen \u00fcber Kastenformen haben, k\u00f6nnen wir Ihre Ideen in die Realit\u00e4t umsetzen.<\/p>","protected":false},"featured_media":3190,"template":"","meta":[],"product_brand":[],"product_cat":[30,417,428,31],"product_tag":[699,698,700],"class_list":{"0":"post-3185","1":"product","2":"type-product","3":"status-publish","4":"has-post-thumbnail","6":"product_cat-by-industry","7":"product_cat-custom-perfume-boxes-by-industry","8":"product_cat-irregular-shaped-gift-boxes","9":"product_cat-paper-box-style","10":"product_tag-customize-perfume-box","11":"product_tag-perfume-box-gift","12":"product_tag-perfume-packaging-manufactuere","14":"first","15":"instock","16":"shipping-taxable","17":"product-type-grouped"},"_links":{"self":[{"href":"https:\/\/zojopackaging.com\/de\/wp-json\/wp\/v2\/product\/3185","targetHints":{"allow":["GET"]}}],"collection":[{"href":"https:\/\/zojopackaging.com\/de\/wp-json\/wp\/v2\/product"}],"about":[{"href":"https:\/\/zojopackaging.com\/de\/wp-json\/wp\/v2\/types\/product"}],"version-history":[{"count":2,"href":"https:\/\/zojopackaging.com\/de\/wp-json\/wp\/v2\/product\/3185\/revisions"}],"predecessor-version":[{"id":8416,"href":"https:\/\/zojopackaging.com\/de\/wp-json\/wp\/v2\/product\/3185\/revisions\/8416"}],"wp:featuredmedia":[{"embeddable":true,"href":"https:\/\/zojopackaging.com\/de\/wp-json\/wp\/v2\/media\/3190"}],"wp:attachment":[{"href":"https:\/\/zojopackaging.com\/de\/wp-json\/wp\/v2\/media?parent=3185"}],"wp:term":[{"taxonomy":"product_brand","embeddable":true,"href":"https:\/\/zojopackaging.com\/de\/wp-json\/wp\/v2\/product_brand?post=3185"},{"taxonomy":"product_cat","embeddable":true,"href":"https:\/\/zojopackaging.com\/de\/wp-json\/wp\/v2\/product_cat?post=3185"},{"taxonomy":"product_tag","embeddable":true,"href":"https:\/\/zojopackaging.com\/de\/wp-json\/wp\/v2\/product_tag?post=3185"}],"curies":[{"name":"wp","href":"https:\/\/api.w.org\/{rel}","templated":true}]}}