{"id":3192,"date":"2024-03-14T15:07:45","date_gmt":"2024-03-14T07:07:45","guid":{"rendered":"https:\/\/zojopackaging.com\/?post_type=product&#038;p=3192"},"modified":"2025-03-28T11:48:45","modified_gmt":"2025-03-28T03:48:45","slug":"custom-rigid-cardboard-perfume-boxes","status":"publish","type":"product","link":"https:\/\/zojopackaging.com\/de\/product\/custom-rigid-cardboard-perfume-boxes\/","title":{"rendered":"OEM benutzerdefinierte Doppelt\u00fcr \u00d6ffnung Luxus Parf\u00fcm Geschenk-Boxen"},"content":{"rendered":"<h1>OEM benutzerdefinierte Doppelt\u00fcr \u00d6ffnung Luxus Parf\u00fcm Geschenk-Boxen<\/h1>\n<div class=\"rich-text-wrap\">\n<div class=\"container\">\n<p>Mit mehr als 13 Jahren Erfahrung im <strong>Kartonagenherstellung<\/strong>Wir sind einer der f\u00fchrenden Hersteller und Lieferanten von <a href=\"https:\/\/zojopackaging.com\/de\/produkt-kategorie\/custom-perfume-boxes\/\"><strong>Parf\u00fcmschachteln aus Karton<\/strong><\/a>,\u00a0<strong><a href=\"https:\/\/zojopackaging.com\/de\/produkt-kategorie\/custom-perfume-boxes\/\">starre K\u00e4sten<\/a>,\u00a0<a href=\"https:\/\/zojopackaging.com\/de\/produkt-kategorie\/custom-gift-box\/\">Geschenkboxen<\/a><\/strong>und\u00a0<a href=\"https:\/\/zojopackaging.com\/de\/produkt-kategorie\/custom-cosmetic-boxes\/\"><strong>Kosmetikboxen<\/strong><\/a>.<\/p>\n<p>Wir k\u00fcmmern uns um das Design,\u00a0<a href=\"https:\/\/zojopackaging.com\/de\/custom-packaging-boxes\/\">Drucken<\/a>und Herstellung von\u00a0<strong>Gro\u00dfhandel Kartonagen<\/strong>\u00a0mit einer Mindestbestellmenge von 3.000 St\u00fcck. Unsere qualifizierten Handwerker arbeiten seit jeher eng mit den Kunden zusammen, um sicherzustellen, dass wir nur hochwertige und ma\u00dfgeschneiderte Produkte herstellen.\u00a0<strong>Luxus-Parf\u00fcmboxen<\/strong>.<\/p>\n<\/div>\n<\/div>\n<div class=\"double-text\">\n<div class=\"container\">\n<div class=\"text\">\n<div class=\"left\">\n<h2>Warum sollten Sie Kartonagen f\u00fcr Ihre Marke anpassen?<\/h2>\n<p>Warum ist es wichtig, dass\u00a0<a href=\"https:\/\/zojopackaging.com\/de\/custom-packaging-boxes\/\">einen ma\u00dfgeschneiderten, festen Karton haben<\/a>\u00a0f\u00fcr Ihre Marke? Hier sind die Gr\u00fcnde daf\u00fcr:<\/p>\n<ul>\n<li>\n<h4>Sie sch\u00fctzt Ihr Produkt wirklich.<\/h4>\n<\/li>\n<\/ul>\n<p>Da es keine Einheitsgr\u00f6\u00dfe gibt, ist es von entscheidender Bedeutung, den Wert einer solchen Box zu kennen.\u00a0<strong>individuelles Box-Design<\/strong>. Die ideale Schachtelgr\u00f6\u00dfe f\u00fcr Ihr Produkt ist Ihre erste Verteidigungslinie, um Ihre Produkte, wie Parf\u00fcm und Kosmetika, zu sch\u00fctzen.<\/p>\n<ul>\n<li aria-level=\"1\">\n<h4>Das wird neue Kunden anlocken.<\/h4>\n<\/li>\n<\/ul>\n<p>A\u00a0<strong>ma\u00dfgeschneiderter Karton<\/strong>\u00a0kann neue Kunden anlocken, denn sie werden das Design und die Struktur als einzigartig empfinden, als ob es nur f\u00fcr Ihre Marke hergestellt worden w\u00e4re.<\/p>\n<ul>\n<li aria-level=\"1\">\n<h4>Es kann das Image Ihrer Marke st\u00e4rken.<\/h4>\n<\/li>\n<\/ul>\n<p>Kunden finden individuelle\u00a0<strong>Kartonagen bedrucken<\/strong>\u00a0trendy, und sie k\u00f6nnen Ihre Marke zu einem unverwechselbaren Dienstprogramm machen. Denken Sie daran, dass die Verbraucher auf diese Art von Bildern vertrauen und sich darauf verlassen, dass sie einen bleibenden Eindruck von der Marke hinterlassen.<\/p>\n<\/div>\n<div class=\"right\">\n<h2>Ma\u00dfgeschneiderte Hartkartonagen Farben, Stile und mehr<\/h2>\n<p>Unser\u00a0<strong>kundenspezifische Kartons<\/strong>\u00a0sind in OEM- und ODM-Bestellungen erh\u00e4ltlich, die einfach und schneller zu vermarkten sind. Hier in Hongyi, stellen wir sicher, dass unsere Kunden eine umfangreiche Auswahl haben, wenn es darum geht:<\/p>\n<ul>\n<li aria-level=\"1\">Materialien f\u00fcr Kartonagen<\/li>\n<li aria-level=\"1\">Kartonagenarten<\/li>\n<li aria-level=\"1\">Kartonform<\/li>\n<li aria-level=\"1\">Kartonagenfarben<\/li>\n<li aria-level=\"1\">Kartonagengr\u00f6\u00dfen<\/li>\n<li aria-level=\"1\">Kartondekoration und Teile<\/li>\n<li aria-level=\"1\">Kartondruck und Logo<\/li>\n<li aria-level=\"1\">EVA-, EPE- oder Schwammeinlage<\/li>\n<\/ul>\n<\/div>\n<\/div>\n<\/div>\n<\/div>\n<h1><strong>Spezifikation<\/strong><\/h1>\n<div class=\"widget block block-static-block\">\n<div class=\"landing-page-section option-bottom\">\n<div class=\"custom-materials-tabs-content container container-adjustment\">\n<div class=\"custom-materials-tab-content active\">\n<div class=\"widget block block-static-block\">\n<div class=\"options-items\">\n<div class=\"flex-grid-row-option\">\n<div class=\"flex-grid-item-option\">\n<div class=\"material-box\">\n<div class=\"material-des\">\n<table width=\"1070\">\n<tbody>\n<tr>\n<td width=\"373\">Abmessungen<\/td>\n<td width=\"373\">Alle kundenspezifischen Gr\u00f6\u00dfen und Formen<\/td>\n<\/tr>\n<tr>\n<td width=\"373\">MOQ<\/td>\n<td width=\"373\">500St\u00fcck<\/td>\n<\/tr>\n<tr>\n<td width=\"373\">Probezeit<\/td>\n<td width=\"373\">3-5 Tage<\/td>\n<\/tr>\n<tr>\n<td width=\"373\">Standardverfahren<\/td>\n<td width=\"373\">Stanzen, Kleben, Rillen, Perforieren<\/td>\n<\/tr>\n<tr>\n<td width=\"373\">Drucken<\/td>\n<td width=\"373\">Cmyk, pms, kein Druck<\/td>\n<\/tr>\n<tr>\n<td width=\"373\">Option Material<\/td>\n<td width=\"373\">Wei\u00dfes Kartonpapier, gestrichenes Papier, Kunstdruckpapier, Kraftpapier, Elfenbeinkarton, Duplexkarton, Spezialpapier, usw.<\/td>\n<\/tr>\n<tr>\n<td width=\"373\">Oberfl\u00e4chenveredelung<\/td>\n<td width=\"373\">Matt\/Glanz-Laminierung, Spot-UV-Pr\u00e4gung, Pr\u00e4gung, Folienpr\u00e4gung usw.<\/td>\n<\/tr>\n<tr>\n<td width=\"373\">Industrie Verwendung<\/td>\n<td width=\"373\">Kosmetika, Parf\u00fcm, Bekleidung, Schmuck, Tabak, Lebensmittel, Geschenkartikel und Waren des t\u00e4glichen Bedarfs,<\/td>\n<\/tr>\n<tr>\n<td width=\"373\">Qualit\u00e4tskontrolle<\/td>\n<td width=\"373\">Fortschrittliche Ausr\u00fcstung und ein erfahrenes QC-Team \u00fcberpr\u00fcfen Material, Halbfertig- und Fertigprodukte streng in jedem Schritt, bevor<\/td>\n<\/tr>\n<tr>\n<td width=\"373\">Preis<\/td>\n<td width=\"373\">Der Endpreis wird auf Ihr Produkt und die von Ihnen ben\u00f6tigte Menge zugeschnitten<\/td>\n<\/tr>\n<tr>\n<td width=\"373\">Bearbeitungszeit<\/td>\n<td width=\"373\">7-14 Werktage, Eile<\/td>\n<\/tr>\n<tr>\n<td width=\"373\">Papierbestand<\/td>\n<td width=\"373\">10pt bis 28pt (60lb bis 400lb) umweltfreundliches Kraftpapier, E-Welle, Buxkarton, Cardstock<\/td>\n<\/tr>\n<tr>\n<td width=\"373\">Format der Druckvorlage<\/td>\n<td width=\"373\">JPG, PDF, AI, CDR, EPS, GIF....<\/td>\n<\/tr>\n<tr>\n<td width=\"373\">Zubeh\u00f6r<\/td>\n<td width=\"373\">Magnet, Farbband, EVA-Form, Kunststoffschale, Schwamm, PVC\/PET\/PP-Fenster,...<\/td>\n<\/tr>\n<tr>\n<td width=\"373\">Zahlungsfrist<\/td>\n<td width=\"373\">T\/T, Western Union, Paypal, 30% Anzahlung und 70% Restbetrag vor Versand.<\/td>\n<\/tr>\n<\/tbody>\n<\/table>\n<\/div>\n<\/div>\n<\/div>\n<\/div>\n<\/div>\n<\/div>\n<\/div>\n<\/div>\n<\/div>\n<\/div>\n<div class=\"widget block block-static-block\">\n<div class=\"landing-page-section option-bottom\">\n<div class=\"custom-materials-tabs-content container container-adjustment\">\n<div class=\"custom-materials-tab-content active\">\n<div class=\"widget block block-static-block\">\n<div class=\"options-items\">\n<div class=\"flex-grid-row-option\">\n<div class=\"flex-grid-item-option\">\n<div class=\"material-box\">\n<p>&nbsp;<\/p>\n<\/div>\n<\/div>\n<\/div>\n<\/div>\n<p><!---end of option item--><\/p>\n<\/div>\n<\/div>\n<\/div>\n<\/div>\n<\/div>","protected":false},"excerpt":{"rendered":"<p>1. Doppelt\u00fcr \u00d6ffnung Parf\u00fcm Verpackung Box, einzigartige \u00d6ffnungsmethode, verbessert die Benutzer unboxing Erfahrung<br \/>\n2. Verschiedene Gr\u00f6\u00dfen k\u00f6nnen nach Ihrem Produkt angepasst werden, geeignet f\u00fcr alle Arten von Parf\u00fcm Verpackung<\/p>","protected":false},"featured_media":3196,"template":"","meta":[],"product_brand":[],"product_cat":[30,417,428,31],"product_tag":[764,763,445],"class_list":{"0":"post-3192","1":"product","2":"type-product","3":"status-publish","4":"has-post-thumbnail","6":"product_cat-by-industry","7":"product_cat-custom-perfume-boxes-by-industry","8":"product_cat-irregular-shaped-gift-boxes","9":"product_cat-paper-box-style","10":"product_tag-custom-perfume-gift-boxes","11":"product_tag-double-door-perfume-boxes","12":"product_tag-luxury-perfume-gift-boxes","14":"first","15":"instock","16":"shipping-taxable","17":"product-type-grouped"},"_links":{"self":[{"href":"https:\/\/zojopackaging.com\/de\/wp-json\/wp\/v2\/product\/3192","targetHints":{"allow":["GET"]}}],"collection":[{"href":"https:\/\/zojopackaging.com\/de\/wp-json\/wp\/v2\/product"}],"about":[{"href":"https:\/\/zojopackaging.com\/de\/wp-json\/wp\/v2\/types\/product"}],"version-history":[{"count":2,"href":"https:\/\/zojopackaging.com\/de\/wp-json\/wp\/v2\/product\/3192\/revisions"}],"predecessor-version":[{"id":8446,"href":"https:\/\/zojopackaging.com\/de\/wp-json\/wp\/v2\/product\/3192\/revisions\/8446"}],"wp:featuredmedia":[{"embeddable":true,"href":"https:\/\/zojopackaging.com\/de\/wp-json\/wp\/v2\/media\/3196"}],"wp:attachment":[{"href":"https:\/\/zojopackaging.com\/de\/wp-json\/wp\/v2\/media?parent=3192"}],"wp:term":[{"taxonomy":"product_brand","embeddable":true,"href":"https:\/\/zojopackaging.com\/de\/wp-json\/wp\/v2\/product_brand?post=3192"},{"taxonomy":"product_cat","embeddable":true,"href":"https:\/\/zojopackaging.com\/de\/wp-json\/wp\/v2\/product_cat?post=3192"},{"taxonomy":"product_tag","embeddable":true,"href":"https:\/\/zojopackaging.com\/de\/wp-json\/wp\/v2\/product_tag?post=3192"}],"curies":[{"name":"wp","href":"https:\/\/api.w.org\/{rel}","templated":true}]}}