{"id":3214,"date":"2024-03-14T15:25:11","date_gmt":"2024-03-14T07:25:11","guid":{"rendered":"https:\/\/zojopackaging.com\/?post_type=product&#038;p=3214"},"modified":"2025-03-27T19:59:22","modified_gmt":"2025-03-27T11:59:22","slug":"custom-perfume-rigid-packaging-box","status":"publish","type":"product","link":"https:\/\/zojopackaging.com\/de\/product\/custom-perfume-rigid-packaging-box\/","title":{"rendered":"Benutzerdefinierte leere 50ml Parf\u00fcm Geschenk Verpackung Boxen Lieferant"},"content":{"rendered":"<h1>Benutzerdefinierte leere 50ml Parf\u00fcm Geschenk Verpackung Boxen Lieferant<\/h1>\n<p>Die leeren 50-ml-Parf\u00fcm-Geschenkverpackungen sind der Inbegriff von Luxus und Raffinesse und bieten eine hochwertige und elegante Pr\u00e4sentation f\u00fcr Ihre Parf\u00fcmprodukte. Hergestellt aus hochwertigen starren Materialien, wie robuste Pappe oder Spanplatte, bietet diese Box eine dauerhafte und sch\u00fctzende Geh\u00e4use f\u00fcr Ihre Parfums, w\u00e4hrend ein Gef\u00fchl von Exklusivit\u00e4t und Opulenz ausstrahlen.<\/p>\n<p>Da der Schwerpunkt auf der Individualisierung liegt, kann diese starre Schachtel so gestaltet werden, dass sie Ihre Markenidentit\u00e4t durch individuelle Farben, Veredelungen, Pr\u00e4gungen, Entpr\u00e4gungen und andere Designelemente widerspiegelt. Die Liebe zum Detail bei der Konstruktion und Veredelung der Schachtel sorgt f\u00fcr ein makelloses und poliertes Aussehen, das die Gesamtpr\u00e4sentation Ihrer Parfums aufwertet.<\/p>\n<p>Ideal f\u00fcr hochwertige Einzelhandelsdisplays, Geschenksets oder Sonderaktionen, verleiht die individuelle Parf\u00fcmverpackung einen Hauch von Raffinesse und Luxus beim Auspacken. Die robuste Konstruktion bietet nicht nur Schutz f\u00fcr die Parf\u00fcmflaschen, sondern hinterl\u00e4sst auch einen bleibenden Eindruck beim Empf\u00e4nger, was sie zu einer einpr\u00e4gsamen und wirkungsvollen Verpackungsl\u00f6sung f\u00fcr Ihre Marke macht.<\/p>\n<p>Entscheiden Sie sich f\u00fcr eine ma\u00dfgeschneiderte Parf\u00fcmverpackung, um die Verpackung Ihrer Parf\u00fcmprodukte aufzuwerten, Ihr Engagement f\u00fcr Qualit\u00e4t und Luxus zu demonstrieren und gleichzeitig ein einzigartiges und unvergessliches Erlebnis f\u00fcr Ihre Kunden zu schaffen.<\/p>\n<h1><strong>Spezifikation<\/strong><\/h1>\n<table style=\"border-collapse: collapse; width: 759.02pt;\" border=\"0\" width=\"1012\" cellspacing=\"0\" cellpadding=\"0\">\n<tbody>\n<tr style=\"height: 16.50pt;\">\n<td class=\"et3\" style=\"height: 16.50pt; width: 379.50pt;\" width=\"506\" height=\"22\">Abmessungen<\/td>\n<td class=\"et3\" style=\"width: 379.50pt;\" width=\"506\">Alle kundenspezifischen Gr\u00f6\u00dfen und Formen<\/td>\n<\/tr>\n<tr style=\"height: 16.50pt;\">\n<td class=\"et3\" style=\"height: 16.50pt;\" height=\"22\">Min.Menge<\/td>\n<td class=\"et3\">50 Boxen ( Hardproof Muster Option verf\u00fcgbar )<\/td>\n<\/tr>\n<tr style=\"height: 16.50pt;\">\n<td class=\"et3\" style=\"height: 16.50pt;\" height=\"22\">Standardverfahren<\/td>\n<td class=\"et3\">Stanzen, Kleben, Rillen, Perforieren<\/td>\n<\/tr>\n<tr style=\"height: 16.50pt;\">\n<td class=\"et3\" style=\"height: 16.50pt;\" height=\"22\">Drucken<\/td>\n<td class=\"et3\">Cmyk, pms, kein Druck<\/td>\n<\/tr>\n<tr style=\"height: 16.50pt;\">\n<td class=\"et3\" style=\"height: 16.50pt;\" height=\"22\">Option Material<\/td>\n<td class=\"et3\">Wei\u00dfes Kartonpapier, gestrichenes Papier, Kunstdruckpapier, Kraftpapier, Elfenbeinkarton, Duplexkarton, Spezialpapier, usw.<\/td>\n<\/tr>\n<tr style=\"height: 17.25pt;\">\n<td class=\"et3\" style=\"height: 17.25pt;\" height=\"23\">Oberfl\u00e4chenveredelung<\/td>\n<td class=\"et4\" style=\"width: 379.50pt;\" width=\"506\">Matt\/Glanz-Laminierung, Spot-UV-Pr\u00e4gung, Pr\u00e4gung, Folienpr\u00e4gung usw.<\/td>\n<\/tr>\n<tr style=\"height: 17.25pt;\">\n<td class=\"et4\" style=\"height: 17.25pt; width: 379.50pt;\" width=\"506\" height=\"23\">Industrie Verwendung<\/td>\n<td class=\"et4\" style=\"width: 379.50pt;\" width=\"506\">Kosmetika, Parf\u00fcm, Bekleidung, Schmuck, Tabak, Lebensmittel, Geschenkartikel und Waren des t\u00e4glichen Bedarfs,<\/td>\n<\/tr>\n<tr style=\"height: 34.50pt;\">\n<td class=\"et4\" style=\"height: 34.50pt; width: 379.50pt;\" width=\"506\" height=\"46\">Qualit\u00e4tskontrolle<\/td>\n<td class=\"et4\" style=\"width: 379.50pt;\" width=\"506\">Fortschrittliche Ausr\u00fcstung und ein erfahrenes QC-Team \u00fcberpr\u00fcfen Material, Halbfertig- und Fertigprodukte streng in jedem Schritt, bevor<\/td>\n<\/tr>\n<tr style=\"height: 34.50pt;\">\n<td class=\"et4\" style=\"height: 34.50pt; width: 379.50pt;\" width=\"506\" height=\"46\">Preis<\/td>\n<td class=\"et4\" style=\"width: 379.50pt;\" width=\"506\">Der Endpreis wird auf Ihr Produkt und die von Ihnen ben\u00f6tigte Menge zugeschnitten<\/td>\n<\/tr>\n<tr style=\"height: 16.50pt;\">\n<td class=\"et3\" style=\"height: 16.50pt;\" height=\"22\">Bearbeitungszeit<\/td>\n<td class=\"et3\">10-12 Arbeitstage, Eile<\/td>\n<\/tr>\n<tr style=\"height: 16.50pt;\">\n<td class=\"et3\" style=\"height: 16.50pt;\" height=\"22\">Papierbestand<\/td>\n<td class=\"et3\">10pt bis 28pt (60lb bis 400lb) umweltfreundliches Kraftpapier, E-Welle, Buxkarton, Cardstock<\/td>\n<\/tr>\n<tr style=\"height: 16.50pt;\">\n<td class=\"et3\" style=\"height: 16.50pt;\" height=\"22\">Proof<\/td>\n<td class=\"et3\">Flache Ansicht, 3d-Mock-up, physische Bemusterung (auf Anfrage)<\/td>\n<\/tr>\n<\/tbody>\n<\/table>\n<div class=\"widget block block-static-block\">\n<div class=\"landing-page-section option-bottom\">\n<div class=\"custom-materials-tabs-content container container-adjustment\">\n<div class=\"custom-materials-tab-content active\">\n<div class=\"widget block block-static-block\">\n<div class=\"options-items\">\n<div class=\"flex-grid-row-option\">\n<div class=\"flex-grid-item-option\">\n<div class=\"material-box\">\n<div class=\"material-des\">\n<p>&nbsp;<\/p>\n<\/div>\n<p>&nbsp;<\/p>\n<\/div>\n<\/div>\n<\/div>\n<\/div>\n<p><!---end of option item--><\/p>\n<\/div>\n<\/div>\n<\/div>\n<\/div>\n<\/div>","protected":false},"excerpt":{"rendered":"<p>1. Hergestellt aus Spezialpapier, ist das Oberfl\u00e4chendesign der Box einfach, aber nicht ohne Luxus<br \/>\n2. Die Box hat einen Deckel und einen Boden, die leicht zu nehmen sind und die Gewohnheiten der Verbraucher sch\u00fctzen<br \/>\n3. 157g C2S gestrichenes Kunstdruckpapier + 1200g fester Karton Umweltfreundliches und nachhaltiges Entwicklungsmaterial<\/p>","protected":false},"featured_media":3216,"template":"","meta":[],"product_brand":[],"product_cat":[30,417,425,31],"product_tag":[703,704,694],"class_list":{"0":"post-3214","1":"product","2":"type-product","3":"status-publish","4":"has-post-thumbnail","6":"product_cat-by-industry","7":"product_cat-custom-perfume-boxes-by-industry","8":"product_cat-lid-and-base-gift-box","9":"product_cat-paper-box-style","10":"product_tag-50ml-perfume-gift-boxes","11":"product_tag-perfume-boxes-supplier","12":"product_tag-perfume-gift-packaging","14":"first","15":"instock","16":"shipping-taxable","17":"product-type-grouped"},"_links":{"self":[{"href":"https:\/\/zojopackaging.com\/de\/wp-json\/wp\/v2\/product\/3214","targetHints":{"allow":["GET"]}}],"collection":[{"href":"https:\/\/zojopackaging.com\/de\/wp-json\/wp\/v2\/product"}],"about":[{"href":"https:\/\/zojopackaging.com\/de\/wp-json\/wp\/v2\/types\/product"}],"version-history":[{"count":2,"href":"https:\/\/zojopackaging.com\/de\/wp-json\/wp\/v2\/product\/3214\/revisions"}],"predecessor-version":[{"id":8419,"href":"https:\/\/zojopackaging.com\/de\/wp-json\/wp\/v2\/product\/3214\/revisions\/8419"}],"wp:featuredmedia":[{"embeddable":true,"href":"https:\/\/zojopackaging.com\/de\/wp-json\/wp\/v2\/media\/3216"}],"wp:attachment":[{"href":"https:\/\/zojopackaging.com\/de\/wp-json\/wp\/v2\/media?parent=3214"}],"wp:term":[{"taxonomy":"product_brand","embeddable":true,"href":"https:\/\/zojopackaging.com\/de\/wp-json\/wp\/v2\/product_brand?post=3214"},{"taxonomy":"product_cat","embeddable":true,"href":"https:\/\/zojopackaging.com\/de\/wp-json\/wp\/v2\/product_cat?post=3214"},{"taxonomy":"product_tag","embeddable":true,"href":"https:\/\/zojopackaging.com\/de\/wp-json\/wp\/v2\/product_tag?post=3214"}],"curies":[{"name":"wp","href":"https:\/\/api.w.org\/{rel}","templated":true}]}}