{"id":3236,"date":"2024-03-14T17:02:17","date_gmt":"2024-03-14T09:02:17","guid":{"rendered":"https:\/\/zojopackaging.com\/?post_type=product&#038;p=3236"},"modified":"2025-03-27T19:17:34","modified_gmt":"2025-03-27T11:17:34","slug":"custom-perfume-gift-packing-box","status":"publish","type":"product","link":"https:\/\/zojopackaging.com\/de\/product\/custom-perfume-gift-packing-box\/","title":{"rendered":"OEM ODM Customized K\u00f6ln Parf\u00fcm Geschenk Sets Box f\u00fcr Frauen"},"content":{"rendered":"<h1>OEM ODM Customized K\u00f6ln Parf\u00fcm Geschenk Sets Box f\u00fcr Frauen<\/h1>\n<p>Die individuelle Parf\u00fcm-Geschenkverpackung wurde entwickelt, um die Pr\u00e4sentation Ihres exquisiten Parf\u00fcmgeschenks zu verbessern. Die aus hochwertigen Materialien gefertigte Box verf\u00fcgt \u00fcber ein luxuri\u00f6ses Design, das Eleganz und Raffinesse ausstrahlt. Die Schachtel ist sorgf\u00e4ltig konstruiert, um den Parf\u00fcmflakon sicher zu halten und zu gew\u00e4hrleisten, dass er w\u00e4hrend des Transports oder der Pr\u00e4sentation sicher bleibt.<\/p>\n<p>Das \u00c4u\u00dfere der Schachtel kann individuell gestaltet werden, um Ihre Markenidentit\u00e4t oder das Thema des Parfums widerzuspiegeln, mit Optionen f\u00fcr Pr\u00e4gung, Folierung oder Druck. Das Innere kann auch mit einer gepolsterten Einlage oder einem Satinfutter versehen werden, um der Verpackung einen Hauch von Luxus zu verleihen.<\/p>\n<p>Ganz gleich, ob Sie einem geliebten Menschen ein Parf\u00fcm schenken oder Ihre Produkte im Einzelhandel pr\u00e4sentieren wollen, die individuelle Parf\u00fcm-Geschenkverpackung ist die perfekte Wahl, um einen bleibenden Eindruck zu hinterlassen. Werten Sie Ihr Parf\u00fcmgeschenk mit dieser exquisiten Verpackungsl\u00f6sung auf, die den Empf\u00e4nger mit Sicherheit begeistern und einen bleibenden Eindruck hinterlassen wird.<\/p>\n<h1><strong>Spezifikation<\/strong><\/h1>\n<div class=\"widget block block-static-block\">\n<div class=\"landing-page-section option-bottom\">\n<div class=\"custom-materials-tabs-content container container-adjustment\">\n<div class=\"custom-materials-tab-content active\">\n<div class=\"widget block block-static-block\">\n<div class=\"options-items\">\n<div class=\"flex-grid-row-option\">\n<div class=\"flex-grid-item-option\">\n<div class=\"material-box\">\n<div class=\"material-des\">\n<table width=\"1070\">\n<tbody>\n<tr>\n<td width=\"373\">Abmessungen<\/td>\n<td width=\"373\">Alle kundenspezifischen Gr\u00f6\u00dfen und Formen<\/td>\n<\/tr>\n<tr>\n<td width=\"373\">MOQ<\/td>\n<td width=\"373\">500St\u00fcck<\/td>\n<\/tr>\n<tr>\n<td width=\"373\">Probezeit<\/td>\n<td width=\"373\">3-5 Tage<\/td>\n<\/tr>\n<tr>\n<td width=\"373\">Standardverfahren<\/td>\n<td width=\"373\">Stanzen, Kleben, Rillen, Perforieren<\/td>\n<\/tr>\n<tr>\n<td width=\"373\">Drucken<\/td>\n<td width=\"373\">Cmyk, pms, kein Druck<\/td>\n<\/tr>\n<tr>\n<td width=\"373\">Option Material<\/td>\n<td width=\"373\">Wei\u00dfes Kartonpapier, gestrichenes Papier, Kunstdruckpapier, Kraftpapier, Elfenbeinkarton, Duplexkarton, Spezialpapier, usw.<\/td>\n<\/tr>\n<tr>\n<td width=\"373\">Oberfl\u00e4chenveredelung<\/td>\n<td width=\"373\">Matt\/Glanz-Laminierung, Spot-UV-Pr\u00e4gung, Pr\u00e4gung, Folienpr\u00e4gung usw.<\/td>\n<\/tr>\n<tr>\n<td width=\"373\">Industrie Verwendung<\/td>\n<td width=\"373\">Kosmetika, Parf\u00fcm, Bekleidung, Schmuck, Tabak, Lebensmittel, Geschenkartikel und Waren des t\u00e4glichen Bedarfs,<\/td>\n<\/tr>\n<tr>\n<td width=\"373\">Qualit\u00e4tskontrolle<\/td>\n<td width=\"373\">Fortschrittliche Ausr\u00fcstung und ein erfahrenes QC-Team \u00fcberpr\u00fcfen Material, Halbfertig- und Fertigprodukte streng in jedem Schritt, bevor<\/td>\n<\/tr>\n<tr>\n<td width=\"373\">Preis<\/td>\n<td width=\"373\">Der Endpreis wird auf Ihr Produkt und die von Ihnen ben\u00f6tigte Menge zugeschnitten<\/td>\n<\/tr>\n<tr>\n<td width=\"373\">Bearbeitungszeit<\/td>\n<td width=\"373\">7-14 Werktage, Eile<\/td>\n<\/tr>\n<tr>\n<td width=\"373\">Papierbestand<\/td>\n<td width=\"373\">10pt bis 28pt (60lb bis 400lb) umweltfreundliches Kraftpapier, E-Welle, Buxkarton, Cardstock<\/td>\n<\/tr>\n<tr>\n<td width=\"373\">Format der Druckvorlage<\/td>\n<td width=\"373\">JPG, PDF, AI, CDR, EPS, GIF....<\/td>\n<\/tr>\n<tr>\n<td width=\"373\">Zubeh\u00f6r<\/td>\n<td width=\"373\">Magnet, Farbband, EVA-Form, Kunststoffschale, Schwamm, PVC\/PET\/PP-Fenster,...<\/td>\n<\/tr>\n<tr>\n<td width=\"373\">Zahlungsfrist<\/td>\n<td width=\"373\">T\/T, Western Union, Paypal, 30% Anzahlung und 70% Restbetrag vor Versand.<\/td>\n<\/tr>\n<\/tbody>\n<\/table>\n<\/div>\n<\/div>\n<\/div>\n<\/div>\n<\/div>\n<\/div>\n<\/div>\n<\/div>\n<\/div>\n<\/div>\n<div class=\"widget block block-static-block\">\n<div class=\"landing-page-section option-bottom\">\n<div class=\"custom-materials-tabs-content container container-adjustment\">\n<div class=\"custom-materials-tab-content active\">\n<div class=\"widget block block-static-block\">\n<div class=\"options-items\">\n<div class=\"flex-grid-row-option\">\n<div class=\"flex-grid-item-option\">\n<div class=\"material-box\">\n<p>&nbsp;<\/p>\n<\/div>\n<\/div>\n<\/div>\n<\/div>\n<p><!---end of option item--><\/p>\n<\/div>\n<\/div>\n<\/div>\n<\/div>\n<\/div>","protected":false},"excerpt":{"rendered":"<p>1. Der spezielle Kastentyp mit geneigtem Deckel und Boden nimmt die Struktur der oberen und unteren Abdeckung an, und die geneigte Oberfl\u00e4che kann den Effekt der Parf\u00fcmflasche besser anzeigen<br \/>\n2. 157g C2S beschichtetes Kunstdruckpapier + 1200g Hartkarton, glatte Oberfl\u00e4che und gute Farbwirkung<br \/>\n3. Unbegrenzte Anpassung an Ihre Parf\u00fcmverpackungsserie<\/p>","protected":false},"featured_media":3238,"template":"","meta":[],"product_brand":[],"product_cat":[30,417,425,31],"product_tag":[697,696,342],"class_list":{"0":"post-3236","1":"product","2":"type-product","3":"status-publish","4":"has-post-thumbnail","6":"product_cat-by-industry","7":"product_cat-custom-perfume-boxes-by-industry","8":"product_cat-lid-and-base-gift-box","9":"product_cat-paper-box-style","10":"product_tag-customized-cologne-perfume-box","11":"product_tag-customized-perfume-gift-box","12":"product_tag-perfume-gift-box","14":"first","15":"instock","16":"shipping-taxable","17":"product-type-grouped"},"_links":{"self":[{"href":"https:\/\/zojopackaging.com\/de\/wp-json\/wp\/v2\/product\/3236","targetHints":{"allow":["GET"]}}],"collection":[{"href":"https:\/\/zojopackaging.com\/de\/wp-json\/wp\/v2\/product"}],"about":[{"href":"https:\/\/zojopackaging.com\/de\/wp-json\/wp\/v2\/types\/product"}],"version-history":[{"count":2,"href":"https:\/\/zojopackaging.com\/de\/wp-json\/wp\/v2\/product\/3236\/revisions"}],"predecessor-version":[{"id":8415,"href":"https:\/\/zojopackaging.com\/de\/wp-json\/wp\/v2\/product\/3236\/revisions\/8415"}],"wp:featuredmedia":[{"embeddable":true,"href":"https:\/\/zojopackaging.com\/de\/wp-json\/wp\/v2\/media\/3238"}],"wp:attachment":[{"href":"https:\/\/zojopackaging.com\/de\/wp-json\/wp\/v2\/media?parent=3236"}],"wp:term":[{"taxonomy":"product_brand","embeddable":true,"href":"https:\/\/zojopackaging.com\/de\/wp-json\/wp\/v2\/product_brand?post=3236"},{"taxonomy":"product_cat","embeddable":true,"href":"https:\/\/zojopackaging.com\/de\/wp-json\/wp\/v2\/product_cat?post=3236"},{"taxonomy":"product_tag","embeddable":true,"href":"https:\/\/zojopackaging.com\/de\/wp-json\/wp\/v2\/product_tag?post=3236"}],"curies":[{"name":"wp","href":"https:\/\/api.w.org\/{rel}","templated":true}]}}