{"id":3243,"date":"2024-03-14T17:07:03","date_gmt":"2024-03-14T09:07:03","guid":{"rendered":"https:\/\/zojopackaging.com\/?post_type=product&#038;p=3243"},"modified":"2025-03-27T19:03:21","modified_gmt":"2025-03-27T11:03:21","slug":"custom-black-perfume-packaging-box","status":"publish","type":"product","link":"https:\/\/zojopackaging.com\/de\/product\/custom-black-perfume-packaging-box\/","title":{"rendered":"Benutzerdefinierte Luxus-Boxen Parf\u00fcm Geschenkverpackungen Gro\u00dfhandel"},"content":{"rendered":"<h1>Benutzerdefinierte Luxus-Boxen Parf\u00fcm Geschenkverpackungen Gro\u00dfhandel<\/h1>\n<p>Die Luxusboxen f\u00fcr Parf\u00fcm-Geschenkverpackungen im Gro\u00dfhandel sind eine elegante und anspruchsvolle Verpackungsl\u00f6sung, die die Pr\u00e4sentation Ihres Luxusparf\u00fcms verbessert. Gefertigt aus hochwertigem schwarzem Karton oder Pappe, strahlt diese Box Eleganz und Stil aus. Die schwarze Farbe verleiht einen Hauch von Geheimnis und Verlockung, so dass es perfekt f\u00fcr High-End-Parf\u00fcmmarken, die eine Aussage zu machen.<\/p>\n<p>Das \u00c4u\u00dfere der Schachtel kann mit verschiedenen Veredelungsoptionen wie matter oder gl\u00e4nzender Laminierung, Pr\u00e4gung, Entpr\u00e4gung oder Folienpr\u00e4gung individualisiert werden, um ihr eine hochwertige Note zu verleihen. Das minimalistische Design der Schachtel erm\u00f6glicht es, den Fokus auf den Parf\u00fcmflakon im Inneren zu lenken und schafft ein Gef\u00fchl von Vorfreude und Luxus.<\/p>\n<p>Das Innere der Schachtel kann mit weichem Samt oder Satin ausgekleidet werden, um den Parf\u00fcmflakon zu sch\u00fctzen und ein luxuri\u00f6ses Gef\u00fchl zu vermitteln. Au\u00dferdem kann eine Schaumstoffeinlage hinzugef\u00fcgt werden, um den Parf\u00fcmflakon w\u00e4hrend des Transports sicher zu halten.<\/p>\n<p>Ganz gleich, ob Sie ein Parf\u00fcm an einen besonderen Menschen verschenken oder Ihre Produkte im Einzelhandel pr\u00e4sentieren m\u00f6chten, die schwarze Parf\u00fcmverpackung ist eine anspruchsvolle und stilvolle Wahl, die einen bleibenden Eindruck hinterl\u00e4sst.<\/p>\n<h1><strong>Spezifikation<\/strong><\/h1>\n<table style=\"border-collapse: collapse; width: 759.02pt;\" border=\"0\" width=\"1012\" cellspacing=\"0\" cellpadding=\"0\">\n<tbody>\n<tr style=\"height: 16.50pt;\">\n<td class=\"et3\" style=\"height: 16.50pt; width: 379.50pt;\" width=\"506\" height=\"22\">Abmessungen<\/td>\n<td class=\"et3\" style=\"width: 379.50pt;\" width=\"506\">Alle kundenspezifischen Gr\u00f6\u00dfen und Formen<\/td>\n<\/tr>\n<tr style=\"height: 16.50pt;\">\n<td class=\"et3\" style=\"height: 16.50pt;\" height=\"22\">Min.Menge<\/td>\n<td class=\"et3\">500 Boxen (Hardproof-Musteroption verf\u00fcgbar)<\/td>\n<\/tr>\n<tr style=\"height: 16.50pt;\">\n<td class=\"et3\" style=\"height: 16.50pt;\" height=\"22\">Standardverfahren<\/td>\n<td class=\"et3\">Stanzen, Kleben, Rillen, Perforieren<\/td>\n<\/tr>\n<tr style=\"height: 16.50pt;\">\n<td class=\"et3\" style=\"height: 16.50pt;\" height=\"22\">Drucken<\/td>\n<td class=\"et3\">Cmyk, pms, kein Druck<\/td>\n<\/tr>\n<tr style=\"height: 16.50pt;\">\n<td class=\"et3\" style=\"height: 16.50pt;\" height=\"22\">Option Material<\/td>\n<td class=\"et3\">Wei\u00dfes Kartonpapier, gestrichenes Papier, Kunstdruckpapier, Kraftpapier, Elfenbeinkarton, Duplexkarton, Spezialpapier, usw.<\/td>\n<\/tr>\n<tr style=\"height: 17.25pt;\">\n<td class=\"et3\" style=\"height: 17.25pt;\" height=\"23\">Oberfl\u00e4chenveredelung<\/td>\n<td class=\"et4\" style=\"width: 379.50pt;\" width=\"506\">Matt\/Glanz-Laminierung, Spot-UV-Pr\u00e4gung, Pr\u00e4gung, Folienpr\u00e4gung usw.<\/td>\n<\/tr>\n<tr style=\"height: 17.25pt;\">\n<td class=\"et4\" style=\"height: 17.25pt; width: 379.50pt;\" width=\"506\" height=\"23\">Industrie Verwendung<\/td>\n<td class=\"et4\" style=\"width: 379.50pt;\" width=\"506\">Kosmetika, Parf\u00fcm, Bekleidung, Schmuck, Tabak, Lebensmittel, Geschenkartikel und Waren des t\u00e4glichen Bedarfs,<\/td>\n<\/tr>\n<tr style=\"height: 34.50pt;\">\n<td class=\"et4\" style=\"height: 34.50pt; width: 379.50pt;\" width=\"506\" height=\"46\">Qualit\u00e4tskontrolle<\/td>\n<td class=\"et4\" style=\"width: 379.50pt;\" width=\"506\">Fortschrittliche Ausr\u00fcstung und ein erfahrenes QC-Team \u00fcberpr\u00fcfen Material, Halbfertig- und Fertigprodukte streng in jedem Schritt, bevor<\/td>\n<\/tr>\n<tr style=\"height: 34.50pt;\">\n<td class=\"et4\" style=\"height: 34.50pt; width: 379.50pt;\" width=\"506\" height=\"46\">Preis<\/td>\n<td class=\"et4\" style=\"width: 379.50pt;\" width=\"506\">Der Endpreis wird auf Ihr Produkt und die von Ihnen ben\u00f6tigte Menge zugeschnitten<\/td>\n<\/tr>\n<tr style=\"height: 16.50pt;\">\n<td class=\"et3\" style=\"height: 16.50pt;\" height=\"22\">Bearbeitungszeit<\/td>\n<td class=\"et3\">10-12 Arbeitstage, Eile<\/td>\n<\/tr>\n<tr style=\"height: 16.50pt;\">\n<td class=\"et3\" style=\"height: 16.50pt;\" height=\"22\">Papierbestand<\/td>\n<td class=\"et3\">10pt bis 28pt (60lb bis 400lb) umweltfreundliches Kraftpapier, E-Welle, Buxkarton, Cardstock<\/td>\n<\/tr>\n<tr style=\"height: 16.50pt;\">\n<td class=\"et3\" style=\"height: 16.50pt;\" height=\"22\">Proof<\/td>\n<td class=\"et3\">Flache Ansicht, 3d-Mock-up, physische Bemusterung (auf Anfrage)<\/td>\n<\/tr>\n<\/tbody>\n<\/table>\n<div class=\"widget block block-static-block\">\n<div class=\"landing-page-section option-bottom\">\n<div class=\"custom-materials-tabs-content container container-adjustment\">\n<div class=\"custom-materials-tab-content active\">\n<div class=\"widget block block-static-block\">\n<div class=\"options-items\">\n<div class=\"flex-grid-row-option\">\n<div class=\"flex-grid-item-option\">\n<div class=\"material-box\">\n<div class=\"material-des\">\n<p>&nbsp;<\/p>\n<\/div>\n<p>&nbsp;<\/p>\n<\/div>\n<\/div>\n<\/div>\n<\/div>\n<p><!---end of option item--><\/p>\n<\/div>\n<\/div>\n<\/div>\n<\/div>\n<\/div>","protected":false},"excerpt":{"rendered":"<p>1. Spezialpapier zeichnet sich durch pr\u00e4zises funktionales Design, kohlenstoffarme Recyclingeigenschaften und hohe Wertsch\u00f6pfung aus<br \/>\n2. Der Deckel und die Basisbox sind nahtlos verbunden und unterst\u00fctzen ganzseitigen Druck, klaren Druck ohne Farbunterschiede<br \/>\n3. Anpassbare Box Art, Gr\u00f6\u00dfe, Material, Oberfl\u00e4che Druck zu unterst\u00fctzen und verbessern die Wirkung Ihrer Marke<\/p>","protected":false},"featured_media":3245,"template":"","meta":[],"product_brand":[],"product_cat":[30,417,425,31],"product_tag":[498,694,695],"class_list":{"0":"post-3243","1":"product","2":"type-product","3":"status-publish","4":"has-post-thumbnail","6":"product_cat-by-industry","7":"product_cat-custom-perfume-boxes-by-industry","8":"product_cat-lid-and-base-gift-box","9":"product_cat-paper-box-style","10":"product_tag-custom-perfume-packaging","11":"product_tag-perfume-gift-packaging","12":"product_tag-perfume-packaging-wholesale","14":"first","15":"instock","16":"shipping-taxable","17":"product-type-grouped"},"_links":{"self":[{"href":"https:\/\/zojopackaging.com\/de\/wp-json\/wp\/v2\/product\/3243","targetHints":{"allow":["GET"]}}],"collection":[{"href":"https:\/\/zojopackaging.com\/de\/wp-json\/wp\/v2\/product"}],"about":[{"href":"https:\/\/zojopackaging.com\/de\/wp-json\/wp\/v2\/types\/product"}],"version-history":[{"count":2,"href":"https:\/\/zojopackaging.com\/de\/wp-json\/wp\/v2\/product\/3243\/revisions"}],"predecessor-version":[{"id":8414,"href":"https:\/\/zojopackaging.com\/de\/wp-json\/wp\/v2\/product\/3243\/revisions\/8414"}],"wp:featuredmedia":[{"embeddable":true,"href":"https:\/\/zojopackaging.com\/de\/wp-json\/wp\/v2\/media\/3245"}],"wp:attachment":[{"href":"https:\/\/zojopackaging.com\/de\/wp-json\/wp\/v2\/media?parent=3243"}],"wp:term":[{"taxonomy":"product_brand","embeddable":true,"href":"https:\/\/zojopackaging.com\/de\/wp-json\/wp\/v2\/product_brand?post=3243"},{"taxonomy":"product_cat","embeddable":true,"href":"https:\/\/zojopackaging.com\/de\/wp-json\/wp\/v2\/product_cat?post=3243"},{"taxonomy":"product_tag","embeddable":true,"href":"https:\/\/zojopackaging.com\/de\/wp-json\/wp\/v2\/product_tag?post=3243"}],"curies":[{"name":"wp","href":"https:\/\/api.w.org\/{rel}","templated":true}]}}