{"id":3251,"date":"2024-03-14T17:12:31","date_gmt":"2024-03-14T09:12:31","guid":{"rendered":"https:\/\/zojopackaging.com\/?post_type=product&#038;p=3251"},"modified":"2025-03-27T18:04:19","modified_gmt":"2025-03-27T10:04:19","slug":"design-luxury-perfume-packaging-box","status":"publish","type":"product","link":"https:\/\/zojopackaging.com\/de\/product\/design-luxury-perfume-packaging-box\/","title":{"rendered":"Luxus Parf\u00fcm Duft Geschenk Boxen Verpackung Gro\u00dfhandel"},"content":{"rendered":"<h1>Luxus Parf\u00fcm Duft Geschenk Boxen Verpackung Gro\u00dfhandel<\/h1>\n<p>Die Design Luxury Perfume Packaging Box ist ein Meisterwerk an Eleganz und Raffinesse, das sorgf\u00e4ltig hergestellt wurde, um die Pr\u00e4sentation Ihres hochwertigen Parfums aufzuwerten. Diese Verpackungsl\u00f6sung verk\u00f6rpert Luxus bis ins kleinste Detail, von der Auswahl der Materialien bis zum letzten Schliff.<\/p>\n<p>Aus hochwertigen Materialien wie samtgef\u00fctterter Pappe oder Premium-Karton gefertigt, strahlt diese Box Opulenz und Klasse aus. Das \u00c4u\u00dfere der Schachtel kann mit aufw\u00e4ndigen Designs, Pr\u00e4gungen, Entpr\u00e4gungen, Folienpr\u00e4gungen oder Spot-UV individualisiert werden, um ein visuell beeindruckendes und luxuri\u00f6ses Erscheinungsbild zu schaffen, das die Essenz Ihrer Parf\u00fcmmarke widerspiegelt.<\/p>\n<p>Das Innere der Box wurde mit gr\u00f6\u00dfter Sorgfalt entworfen, um den Parf\u00fcmflakon sicher und stilvoll zu verwahren. Weiches Samt- oder Satinfutter verleiht einen Hauch von Luxus und sch\u00fctzt den Parf\u00fcmflakon vor Kratzern. Eine individuelle Schaumstoffeinlage kann hinzugef\u00fcgt werden, um sicherzustellen, dass der Flakon w\u00e4hrend des Transports an seinem Platz bleibt.<\/p>\n<p>Ganz gleich, ob Sie ein Luxusparf\u00fcm an einen anspruchsvollen Empf\u00e4nger verschenken oder Ihre Produkte in einem hochwertigen Einzelhandelsgesch\u00e4ft pr\u00e4sentieren m\u00f6chten, die Design-Luxus-Parf\u00fcmverpackung ist der Inbegriff von Raffinesse und Stil. Werten Sie Ihre Parf\u00fcmmarke mit dieser exquisiten Verpackungsl\u00f6sung auf, die selbst die anspruchsvollsten Kunden fesseln und beeindrucken wird.<\/p>\n<h1><strong>Spezifikation<\/strong><\/h1>\n<table style=\"border-collapse: collapse; width: 999px; height: 449px;\" border=\"0\" width=\"1012\" cellspacing=\"0\" cellpadding=\"0\">\n<tbody>\n<tr style=\"height: 16.50pt;\">\n<td class=\"et3\" style=\"height: 16.50pt; width: 379.50pt;\" width=\"506\" height=\"22\">Abmessungen<\/td>\n<td class=\"et3\" style=\"width: 379.50pt;\" width=\"506\">Alle kundenspezifischen Gr\u00f6\u00dfen und Formen<\/td>\n<\/tr>\n<tr style=\"height: 16.50pt;\">\n<td class=\"et3\" style=\"height: 16.50pt;\" height=\"22\">Min.Menge<\/td>\n<td class=\"et3\">50 Boxen ( Hardproof Muster Option verf\u00fcgbar )<\/td>\n<\/tr>\n<tr style=\"height: 16.50pt;\">\n<td class=\"et3\" style=\"height: 16.50pt;\" height=\"22\">Standardverfahren<\/td>\n<td class=\"et3\">Stanzen, Kleben, Rillen, Perforieren<\/td>\n<\/tr>\n<tr style=\"height: 16.50pt;\">\n<td class=\"et3\" style=\"height: 16.50pt;\" height=\"22\">Drucken<\/td>\n<td class=\"et3\">Cmyk, pms, kein Druck<\/td>\n<\/tr>\n<tr style=\"height: 16.50pt;\">\n<td class=\"et3\" style=\"height: 16.50pt;\" height=\"22\">Option Material<\/td>\n<td class=\"et3\">Wei\u00dfes Kartonpapier, gestrichenes Papier, Kunstdruckpapier, Kraftpapier, Elfenbeinkarton, Duplexkarton, Spezialpapier, usw.<\/td>\n<\/tr>\n<tr style=\"height: 17.25pt;\">\n<td class=\"et3\" style=\"height: 17.25pt;\" height=\"23\">Oberfl\u00e4chenveredelung<\/td>\n<td class=\"et4\" style=\"width: 379.50pt;\" width=\"506\">Matt\/Glanz-Laminierung, Spot-UV-Pr\u00e4gung, Pr\u00e4gung, Folienpr\u00e4gung usw.<\/td>\n<\/tr>\n<tr style=\"height: 17.25pt;\">\n<td class=\"et4\" style=\"height: 17.25pt; width: 379.50pt;\" width=\"506\" height=\"23\">Industrie Verwendung<\/td>\n<td class=\"et4\" style=\"width: 379.50pt;\" width=\"506\">Kosmetika, Parf\u00fcm, Bekleidung, Schmuck, Tabak, Lebensmittel, Geschenkartikel und Waren des t\u00e4glichen Bedarfs,<\/td>\n<\/tr>\n<tr style=\"height: 34.50pt;\">\n<td class=\"et4\" style=\"height: 34.50pt; width: 379.50pt;\" width=\"506\" height=\"46\">Qualit\u00e4tskontrolle<\/td>\n<td class=\"et4\" style=\"width: 379.50pt;\" width=\"506\">Fortschrittliche Ausr\u00fcstung und ein erfahrenes QC-Team \u00fcberpr\u00fcfen Material, Halbfertig- und Fertigprodukte streng in jedem Schritt, bevor<\/td>\n<\/tr>\n<tr style=\"height: 34.50pt;\">\n<td class=\"et4\" style=\"height: 34.50pt; width: 379.50pt;\" width=\"506\" height=\"46\">Preis<\/td>\n<td class=\"et4\" style=\"width: 379.50pt;\" width=\"506\">Der Endpreis wird auf Ihr Produkt und die von Ihnen ben\u00f6tigte Menge zugeschnitten<\/td>\n<\/tr>\n<tr style=\"height: 16.50pt;\">\n<td class=\"et3\" style=\"height: 16.50pt;\" height=\"22\">Bearbeitungszeit<\/td>\n<td class=\"et3\">10-12 Arbeitstage, Eile<\/td>\n<\/tr>\n<tr style=\"height: 16.50pt;\">\n<td class=\"et3\" style=\"height: 16.50pt;\" height=\"22\">Papierbestand<\/td>\n<td class=\"et3\">10pt bis 28pt (60lb bis 400lb) umweltfreundliches Kraftpapier, E-Welle, Buxkarton, Cardstock<\/td>\n<\/tr>\n<tr style=\"height: 16.50pt;\">\n<td class=\"et3\" style=\"height: 16.50pt;\" height=\"22\">Proof<\/td>\n<td class=\"et3\">Flache Ansicht, 3d-Mock-up, physische Bemusterung (auf Anfrage)<\/td>\n<\/tr>\n<\/tbody>\n<\/table>\n<div class=\"widget block block-static-block\">\n<div class=\"landing-page-section option-bottom\">\n<div class=\"custom-materials-tabs-content container container-adjustment\">\n<div class=\"custom-materials-tab-content active\">\n<div class=\"widget block block-static-block\">\n<div class=\"options-items\">\n<div class=\"flex-grid-row-option\">\n<div class=\"flex-grid-item-option\">\n<div class=\"material-box\">\n<div class=\"material-des\">\n<p>&nbsp;<\/p>\n<\/div>\n<p>&nbsp;<\/p>\n<\/div>\n<\/div>\n<\/div>\n<\/div>\n<p><!---end of option item--><\/p>\n<\/div>\n<\/div>\n<\/div>\n<\/div>\n<\/div>","protected":false},"excerpt":{"rendered":"<p>1. Die Box Typ mit Deckel und Boden nimmt die Struktur der oberen und unteren Deckel, zweischichtigen Schutz des Produkts, die effektiv verhindern k\u00f6nnen, dass die Elemente in der Verpackung von besch\u00e4digt werden<br \/>\n2. Spezialpapier Material unterstreicht die Einfachheit der Box, aber nicht das Gef\u00fchl von Luxus fehlt<br \/>\n3. Endlose Anpassung der Verpackungsbox an Ihre Parf\u00fcm-Verpackungsbox<\/p>","protected":false},"featured_media":3253,"template":"","meta":[],"product_brand":[],"product_cat":[30,417,425,31],"product_tag":[339,693,692],"class_list":{"0":"post-3251","1":"product","2":"type-product","3":"status-publish","4":"has-post-thumbnail","6":"product_cat-by-industry","7":"product_cat-custom-perfume-boxes-by-industry","8":"product_cat-lid-and-base-gift-box","9":"product_cat-paper-box-style","10":"product_tag-perfume-gift-boxes","11":"product_tag-perfume-scent-packaging-wholesale","12":"product_tag-scent-packaging-boxes","14":"first","15":"instock","16":"shipping-taxable","17":"product-type-grouped"},"_links":{"self":[{"href":"https:\/\/zojopackaging.com\/de\/wp-json\/wp\/v2\/product\/3251","targetHints":{"allow":["GET"]}}],"collection":[{"href":"https:\/\/zojopackaging.com\/de\/wp-json\/wp\/v2\/product"}],"about":[{"href":"https:\/\/zojopackaging.com\/de\/wp-json\/wp\/v2\/types\/product"}],"version-history":[{"count":2,"href":"https:\/\/zojopackaging.com\/de\/wp-json\/wp\/v2\/product\/3251\/revisions"}],"predecessor-version":[{"id":8413,"href":"https:\/\/zojopackaging.com\/de\/wp-json\/wp\/v2\/product\/3251\/revisions\/8413"}],"wp:featuredmedia":[{"embeddable":true,"href":"https:\/\/zojopackaging.com\/de\/wp-json\/wp\/v2\/media\/3253"}],"wp:attachment":[{"href":"https:\/\/zojopackaging.com\/de\/wp-json\/wp\/v2\/media?parent=3251"}],"wp:term":[{"taxonomy":"product_brand","embeddable":true,"href":"https:\/\/zojopackaging.com\/de\/wp-json\/wp\/v2\/product_brand?post=3251"},{"taxonomy":"product_cat","embeddable":true,"href":"https:\/\/zojopackaging.com\/de\/wp-json\/wp\/v2\/product_cat?post=3251"},{"taxonomy":"product_tag","embeddable":true,"href":"https:\/\/zojopackaging.com\/de\/wp-json\/wp\/v2\/product_tag?post=3251"}],"curies":[{"name":"wp","href":"https:\/\/api.w.org\/{rel}","templated":true}]}}