{"id":3260,"date":"2024-03-14T17:16:12","date_gmt":"2024-03-14T09:16:12","guid":{"rendered":"https:\/\/zojopackaging.com\/?post_type=product&#038;p=3260"},"modified":"2025-03-27T17:53:03","modified_gmt":"2025-03-27T09:53:03","slug":"luxury-paper-perfume-box","status":"publish","type":"product","link":"https:\/\/zojopackaging.com\/de\/product\/luxury-paper-perfume-box\/","title":{"rendered":"Kreative benutzerdefinierte Duft starr Parf\u00fcm Box Hersteller"},"content":{"rendered":"<h1>Kreative benutzerdefinierte Duft starr Parf\u00fcm Box Hersteller<\/h1>\n<p>Creative Custom Fragrance Rigid Perfume Box Manufacturer, die ultimative L\u00f6sung f\u00fcr Ihre Bed\u00fcrfnisse bei der Verpackung von Parf\u00fcmprodukten. Die aus hochwertigen Materialien gefertigte Box ist langlebig und robust und sch\u00fctzt Ihr Parf\u00fcm vor Besch\u00e4digungen w\u00e4hrend des Versands und der Handhabung. Unsere Parf\u00fcmverpackung ist perfekt f\u00fcr alle, die m\u00f6chten, dass ihr Produkt Luxus und Raffinesse ausstrahlt, und sie ist auch ideal zum Verschenken. Geben Sie sich nicht mit einer mittelm\u00e4\u00dfigen Verpackung zufrieden - steigen Sie noch heute auf die Parf\u00fcmverpackungsbox um und erleben Sie den Unterschied in Qualit\u00e4t und Pr\u00e4sentation. Bestellen Sie jetzt und geben Sie Ihrem Parf\u00fcm die Verpackung, die es verdient!<\/p>\n<h1>Eigenschaften<\/h1>\n<ul>\n<li><strong>Hochwertige Materialien<\/strong>: Die Schachtel ist aus hochwertigem Papier gefertigt, das eine glatte und luxuri\u00f6se Textur aufweist. Das Papier ist dick und haltbar und gew\u00e4hrleistet den Schutz des Parf\u00fcmflakons im Inneren.<\/li>\n<li><strong>Elegantes Design<\/strong>: Unser Designteam hat eine visuell beeindruckende Box entworfen, die moderne \u00c4sthetik mit klassischer Eleganz verbindet.<\/li>\n<li><strong>Anpassbare Optionen<\/strong>: Wir wissen, dass jede Marke ihre eigene Identit\u00e4t hat. Deshalb bieten wir umfangreiche Anpassungsm\u00f6glichkeiten f\u00fcr die Luxury Paper Perfume Box.<\/li>\n<\/ul>\n<div class=\"widget block block-static-block\">\n<div class=\"landing-page-section option-bottom\">\n<div class=\"custom-materials-tabs-content container container-adjustment\">\n<div class=\"custom-materials-tab-content active\">\n<div class=\"widget block block-static-block\">\n<div class=\"options-items\">\n<div class=\"flex-grid-row-option\">\n<div class=\"flex-grid-item-option\">\n<div class=\"material-box\">\n<div class=\"material-des\">\n<div class=\"widget block block-static-block\">\n<div class=\"landing-page-section option-bottom\">\n<div class=\"custom-materials-tabs-content container container-adjustment\">\n<div class=\"custom-materials-tab-content active\">\n<div class=\"widget block block-static-block\">\n<div class=\"options-items\">\n<div class=\"flex-grid-row-option\">\n<div class=\"flex-grid-item-option\">\n<div class=\"material-box\">\n<h1><strong>Spezifikation<\/strong><\/h1>\n<div class=\"widget block block-static-block\">\n<div class=\"landing-page-section option-bottom\">\n<div class=\"custom-materials-tabs-content container container-adjustment\">\n<div class=\"custom-materials-tab-content active\">\n<div class=\"widget block block-static-block\">\n<div class=\"options-items\">\n<div class=\"flex-grid-row-option\">\n<div class=\"flex-grid-item-option\">\n<div class=\"material-box\">\n<div class=\"material-des\">\n<table width=\"1070\">\n<tbody>\n<tr>\n<td width=\"373\">Abmessungen<\/td>\n<td width=\"373\">Alle kundenspezifischen Gr\u00f6\u00dfen und Formen<\/td>\n<\/tr>\n<tr>\n<td width=\"373\">MOQ<\/td>\n<td width=\"373\">500St\u00fcck<\/td>\n<\/tr>\n<tr>\n<td width=\"373\">Probezeit<\/td>\n<td width=\"373\">3-5 Tage<\/td>\n<\/tr>\n<tr>\n<td width=\"373\">Standardverfahren<\/td>\n<td width=\"373\">Stanzen, Kleben, Rillen, Perforieren<\/td>\n<\/tr>\n<tr>\n<td width=\"373\">Drucken<\/td>\n<td width=\"373\">Cmyk, pms, kein Druck<\/td>\n<\/tr>\n<tr>\n<td width=\"373\">Option Material<\/td>\n<td width=\"373\">Wei\u00dfes Kartonpapier, gestrichenes Papier, Kunstdruckpapier, Kraftpapier, Elfenbeinkarton, Duplexkarton, Spezialpapier, usw.<\/td>\n<\/tr>\n<tr>\n<td width=\"373\">Oberfl\u00e4chenveredelung<\/td>\n<td width=\"373\">Matt\/Glanz-Laminierung, Spot-UV-Pr\u00e4gung, Pr\u00e4gung, Folienpr\u00e4gung usw.<\/td>\n<\/tr>\n<tr>\n<td width=\"373\">Industrie Verwendung<\/td>\n<td width=\"373\">Kosmetika, Parf\u00fcm, Bekleidung, Schmuck, Tabak, Lebensmittel, Geschenkartikel und Waren des t\u00e4glichen Bedarfs,<\/td>\n<\/tr>\n<tr>\n<td width=\"373\">Qualit\u00e4tskontrolle<\/td>\n<td width=\"373\">Fortschrittliche Ausr\u00fcstung und ein erfahrenes QC-Team \u00fcberpr\u00fcfen Material, Halbfertig- und Fertigprodukte streng in jedem Schritt, bevor<\/td>\n<\/tr>\n<tr>\n<td width=\"373\">Preis<\/td>\n<td width=\"373\">Der Endpreis wird auf Ihr Produkt und die von Ihnen ben\u00f6tigte Menge zugeschnitten<\/td>\n<\/tr>\n<tr>\n<td width=\"373\">Bearbeitungszeit<\/td>\n<td width=\"373\">7-14 Werktage, Eile<\/td>\n<\/tr>\n<tr>\n<td width=\"373\">Papierbestand<\/td>\n<td width=\"373\">10pt bis 28pt (60lb bis 400lb) umweltfreundliches Kraftpapier, E-Welle, Buxkarton, Cardstock<\/td>\n<\/tr>\n<tr>\n<td width=\"373\">Format der Druckvorlage<\/td>\n<td width=\"373\">JPG, PDF, AI, CDR, EPS, GIF....<\/td>\n<\/tr>\n<tr>\n<td width=\"373\">Zubeh\u00f6r<\/td>\n<td width=\"373\">Magnet, Farbband, EVA-Form, Kunststoffschale, Schwamm, PVC\/PET\/PP-Fenster,...<\/td>\n<\/tr>\n<tr>\n<td width=\"373\">Zahlungsfrist<\/td>\n<td width=\"373\">T\/T, Western Union, Paypal, 30% Anzahlung und 70% Restbetrag vor Versand.<\/td>\n<\/tr>\n<\/tbody>\n<\/table>\n<\/div>\n<\/div>\n<\/div>\n<\/div>\n<\/div>\n<\/div>\n<\/div>\n<\/div>\n<\/div>\n<\/div>\n<\/div>\n<\/div>\n<\/div>\n<\/div>\n<\/div>\n<\/div>\n<\/div>\n<\/div>\n<\/div>\n<\/div>\n<p>&nbsp;<\/p>\n<\/div>\n<\/div>\n<\/div>\n<\/div>\n<p><!---end of option item--><\/p>\n<\/div>\n<\/div>\n<\/div>\n<\/div>\n<\/div>","protected":false},"excerpt":{"rendered":"<p>1. Spezielle Magnetverschluss Box Typ, Magnet eingebettet Design zu vermeiden externe Abnutzung und Verschlei\u00df, so dass die Verpackung Box aussehen High-End<br \/>\n2. Spezialpapier Material ist einfach, aber elegant, sehr geeignet f\u00fcr High-End-Produkte<br \/>\n3. Das Hei\u00dfpr\u00e4geverfahren, das kleine Details perfekt in Szene setzt, verleiht der Verpackung ein Gef\u00fchl von Luxus und hochwertiger visueller Pr\u00e4sentation<\/p>","protected":false},"featured_media":6876,"template":"","meta":[],"product_brand":[],"product_cat":[30,417,424,31],"product_tag":[329,690,691],"class_list":{"0":"post-3260","1":"product","2":"type-product","3":"status-publish","4":"has-post-thumbnail","6":"product_cat-by-industry","7":"product_cat-custom-perfume-boxes-by-industry","8":"product_cat-magnetic-closure-boxes","9":"product_cat-paper-box-style","10":"product_tag-custom-perfume-box","11":"product_tag-fragrance-box-manufacturer","12":"product_tag-fragrance-rigid-perfume-box","14":"first","15":"instock","16":"shipping-taxable","17":"product-type-grouped"},"_links":{"self":[{"href":"https:\/\/zojopackaging.com\/de\/wp-json\/wp\/v2\/product\/3260","targetHints":{"allow":["GET"]}}],"collection":[{"href":"https:\/\/zojopackaging.com\/de\/wp-json\/wp\/v2\/product"}],"about":[{"href":"https:\/\/zojopackaging.com\/de\/wp-json\/wp\/v2\/types\/product"}],"version-history":[{"count":2,"href":"https:\/\/zojopackaging.com\/de\/wp-json\/wp\/v2\/product\/3260\/revisions"}],"predecessor-version":[{"id":8411,"href":"https:\/\/zojopackaging.com\/de\/wp-json\/wp\/v2\/product\/3260\/revisions\/8411"}],"wp:featuredmedia":[{"embeddable":true,"href":"https:\/\/zojopackaging.com\/de\/wp-json\/wp\/v2\/media\/6876"}],"wp:attachment":[{"href":"https:\/\/zojopackaging.com\/de\/wp-json\/wp\/v2\/media?parent=3260"}],"wp:term":[{"taxonomy":"product_brand","embeddable":true,"href":"https:\/\/zojopackaging.com\/de\/wp-json\/wp\/v2\/product_brand?post=3260"},{"taxonomy":"product_cat","embeddable":true,"href":"https:\/\/zojopackaging.com\/de\/wp-json\/wp\/v2\/product_cat?post=3260"},{"taxonomy":"product_tag","embeddable":true,"href":"https:\/\/zojopackaging.com\/de\/wp-json\/wp\/v2\/product_tag?post=3260"}],"curies":[{"name":"wp","href":"https:\/\/api.w.org\/{rel}","templated":true}]}}