{"id":3876,"date":"2024-03-20T14:03:39","date_gmt":"2024-03-20T06:03:39","guid":{"rendered":"https:\/\/zojopackaging.com\/?post_type=product&#038;p=3876"},"modified":"2025-03-28T23:29:19","modified_gmt":"2025-03-28T15:29:19","slug":"golife-sports-bracelet-packaging-box","status":"publish","type":"product","link":"https:\/\/zojopackaging.com\/de\/product\/golife-sports-bracelet-packaging-box\/","title":{"rendered":"Benutzerdefinierte Luxus Pflege Smart Fitness Band Tracks Papier Box Lieferant"},"content":{"rendered":"<h1>Benutzerdefinierte Luxus Pflege Smart Fitness Band Tracks Papier Box Lieferant<\/h1>\n<p>Die Smart Fitnessband Tracks Papierbox von Zojoprint Packaging Manufacturer Service ist eine exquisite und elegante Verpackungsl\u00f6sung.<\/p>\n<p>Die Au\u00dfenseite der Verpackungsschachtel kann mit feinen Veredelungen wie einer glatten Textur oder einer gl\u00e4nzenden Oberfl\u00e4che versehen sein, was ihr ein ansprechendes Aussehen verleiht. Sie k\u00f6nnte Details wie Pr\u00e4gung oder Entpr\u00e4gung aufweisen, um ihr einen Hauch von Raffinesse zu verleihen.<\/p>\n<p>Die Verpackungsexpertise von Zojoprint zeigt sich in jedem Aspekt dieser Box. Sie ist so gestaltet, dass das Auspacken zu einem unvergesslichen Erlebnis wird, bei dem sich der Empf\u00e4nger besonders f\u00fchlt. Die Box kann an den einzigartigen Stil und das Branding des Armbands angepasst werden und verleiht ihm eine pers\u00f6nliche Note. Ob f\u00fcr eine hochwertige Schmucksammlung oder ein besonderes Geschenk, die Armband-Verpackungsbox von Zojoprint Packaging Manufacturer Service ist die ideale Wahl, um diese sch\u00f6nen Accessoires zu pr\u00e4sentieren und zu sch\u00fctzen.<\/p>\n<h1><strong>Spezifikation<\/strong><\/h1>\n<table style=\"height: 666px;\" width=\"1070\">\n<tbody>\n<tr>\n<td width=\"373\">Abmessungen<\/td>\n<td width=\"373\">Alle kundenspezifischen Gr\u00f6\u00dfen und Formen<\/td>\n<\/tr>\n<tr>\n<td width=\"373\">MOQ<\/td>\n<td width=\"373\">500St\u00fcck<\/td>\n<\/tr>\n<tr>\n<td width=\"373\">Probezeit<\/td>\n<td width=\"373\">3-5 Tage<\/td>\n<\/tr>\n<tr>\n<td width=\"373\">Standardverfahren<\/td>\n<td width=\"373\">Stanzen, Kleben, Rillen, Perforieren<\/td>\n<\/tr>\n<tr>\n<td width=\"373\">Drucken<\/td>\n<td width=\"373\">Cmyk, pms, kein Druck<\/td>\n<\/tr>\n<tr>\n<td width=\"373\">Option Material<\/td>\n<td width=\"373\">Wei\u00dfes Kartonpapier, gestrichenes Papier, Kunstdruckpapier, Kraftpapier, Elfenbeinkarton, Duplexkarton, Spezialpapier, usw.<\/td>\n<\/tr>\n<tr>\n<td width=\"373\">Oberfl\u00e4chenveredelung<\/td>\n<td width=\"373\">Matt\/Glanz-Laminierung, Spot-UV-Pr\u00e4gung, Pr\u00e4gung, Folienpr\u00e4gung usw.<\/td>\n<\/tr>\n<tr>\n<td width=\"373\">Industrie Verwendung<\/td>\n<td width=\"373\">Kosmetika, Parf\u00fcm, Bekleidung, Schmuck, Tabak, Lebensmittel, Geschenkartikel und Waren des t\u00e4glichen Bedarfs,<\/td>\n<\/tr>\n<tr>\n<td width=\"373\">Qualit\u00e4tskontrolle<\/td>\n<td width=\"373\">Fortschrittliche Ausr\u00fcstung und ein erfahrenes QC-Team \u00fcberpr\u00fcfen Material, Halbfertig- und Fertigprodukte streng in jedem Schritt, bevor<\/td>\n<\/tr>\n<tr>\n<td width=\"373\">Preis<\/td>\n<td width=\"373\">Der Endpreis wird auf Ihr Produkt und die von Ihnen ben\u00f6tigte Menge zugeschnitten<\/td>\n<\/tr>\n<tr>\n<td width=\"373\">Bearbeitungszeit<\/td>\n<td width=\"373\">7-14 Werktage, Eile<\/td>\n<\/tr>\n<tr>\n<td width=\"373\">Papierbestand<\/td>\n<td width=\"373\">10pt bis 28pt (60lb bis 400lb) umweltfreundliches Kraftpapier, E-Welle, Buxkarton, Cardstock<\/td>\n<\/tr>\n<tr>\n<td width=\"373\">Format der Druckvorlage<\/td>\n<td width=\"373\">JPG, PDF, AI, CDR, EPS, GIF....<\/td>\n<\/tr>\n<tr>\n<td width=\"373\">Zubeh\u00f6r<\/td>\n<td width=\"373\">Magnet, Farbband, EVA-Form, Kunststoffschale, Schwamm, PVC\/PET\/PP-Fenster,...<\/td>\n<\/tr>\n<tr>\n<td width=\"373\">Zahlungsfrist<\/td>\n<td width=\"373\">T\/T, Western Union, Paypal, 30% Anzahlung und 70% Restbetrag vor Versand.<\/td>\n<\/tr>\n<\/tbody>\n<\/table>\n<div><\/div>\n<div class=\"widget block block-static-block\">\n<div class=\"landing-page-section option-bottom\">\n<div class=\"custom-materials-tabs-content container container-adjustment\">\n<div class=\"custom-materials-tab-content active\">\n<div class=\"widget block block-static-block\">\n<div class=\"options-items\">\n<div class=\"flex-grid-row-option\">\n<div class=\"flex-grid-item-option\">\n<div class=\"material-box\">\n<div class=\"material-des\">\n<h1><strong>FAQ<\/strong><\/h1>\n<p><strong>Ob Sie eine Fabrik sind ?<\/strong><\/p>\n<p>Ja, wir sind Fabrik, wir sind ein professioneller Hersteller f\u00fcr Papier-Box und Papiert\u00fcte.<\/p>\n<p><strong>Ob es mit flachen ?<\/strong><\/p>\n<p>Nein, es ist von artpaper + cardbard gemacht, so ist es starren Papier-Box<\/p>\n<p><strong>K\u00f6nnen wir sie anpassen?<\/strong><\/p>\n<p>Ja, wir k\u00f6nnen die Papierschachtel f\u00fcr Sie anpassen, so dass Sie die Schachtelgr\u00f6\u00dfe, die Schachtelfarbe und das Logo w\u00e4hlen k\u00f6nnen.<\/p>\n<p><strong>K\u00f6nnten Sie ein Muster f\u00fcr mich anfertigen?<\/strong><\/p>\n<p>Ja, wir k\u00f6nnen Muster f\u00fcr Sie anfertigen, und die Mustergeb\u00fchr h\u00e4ngt vom Prozess ab.<\/p>\n<p><strong>Wie kann ich bestellen?<\/strong><\/p>\n<ol>\n<li>Bitte geben Sie uns Ihre Daten an<\/li>\n<li>Wir machen Ihnen ein Angebot<\/li>\n<li>ein Muster erstellen<\/li>\n<li>Kaution bezahlen<\/li>\n<li>Massenproduktion<\/li>\n<li>Balakne bezahlen<\/li>\n<li>Produkt versenden<\/li>\n<\/ol>\n<p><strong>Wie sieht es mit der Entwurfsdatei aus?<\/strong><\/p>\n<p>PDF, AI sind in Ordnung.<\/p>\n<p><strong>Wie viele M\u00f6glichkeiten der Verschiffung gibt es, welche ist besser?<\/strong><\/p>\n<p>Auf dem Seeweg, per Express, auf dem Luftweg, je nachdem, wann Sie Ihre Produktion erhalten m\u00f6chten und je nach Bestellmenge.<\/p>\n<\/div>\n<\/div>\n<\/div>\n<\/div>\n<\/div>\n<\/div>\n<\/div>\n<\/div>\n<\/div>\n<\/div>\n<div class=\"widget block block-static-block\">\n<div class=\"landing-page-section option-bottom\">\n<div class=\"custom-materials-tabs-content container container-adjustment\">\n<div class=\"custom-materials-tab-content active\">\n<div class=\"widget block block-static-block\">\n<div class=\"options-items\">\n<div class=\"flex-grid-row-option\">\n<div class=\"flex-grid-item-option\">\n<div class=\"material-box\">\n<p>&nbsp;<\/p>\n<\/div>\n<\/div>\n<\/div>\n<\/div>\n<p><!---end of option item--><\/p>\n<\/div>\n<\/div>\n<\/div>\n<\/div>\n<\/div>","protected":false},"excerpt":{"rendered":"<p>The Custom Boxes liefert die neuesten kundenspezifischen Verpackungs- und Schachteldruckdienste. Wir bieten ma\u00dfgeschneiderte Boxen, Einzelhandels-Boxen, Luxus starren Boxen.<\/p>\n<ul>\n<li>MOQ: 500 St\u00fcck<\/li>\n<li>Lieferzeit:7-14 Arbeitstage, Eilauftrag<\/li>\n<li>Ma\u00dfgeschneidert in den Abmessungen (Durchmesser x H\u00f6he)<\/li>\n<li>Kundenspezifischer Druck<\/li>\n<li>Umweltfreundlich, recycelbar und plastikfrei<\/li>\n<li>Preis\uff1aDer Endpreis wird auf Ihr Produkt und die von Ihnen ben\u00f6tigte Menge zugeschnitten<\/li>\n<\/ul>","protected":false},"featured_media":3880,"template":"","meta":[],"product_brand":[],"product_cat":[30,413,425,31],"product_tag":[860,862,861],"class_list":{"0":"post-3876","1":"product","2":"type-product","3":"status-publish","4":"has-post-thumbnail","6":"product_cat-by-industry","7":"product_cat-consumer-electronics-boxes","8":"product_cat-lid-and-base-gift-box","9":"product_cat-paper-box-style","10":"product_tag-custom-paper-box","11":"product_tag-luxury-paper-box","12":"product_tag-smart-fitness-band-tracks-paper-box","14":"first","15":"instock","16":"shipping-taxable","17":"product-type-grouped"},"_links":{"self":[{"href":"https:\/\/zojopackaging.com\/de\/wp-json\/wp\/v2\/product\/3876","targetHints":{"allow":["GET"]}}],"collection":[{"href":"https:\/\/zojopackaging.com\/de\/wp-json\/wp\/v2\/product"}],"about":[{"href":"https:\/\/zojopackaging.com\/de\/wp-json\/wp\/v2\/types\/product"}],"version-history":[{"count":2,"href":"https:\/\/zojopackaging.com\/de\/wp-json\/wp\/v2\/product\/3876\/revisions"}],"predecessor-version":[{"id":7243,"href":"https:\/\/zojopackaging.com\/de\/wp-json\/wp\/v2\/product\/3876\/revisions\/7243"}],"wp:featuredmedia":[{"embeddable":true,"href":"https:\/\/zojopackaging.com\/de\/wp-json\/wp\/v2\/media\/3880"}],"wp:attachment":[{"href":"https:\/\/zojopackaging.com\/de\/wp-json\/wp\/v2\/media?parent=3876"}],"wp:term":[{"taxonomy":"product_brand","embeddable":true,"href":"https:\/\/zojopackaging.com\/de\/wp-json\/wp\/v2\/product_brand?post=3876"},{"taxonomy":"product_cat","embeddable":true,"href":"https:\/\/zojopackaging.com\/de\/wp-json\/wp\/v2\/product_cat?post=3876"},{"taxonomy":"product_tag","embeddable":true,"href":"https:\/\/zojopackaging.com\/de\/wp-json\/wp\/v2\/product_tag?post=3876"}],"curies":[{"name":"wp","href":"https:\/\/api.w.org\/{rel}","templated":true}]}}