{"id":3904,"date":"2024-03-20T14:31:02","date_gmt":"2024-03-20T06:31:02","guid":{"rendered":"https:\/\/zojopackaging.com\/?post_type=product&#038;p=3904"},"modified":"2025-03-28T18:39:48","modified_gmt":"2025-03-28T10:39:48","slug":"custom-cosmetic-calendar-box","status":"publish","type":"product","link":"https:\/\/zojopackaging.com\/de\/product\/custom-cosmetic-calendar-box\/","title":{"rendered":"Benutzerdefinierte Kosmetik Kalender Faltkarton Box Gro\u00dfhandel"},"content":{"rendered":"<h1>Benutzerdefinierte Kosmetik Kalender Faltkarton Box Gro\u00dfhandel<\/h1>\n<p>Die individuelle Kosmetikkalenderbox ist eine vielseitige und stilvolle Verpackungsl\u00f6sung f\u00fcr Ihre Kosmetikprodukte. Diese Box ist so konzipiert, dass sie Ihren Kosmetikkalender auf optisch ansprechende und funktionale Weise pr\u00e4sentiert und sch\u00fctzt. Das \u00c4u\u00dfere der Box kann mit Ihren gew\u00fcnschten Farben, Grafiken und Ihrem Branding gestaltet werden, um das Thema und den Stil Ihrer Kosmetiklinie widerzuspiegeln.<\/p>\n<p>Das Innere der Box ist so konzipiert, dass der Kosmetikkalender sicher aufbewahrt und pr\u00e4sentiert werden kann, so dass er w\u00e4hrend der Lagerung oder des Transports sicher und unversehrt bleibt. Die individuelle Kosmetikkalender-Box ist nicht nur eine praktische Aufbewahrungsl\u00f6sung, sondern dient auch als dekoratives und auff\u00e4lliges Accessoire f\u00fcr Ihre Sch\u00f6nheitsprodukte.<\/p>\n<p>Perfekt f\u00fcr die Pr\u00e4sentation im Einzelhandel, f\u00fcr Werbeveranstaltungen oder f\u00fcr Geschenkzwecke, verleiht die individuelle Kosmetikkalenderbox Ihrer Kosmetiklinie einen Hauch von Eleganz und Professionalit\u00e4t und verbessert die Gesamtpr\u00e4sentation und Attraktivit\u00e4t Ihrer Produkte.<\/p>\n<h1><strong>Spezifikation<\/strong><\/h1>\n<div class=\"widget block block-static-block\">\n<div class=\"landing-page-section option-bottom\">\n<div class=\"custom-materials-tabs-content container container-adjustment\">\n<div class=\"custom-materials-tab-content active\">\n<div class=\"widget block block-static-block\">\n<div class=\"options-items\">\n<div class=\"flex-grid-row-option\">\n<div class=\"flex-grid-item-option\">\n<div class=\"material-box\">\n<div class=\"material-des\">\n<table width=\"1070\">\n<tbody>\n<tr>\n<td width=\"373\">Abmessungen<\/td>\n<td width=\"373\">Alle kundenspezifischen Gr\u00f6\u00dfen und Formen<\/td>\n<\/tr>\n<tr>\n<td width=\"373\">MOQ<\/td>\n<td width=\"373\">500St\u00fcck<\/td>\n<\/tr>\n<tr>\n<td width=\"373\">Probezeit<\/td>\n<td width=\"373\">3-5 Tage<\/td>\n<\/tr>\n<tr>\n<td width=\"373\">Standardverfahren<\/td>\n<td width=\"373\">Stanzen, Kleben, Rillen, Perforieren<\/td>\n<\/tr>\n<tr>\n<td width=\"373\">Drucken<\/td>\n<td width=\"373\">Cmyk, pms, kein Druck<\/td>\n<\/tr>\n<tr>\n<td width=\"373\">Option Material<\/td>\n<td width=\"373\">Wei\u00dfes Kartonpapier, gestrichenes Papier, Kunstdruckpapier, Kraftpapier, Elfenbeinkarton, Duplexkarton, Spezialpapier, usw.<\/td>\n<\/tr>\n<tr>\n<td width=\"373\">Oberfl\u00e4chenveredelung<\/td>\n<td width=\"373\">Matt\/Glanz-Laminierung, Spot-UV-Pr\u00e4gung, Pr\u00e4gung, Folienpr\u00e4gung usw.<\/td>\n<\/tr>\n<tr>\n<td width=\"373\">Industrie Verwendung<\/td>\n<td width=\"373\">Kosmetika, Parf\u00fcm, Bekleidung, Schmuck, Tabak, Lebensmittel, Geschenkartikel und Waren des t\u00e4glichen Bedarfs,<\/td>\n<\/tr>\n<tr>\n<td width=\"373\">Qualit\u00e4tskontrolle<\/td>\n<td width=\"373\">Fortschrittliche Ausr\u00fcstung und ein erfahrenes QC-Team \u00fcberpr\u00fcfen Material, Halbfertig- und Fertigprodukte streng in jedem Schritt, bevor<\/td>\n<\/tr>\n<tr>\n<td width=\"373\">Preis<\/td>\n<td width=\"373\">Der Endpreis wird auf Ihr Produkt und die von Ihnen ben\u00f6tigte Menge zugeschnitten<\/td>\n<\/tr>\n<tr>\n<td width=\"373\">Bearbeitungszeit<\/td>\n<td width=\"373\">7-14 Werktage, Eile<\/td>\n<\/tr>\n<tr>\n<td width=\"373\">Papierbestand<\/td>\n<td width=\"373\">10pt bis 28pt (60lb bis 400lb) umweltfreundliches Kraftpapier, E-Welle, Buxkarton, Cardstock<\/td>\n<\/tr>\n<tr>\n<td width=\"373\">Format der Druckvorlage<\/td>\n<td width=\"373\">JPG, PDF, AI, CDR, EPS, GIF....<\/td>\n<\/tr>\n<tr>\n<td width=\"373\">Zubeh\u00f6r<\/td>\n<td width=\"373\">Magnet, Farbband, EVA-Form, Kunststoffschale, Schwamm, PVC\/PET\/PP-Fenster,...<\/td>\n<\/tr>\n<tr>\n<td width=\"373\">Zahlungsfrist<\/td>\n<td width=\"373\">T\/T, Western Union, Paypal, 30% Anzahlung und 70% Restbetrag vor Versand.<\/td>\n<\/tr>\n<\/tbody>\n<\/table>\n<\/div>\n<\/div>\n<\/div>\n<\/div>\n<\/div>\n<\/div>\n<\/div>\n<\/div>\n<\/div>\n<\/div>\n<div class=\"widget block block-static-block\">\n<div class=\"landing-page-section option-bottom\">\n<div class=\"custom-materials-tabs-content container container-adjustment\">\n<div class=\"custom-materials-tab-content active\">\n<div class=\"widget block block-static-block\">\n<div class=\"options-items\">\n<div class=\"flex-grid-row-option\">\n<div class=\"flex-grid-item-option\">\n<div class=\"material-box\">\n<p>&nbsp;<\/p>\n<\/div>\n<\/div>\n<\/div>\n<\/div>\n<p><!---end of option item--><\/p>\n<\/div>\n<\/div>\n<\/div>\n<\/div>\n<\/div>","protected":false},"excerpt":{"rendered":"<p>Entdecken Sie unser Angebot an Gro\u00dfhandels-Adventskalender-Verpackungen, die vielseitige und anpassbare L\u00f6sungen f\u00fcr eine festliche und unvergessliche Weihnachtszeit bieten.<\/p>\n<p>Personalisierung: Kann benutzerdefinierte Gr\u00f6\u00dfe \/ Druck \/ Material \/ Verarbeitung \/ Form etc.<br \/>\nMaterialtyp: Umweltfreundlich, mit FSC\/ISO\/BSCI-Zertifizierung<br \/>\nProduktionszeit: Muster 1-3 Tage; Gro\u00dfserie 7-9 Tage<br \/>\nVersandzeit: Express 3-7 Tage; Luft 12-16 Tage; Boot 25-30 Tage\uff08Die verschiedenen L\u00e4nder haben unterschiedliche Zeiten)<\/p>\n<p>Preis:Kontaktieren Sie uns, um eine Anfrage zu senden!<\/p>","protected":false},"featured_media":3908,"template":"","meta":[],"product_brand":[],"product_cat":[30,390,430,31],"product_tag":[843,844,845],"class_list":{"0":"post-3904","1":"product","2":"type-product","3":"status-publish","4":"has-post-thumbnail","6":"product_cat-by-industry","7":"product_cat-custom-cosmetics-boxes","8":"product_cat-folding-cartons","9":"product_cat-paper-box-style","10":"product_tag-cosmetic-calendar-folding-carton","11":"product_tag-custom-folding-carton","12":"product_tag-folding-carton-box-wholesale","14":"first","15":"instock","16":"shipping-taxable","17":"product-type-grouped"},"_links":{"self":[{"href":"https:\/\/zojopackaging.com\/de\/wp-json\/wp\/v2\/product\/3904","targetHints":{"allow":["GET"]}}],"collection":[{"href":"https:\/\/zojopackaging.com\/de\/wp-json\/wp\/v2\/product"}],"about":[{"href":"https:\/\/zojopackaging.com\/de\/wp-json\/wp\/v2\/types\/product"}],"version-history":[{"count":2,"href":"https:\/\/zojopackaging.com\/de\/wp-json\/wp\/v2\/product\/3904\/revisions"}],"predecessor-version":[{"id":8502,"href":"https:\/\/zojopackaging.com\/de\/wp-json\/wp\/v2\/product\/3904\/revisions\/8502"}],"wp:featuredmedia":[{"embeddable":true,"href":"https:\/\/zojopackaging.com\/de\/wp-json\/wp\/v2\/media\/3908"}],"wp:attachment":[{"href":"https:\/\/zojopackaging.com\/de\/wp-json\/wp\/v2\/media?parent=3904"}],"wp:term":[{"taxonomy":"product_brand","embeddable":true,"href":"https:\/\/zojopackaging.com\/de\/wp-json\/wp\/v2\/product_brand?post=3904"},{"taxonomy":"product_cat","embeddable":true,"href":"https:\/\/zojopackaging.com\/de\/wp-json\/wp\/v2\/product_cat?post=3904"},{"taxonomy":"product_tag","embeddable":true,"href":"https:\/\/zojopackaging.com\/de\/wp-json\/wp\/v2\/product_tag?post=3904"}],"curies":[{"name":"wp","href":"https:\/\/api.w.org\/{rel}","templated":true}]}}