{"id":3922,"date":"2024-03-20T14:49:56","date_gmt":"2024-03-20T06:49:56","guid":{"rendered":"https:\/\/zojopackaging.com\/?post_type=product&#038;p=3922"},"modified":"2025-03-28T16:15:46","modified_gmt":"2025-03-28T08:15:46","slug":"customized-christmas-tree-calendar-box","status":"publish","type":"product","link":"https:\/\/zojopackaging.com\/de\/product\/customized-christmas-tree-calendar-box\/","title":{"rendered":"Customized Weihnachtsbaum Kalender Box Hersteller in China"},"content":{"rendered":"<h1>Customized Weihnachtsbaum Kalender Box Hersteller in China<\/h1>\n<p>Die personalisierte Weihnachtsbaum-Kalenderbox ist eine festliche und charmante Verpackungsl\u00f6sung, die Ihrem Kalenderprodukt einen Hauch von Weihnachtsstimmung verleiht. Diese Box wurde speziell daf\u00fcr entworfen, Ihren Kalender auf einzigartige und saisonale Weise zu pr\u00e4sentieren, und eignet sich daher perfekt f\u00fcr weihnachtliche Werbeaktionen, Geschenke oder Verkaufsdisplays.<\/p>\n<p>Das \u00c4u\u00dfere der Schachtel zeigt ein bezauberndes Weihnachtsbaumdesign mit komplizierten Details und leuchtenden Farben, die den Geist der Weihnachtszeit einfangen. Dieses skurrile Design verleiht der Verpackung einen verspielten und festlichen Touch und macht sie zu einem auff\u00e4lligen St\u00fcck, das mit Sicherheit die Aufmerksamkeit auf sich zieht.<\/p>\n<p>Im Inneren wird der Kalender sicher in der Box aufbewahrt, so dass er gesch\u00fctzt und organisiert bleibt. Die personalisierte Weihnachtsbaum-Kalenderbox ist nicht nur eine praktische Aufbewahrungsl\u00f6sung, sondern auch ein dekoratives Accessoire, das die Gesamtpr\u00e4sentation Ihres Kalenderprodukts aufwertet.<\/p>\n<p>Ob f\u00fcr den pers\u00f6nlichen Gebrauch, zum Verschenken oder f\u00fcr den Einzelhandel - diese individuelle Box ist eine reizvolle und einpr\u00e4gsame Art, Ihren Kalender w\u00e4hrend der Weihnachtszeit zu verpacken. Die personalisierte Weihnachtsbaum-Kalenderbox ist eine lustige und festliche Erg\u00e4nzung Ihres Produktangebots und tr\u00e4gt dazu bei, Freude und Begeisterung bei Ihren Kunden zu verbreiten.<\/p>\n<h1><strong>Spezifikation<\/strong><\/h1>\n<table style=\"height: 666px;\" width=\"1070\">\n<tbody>\n<tr>\n<td width=\"373\">Abmessungen<\/td>\n<td width=\"373\">Alle kundenspezifischen Gr\u00f6\u00dfen und Formen<\/td>\n<\/tr>\n<tr>\n<td width=\"373\">MOQ<\/td>\n<td width=\"373\">500St\u00fcck<\/td>\n<\/tr>\n<tr>\n<td width=\"373\">Probezeit<\/td>\n<td width=\"373\">3-5 Tage<\/td>\n<\/tr>\n<tr>\n<td width=\"373\">Standardverfahren<\/td>\n<td width=\"373\">Stanzen, Kleben, Rillen, Perforieren<\/td>\n<\/tr>\n<tr>\n<td width=\"373\">Drucken<\/td>\n<td width=\"373\">Cmyk, pms, kein Druck<\/td>\n<\/tr>\n<tr>\n<td width=\"373\">Option Material<\/td>\n<td width=\"373\">Wei\u00dfes Kartonpapier, gestrichenes Papier, Kunstdruckpapier, Kraftpapier, Elfenbeinkarton, Duplexkarton, Spezialpapier, usw.<\/td>\n<\/tr>\n<tr>\n<td width=\"373\">Oberfl\u00e4chenveredelung<\/td>\n<td width=\"373\">Matt\/Glanz-Laminierung, Spot-UV-Pr\u00e4gung, Pr\u00e4gung, Folienpr\u00e4gung usw.<\/td>\n<\/tr>\n<tr>\n<td width=\"373\">Industrie Verwendung<\/td>\n<td width=\"373\">Kosmetika, Parf\u00fcm, Bekleidung, Schmuck, Tabak, Lebensmittel, Geschenkartikel und Waren des t\u00e4glichen Bedarfs,<\/td>\n<\/tr>\n<tr>\n<td width=\"373\">Qualit\u00e4tskontrolle<\/td>\n<td width=\"373\">Fortschrittliche Ausr\u00fcstung und ein erfahrenes QC-Team \u00fcberpr\u00fcfen Material, Halbfertig- und Fertigprodukte streng in jedem Schritt, bevor<\/td>\n<\/tr>\n<tr>\n<td width=\"373\">Preis<\/td>\n<td width=\"373\">Der Endpreis wird auf Ihr Produkt und die von Ihnen ben\u00f6tigte Menge zugeschnitten<\/td>\n<\/tr>\n<tr>\n<td width=\"373\">Bearbeitungszeit<\/td>\n<td width=\"373\">7-14 Werktage, Eile<\/td>\n<\/tr>\n<tr>\n<td width=\"373\">Papierbestand<\/td>\n<td width=\"373\">10pt bis 28pt (60lb bis 400lb) umweltfreundliches Kraftpapier, E-Welle, Buxkarton, Cardstock<\/td>\n<\/tr>\n<tr>\n<td width=\"373\">Format der Druckvorlage<\/td>\n<td width=\"373\">JPG, PDF, AI, CDR, EPS, GIF....<\/td>\n<\/tr>\n<tr>\n<td width=\"373\">Zubeh\u00f6r<\/td>\n<td width=\"373\">Magnet, Farbband, EVA-Form, Kunststoffschale, Schwamm, PVC\/PET\/PP-Fenster,...<\/td>\n<\/tr>\n<tr>\n<td width=\"373\">Zahlungsfrist<\/td>\n<td width=\"373\">T\/T, Western Union, Paypal, 30% Anzahlung und 70% Restbetrag vor Versand.<\/td>\n<\/tr>\n<\/tbody>\n<\/table>\n<div class=\"widget block block-static-block\">\n<div class=\"landing-page-section option-bottom\">\n<div class=\"custom-materials-tabs-content container container-adjustment\">\n<div class=\"custom-materials-tab-content active\">\n<div class=\"widget block block-static-block\">\n<div class=\"options-items\">\n<div class=\"flex-grid-row-option\">\n<div class=\"flex-grid-item-option\">\n<div class=\"material-box\">\n<p>&nbsp;<\/p>\n<\/div>\n<\/div>\n<\/div>\n<\/div>\n<p><!---end of option item--><\/p>\n<\/div>\n<\/div>\n<\/div>\n<\/div>\n<\/div>","protected":false},"excerpt":{"rendered":"<p>Schaffen Sie ein festliches Erlebnis mit unserer individuellen Schokoladenkalenderbox in Form eines Weihnachtsbaums. Schaffen Sie t\u00e4gliche \u00dcberraschungen f\u00fcr die Menschen, die Sie betreuen.<\/p>\n<p>Materialtyp: Umweltfreundlich, mit FSC\/ISO\/BSCI-Zertifizierung<br \/>\nProduktionszeit: Muster 1-3 Tage; Gro\u00dfserie 7-9 Tage<br \/>\nVersandzeit: Express 3-7 Tage; Luft 12-16 Tage; Boot 25-30 Tage\uff08Die verschiedenen L\u00e4nder haben unterschiedliche Zeiten)<\/p>\n<p>Preis:Kontaktieren Sie uns, um eine Anfrage zu senden!<\/p>","protected":false},"featured_media":3926,"template":"","meta":[],"product_brand":[],"product_cat":[30,423,428,31],"product_tag":[823,822,821],"class_list":{"0":"post-3922","1":"product","2":"type-product","3":"status-publish","4":"has-post-thumbnail","6":"product_cat-by-industry","7":"product_cat-custom-presentation-boxes-by-industry","8":"product_cat-irregular-shaped-gift-boxes","9":"product_cat-paper-box-style","10":"product_tag-calendar-box-manufacturer","11":"product_tag-christmas-tree-calendar-box","12":"product_tag-customized-box","14":"first","15":"instock","16":"shipping-taxable","17":"product-type-grouped"},"_links":{"self":[{"href":"https:\/\/zojopackaging.com\/de\/wp-json\/wp\/v2\/product\/3922","targetHints":{"allow":["GET"]}}],"collection":[{"href":"https:\/\/zojopackaging.com\/de\/wp-json\/wp\/v2\/product"}],"about":[{"href":"https:\/\/zojopackaging.com\/de\/wp-json\/wp\/v2\/types\/product"}],"version-history":[{"count":2,"href":"https:\/\/zojopackaging.com\/de\/wp-json\/wp\/v2\/product\/3922\/revisions"}],"predecessor-version":[{"id":8470,"href":"https:\/\/zojopackaging.com\/de\/wp-json\/wp\/v2\/product\/3922\/revisions\/8470"}],"wp:featuredmedia":[{"embeddable":true,"href":"https:\/\/zojopackaging.com\/de\/wp-json\/wp\/v2\/media\/3926"}],"wp:attachment":[{"href":"https:\/\/zojopackaging.com\/de\/wp-json\/wp\/v2\/media?parent=3922"}],"wp:term":[{"taxonomy":"product_brand","embeddable":true,"href":"https:\/\/zojopackaging.com\/de\/wp-json\/wp\/v2\/product_brand?post=3922"},{"taxonomy":"product_cat","embeddable":true,"href":"https:\/\/zojopackaging.com\/de\/wp-json\/wp\/v2\/product_cat?post=3922"},{"taxonomy":"product_tag","embeddable":true,"href":"https:\/\/zojopackaging.com\/de\/wp-json\/wp\/v2\/product_tag?post=3922"}],"curies":[{"name":"wp","href":"https:\/\/api.w.org\/{rel}","templated":true}]}}