{"id":3930,"date":"2024-03-20T14:59:24","date_gmt":"2024-03-20T06:59:24","guid":{"rendered":"https:\/\/zojopackaging.com\/?post_type=product&#038;p=3930"},"modified":"2025-03-28T16:01:30","modified_gmt":"2025-03-28T08:01:30","slug":"double-opening-calendar-boxes","status":"publish","type":"product","link":"https:\/\/zojopackaging.com\/de\/product\/double-opening-calendar-boxes\/","title":{"rendered":"Benutzerdefinierte Doppelt\u00fcren Box Kalander Boxen Hersteller"},"content":{"rendered":"<h1>Benutzerdefinierte Doppelt\u00fcren Box Kalander Boxen Hersteller<\/h1>\n<p>Die Double Opening Calendar Boxen sind eine einzigartige und innovative Verpackungsl\u00f6sung, die eine doppelte Funktionalit\u00e4t f\u00fcr Ihr Kalenderprodukt bietet. Diese Boxen sind mit zwei separaten \u00d6ffnungen versehen, die einen vielseitigen und bequemen Zugriff auf den Kalenderinhalt von verschiedenen Seiten erm\u00f6glichen.<\/p>\n<p>Das \u00c4u\u00dfere der Box kann an Ihr Branding und Ihre Designvorlieben angepasst werden, so dass eine koh\u00e4rente und visuell ansprechende Verpackung entsteht. Die beiden \u00d6ffnungen erm\u00f6glichen einen einfachen Zugriff auf den Kalender, so dass die Benutzer bequem durch die Seiten bl\u00e4ttern oder den Kalender in verschiedenen Ausrichtungen aufstellen k\u00f6nnen.<\/p>\n<p>Das Innere der Box ist so konzipiert, dass der Kalender sicher aufbewahrt und gesch\u00fctzt wird, so dass er w\u00e4hrend der Lagerung oder des Transports in einem tadellosen Zustand bleibt. Die Kalenderboxen mit doppelter \u00d6ffnung sind nicht nur eine praktische Aufbewahrungsl\u00f6sung, sondern auch eine einzigartige und ansprechende Art, Ihr Kalenderprodukt zu pr\u00e4sentieren.<\/p>\n<p>Die Kalenderboxen mit doppelter \u00d6ffnung eignen sich perfekt f\u00fcr die Pr\u00e4sentation im Einzelhandel, f\u00fcr Werbeveranstaltungen oder f\u00fcr Geschenkzwecke und bieten eine moderne und funktionelle Verpackungsoption, die das Gesamterlebnis f\u00fcr den Benutzer verbessert.<\/p>\n<h1><strong>Spezifikation<\/strong><\/h1>\n<table style=\"height: 666px;\" width=\"1070\">\n<tbody>\n<tr>\n<td width=\"373\">Abmessungen<\/td>\n<td width=\"373\">Alle kundenspezifischen Gr\u00f6\u00dfen und Formen<\/td>\n<\/tr>\n<tr>\n<td width=\"373\">MOQ<\/td>\n<td width=\"373\">500St\u00fcck<\/td>\n<\/tr>\n<tr>\n<td width=\"373\">Probezeit<\/td>\n<td width=\"373\">3-5 Tage<\/td>\n<\/tr>\n<tr>\n<td width=\"373\">Standardverfahren<\/td>\n<td width=\"373\">Stanzen, Kleben, Rillen, Perforieren<\/td>\n<\/tr>\n<tr>\n<td width=\"373\">Drucken<\/td>\n<td width=\"373\">Cmyk, pms, kein Druck<\/td>\n<\/tr>\n<tr>\n<td width=\"373\">Option Material<\/td>\n<td width=\"373\">Wei\u00dfes Kartonpapier, gestrichenes Papier, Kunstdruckpapier, Kraftpapier, Elfenbeinkarton, Duplexkarton, Spezialpapier, usw.<\/td>\n<\/tr>\n<tr>\n<td width=\"373\">Oberfl\u00e4chenveredelung<\/td>\n<td width=\"373\">Matt\/Glanz-Laminierung, Spot-UV-Pr\u00e4gung, Pr\u00e4gung, Folienpr\u00e4gung usw.<\/td>\n<\/tr>\n<tr>\n<td width=\"373\">Industrie Verwendung<\/td>\n<td width=\"373\">Kosmetika, Parf\u00fcm, Bekleidung, Schmuck, Tabak, Lebensmittel, Geschenkartikel und Waren des t\u00e4glichen Bedarfs,<\/td>\n<\/tr>\n<tr>\n<td width=\"373\">Qualit\u00e4tskontrolle<\/td>\n<td width=\"373\">Fortschrittliche Ausr\u00fcstung und ein erfahrenes QC-Team \u00fcberpr\u00fcfen Material, Halbfertig- und Fertigprodukte streng in jedem Schritt, bevor<\/td>\n<\/tr>\n<tr>\n<td width=\"373\">Preis<\/td>\n<td width=\"373\">Der Endpreis wird auf Ihr Produkt und die von Ihnen ben\u00f6tigte Menge zugeschnitten<\/td>\n<\/tr>\n<tr>\n<td width=\"373\">Bearbeitungszeit<\/td>\n<td width=\"373\">7-14 Werktage, Eile<\/td>\n<\/tr>\n<tr>\n<td width=\"373\">Papierbestand<\/td>\n<td width=\"373\">10pt bis 28pt (60lb bis 400lb) umweltfreundliches Kraftpapier, E-Welle, Buxkarton, Cardstock<\/td>\n<\/tr>\n<tr>\n<td width=\"373\">Format der Druckvorlage<\/td>\n<td width=\"373\">JPG, PDF, AI, CDR, EPS, GIF....<\/td>\n<\/tr>\n<tr>\n<td width=\"373\">Zubeh\u00f6r<\/td>\n<td width=\"373\">Magnet, Farbband, EVA-Form, Kunststoffschale, Schwamm, PVC\/PET\/PP-Fenster,...<\/td>\n<\/tr>\n<tr>\n<td width=\"373\">Zahlungsfrist<\/td>\n<td width=\"373\">T\/T, Western Union, Paypal, 30% Anzahlung und 70% Restbetrag vor Versand.<\/td>\n<\/tr>\n<\/tbody>\n<\/table>\n<div class=\"widget block block-static-block\">\n<div class=\"landing-page-section option-bottom\">\n<div class=\"custom-materials-tabs-content container container-adjustment\">\n<div class=\"custom-materials-tab-content active\">\n<div class=\"widget block block-static-block\">\n<div class=\"options-items\">\n<div class=\"flex-grid-row-option\">\n<div class=\"flex-grid-item-option\">\n<div class=\"material-box\">\n<p>&nbsp;<\/p>\n<\/div>\n<\/div>\n<\/div>\n<\/div>\n<p><!---end of option item--><\/p>\n<\/div>\n<\/div>\n<\/div>\n<\/div>\n<\/div>","protected":false},"excerpt":{"rendered":"<p>Die Double Opening Calendar Boxen sind eine einzigartige und innovative Verpackungsl\u00f6sung.<\/p>\n<p>Ihre ma\u00dfgefertigten, stabilen Adventskalenderboxen mit Doppelt\u00fcrverschluss und wundersch\u00f6nem Innenleben sind eine raffinierte Art, Ihre Weihnachtsgeschenke zu pr\u00e4sentieren.<\/p>\n<p>Materialtyp: Umweltfreundlich, mit FSC\/ISO\/BSCI-Zertifizierung<br \/>\nProduktionszeit: Muster 1-3 Tage; Gro\u00dfserie 7-9 Tage<br \/>\nVersandzeit: Express 3-7 Tage; Luft 12-16 Tage; Boot 25-30 Tage\uff08Die verschiedenen L\u00e4nder haben unterschiedliche Zeiten)<\/p>\n<p>Preis:Kontaktieren Sie uns, um eine Anfrage zu senden!<\/p>","protected":false},"featured_media":3934,"template":"","meta":[],"product_brand":[],"product_cat":[30,423,428,31],"product_tag":[816,817,815],"class_list":{"0":"post-3930","1":"product","2":"type-product","3":"status-publish","4":"has-post-thumbnail","6":"product_cat-by-industry","7":"product_cat-custom-presentation-boxes-by-industry","8":"product_cat-irregular-shaped-gift-boxes","9":"product_cat-paper-box-style","10":"product_tag-calender-boxes-manufacturer","11":"product_tag-custom-box","12":"product_tag-double-doors-box","14":"first","15":"instock","16":"shipping-taxable","17":"product-type-grouped"},"_links":{"self":[{"href":"https:\/\/zojopackaging.com\/de\/wp-json\/wp\/v2\/product\/3930","targetHints":{"allow":["GET"]}}],"collection":[{"href":"https:\/\/zojopackaging.com\/de\/wp-json\/wp\/v2\/product"}],"about":[{"href":"https:\/\/zojopackaging.com\/de\/wp-json\/wp\/v2\/types\/product"}],"version-history":[{"count":2,"href":"https:\/\/zojopackaging.com\/de\/wp-json\/wp\/v2\/product\/3930\/revisions"}],"predecessor-version":[{"id":8468,"href":"https:\/\/zojopackaging.com\/de\/wp-json\/wp\/v2\/product\/3930\/revisions\/8468"}],"wp:featuredmedia":[{"embeddable":true,"href":"https:\/\/zojopackaging.com\/de\/wp-json\/wp\/v2\/media\/3934"}],"wp:attachment":[{"href":"https:\/\/zojopackaging.com\/de\/wp-json\/wp\/v2\/media?parent=3930"}],"wp:term":[{"taxonomy":"product_brand","embeddable":true,"href":"https:\/\/zojopackaging.com\/de\/wp-json\/wp\/v2\/product_brand?post=3930"},{"taxonomy":"product_cat","embeddable":true,"href":"https:\/\/zojopackaging.com\/de\/wp-json\/wp\/v2\/product_cat?post=3930"},{"taxonomy":"product_tag","embeddable":true,"href":"https:\/\/zojopackaging.com\/de\/wp-json\/wp\/v2\/product_tag?post=3930"}],"curies":[{"name":"wp","href":"https:\/\/api.w.org\/{rel}","templated":true}]}}