{"id":3936,"date":"2024-03-20T15:04:13","date_gmt":"2024-03-20T07:04:13","guid":{"rendered":"https:\/\/zojopackaging.com\/?post_type=product&#038;p=3936"},"modified":"2025-03-28T11:12:50","modified_gmt":"2025-03-28T03:12:50","slug":"customized-double-open-calendar-box","status":"publish","type":"product","link":"https:\/\/zojopackaging.com\/de\/product\/customized-double-open-calendar-box\/","title":{"rendered":"Gro\u00dfhandel benutzerdefinierte Sch\u00f6nheit Adventskalender Verpackung Box"},"content":{"rendered":"<h1>Gro\u00dfhandel benutzerdefinierte Sch\u00f6nheit Adventskalender Verpackung Box<\/h1>\n<p>Die Gro\u00dfhandelspackung f\u00fcr den Beauty-Adventskalender ist eine anspruchsvolle und praktische Verpackungsl\u00f6sung, die eine einzigartige und vielseitige M\u00f6glichkeit bietet, Ihr Kalenderprodukt zu pr\u00e4sentieren. Diese Box ist sorgf\u00e4ltig mit zwei separaten \u00d6ffnungen entworfen, die einen einfachen Zugang zum Kalenderinhalt von verschiedenen Seiten f\u00fcr zus\u00e4tzlichen Komfort und Funktionalit\u00e4t.<\/p>\n<p>Das \u00c4u\u00dfere der Box kann mit Ihrem Logo, Kunstwerken oder anderen gew\u00fcnschten Grafiken versehen werden, um ein koh\u00e4rentes und visuell ansprechendes Paket zu schaffen, das an Ihr Branding und Ihre Designvorlieben angepasst werden kann. Die beiden \u00d6ffnungen erm\u00f6glichen es den Benutzern, mit dem Kalender auf dynamische und ansprechende Weise zu interagieren, wodurch er sich ideal f\u00fcr die Pr\u00e4sentation auf Schreibtischen, Regalen oder Arbeitsfl\u00e4chen eignet.<\/p>\n<p>Das Innere der Box ist so gestaltet, dass der Kalender sicher aufbewahrt und gesch\u00fctzt wird, so dass er w\u00e4hrend der Lagerung oder des Transports in einem tadellosen Zustand bleibt. Die individuell gestaltete, doppelt ge\u00f6ffnete Kalenderbox dient nicht nur als praktische Aufbewahrungsl\u00f6sung, sondern auch als stilvolles und innovatives Accessoire, das die Gesamtpr\u00e4sentation Ihres Kalenderprodukts aufwertet.<\/p>\n<p>Ob im Einzelhandel, bei Werbeveranstaltungen oder als Geschenk, diese individuelle Box verleiht Ihrer Kalenderverpackung einen Hauch von Raffinesse und Kreativit\u00e4t. Mit ihren zwei \u00d6ffnungen und dem anpassbaren Design ist die individuell gestaltete Kalenderbox mit doppelter \u00d6ffnung eine herausragende Wahl, die das Benutzererlebnis verbessert und einen bleibenden Eindruck bei Ihren Kunden hinterl\u00e4sst.<\/p>\n<h1><strong>Spezifikation<\/strong><\/h1>\n<table style=\"height: 666px;\" width=\"1070\">\n<tbody>\n<tr>\n<td width=\"373\">Abmessungen<\/td>\n<td width=\"373\">Alle kundenspezifischen Gr\u00f6\u00dfen und Formen<\/td>\n<\/tr>\n<tr>\n<td width=\"373\">MOQ<\/td>\n<td width=\"373\">500St\u00fcck<\/td>\n<\/tr>\n<tr>\n<td width=\"373\">Probezeit<\/td>\n<td width=\"373\">3-5 Tage<\/td>\n<\/tr>\n<tr>\n<td width=\"373\">Standardverfahren<\/td>\n<td width=\"373\">Stanzen, Kleben, Rillen, Perforieren<\/td>\n<\/tr>\n<tr>\n<td width=\"373\">Drucken<\/td>\n<td width=\"373\">Cmyk, pms, kein Druck<\/td>\n<\/tr>\n<tr>\n<td width=\"373\">Option Material<\/td>\n<td width=\"373\">Wei\u00dfes Kartonpapier, gestrichenes Papier, Kunstdruckpapier, Kraftpapier, Elfenbeinkarton, Duplexkarton, Spezialpapier, usw.<\/td>\n<\/tr>\n<tr>\n<td width=\"373\">Oberfl\u00e4chenveredelung<\/td>\n<td width=\"373\">Matt\/Glanz-Laminierung, Spot-UV-Pr\u00e4gung, Pr\u00e4gung, Folienpr\u00e4gung usw.<\/td>\n<\/tr>\n<tr>\n<td width=\"373\">Industrie Verwendung<\/td>\n<td width=\"373\">Kosmetika, Parf\u00fcm, Bekleidung, Schmuck, Tabak, Lebensmittel, Geschenkartikel und Waren des t\u00e4glichen Bedarfs,<\/td>\n<\/tr>\n<tr>\n<td width=\"373\">Qualit\u00e4tskontrolle<\/td>\n<td width=\"373\">Fortschrittliche Ausr\u00fcstung und ein erfahrenes QC-Team \u00fcberpr\u00fcfen Material, Halbfertig- und Fertigprodukte streng in jedem Schritt, bevor<\/td>\n<\/tr>\n<tr>\n<td width=\"373\">Preis<\/td>\n<td width=\"373\">Der Endpreis wird auf Ihr Produkt und die von Ihnen ben\u00f6tigte Menge zugeschnitten<\/td>\n<\/tr>\n<tr>\n<td width=\"373\">Bearbeitungszeit<\/td>\n<td width=\"373\">7-14 Werktage, Eile<\/td>\n<\/tr>\n<tr>\n<td width=\"373\">Papierbestand<\/td>\n<td width=\"373\">10pt bis 28pt (60lb bis 400lb) umweltfreundliches Kraftpapier, E-Welle, Buxkarton, Cardstock<\/td>\n<\/tr>\n<tr>\n<td width=\"373\">Format der Druckvorlage<\/td>\n<td width=\"373\">JPG, PDF, AI, CDR, EPS, GIF....<\/td>\n<\/tr>\n<tr>\n<td width=\"373\">Zubeh\u00f6r<\/td>\n<td width=\"373\">Magnet, Farbband, EVA-Form, Kunststoffschale, Schwamm, PVC\/PET\/PP-Fenster,...<\/td>\n<\/tr>\n<tr>\n<td width=\"373\">Zahlungsfrist<\/td>\n<td width=\"373\">T\/T, Western Union, Paypal, 30% Anzahlung und 70% Restbetrag vor Versand.<\/td>\n<\/tr>\n<\/tbody>\n<\/table>\n<div class=\"widget block block-static-block\">\n<div class=\"landing-page-section option-bottom\">\n<div class=\"custom-materials-tabs-content container container-adjustment\">\n<div class=\"custom-materials-tab-content active\">\n<div class=\"widget block block-static-block\">\n<div class=\"options-items\">\n<div class=\"flex-grid-row-option\">\n<div class=\"flex-grid-item-option\">\n<div class=\"material-box\">\n<p>&nbsp;<\/p>\n<\/div>\n<\/div>\n<\/div>\n<\/div>\n<p><!---end of option item--><\/p>\n<\/div>\n<\/div>\n<\/div>\n<\/div>\n<\/div>","protected":false},"excerpt":{"rendered":"<p>1. Doppelt\u00fcrige kosmetische Kalenderbox, ein Design, das jeden Tag ein Gitter \u00f6ffnet. Steigern Sie die Vorfreude auf das Festival durch das blinde \u00d6ffnen der Box<br \/>\n2. Mit Zubeh\u00f6r wie B\u00e4ndern wird die Sch\u00f6nheit und der visuelle Reiz erh\u00f6ht und der Wiedererkennungswert der Marke gesteigert.<br \/>\n3. Verschiedene Gr\u00f6\u00dfen k\u00f6nnen nach Ihren Produkten angepasst werden, geeignet f\u00fcr die Verpackung von verschiedenen Kategorien von Kosmetika<\/p>","protected":false},"featured_media":3940,"template":"","meta":[],"product_brand":[],"product_cat":[30,390,428,31],"product_tag":[753,754,755],"class_list":{"0":"post-3936","1":"product","2":"type-product","3":"status-publish","4":"has-post-thumbnail","6":"product_cat-by-industry","7":"product_cat-custom-cosmetics-boxes","8":"product_cat-irregular-shaped-gift-boxes","9":"product_cat-paper-box-style","10":"product_tag-advent-calendar-packaging-box","11":"product_tag-beauty-advent-calendar-packaging","12":"product_tag-wholesale-advent-calendar-packaging-box","14":"first","15":"instock","16":"shipping-taxable","17":"product-type-grouped"},"_links":{"self":[{"href":"https:\/\/zojopackaging.com\/de\/wp-json\/wp\/v2\/product\/3936","targetHints":{"allow":["GET"]}}],"collection":[{"href":"https:\/\/zojopackaging.com\/de\/wp-json\/wp\/v2\/product"}],"about":[{"href":"https:\/\/zojopackaging.com\/de\/wp-json\/wp\/v2\/types\/product"}],"version-history":[{"count":2,"href":"https:\/\/zojopackaging.com\/de\/wp-json\/wp\/v2\/product\/3936\/revisions"}],"predecessor-version":[{"id":8439,"href":"https:\/\/zojopackaging.com\/de\/wp-json\/wp\/v2\/product\/3936\/revisions\/8439"}],"wp:featuredmedia":[{"embeddable":true,"href":"https:\/\/zojopackaging.com\/de\/wp-json\/wp\/v2\/media\/3940"}],"wp:attachment":[{"href":"https:\/\/zojopackaging.com\/de\/wp-json\/wp\/v2\/media?parent=3936"}],"wp:term":[{"taxonomy":"product_brand","embeddable":true,"href":"https:\/\/zojopackaging.com\/de\/wp-json\/wp\/v2\/product_brand?post=3936"},{"taxonomy":"product_cat","embeddable":true,"href":"https:\/\/zojopackaging.com\/de\/wp-json\/wp\/v2\/product_cat?post=3936"},{"taxonomy":"product_tag","embeddable":true,"href":"https:\/\/zojopackaging.com\/de\/wp-json\/wp\/v2\/product_tag?post=3936"}],"curies":[{"name":"wp","href":"https:\/\/api.w.org\/{rel}","templated":true}]}}