{"id":3963,"date":"2024-03-20T15:42:17","date_gmt":"2024-03-20T07:42:17","guid":{"rendered":"https:\/\/zojopackaging.com\/?post_type=product&#038;p=3963"},"modified":"2025-03-25T15:25:47","modified_gmt":"2025-03-25T07:25:47","slug":"bottle-box-packaging-printing","status":"publish","type":"product","link":"https:\/\/zojopackaging.com\/de\/product\/bottle-box-packaging-printing\/","title":{"rendered":"Benutzerdefinierte Hautpflege \u00e4therisches \u00d6l Set Verpackung Boxen Gro\u00dfhandel"},"content":{"rendered":"<h1>Benutzerdefinierte Hautpflege \u00e4therisches \u00d6l Satz Verpackung Boxen Gro\u00dfhandel<\/h1>\n<p>Das Verpacken und Bedrucken von Flaschenkartons bezieht sich auf den Prozess der Herstellung ma\u00dfgeschneiderter Kartons, die speziell f\u00fcr die Aufnahme und den Schutz von Flaschen verschiedener Formen und Gr\u00f6\u00dfen konzipiert sind.<\/p>\n<p>Bei der Verpackung und dem Bedrucken von Flaschenkartons sind einige wichtige Merkmale zu beachten:<\/p>\n<ul>\n<li>Material: Die Kisten sind in der Regel aus stabilem Material wie Karton, Wellpappe oder Pappe hergestellt, um die Flaschen angemessen zu sch\u00fctzen.<\/li>\n<li>Gestaltung: Das Design des Kartons sollte auf die Form und Gr\u00f6\u00dfe der Flasche zugeschnitten sein, um einen sicheren Sitz zu gew\u00e4hrleisten. Individuelle Eins\u00e4tze oder Trennw\u00e4nde k\u00f6nnen enthalten sein, um Bewegungen und Bruch w\u00e4hrend des Transports zu verhindern.<\/li>\n<li>Druck: Hochwertige Drucktechniken, wie Offsetdruck oder Digitaldruck, k\u00f6nnen verwendet werden, um Markenelemente wie Logos, Produktinformationen und dekorative Designs auf der Schachtel anzubringen.<\/li>\n<li>Veredelungen: Verschiedene Veredelungen wie matte oder gl\u00e4nzende Beschichtungen, Pr\u00e4gungen, Entpr\u00e4gungen und Folienpr\u00e4gungen k\u00f6nnen aufgebracht werden, um die visuelle Attraktivit\u00e4t der Verpackung zu erh\u00f6hen und ein hochwertiges Aussehen zu schaffen.<\/li>\n<li>Personalisierung: Die Verpackung der Flaschen kann in Bezug auf Gr\u00f6\u00dfe, Form, Farbe und Design angepasst werden, um die Identit\u00e4t der Marke widerzuspiegeln und den Kunden ein einzigartiges Erlebnis beim Auspacken zu bieten.<\/li>\n<\/ul>\n<h1><strong>Spezifikation<\/strong><\/h1>\n<table style=\"border-collapse: collapse; width: 759.02pt;\" border=\"0\" width=\"1012\" cellspacing=\"0\" cellpadding=\"0\">\n<tbody>\n<tr style=\"height: 16.50pt;\">\n<td class=\"et3\" style=\"height: 16.50pt; width: 379.50pt;\" width=\"506\" height=\"22\">Abmessungen<\/td>\n<td class=\"et3\" style=\"width: 379.50pt;\" width=\"506\">Alle kundenspezifischen Gr\u00f6\u00dfen und Formen<\/td>\n<\/tr>\n<tr style=\"height: 16.50pt;\">\n<td class=\"et3\" style=\"height: 16.50pt;\" height=\"22\">Min.Menge<\/td>\n<td class=\"et3\">50 Boxen ( Hardproof Muster Option verf\u00fcgbar )<\/td>\n<\/tr>\n<tr style=\"height: 16.50pt;\">\n<td class=\"et3\" style=\"height: 16.50pt;\" height=\"22\">Standardverfahren<\/td>\n<td class=\"et3\">Stanzen, Kleben, Rillen, Perforieren<\/td>\n<\/tr>\n<tr style=\"height: 16.50pt;\">\n<td class=\"et3\" style=\"height: 16.50pt;\" height=\"22\">Drucken<\/td>\n<td class=\"et3\">Cmyk, pms, kein Druck<\/td>\n<\/tr>\n<tr style=\"height: 16.50pt;\">\n<td class=\"et3\" style=\"height: 16.50pt;\" height=\"22\">Option Material<\/td>\n<td class=\"et3\">Wei\u00dfes Kartonpapier, gestrichenes Papier, Kunstdruckpapier, Kraftpapier, Elfenbeinkarton, Duplexkarton, Spezialpapier, usw.<\/td>\n<\/tr>\n<tr style=\"height: 17.25pt;\">\n<td class=\"et3\" style=\"height: 17.25pt;\" height=\"23\">Oberfl\u00e4chenveredelung<\/td>\n<td class=\"et4\" style=\"width: 379.50pt;\" width=\"506\">Matt\/Glanz-Laminierung, Spot-UV-Pr\u00e4gung, Pr\u00e4gung, Folienpr\u00e4gung usw.<\/td>\n<\/tr>\n<tr style=\"height: 17.25pt;\">\n<td class=\"et4\" style=\"height: 17.25pt; width: 379.50pt;\" width=\"506\" height=\"23\">Industrie Verwendung<\/td>\n<td class=\"et4\" style=\"width: 379.50pt;\" width=\"506\">Kosmetika, Parf\u00fcm, Bekleidung, Schmuck, Tabak, Lebensmittel, Geschenkartikel und Waren des t\u00e4glichen Bedarfs,<\/td>\n<\/tr>\n<tr style=\"height: 34.50pt;\">\n<td class=\"et4\" style=\"height: 34.50pt; width: 379.50pt;\" width=\"506\" height=\"46\">Qualit\u00e4tskontrolle<\/td>\n<td class=\"et4\" style=\"width: 379.50pt;\" width=\"506\">Fortschrittliche Ausr\u00fcstung und ein erfahrenes QC-Team \u00fcberpr\u00fcfen Material, Halbfertig- und Fertigprodukte streng in jedem Schritt, bevor<\/td>\n<\/tr>\n<tr style=\"height: 34.50pt;\">\n<td class=\"et4\" style=\"height: 34.50pt; width: 379.50pt;\" width=\"506\" height=\"46\">Preis<\/td>\n<td class=\"et4\" style=\"width: 379.50pt;\" width=\"506\">Der Endpreis wird auf Ihr Produkt und die von Ihnen ben\u00f6tigte Menge zugeschnitten<\/td>\n<\/tr>\n<tr style=\"height: 16.50pt;\">\n<td class=\"et3\" style=\"height: 16.50pt;\" height=\"22\">Bearbeitungszeit<\/td>\n<td class=\"et3\">10-12 Arbeitstage, Eile<\/td>\n<\/tr>\n<tr style=\"height: 16.50pt;\">\n<td class=\"et3\" style=\"height: 16.50pt;\" height=\"22\">Papierbestand<\/td>\n<td class=\"et3\">10pt bis 28pt (60lb bis 400lb) umweltfreundliches Kraftpapier, E-Welle, Buxkarton, Cardstock<\/td>\n<\/tr>\n<tr style=\"height: 16.50pt;\">\n<td class=\"et3\" style=\"height: 16.50pt;\" height=\"22\">Proof<\/td>\n<td class=\"et3\">Flache Ansicht, 3d-Mock-up, physische Bemusterung (auf Anfrage)<\/td>\n<\/tr>\n<\/tbody>\n<\/table>\n<div class=\"widget block block-static-block\">\n<div class=\"landing-page-section option-bottom\">\n<div class=\"custom-materials-tabs-content container container-adjustment\">\n<div class=\"custom-materials-tab-content active\">\n<div class=\"widget block block-static-block\">\n<div class=\"options-items\">\n<div class=\"flex-grid-row-option\">\n<div class=\"flex-grid-item-option\">\n<div class=\"material-box\">\n<div class=\"material-des\">\n<p>&nbsp;<\/p>\n<\/div>\n<p>&nbsp;<\/p>\n<\/div>\n<\/div>\n<\/div>\n<\/div>\n<p><!---end of option item--><\/p>\n<\/div>\n<\/div>\n<\/div>\n<\/div>\n<\/div>","protected":false},"excerpt":{"rendered":"<p>High-End-Gold hei\u00dfen Stempel Folie beschichtet Kunst Papier Kosmetik-Boxen, unbegrenzte Gr\u00f6\u00dfen k\u00f6nnen angepasst werden, wie Sie m\u00f6chten, direkte Lieferung aus China zu Fabrikpreisen, Falten Design spart Versand Raum.<\/p>","protected":false},"featured_media":3969,"template":"","meta":[],"product_brand":[],"product_cat":[30,390,424,31],"product_tag":[617,616,618],"class_list":{"0":"post-3963","1":"product","2":"type-product","3":"status-publish","4":"has-post-thumbnail","6":"product_cat-by-industry","7":"product_cat-custom-cosmetics-boxes","8":"product_cat-magnetic-closure-boxes","9":"product_cat-paper-box-style","10":"product_tag-custom-skin-care-boxes","11":"product_tag-essential-oil-packaging","12":"product_tag-essential-oil-packaging-wholesale","14":"first","15":"instock","16":"shipping-taxable","17":"product-type-grouped"},"_links":{"self":[{"href":"https:\/\/zojopackaging.com\/de\/wp-json\/wp\/v2\/product\/3963","targetHints":{"allow":["GET"]}}],"collection":[{"href":"https:\/\/zojopackaging.com\/de\/wp-json\/wp\/v2\/product"}],"about":[{"href":"https:\/\/zojopackaging.com\/de\/wp-json\/wp\/v2\/types\/product"}],"version-history":[{"count":2,"href":"https:\/\/zojopackaging.com\/de\/wp-json\/wp\/v2\/product\/3963\/revisions"}],"predecessor-version":[{"id":8214,"href":"https:\/\/zojopackaging.com\/de\/wp-json\/wp\/v2\/product\/3963\/revisions\/8214"}],"wp:featuredmedia":[{"embeddable":true,"href":"https:\/\/zojopackaging.com\/de\/wp-json\/wp\/v2\/media\/3969"}],"wp:attachment":[{"href":"https:\/\/zojopackaging.com\/de\/wp-json\/wp\/v2\/media?parent=3963"}],"wp:term":[{"taxonomy":"product_brand","embeddable":true,"href":"https:\/\/zojopackaging.com\/de\/wp-json\/wp\/v2\/product_brand?post=3963"},{"taxonomy":"product_cat","embeddable":true,"href":"https:\/\/zojopackaging.com\/de\/wp-json\/wp\/v2\/product_cat?post=3963"},{"taxonomy":"product_tag","embeddable":true,"href":"https:\/\/zojopackaging.com\/de\/wp-json\/wp\/v2\/product_tag?post=3963"}],"curies":[{"name":"wp","href":"https:\/\/api.w.org\/{rel}","templated":true}]}}