{"id":3977,"date":"2024-03-20T15:57:19","date_gmt":"2024-03-20T07:57:19","guid":{"rendered":"https:\/\/zojopackaging.com\/?post_type=product&#038;p=3977"},"modified":"2025-03-24T19:52:01","modified_gmt":"2025-03-24T11:52:01","slug":"customized-card-box","status":"publish","type":"product","link":"https:\/\/zojopackaging.com\/de\/product\/customized-card-box\/","title":{"rendered":"Personalisierte benutzerdefinierte Gesichtsnebel Spray Verpackung Box Lieferant"},"content":{"rendered":"<h1>Personalisierte benutzerdefinierte Gesichtsnebel Spray Verpackung Box Lieferant<\/h1>\n<p>Eine individuelle Kartenbox ist eine personalisierte Verpackungsl\u00f6sung, die Kartenspiele, Spielkarten, Sammelkarten oder andere Kartenprodukte aufnimmt und sch\u00fctzt.<\/p>\n<p><strong>Die wichtigsten Merkmale einer individuellen Kartenbox:<\/strong><\/p>\n<ul>\n<li>Personalisierung: Die Box kann vollst\u00e4ndig an die individuellen Bed\u00fcrfnisse der Karten und der Marke angepasst werden. Dazu geh\u00f6ren Optionen f\u00fcr Gr\u00f6\u00dfe, Form, Material, Farbe, Druck, Veredelung und Designelemente, um eine einzigartige Verpackungsl\u00f6sung zu schaffen.<\/li>\n<li>Material: Individuell gestaltete Kartenboxen werden in der Regel aus robusten Materialien wie Karton, Pappe oder Spezialkarton hergestellt, um die Haltbarkeit und den Schutz der Karten im Inneren zu gew\u00e4hrleisten.<\/li>\n<li>Gestaltung: Das Design der Box kann auf das Thema, das Branding oder den Stil der Karten zugeschnitten werden. Benutzerdefinierte Grafiken, Logos, Kunstwerke und Text k\u00f6nnen hinzugef\u00fcgt werden, um die visuelle Attraktivit\u00e4t zu erh\u00f6hen und ein einheitliches Aussehen mit den Karten selbst zu schaffen.<\/li>\n<li>Verschluss: Die Schachtel kann einen sicheren Verschlussmechanismus aufweisen, wie z. B. eine Einstecklasche, einen Magnetverschluss oder eine H\u00fclse, um die Karten sicher einzuschlie\u00dfen und sie vor dem Herausfallen zu bewahren.<\/li>\n<li>Einlagen: Kundenspezifische Einlagen oder Trennbl\u00e4tter k\u00f6nnen in die Box eingef\u00fcgt werden, um die Karten zu organisieren und zu trennen und so Besch\u00e4digungen oder Bewegungen w\u00e4hrend der Lagerung oder des Transports zu verhindern.<\/li>\n<li>Veredelungen: Verschiedene Veredelungen wie matte oder gl\u00e4nzende Beschichtungen, Pr\u00e4gung, Entpr\u00e4gung, Spot-UV oder Folienpr\u00e4gung k\u00f6nnen auf die Schachtel aufgebracht werden, um ihr ein hochwertiges Aussehen und eine hochwertige Haptik zu verleihen.<\/li>\n<\/ul>\n<h1><strong>Spezifikation<\/strong><\/h1>\n<table style=\"height: 666px;\" width=\"1070\">\n<tbody>\n<tr>\n<td width=\"373\">Abmessungen<\/td>\n<td width=\"373\">Alle kundenspezifischen Gr\u00f6\u00dfen und Formen<\/td>\n<\/tr>\n<tr>\n<td width=\"373\">MOQ<\/td>\n<td width=\"373\">500St\u00fcck<\/td>\n<\/tr>\n<tr>\n<td width=\"373\">Probezeit<\/td>\n<td width=\"373\">3-5 Tage<\/td>\n<\/tr>\n<tr>\n<td width=\"373\">Standardverfahren<\/td>\n<td width=\"373\">Stanzen, Kleben, Rillen, Perforieren<\/td>\n<\/tr>\n<tr>\n<td width=\"373\">Drucken<\/td>\n<td width=\"373\">Cmyk, pms, kein Druck<\/td>\n<\/tr>\n<tr>\n<td width=\"373\">Option Material<\/td>\n<td width=\"373\">Wei\u00dfes Kartonpapier, gestrichenes Papier, Kunstdruckpapier, Kraftpapier, Elfenbeinkarton, Duplexkarton, Spezialpapier, usw.<\/td>\n<\/tr>\n<tr>\n<td width=\"373\">Oberfl\u00e4chenveredelung<\/td>\n<td width=\"373\">Matt\/Glanz-Laminierung, Spot-UV-Pr\u00e4gung, Pr\u00e4gung, Folienpr\u00e4gung usw.<\/td>\n<\/tr>\n<tr>\n<td width=\"373\">Industrie Verwendung<\/td>\n<td width=\"373\">Kosmetika, Parf\u00fcm, Bekleidung, Schmuck, Tabak, Lebensmittel, Geschenkartikel und Waren des t\u00e4glichen Bedarfs,<\/td>\n<\/tr>\n<tr>\n<td width=\"373\">Qualit\u00e4tskontrolle<\/td>\n<td width=\"373\">Fortschrittliche Ausr\u00fcstung und ein erfahrenes QC-Team \u00fcberpr\u00fcfen Material, Halbfertig- und Fertigprodukte streng in jedem Schritt, bevor<\/td>\n<\/tr>\n<tr>\n<td width=\"373\">Preis<\/td>\n<td width=\"373\">Der Endpreis wird auf Ihr Produkt und die von Ihnen ben\u00f6tigte Menge zugeschnitten<\/td>\n<\/tr>\n<tr>\n<td width=\"373\">Bearbeitungszeit<\/td>\n<td width=\"373\">7-14 Werktage, Eile<\/td>\n<\/tr>\n<tr>\n<td width=\"373\">Papierbestand<\/td>\n<td width=\"373\">10pt bis 28pt (60lb bis 400lb) umweltfreundliches Kraftpapier, E-Welle, Buxkarton, Cardstock<\/td>\n<\/tr>\n<tr>\n<td width=\"373\">Format der Druckvorlage<\/td>\n<td width=\"373\">JPG, PDF, AI, CDR, EPS, GIF....<\/td>\n<\/tr>\n<tr>\n<td width=\"373\">Zubeh\u00f6r<\/td>\n<td width=\"373\">Magnet, Farbband, EVA-Form, Kunststoffschale, Schwamm, PVC\/PET\/PP-Fenster,...<\/td>\n<\/tr>\n<tr>\n<td width=\"373\">Zahlungsfrist<\/td>\n<td width=\"373\">T\/T, Western Union, Paypal, 30% Anzahlung und 70% Restbetrag vor Versand.<\/td>\n<\/tr>\n<\/tbody>\n<\/table>\n<div class=\"widget block block-static-block\">\n<div class=\"landing-page-section option-bottom\">\n<div class=\"custom-materials-tabs-content container container-adjustment\">\n<div class=\"custom-materials-tab-content active\">\n<div class=\"widget block block-static-block\">\n<div class=\"options-items\">\n<div class=\"flex-grid-row-option\">\n<div class=\"flex-grid-item-option\">\n<div class=\"material-box\">\n<p>&nbsp;<\/p>\n<\/div>\n<\/div>\n<\/div>\n<\/div>\n<p><!---end of option item--><\/p>\n<\/div>\n<\/div>\n<\/div>\n<\/div>\n<\/div>","protected":false},"excerpt":{"rendered":"<ul>\n<li>MOQ: 500 St\u00fcck<\/li>\n<li>Lieferzeit:7-14 Arbeitstage, Eilauftrag<\/li>\n<li>Ma\u00dfgeschneidert in den Abmessungen (Durchmesser x H\u00f6he)<\/li>\n<li>Kundenspezifischer Druck<\/li>\n<li>Umweltfreundlich, recycelbar und plastikfrei<\/li>\n<li>Preis\uff1aDer Endpreis wird auf Ihr Produkt und die von Ihnen ben\u00f6tigte Menge zugeschnitten<\/li>\n<\/ul>","protected":false},"featured_media":3982,"template":"","meta":[],"product_brand":[],"product_cat":[30,390,430],"product_tag":[120,243,230],"class_list":{"0":"post-3977","1":"product","2":"type-product","3":"status-publish","4":"has-post-thumbnail","6":"product_cat-by-industry","7":"product_cat-custom-cosmetics-boxes","8":"product_cat-folding-cartons","9":"product_tag-customized-card-box","10":"product_tag-paper-box-manufacturer","11":"product_tag-wholesale-packaging-box","13":"first","14":"instock","15":"shipping-taxable","16":"product-type-grouped"},"_links":{"self":[{"href":"https:\/\/zojopackaging.com\/de\/wp-json\/wp\/v2\/product\/3977","targetHints":{"allow":["GET"]}}],"collection":[{"href":"https:\/\/zojopackaging.com\/de\/wp-json\/wp\/v2\/product"}],"about":[{"href":"https:\/\/zojopackaging.com\/de\/wp-json\/wp\/v2\/types\/product"}],"version-history":[{"count":1,"href":"https:\/\/zojopackaging.com\/de\/wp-json\/wp\/v2\/product\/3977\/revisions"}],"predecessor-version":[{"id":8122,"href":"https:\/\/zojopackaging.com\/de\/wp-json\/wp\/v2\/product\/3977\/revisions\/8122"}],"wp:featuredmedia":[{"embeddable":true,"href":"https:\/\/zojopackaging.com\/de\/wp-json\/wp\/v2\/media\/3982"}],"wp:attachment":[{"href":"https:\/\/zojopackaging.com\/de\/wp-json\/wp\/v2\/media?parent=3977"}],"wp:term":[{"taxonomy":"product_brand","embeddable":true,"href":"https:\/\/zojopackaging.com\/de\/wp-json\/wp\/v2\/product_brand?post=3977"},{"taxonomy":"product_cat","embeddable":true,"href":"https:\/\/zojopackaging.com\/de\/wp-json\/wp\/v2\/product_cat?post=3977"},{"taxonomy":"product_tag","embeddable":true,"href":"https:\/\/zojopackaging.com\/de\/wp-json\/wp\/v2\/product_tag?post=3977"}],"curies":[{"name":"wp","href":"https:\/\/api.w.org\/{rel}","templated":true}]}}