{"id":4061,"date":"2024-03-21T08:56:25","date_gmt":"2024-03-21T00:56:25","guid":{"rendered":"https:\/\/zojopackaging.com\/?post_type=product&#038;p=4061"},"modified":"2025-03-27T20:12:41","modified_gmt":"2025-03-27T12:12:41","slug":"watch-strap-drawer-packaging-boxes","status":"publish","type":"product","link":"https:\/\/zojopackaging.com\/de\/product\/watch-strap-drawer-packaging-boxes\/","title":{"rendered":"Gro\u00dfhandel benutzerdefinierte Watch Strap Schublade Papierverpackungen Boxen"},"content":{"rendered":"<h1>Gro\u00dfhandel benutzerdefinierte Watch Strap Schublade Papierverpackungen Boxen<\/h1>\n<p>Der Gro\u00dfhandel benutzerdefinierte Uhrenarmband Schublade Papierverpackungen Boxen sind entworfen, um eine schlanke und elegante Verpackungsl\u00f6sung f\u00fcr Uhrenarmb\u00e4nder bieten. Diese Boxen verf\u00fcgen \u00fcber ein einzigartiges Schubladendesign, das einen einfachen Zugriff auf das Uhrenarmband im Inneren erm\u00f6glicht. Die Verpackung ist aus hochwertigen Materialien hergestellt, um Haltbarkeit und Schutz f\u00fcr das Uhrenarmband w\u00e4hrend der Lagerung und des Transports zu gew\u00e4hrleisten.<\/p>\n<p>Das \u00c4u\u00dfere der Verpackungsbox kann mit Branding, Logos und anderen Designs individuell gestaltet werden, um eine einzigartige und auff\u00e4llige Pr\u00e4sentation zu schaffen. Das Innere der Box ist mit weichen Materialien ausgekleidet, um Kratzer und Sch\u00e4den am Armband zu vermeiden.<\/p>\n<p>Insgesamt sind Gro\u00dfhandelsverpackungen f\u00fcr Uhrenarmb\u00e4nder eine stilvolle und praktische Art, Uhrenarmb\u00e4nder aufzubewahren und zu pr\u00e4sentieren, was sie zu einer idealen Wahl f\u00fcr Einzelh\u00e4ndler, Hersteller und Uhrenliebhaber macht.<\/p>\n<h1><strong>Spezifikation<\/strong><\/h1>\n<table style=\"height: 666px;\" width=\"1070\">\n<tbody>\n<tr>\n<td width=\"373\">Abmessungen<\/td>\n<td width=\"373\">Alle kundenspezifischen Gr\u00f6\u00dfen und Formen<\/td>\n<\/tr>\n<tr>\n<td width=\"373\">MOQ<\/td>\n<td width=\"373\">500St\u00fcck<\/td>\n<\/tr>\n<tr>\n<td width=\"373\">Probezeit<\/td>\n<td width=\"373\">3-5 Tage<\/td>\n<\/tr>\n<tr>\n<td width=\"373\">Standardverfahren<\/td>\n<td width=\"373\">Stanzen, Kleben, Rillen, Perforieren<\/td>\n<\/tr>\n<tr>\n<td width=\"373\">Drucken<\/td>\n<td width=\"373\">Cmyk, pms, kein Druck<\/td>\n<\/tr>\n<tr>\n<td width=\"373\">Option Material<\/td>\n<td width=\"373\">Wei\u00dfes Kartonpapier, gestrichenes Papier, Kunstdruckpapier, Kraftpapier, Elfenbeinkarton, Duplexkarton, Spezialpapier, usw.<\/td>\n<\/tr>\n<tr>\n<td width=\"373\">Oberfl\u00e4chenveredelung<\/td>\n<td width=\"373\">Matt\/Glanz-Laminierung, Spot-UV-Pr\u00e4gung, Pr\u00e4gung, Folienpr\u00e4gung usw.<\/td>\n<\/tr>\n<tr>\n<td width=\"373\">Industrie Verwendung<\/td>\n<td width=\"373\">Kosmetika, Parf\u00fcm, Bekleidung, Schmuck, Tabak, Lebensmittel, Geschenkartikel und Waren des t\u00e4glichen Bedarfs,<\/td>\n<\/tr>\n<tr>\n<td width=\"373\">Qualit\u00e4tskontrolle<\/td>\n<td width=\"373\">Fortschrittliche Ausr\u00fcstung und ein erfahrenes QC-Team \u00fcberpr\u00fcfen Material, Halbfertig- und Fertigprodukte streng in jedem Schritt, bevor<\/td>\n<\/tr>\n<tr>\n<td width=\"373\">Preis<\/td>\n<td width=\"373\">Der Endpreis wird auf Ihr Produkt und die von Ihnen ben\u00f6tigte Menge zugeschnitten<\/td>\n<\/tr>\n<tr>\n<td width=\"373\">Bearbeitungszeit<\/td>\n<td width=\"373\">7-14 Werktage, Eile<\/td>\n<\/tr>\n<tr>\n<td width=\"373\">Papierbestand<\/td>\n<td width=\"373\">10pt bis 28pt (60lb bis 400lb) umweltfreundliches Kraftpapier, E-Welle, Buxkarton, Cardstock<\/td>\n<\/tr>\n<tr>\n<td width=\"373\">Format der Druckvorlage<\/td>\n<td width=\"373\">JPG, PDF, AI, CDR, EPS, GIF....<\/td>\n<\/tr>\n<tr>\n<td width=\"373\">Zubeh\u00f6r<\/td>\n<td width=\"373\">Magnet, Farbband, EVA-Form, Kunststoffschale, Schwamm, PVC\/PET\/PP-Fenster,...<\/td>\n<\/tr>\n<tr>\n<td width=\"373\">Zahlungsfrist<\/td>\n<td width=\"373\">T\/T, Western Union, Paypal, 30% Anzahlung und 70% Restbetrag vor Versand.<\/td>\n<\/tr>\n<\/tbody>\n<\/table>\n<div class=\"widget block block-static-block\">\n<div class=\"landing-page-section option-bottom\">\n<div class=\"custom-materials-tabs-content container container-adjustment\">\n<div class=\"custom-materials-tab-content active\">\n<div class=\"widget block block-static-block\">\n<div class=\"options-items\">\n<div class=\"flex-grid-row-option\">\n<div class=\"flex-grid-item-option\">\n<div class=\"material-box\">\n<p>&nbsp;<\/p>\n<\/div>\n<\/div>\n<\/div>\n<\/div>\n<p><!---end of option item--><\/p>\n<\/div>\n<\/div>\n<\/div>\n<\/div>\n<\/div>","protected":false},"excerpt":{"rendered":"<p>1. Die Schublade Box Design ist einfach f\u00fcr Benutzer zu \u00f6ffnen und zu schlie\u00dfen, die Betriebszeit zu reduzieren und die unboxing Erfahrung erh\u00f6hen k\u00f6nnen<br \/>\n2. Verschiedene Gr\u00f6\u00dfen k\u00f6nnen nach Ihren Produkten angepasst werden, geeignet f\u00fcr die Verpackung von verschiedenen High-End-Uhrenarmb\u00e4nder<br \/>\n3. EVA-Futter kann Puffer und widerstehen Schock w\u00e4hrend des Transports, sch\u00fctzt Ihr Uhrenarmband vor Sch\u00e4den<\/p>","protected":false},"featured_media":4063,"template":"","meta":[],"product_brand":[],"product_cat":[30,413,31,426],"product_tag":[706,707,705],"class_list":{"0":"post-4061","1":"product","2":"type-product","3":"status-publish","4":"has-post-thumbnail","6":"product_cat-by-industry","7":"product_cat-consumer-electronics-boxes","8":"product_cat-paper-box-style","9":"product_cat-paper-drawer-boxes","10":"product_tag-strap-drawer-boxes","11":"product_tag-strap-drawer-packaging-wholesale","12":"product_tag-watch-strap-packaging","14":"first","15":"instock","16":"shipping-taxable","17":"product-type-grouped"},"_links":{"self":[{"href":"https:\/\/zojopackaging.com\/de\/wp-json\/wp\/v2\/product\/4061","targetHints":{"allow":["GET"]}}],"collection":[{"href":"https:\/\/zojopackaging.com\/de\/wp-json\/wp\/v2\/product"}],"about":[{"href":"https:\/\/zojopackaging.com\/de\/wp-json\/wp\/v2\/types\/product"}],"version-history":[{"count":2,"href":"https:\/\/zojopackaging.com\/de\/wp-json\/wp\/v2\/product\/4061\/revisions"}],"predecessor-version":[{"id":8420,"href":"https:\/\/zojopackaging.com\/de\/wp-json\/wp\/v2\/product\/4061\/revisions\/8420"}],"wp:featuredmedia":[{"embeddable":true,"href":"https:\/\/zojopackaging.com\/de\/wp-json\/wp\/v2\/media\/4063"}],"wp:attachment":[{"href":"https:\/\/zojopackaging.com\/de\/wp-json\/wp\/v2\/media?parent=4061"}],"wp:term":[{"taxonomy":"product_brand","embeddable":true,"href":"https:\/\/zojopackaging.com\/de\/wp-json\/wp\/v2\/product_brand?post=4061"},{"taxonomy":"product_cat","embeddable":true,"href":"https:\/\/zojopackaging.com\/de\/wp-json\/wp\/v2\/product_cat?post=4061"},{"taxonomy":"product_tag","embeddable":true,"href":"https:\/\/zojopackaging.com\/de\/wp-json\/wp\/v2\/product_tag?post=4061"}],"curies":[{"name":"wp","href":"https:\/\/api.w.org\/{rel}","templated":true}]}}