{"id":4069,"date":"2024-03-21T09:02:33","date_gmt":"2024-03-21T01:02:33","guid":{"rendered":"https:\/\/zojopackaging.com\/?post_type=product&#038;p=4069"},"modified":"2025-03-28T15:46:03","modified_gmt":"2025-03-28T07:46:03","slug":"custom-drawer-packaging-boxes","status":"publish","type":"product","link":"https:\/\/zojopackaging.com\/de\/product\/custom-drawer-packaging-boxes\/","title":{"rendered":"Elegante benutzerdefinierte Schmuck Schublade Stil Papier Rigid Box"},"content":{"rendered":"<h1>Warum Elegant Custom Jewelry Drawer Style Paper Rigid Box w\u00e4hlen<\/h1>\n<section class=\"elementor-section elementor-top-section elementor-element elementor-element-0b2b1e4 elementor-section-boxed elementor-section-height-default elementor-section-height-default\" data-id=\"0b2b1e4\" data-element_type=\"section\" data-settings=\"{&quot;jet_parallax_layout_list&quot;:[]}\">\n<div class=\"elementor-container elementor-column-gap-default\">\n<div class=\"elementor-column elementor-col-100 elementor-top-column elementor-element elementor-element-9115fa3\" data-id=\"9115fa3\" data-element_type=\"column\">\n<div class=\"elementor-widget-wrap elementor-element-populated\">\n<div class=\"elementor-element elementor-element-83a6946 elementor-widget elementor-widget-woocommerce-archive-description\" data-id=\"83a6946\" data-element_type=\"widget\" data-widget_type=\"woocommerce-archive-description.default\">\n<div class=\"elementor-widget-container\">\n<div class=\"term-description\">\n<p dir=\"ltr\"><strong>Ma\u00dfgeschneiderte Schubladen-Papierschachteln<\/strong>\u00a0sind elegante Verpackungen, die f\u00fcr die Aufbewahrung und Pr\u00e4sentation kleiner Produkte konzipiert sind. Sie k\u00f6nnen die H\u00fclle und das Innere individuell gestalten: der Effekt ist garantiert<\/p>\n<p dir=\"ltr\"><strong>Papierschachteln f\u00fcr Schubladen<\/strong>\u00a0sind eine der praktischsten und elegantesten L\u00f6sungen, um Ihre Produkte auf einfache Art und Weise zu verpacken. Das Verschlusssystem zwischen der Oberfl\u00e4chenh\u00fclle und dem Beh\u00e4lterfach erm\u00f6glicht es Ihnen, jedes Objekt zu sch\u00fctzen und den Innenraum optimal zu organisieren.<\/p>\n<h2>Sch\u00f6n komponierte Verpackungen erhalten<\/h2>\n<p dir=\"ltr\">Die ma\u00dfgefertigten Schubladenboxen in loser Sch\u00fcttung sind f\u00fcr jeden Produktbereich geeignet, von Kleidung bis zu Kosmetika, von Geb\u00e4ck bis zu Lik\u00f6ren. Der interessanteste Aspekt der\u00a0<strong>Schubladenboxen<\/strong>\u00a0ist, dass die Innenr\u00e4ume so organisiert werden k\u00f6nnen, dass sie mehr als ein Produkt enthalten, je nach Personen\u00a0<a href=\"https:\/\/zojopackaging.com\/de\/how-to-choose-the-suitable-drawer-boxes\/\"><strong>Bedarf an ma\u00dfgeschneiderten Schubladenverpackungen<\/strong><\/a>.<\/p>\n<p dir=\"ltr\">\u00a0Auf diese Weise k\u00f6nnen Sie eine Ad-hoc-Zusammenstellung erstellen, was besonders bei Mehrproduktverpackungen und Geschenkverpackungen n\u00fctzlich ist.<\/p>\n<h2>Finden Sie Mehrzweck-Schubladen-Papierboxen mit Ihrem Logo<\/h2>\n<p dir=\"ltr\"><a href=\"https:\/\/zojopackaging.com\/de\/produkt-kategorie\/custom-drawer-boxes\/\"><strong>Schubladenboxen mit Ihrem Logo\u00a0<\/strong><\/a>eignen sich auch sehr gut f\u00fcr Verpackungen in Gesch\u00e4ften, da sie eine vollst\u00e4ndige individuelle Gestaltung der Elemente erm\u00f6glichen.<\/p>\n<h2>Schubladenboxen f\u00fcr Lebensmittel<\/h2>\n<p dir=\"ltr\">Wenn Sie Ihre Lebensmittel individuell verpacken m\u00f6chten, sind Schubladenboxen eine sch\u00f6ne, aber auch funktionelle L\u00f6sung. Ihr pers\u00f6nliches\u00a0<a href=\"https:\/\/zojopackaging.com\/de\/produkt-kategorie\/custom-food-packaging-boxes\/\" target=\"_blank\" rel=\"noopener\"><strong>Lebensmittelverpackung<\/strong><\/a>\u00a0wird also nach Menge und Gr\u00f6\u00dfe der enthaltenen Produkte strukturiert, um eine perfekte Konservierung auch w\u00e4hrend des Transports zu gew\u00e4hrleisten.<\/p>\n<h2>Wir haben das beste Team der Stadt<\/h2>\n<p dir=\"ltr\">Dar\u00fcber hinaus helfen Ihnen unsere Techniker bei der Auswahl der am besten geeigneten Materialien und begleiten Sie Schritt f\u00fcr Schritt bei der Entscheidung, bis hin zur Realisierung der\u00a0<strong>Ma\u00dfgeschneiderte Schubladenboxen<\/strong>\u00a0mit Logo.<\/p>\n<\/div>\n<\/div>\n<\/div>\n<\/div>\n<\/div>\n<\/div>\n<\/section>\n<section class=\"elementor-section elementor-top-section elementor-element elementor-element-e5900b1 elementor-section-boxed elementor-section-height-default elementor-section-height-default\" data-id=\"e5900b1\" data-element_type=\"section\" data-settings=\"{&quot;jet_parallax_layout_list&quot;:[],&quot;background_background&quot;:&quot;classic&quot;}\">\n<div class=\"elementor-container elementor-column-gap-default\">\n<div class=\"elementor-column elementor-col-50 elementor-top-column elementor-element elementor-element-3a8f138\" data-id=\"3a8f138\" data-element_type=\"column\">\n<div class=\"elementor-widget-wrap elementor-element-populated\">\n<div class=\"elementor-element elementor-element-6ff5e36 elementor-widget elementor-widget-text-editor\" data-id=\"6ff5e36\" data-element_type=\"widget\" data-widget_type=\"text-editor.default\">\n<div class=\"elementor-widget-container\">\n<h2>Unsere Boxen, auf Ma\u00df gefertigt<\/h2>\n<p dir=\"ltr\">W\u00e4hlen Sie\u00a0<strong>Silver Edge Verpackung<\/strong>\u00a0bedeutet, dass Sie einzigartige, speziell f\u00fcr Ihr Projekt angefertigte Kartons w\u00e4hlen. Haben Sie eine Idee oder ein Produkt zu verpacken? Unser Team ber\u00e4t Sie bei der Suche nach der besten L\u00f6sung. Denn Ihre Schachtel muss nicht nur sch\u00f6n, sondern auch funktionell sein. Kurz gesagt: perfekt.<\/p>\n<p dir=\"ltr\">W\u00e4hlen Sie, was Sie brauchen ... wir k\u00fcmmern uns um den Rest<\/p>\n<h2>Ma\u00dfgeschneiderte Boxen von h\u00f6chster Qualit\u00e4t<\/h2>\n<p dir=\"ltr\">Unsere Techniker werden Ihre besten Mitarbeiter bei diesem Projekt sein. Lassen Sie uns wissen, was Sie suchen und teilen Sie uns alle Details mit,<\/p>\n<\/div>\n<\/div>\n<\/div>\n<\/div>\n<\/div>\n<\/section>\n<section class=\"elementor-section elementor-top-section elementor-element elementor-element-c05b718 elementor-section-boxed elementor-section-height-default elementor-section-height-default\" data-id=\"c05b718\" data-element_type=\"section\" data-settings=\"{&quot;jet_parallax_layout_list&quot;:[],&quot;background_background&quot;:&quot;classic&quot;}\">\n<div class=\"elementor-container elementor-column-gap-default\">\n<div class=\"elementor-column elementor-col-100 elementor-top-column elementor-element elementor-element-b3066e2\" data-id=\"b3066e2\" data-element_type=\"column\">\n<div class=\"elementor-widget-wrap elementor-element-populated\">\n<div class=\"elementor-element elementor-element-b1547b8 elementor-widget elementor-widget-text-editor\" data-id=\"b1547b8\" data-element_type=\"widget\" data-widget_type=\"text-editor.default\">\n<div class=\"elementor-widget-container\">\n<p>wir werden Sie zu der f\u00fcr Sie besten L\u00f6sung f\u00fchren. Vom Projekt bis zur Realisierung wird es eine perfekte Teamleistung sein!<\/p>\n<h2>Bereit auf Lager<\/h2>\n<p dir=\"ltr\">Wenn Sie auf der Suche nach Standard\u00a0<strong>Benutzerdefinierte Schubladenboxen Gro\u00dfhandel<\/strong>\u00a0mit Logo in gro\u00dfen Mengen, schauen Sie sich die L\u00f6sungen an, die bereits auf Lager sind! Sie erhalten sie in k\u00fcrzerer Zeit; sie warten nur auf Ihre Bestellung.<\/p>\n<h2>Modernste Technologien f\u00fcr Ihre Custom Drawer Boxes Wholesale<\/h2>\n<p dir=\"ltr\">Jede Schachtel beginnt hier nach dem technischen Entwurf und dem Druck mit der Herstellung eines Stanzwerkzeugs, mit dem Sie Ihre Bestellung jederzeit neu gestalten k\u00f6nnen. Keine Fehler, in v\u00f6lliger Sicherheit.<\/p>\n<p dir=\"ltr\">Anschlie\u00dfend gehen wir zur Produktion \u00fcber und schneiden den Karton auf speziellen Maschinen zu, die es uns erm\u00f6glichen, individuelle Fenster und Designs zu gestalten.<\/p>\n<h2><b>Bestellen Sie anpassbare Schubladenverpackungen zum Gro\u00dfhandelspreis von Silver Edge Packaging<\/b><\/h2>\n<p>Wenn Sie auf der Suche nach ma\u00dfgeschneiderten Schubladenboxen f\u00fcr Ihre Marke sind, m\u00fcssen Sie die <strong><a href=\"https:\/\/zojopackaging.com\/de\/\">Zojoprint Verpackung<\/a><\/strong>\u00a0Website, um Ihre Bestellung entsprechend Ihren spezifischen Anforderungen aufzugeben. Wir bieten Verpackungsl\u00f6sungen f\u00fcr den Gro\u00dfhandel mit kostenlosem Versand an. Daher k\u00f6nnen Sie die Schubladen-Verpackungsboxen heute einfach in gro\u00dfen Mengen bestellen, um Ihren Umsatz zu steigern. Wir werden die Verpackungsboxen so schnell wie m\u00f6glich an Ihre Haust\u00fcr liefern.<\/p>\n<\/div>\n<\/div>\n<\/div>\n<\/div>\n<\/div>\n<\/section>\n<h1><strong>Spezifikation<\/strong><\/h1>\n<table style=\"height: 666px;\" width=\"1070\">\n<tbody>\n<tr>\n<td width=\"373\">Abmessungen<\/td>\n<td width=\"373\">Alle kundenspezifischen Gr\u00f6\u00dfen und Formen<\/td>\n<\/tr>\n<tr>\n<td width=\"373\">MOQ<\/td>\n<td width=\"373\">500St\u00fcck<\/td>\n<\/tr>\n<tr>\n<td width=\"373\">Probezeit<\/td>\n<td width=\"373\">3-5 Tage<\/td>\n<\/tr>\n<tr>\n<td width=\"373\">Standardverfahren<\/td>\n<td width=\"373\">Stanzen, Kleben, Rillen, Perforieren<\/td>\n<\/tr>\n<tr>\n<td width=\"373\">Drucken<\/td>\n<td width=\"373\">Cmyk, pms, kein Druck<\/td>\n<\/tr>\n<tr>\n<td width=\"373\">Option Material<\/td>\n<td width=\"373\">Wei\u00dfes Kartonpapier, gestrichenes Papier, Kunstdruckpapier, Kraftpapier, Elfenbeinkarton, Duplexkarton, Spezialpapier, usw.<\/td>\n<\/tr>\n<tr>\n<td width=\"373\">Oberfl\u00e4chenveredelung<\/td>\n<td width=\"373\">Matt\/Glanz-Laminierung, Spot-UV-Pr\u00e4gung, Pr\u00e4gung, Folienpr\u00e4gung usw.<\/td>\n<\/tr>\n<tr>\n<td width=\"373\">Industrie Verwendung<\/td>\n<td width=\"373\">Kosmetika, Parf\u00fcm, Bekleidung, Schmuck, Tabak, Lebensmittel, Geschenkartikel und Waren des t\u00e4glichen Bedarfs,<\/td>\n<\/tr>\n<tr>\n<td width=\"373\">Qualit\u00e4tskontrolle<\/td>\n<td width=\"373\">Fortschrittliche Ausr\u00fcstung und ein erfahrenes QC-Team \u00fcberpr\u00fcfen Material, Halbfertig- und Fertigprodukte streng in jedem Schritt, bevor<\/td>\n<\/tr>\n<tr>\n<td width=\"373\">Preis<\/td>\n<td width=\"373\">Der Endpreis wird auf Ihr Produkt und die von Ihnen ben\u00f6tigte Menge zugeschnitten<\/td>\n<\/tr>\n<tr>\n<td width=\"373\">Bearbeitungszeit<\/td>\n<td width=\"373\">7-14 Werktage, Eile<\/td>\n<\/tr>\n<tr>\n<td width=\"373\">Papierbestand<\/td>\n<td width=\"373\">10pt bis 28pt (60lb bis 400lb) umweltfreundliches Kraftpapier, E-Welle, Buxkarton, Cardstock<\/td>\n<\/tr>\n<tr>\n<td width=\"373\">Format der Druckvorlage<\/td>\n<td width=\"373\">JPG, PDF, AI, CDR, EPS, GIF....<\/td>\n<\/tr>\n<tr>\n<td width=\"373\">Zubeh\u00f6r<\/td>\n<td width=\"373\">Magnet, Farbband, EVA-Form, Kunststoffschale, Schwamm, PVC\/PET\/PP-Fenster,...<\/td>\n<\/tr>\n<tr>\n<td width=\"373\">Zahlungsfrist<\/td>\n<td width=\"373\">T\/T, Western Union, Paypal, 30% Anzahlung und 70% Restbetrag vor Versand.<\/td>\n<\/tr>\n<\/tbody>\n<\/table>\n<div class=\"widget block block-static-block\">\n<div class=\"landing-page-section option-bottom\">\n<div class=\"custom-materials-tabs-content container container-adjustment\">\n<div class=\"custom-materials-tab-content active\">\n<div class=\"widget block block-static-block\">\n<div class=\"options-items\">\n<div class=\"flex-grid-row-option\">\n<div class=\"flex-grid-item-option\">\n<div class=\"material-box\">\n<p>&nbsp;<\/p>\n<\/div>\n<\/div>\n<\/div>\n<\/div>\n<p><!---end of option item--><\/p>\n<\/div>\n<\/div>\n<\/div>\n<\/div>\n<\/div>","protected":false},"excerpt":{"rendered":"<p>1. Die Schublade Papier Box Design und Schiebe\u00f6ffnung machen es einfach f\u00fcr Benutzer zu \u00f6ffnen und zu schlie\u00dfen, die Verbesserung der unboxing Erfahrung<br \/>\n2. Zubeh\u00f6r wie B\u00e4nder verbessern die Sch\u00f6nheit und den visuellen Reiz und erh\u00f6hen den Wiedererkennungswert der Marke<br \/>\n3. Die Macaron-Farbgebung reduziert die visuelle Erm\u00fcdung und schafft eine entspannende und heilende Atmosph\u00e4re<\/p>","protected":false},"featured_media":4073,"template":"","meta":[],"product_brand":[],"product_cat":[30,415,31,426],"product_tag":[814,812,813],"class_list":{"0":"post-4069","1":"product","2":"type-product","3":"status-publish","4":"has-post-thumbnail","6":"product_cat-by-industry","7":"product_cat-custom-jewelry-boxes-by-industry","8":"product_cat-paper-box-style","9":"product_cat-paper-drawer-boxes","10":"product_tag-custom-jewelry-box","11":"product_tag-custom-jewelry-rigid-box","12":"product_tag-jewelry-drawer-box","14":"first","15":"instock","16":"shipping-taxable","17":"product-type-grouped"},"_links":{"self":[{"href":"https:\/\/zojopackaging.com\/de\/wp-json\/wp\/v2\/product\/4069","targetHints":{"allow":["GET"]}}],"collection":[{"href":"https:\/\/zojopackaging.com\/de\/wp-json\/wp\/v2\/product"}],"about":[{"href":"https:\/\/zojopackaging.com\/de\/wp-json\/wp\/v2\/types\/product"}],"version-history":[{"count":2,"href":"https:\/\/zojopackaging.com\/de\/wp-json\/wp\/v2\/product\/4069\/revisions"}],"predecessor-version":[{"id":8466,"href":"https:\/\/zojopackaging.com\/de\/wp-json\/wp\/v2\/product\/4069\/revisions\/8466"}],"wp:featuredmedia":[{"embeddable":true,"href":"https:\/\/zojopackaging.com\/de\/wp-json\/wp\/v2\/media\/4073"}],"wp:attachment":[{"href":"https:\/\/zojopackaging.com\/de\/wp-json\/wp\/v2\/media?parent=4069"}],"wp:term":[{"taxonomy":"product_brand","embeddable":true,"href":"https:\/\/zojopackaging.com\/de\/wp-json\/wp\/v2\/product_brand?post=4069"},{"taxonomy":"product_cat","embeddable":true,"href":"https:\/\/zojopackaging.com\/de\/wp-json\/wp\/v2\/product_cat?post=4069"},{"taxonomy":"product_tag","embeddable":true,"href":"https:\/\/zojopackaging.com\/de\/wp-json\/wp\/v2\/product_tag?post=4069"}],"curies":[{"name":"wp","href":"https:\/\/api.w.org\/{rel}","templated":true}]}}