{"id":4100,"date":"2024-03-21T09:47:45","date_gmt":"2024-03-21T01:47:45","guid":{"rendered":"https:\/\/zojopackaging.com\/?post_type=product&#038;p=4100"},"modified":"2025-03-28T09:45:06","modified_gmt":"2025-03-28T01:45:06","slug":"custom-slide-out-drawer-packaging-box","status":"publish","type":"product","link":"https:\/\/zojopackaging.com\/de\/product\/custom-slide-out-drawer-packaging-box\/","title":{"rendered":"Luxuri\u00f6se benutzerdefinierte Brieftasche Verpackung Geschenk-Boxen Gro\u00dfhandel"},"content":{"rendered":"<h1>Luxuri\u00f6se benutzerdefinierte Brieftasche Verpackung Geschenk-Boxen Gro\u00dfhandel<\/h1>\n<p>Die luxuri\u00f6se kundenspezifische Brieftasche Verpackung Geschenk-Boxen Gro\u00dfhandel ist eine anspruchsvolle und vielseitige Verpackungsl\u00f6sung, die eine einzigartige unboxing Erfahrung bietet.<\/p>\n<p>Die Anpassungsm\u00f6glichkeiten f\u00fcr luxuri\u00f6se, individuell gestaltete Geschenkboxen im Gro\u00dfhandel sind umfangreich und erm\u00f6glichen es Unternehmen, eine ma\u00dfgeschneiderte Verpackungsl\u00f6sung zu erstellen, die mit ihrer Markenidentit\u00e4t und ihren Produktspezifikationen \u00fcbereinstimmt. Von der Auswahl der Abmessungen und Materialien bis hin zur Auswahl der Farbe, des Finishs und der Druckoptionen kann jeder Aspekt der Box angepasst werden, um ein einzigartiges Design zu schaffen.<\/p>\n<p>Markenelemente wie Logos, Grafiken und Text k\u00f6nnen auf der Au\u00dfenh\u00fclle oder der Schublade selbst prominent platziert werden, um die Markenwiedererkennung zu erh\u00f6hen und den Kunden ein unvergessliches Unboxing-Erlebnis zu bieten. Auch das Innere der Box kann mit Einlagen, Trennw\u00e4nden oder Polstern individuell gestaltet werden, um die Produkte sicher an ihrem Platz zu halten und der Pr\u00e4sentation einen hochwertigen Touch zu verleihen.<\/p>\n<p>Die Verpackungsbox mit ausziehbarer Schublade ist nicht nur optisch ansprechend, sondern auch funktional und bietet eine bequeme und stilvolle M\u00f6glichkeit, Produkte zu pr\u00e4sentieren. Ob f\u00fcr Einzelhandelsartikel, Geschenke oder Werbematerialien, diese Verpackungsl\u00f6sung hinterl\u00e4sst mit Sicherheit einen bleibenden Eindruck beim Kunden und steigert den Gesamtwert der darin enthaltenen Produkte.<\/p>\n<h1><strong>Spezifikation<\/strong><\/h1>\n<table style=\"height: 666px;\" width=\"1070\">\n<tbody>\n<tr>\n<td width=\"373\">Abmessungen<\/td>\n<td width=\"373\">Alle kundenspezifischen Gr\u00f6\u00dfen und Formen<\/td>\n<\/tr>\n<tr>\n<td width=\"373\">MOQ<\/td>\n<td width=\"373\">500St\u00fcck<\/td>\n<\/tr>\n<tr>\n<td width=\"373\">Probezeit<\/td>\n<td width=\"373\">3-5 Tage<\/td>\n<\/tr>\n<tr>\n<td width=\"373\">Standardverfahren<\/td>\n<td width=\"373\">Stanzen, Kleben, Rillen, Perforieren<\/td>\n<\/tr>\n<tr>\n<td width=\"373\">Drucken<\/td>\n<td width=\"373\">Cmyk, pms, kein Druck<\/td>\n<\/tr>\n<tr>\n<td width=\"373\">Option Material<\/td>\n<td width=\"373\">Wei\u00dfes Kartonpapier, gestrichenes Papier, Kunstdruckpapier, Kraftpapier, Elfenbeinkarton, Duplexkarton, Spezialpapier, usw.<\/td>\n<\/tr>\n<tr>\n<td width=\"373\">Oberfl\u00e4chenveredelung<\/td>\n<td width=\"373\">Matt\/Glanz-Laminierung, Spot-UV-Pr\u00e4gung, Pr\u00e4gung, Folienpr\u00e4gung usw.<\/td>\n<\/tr>\n<tr>\n<td width=\"373\">Industrie Verwendung<\/td>\n<td width=\"373\">Kosmetika, Parf\u00fcm, Bekleidung, Schmuck, Tabak, Lebensmittel, Geschenkartikel und Waren des t\u00e4glichen Bedarfs,<\/td>\n<\/tr>\n<tr>\n<td width=\"373\">Qualit\u00e4tskontrolle<\/td>\n<td width=\"373\">Fortschrittliche Ausr\u00fcstung und ein erfahrenes QC-Team \u00fcberpr\u00fcfen Material, Halbfertig- und Fertigprodukte streng in jedem Schritt, bevor<\/td>\n<\/tr>\n<tr>\n<td width=\"373\">Preis<\/td>\n<td width=\"373\">Der Endpreis wird auf Ihr Produkt und die von Ihnen ben\u00f6tigte Menge zugeschnitten<\/td>\n<\/tr>\n<tr>\n<td width=\"373\">Bearbeitungszeit<\/td>\n<td width=\"373\">7-14 Werktage, Eile<\/td>\n<\/tr>\n<tr>\n<td width=\"373\">Papierbestand<\/td>\n<td width=\"373\">10pt bis 28pt (60lb bis 400lb) umweltfreundliches Kraftpapier, E-Welle, Buxkarton, Cardstock<\/td>\n<\/tr>\n<tr>\n<td width=\"373\">Format der Druckvorlage<\/td>\n<td width=\"373\">JPG, PDF, AI, CDR, EPS, GIF....<\/td>\n<\/tr>\n<tr>\n<td width=\"373\">Zubeh\u00f6r<\/td>\n<td width=\"373\">Magnet, Farbband, EVA-Form, Kunststoffschale, Schwamm, PVC\/PET\/PP-Fenster,...<\/td>\n<\/tr>\n<tr>\n<td width=\"373\">Zahlungsfrist<\/td>\n<td width=\"373\">T\/T, Western Union, Paypal, 30% Anzahlung und 70% Restbetrag vor Versand.<\/td>\n<\/tr>\n<\/tbody>\n<\/table>\n<div class=\"widget block block-static-block\">\n<div class=\"landing-page-section option-bottom\">\n<div class=\"custom-materials-tabs-content container container-adjustment\">\n<div class=\"custom-materials-tab-content active\">\n<div class=\"widget block block-static-block\">\n<div class=\"options-items\">\n<div class=\"flex-grid-row-option\">\n<div class=\"flex-grid-item-option\">\n<div class=\"material-box\">\n<p>&nbsp;<\/p>\n<\/div>\n<\/div>\n<\/div>\n<\/div>\n<p><!---end of option item--><\/p>\n<\/div>\n<\/div>\n<\/div>\n<\/div>\n<\/div>","protected":false},"excerpt":{"rendered":"<p>1. Die Dawer-Box-Design und Schiebe\u00f6ffnung machen es einfach f\u00fcr Benutzer zu \u00f6ffnen und zu schlie\u00dfen, die den Benutzer die Betriebszeit zu reduzieren und verbessern die unboxing Erfahrung kann<br \/>\n2. Verschiedene Gr\u00f6\u00dfen k\u00f6nnen nach Ihrem Produkt angepasst werden, geeignet f\u00fcr die Verpackung von verschiedenen Brieftaschen<br \/>\n3. Das Macaron-Farbsystem reduziert die visuelle Erm\u00fcdung und schafft eine entspannende und heilende Atmosph\u00e4re<\/p>","protected":false},"featured_media":4101,"template":"","meta":[],"product_brand":[],"product_cat":[30,413,31,426],"product_tag":[731,730,732],"class_list":{"0":"post-4100","1":"product","2":"type-product","3":"status-publish","4":"has-post-thumbnail","6":"product_cat-by-industry","7":"product_cat-consumer-electronics-boxes","8":"product_cat-paper-box-style","9":"product_cat-paper-drawer-boxes","10":"product_tag-wallet-gift-boxes","11":"product_tag-wallet-packaging","12":"product_tag-wallet-packaging-wholesale","14":"first","15":"instock","16":"shipping-taxable","17":"product-type-grouped"},"_links":{"self":[{"href":"https:\/\/zojopackaging.com\/de\/wp-json\/wp\/v2\/product\/4100","targetHints":{"allow":["GET"]}}],"collection":[{"href":"https:\/\/zojopackaging.com\/de\/wp-json\/wp\/v2\/product"}],"about":[{"href":"https:\/\/zojopackaging.com\/de\/wp-json\/wp\/v2\/types\/product"}],"version-history":[{"count":2,"href":"https:\/\/zojopackaging.com\/de\/wp-json\/wp\/v2\/product\/4100\/revisions"}],"predecessor-version":[{"id":8430,"href":"https:\/\/zojopackaging.com\/de\/wp-json\/wp\/v2\/product\/4100\/revisions\/8430"}],"wp:featuredmedia":[{"embeddable":true,"href":"https:\/\/zojopackaging.com\/de\/wp-json\/wp\/v2\/media\/4101"}],"wp:attachment":[{"href":"https:\/\/zojopackaging.com\/de\/wp-json\/wp\/v2\/media?parent=4100"}],"wp:term":[{"taxonomy":"product_brand","embeddable":true,"href":"https:\/\/zojopackaging.com\/de\/wp-json\/wp\/v2\/product_brand?post=4100"},{"taxonomy":"product_cat","embeddable":true,"href":"https:\/\/zojopackaging.com\/de\/wp-json\/wp\/v2\/product_cat?post=4100"},{"taxonomy":"product_tag","embeddable":true,"href":"https:\/\/zojopackaging.com\/de\/wp-json\/wp\/v2\/product_tag?post=4100"}],"curies":[{"name":"wp","href":"https:\/\/api.w.org\/{rel}","templated":true}]}}