{"id":4107,"date":"2024-03-21T09:52:05","date_gmt":"2024-03-21T01:52:05","guid":{"rendered":"https:\/\/zojopackaging.com\/?post_type=product&#038;p=4107"},"modified":"2025-03-28T10:18:47","modified_gmt":"2025-03-28T02:18:47","slug":"light-blue-drawer-packaging-box","status":"publish","type":"product","link":"https:\/\/zojopackaging.com\/de\/product\/light-blue-drawer-packaging-box\/","title":{"rendered":"Luxus benutzerdefinierte Armband Ring Ohrring Geschenk-Boxen Gro\u00dfhandel"},"content":{"rendered":"<h1>Luxus benutzerdefinierte Armband Ring Ohrring Geschenk-Boxen Gro\u00dfhandel<\/h1>\n<p>Die luxuri\u00f6sen kundenspezifischen Armband-Ring-Ohrring-Geschenkboxen f\u00fcr den Gro\u00dfhandel sind eine charmante und elegante Verpackungsl\u00f6sung, die ein Gef\u00fchl von Raffinesse und Stil ausstrahlt. Die hellblaue Farbe f\u00fcgt eine weiche und beruhigende Note der Verpackung, so dass es ideal f\u00fcr eine Vielzahl von Produkten wie Kosmetika, Schmuck, oder Luxus-Geschenke.<\/p>\n<p>Die aus hochwertigem Karton gefertigte hellblaue Schubladen-Verpackungsbox bietet Langlebigkeit und Robustheit, um den Inhalt w\u00e4hrend der Lagerung und des Transports zu sch\u00fctzen. Das Schubladendesign bietet eine bequeme und stilvolle M\u00f6glichkeit, auf die Produkte zuzugreifen und verleiht dem Auspacken einen Hauch von Luxus.<\/p>\n<p>Die glatte Oberfl\u00e4che des hellblauen Kartons verleiht ihm ein elegantes und hochwertiges Aussehen, das die Gesamtpr\u00e4sentation der verpackten Produkte aufwertet. Mit den Anpassungsoptionen k\u00f6nnen Branding-Elemente, Logos und Designs auf den Karton gedruckt werden, um eine individuelle und auff\u00e4llige Verpackungsl\u00f6sung zu schaffen.<\/p>\n<p>Ob f\u00fcr den Einzelhandel, besondere Anl\u00e4sse oder Werbeartikel - die hellblaue Schubladenverpackung besticht durch ihr elegantes Design und ihre Liebe zum Detail. Diese Verpackungsl\u00f6sung sch\u00fctzt nicht nur die Produkte im Inneren, sondern steigert auch den wahrgenommenen Gesamtwert und ist damit die perfekte Wahl f\u00fcr Marken, die einen bleibenden Eindruck hinterlassen wollen.<\/p>\n<h1><strong>Spezifikation<\/strong><\/h1>\n<table style=\"height: 666px;\" width=\"1070\">\n<tbody>\n<tr>\n<td width=\"373\">Abmessungen<\/td>\n<td width=\"373\">Alle kundenspezifischen Gr\u00f6\u00dfen und Formen<\/td>\n<\/tr>\n<tr>\n<td width=\"373\">MOQ<\/td>\n<td width=\"373\">500St\u00fcck<\/td>\n<\/tr>\n<tr>\n<td width=\"373\">Probezeit<\/td>\n<td width=\"373\">3-5 Tage<\/td>\n<\/tr>\n<tr>\n<td width=\"373\">Standardverfahren<\/td>\n<td width=\"373\">Stanzen, Kleben, Rillen, Perforieren<\/td>\n<\/tr>\n<tr>\n<td width=\"373\">Drucken<\/td>\n<td width=\"373\">Cmyk, pms, kein Druck<\/td>\n<\/tr>\n<tr>\n<td width=\"373\">Option Material<\/td>\n<td width=\"373\">Wei\u00dfes Kartonpapier, gestrichenes Papier, Kunstdruckpapier, Kraftpapier, Elfenbeinkarton, Duplexkarton, Spezialpapier, usw.<\/td>\n<\/tr>\n<tr>\n<td width=\"373\">Oberfl\u00e4chenveredelung<\/td>\n<td width=\"373\">Matt\/Glanz-Laminierung, Spot-UV-Pr\u00e4gung, Pr\u00e4gung, Folienpr\u00e4gung usw.<\/td>\n<\/tr>\n<tr>\n<td width=\"373\">Industrie Verwendung<\/td>\n<td width=\"373\">Kosmetika, Parf\u00fcm, Bekleidung, Schmuck, Tabak, Lebensmittel, Geschenkartikel und Waren des t\u00e4glichen Bedarfs,<\/td>\n<\/tr>\n<tr>\n<td width=\"373\">Qualit\u00e4tskontrolle<\/td>\n<td width=\"373\">Fortschrittliche Ausr\u00fcstung und ein erfahrenes QC-Team \u00fcberpr\u00fcfen Material, Halbfertig- und Fertigprodukte streng in jedem Schritt, bevor<\/td>\n<\/tr>\n<tr>\n<td width=\"373\">Preis<\/td>\n<td width=\"373\">Der Endpreis wird auf Ihr Produkt und die von Ihnen ben\u00f6tigte Menge zugeschnitten<\/td>\n<\/tr>\n<tr>\n<td width=\"373\">Bearbeitungszeit<\/td>\n<td width=\"373\">7-14 Werktage, Eile<\/td>\n<\/tr>\n<tr>\n<td width=\"373\">Papierbestand<\/td>\n<td width=\"373\">10pt bis 28pt (60lb bis 400lb) umweltfreundliches Kraftpapier, E-Welle, Buxkarton, Cardstock<\/td>\n<\/tr>\n<tr>\n<td width=\"373\">Format der Druckvorlage<\/td>\n<td width=\"373\">JPG, PDF, AI, CDR, EPS, GIF....<\/td>\n<\/tr>\n<tr>\n<td width=\"373\">Zubeh\u00f6r<\/td>\n<td width=\"373\">Magnet, Farbband, EVA-Form, Kunststoffschale, Schwamm, PVC\/PET\/PP-Fenster,...<\/td>\n<\/tr>\n<tr>\n<td width=\"373\">Zahlungsfrist<\/td>\n<td width=\"373\">T\/T, Western Union, Paypal, 30% Anzahlung und 70% Restbetrag vor Versand.<\/td>\n<\/tr>\n<\/tbody>\n<\/table>\n<div class=\"widget block block-static-block\">\n<div class=\"landing-page-section option-bottom\">\n<div class=\"custom-materials-tabs-content container container-adjustment\">\n<div class=\"custom-materials-tab-content active\">\n<div class=\"widget block block-static-block\">\n<div class=\"options-items\">\n<div class=\"flex-grid-row-option\">\n<div class=\"flex-grid-item-option\">\n<div class=\"material-box\">\n<p>&nbsp;<\/p>\n<\/div>\n<\/div>\n<\/div>\n<\/div>\n<p><!---end of option item--><\/p>\n<\/div>\n<\/div>\n<\/div>\n<\/div>\n<\/div>","protected":false},"excerpt":{"rendered":"<p>1. Die Schublade Papier Box Design und Schiebe\u00f6ffnung machen es einfach f\u00fcr die Benutzer zu \u00f6ffnen und zu schlie\u00dfen, die der Benutzer die Betriebszeit reduzieren kann und verbessern die unboxing Erfahrung<br \/>\n2. Verschiedene Gr\u00f6\u00dfen k\u00f6nnen nach Ihren Produkten angepasst werden, geeignet f\u00fcr die Verpackung von verschiedenen Schmuck-Anh\u00e4nger-Boxen Gro\u00dfhandel<br \/>\n3. Das Gold-Hei\u00dfpr\u00e4gefolienverfahren verleiht der Verpackung ein Gef\u00fchl von Luxus und eine hochwertige visuelle Pr\u00e4sentation<\/p>","protected":false},"featured_media":4111,"template":"","meta":[],"product_brand":[],"product_cat":[30,415,31,426],"product_tag":[343,742,741],"class_list":{"0":"post-4107","1":"product","2":"type-product","3":"status-publish","4":"has-post-thumbnail","6":"product_cat-by-industry","7":"product_cat-custom-jewelry-boxes-by-industry","8":"product_cat-paper-box-style","9":"product_cat-paper-drawer-boxes","10":"product_tag-custom-bracelet-boxes","11":"product_tag-earring-gift-boxes-wholesale","12":"product_tag-luxury-ring-boxes","14":"first","15":"instock","16":"shipping-taxable","17":"product-type-grouped"},"_links":{"self":[{"href":"https:\/\/zojopackaging.com\/de\/wp-json\/wp\/v2\/product\/4107","targetHints":{"allow":["GET"]}}],"collection":[{"href":"https:\/\/zojopackaging.com\/de\/wp-json\/wp\/v2\/product"}],"about":[{"href":"https:\/\/zojopackaging.com\/de\/wp-json\/wp\/v2\/types\/product"}],"version-history":[{"count":2,"href":"https:\/\/zojopackaging.com\/de\/wp-json\/wp\/v2\/product\/4107\/revisions"}],"predecessor-version":[{"id":8434,"href":"https:\/\/zojopackaging.com\/de\/wp-json\/wp\/v2\/product\/4107\/revisions\/8434"}],"wp:featuredmedia":[{"embeddable":true,"href":"https:\/\/zojopackaging.com\/de\/wp-json\/wp\/v2\/media\/4111"}],"wp:attachment":[{"href":"https:\/\/zojopackaging.com\/de\/wp-json\/wp\/v2\/media?parent=4107"}],"wp:term":[{"taxonomy":"product_brand","embeddable":true,"href":"https:\/\/zojopackaging.com\/de\/wp-json\/wp\/v2\/product_brand?post=4107"},{"taxonomy":"product_cat","embeddable":true,"href":"https:\/\/zojopackaging.com\/de\/wp-json\/wp\/v2\/product_cat?post=4107"},{"taxonomy":"product_tag","embeddable":true,"href":"https:\/\/zojopackaging.com\/de\/wp-json\/wp\/v2\/product_tag?post=4107"}],"curies":[{"name":"wp","href":"https:\/\/api.w.org\/{rel}","templated":true}]}}