{"id":4114,"date":"2024-03-21T09:55:29","date_gmt":"2024-03-21T01:55:29","guid":{"rendered":"https:\/\/zojopackaging.com\/?post_type=product&#038;p=4114"},"modified":"2025-03-27T20:30:15","modified_gmt":"2025-03-27T12:30:15","slug":"custom-triangular-drawer-boxes","status":"publish","type":"product","link":"https:\/\/zojopackaging.com\/de\/product\/custom-triangular-drawer-boxes\/","title":{"rendered":"Benutzerdefinierte Logo bedruckt Sonnenbrille Verpackung Boxen Gro\u00dfhandel"},"content":{"rendered":"<h1>Benutzerdefinierte Logo bedruckt Sonnenbrille Verpackung Boxen Gro\u00dfhandel<\/h1>\n<p>Wir bieten die gefragtesten Verpackungsl\u00f6sungen mit einer breiten Palette von Optionen. Wir stellen die g\u00fcnstigsten und stilvollsten kundenspezifischen Dreieckskisten mit Liebe zum Detail her. So wie Sie wollen, dass Ihre Kunden mit Ihrem Produkt zufrieden sind, wollen auch wir das. Unsere Schachteln eignen sich am besten zum Verpacken von essbaren Gegenst\u00e4nden, die darin unversehrt bleiben.<\/p>\n<p><strong>Wichtige Punkte<\/strong><\/p>\n<ul>\n<li>Eine andere Art, Ihre Produkte zu pr\u00e4sentieren<\/li>\n<li>Verleihen Sie Ihren Produkten ein luxuri\u00f6ses Aussehen<\/li>\n<li>100% anpassbar<\/li>\n<li>Erh\u00e4ltlich in allen Gr\u00f6\u00dfen<\/li>\n<li>Cardstock, E-Welle Wellpappe, umweltfreundliches Kraftpapier oder ein anderes Material<\/li>\n<\/ul>\n<h1><strong>Spezifikation<\/strong><\/h1>\n<table style=\"height: 666px;\" width=\"1070\">\n<tbody>\n<tr>\n<td width=\"373\">Abmessungen<\/td>\n<td width=\"373\">Alle kundenspezifischen Gr\u00f6\u00dfen und Formen<\/td>\n<\/tr>\n<tr>\n<td width=\"373\">MOQ<\/td>\n<td width=\"373\">500St\u00fcck<\/td>\n<\/tr>\n<tr>\n<td width=\"373\">Probezeit<\/td>\n<td width=\"373\">3-5 Tage<\/td>\n<\/tr>\n<tr>\n<td width=\"373\">Standardverfahren<\/td>\n<td width=\"373\">Stanzen, Kleben, Rillen, Perforieren<\/td>\n<\/tr>\n<tr>\n<td width=\"373\">Drucken<\/td>\n<td width=\"373\">Cmyk, pms, kein Druck<\/td>\n<\/tr>\n<tr>\n<td width=\"373\">Option Material<\/td>\n<td width=\"373\">Wei\u00dfes Kartonpapier, gestrichenes Papier, Kunstdruckpapier, Kraftpapier, Elfenbeinkarton, Duplexkarton, Spezialpapier, usw.<\/td>\n<\/tr>\n<tr>\n<td width=\"373\">Oberfl\u00e4chenveredelung<\/td>\n<td width=\"373\">Matt\/Glanz-Laminierung, Spot-UV-Pr\u00e4gung, Pr\u00e4gung, Folienpr\u00e4gung usw.<\/td>\n<\/tr>\n<tr>\n<td width=\"373\">Industrie Verwendung<\/td>\n<td width=\"373\">Kosmetika, Parf\u00fcm, Bekleidung, Schmuck, Tabak, Lebensmittel, Geschenkartikel und Waren des t\u00e4glichen Bedarfs,<\/td>\n<\/tr>\n<tr>\n<td width=\"373\">Qualit\u00e4tskontrolle<\/td>\n<td width=\"373\">Fortschrittliche Ausr\u00fcstung und ein erfahrenes QC-Team \u00fcberpr\u00fcfen Material, Halbfertig- und Fertigprodukte streng in jedem Schritt, bevor<\/td>\n<\/tr>\n<tr>\n<td width=\"373\">Preis<\/td>\n<td width=\"373\">Der Endpreis wird auf Ihr Produkt und die von Ihnen ben\u00f6tigte Menge zugeschnitten<\/td>\n<\/tr>\n<tr>\n<td width=\"373\">Bearbeitungszeit<\/td>\n<td width=\"373\">7-14 Werktage, Eile<\/td>\n<\/tr>\n<tr>\n<td width=\"373\">Papierbestand<\/td>\n<td width=\"373\">10pt bis 28pt (60lb bis 400lb) umweltfreundliches Kraftpapier, E-Welle, Buxkarton, Cardstock<\/td>\n<\/tr>\n<tr>\n<td width=\"373\">Format der Druckvorlage<\/td>\n<td width=\"373\">JPG, PDF, AI, CDR, EPS, GIF....<\/td>\n<\/tr>\n<tr>\n<td width=\"373\">Zubeh\u00f6r<\/td>\n<td width=\"373\">Magnet, Farbband, EVA-Form, Kunststoffschale, Schwamm, PVC\/PET\/PP-Fenster,...<\/td>\n<\/tr>\n<tr>\n<td width=\"373\">Zahlungsfrist<\/td>\n<td width=\"373\">T\/T, Western Union, Paypal, 30% Anzahlung und 70% Restbetrag vor Versand.<\/td>\n<\/tr>\n<\/tbody>\n<\/table>\n<div class=\"widget block block-static-block\">\n<div class=\"landing-page-section option-bottom\">\n<div class=\"custom-materials-tabs-content container container-adjustment\">\n<div class=\"custom-materials-tab-content active\">\n<div class=\"widget block block-static-block\">\n<div class=\"options-items\">\n<div class=\"flex-grid-row-option\">\n<div class=\"flex-grid-item-option\">\n<div class=\"material-box\">\n<p>&nbsp;<\/p>\n<\/div>\n<\/div>\n<\/div>\n<\/div>\n<p><!---end of option item--><\/p>\n<\/div>\n<\/div>\n<\/div>\n<\/div>\n<\/div>","protected":false},"excerpt":{"rendered":"<p>1. Schublade Papier Box Design, leicht zu \u00f6ffnen und zu schlie\u00dfen, kann die Betriebszeit zu reduzieren und erh\u00f6hen unboxing Erfahrung<br \/>\n2. Verschiedene Gr\u00f6\u00dfen k\u00f6nnen nach Ihrem Produkt angepasst werden, geeignet f\u00fcr die Verpackung von verschiedenen High-End-Uhrenarmb\u00e4nder<br \/>\n3. EVA-Futter, kann Puffer und widerstehen Schock w\u00e4hrend des Transports, sch\u00fctzen Sie Ihre Sonnenbrille Riemen vor Sch\u00e4den<br \/>\n4. Umweltfreundliches und multifunktionales Kraftpapiermaterial<\/p>","protected":false},"featured_media":4116,"template":"","meta":[],"product_brand":[],"product_cat":[30,413,31,426],"product_tag":[708,710,709],"class_list":{"0":"post-4114","1":"product","2":"type-product","3":"status-publish","4":"has-post-thumbnail","6":"product_cat-by-industry","7":"product_cat-consumer-electronics-boxes","8":"product_cat-paper-box-style","9":"product_cat-paper-drawer-boxes","10":"product_tag-custom-sunglasses-boxes","11":"product_tag-sunglasses-boxes-wholesale","12":"product_tag-sunglasses-packaging-wholesale","14":"first","15":"instock","16":"shipping-taxable","17":"product-type-grouped"},"_links":{"self":[{"href":"https:\/\/zojopackaging.com\/de\/wp-json\/wp\/v2\/product\/4114","targetHints":{"allow":["GET"]}}],"collection":[{"href":"https:\/\/zojopackaging.com\/de\/wp-json\/wp\/v2\/product"}],"about":[{"href":"https:\/\/zojopackaging.com\/de\/wp-json\/wp\/v2\/types\/product"}],"version-history":[{"count":2,"href":"https:\/\/zojopackaging.com\/de\/wp-json\/wp\/v2\/product\/4114\/revisions"}],"predecessor-version":[{"id":8421,"href":"https:\/\/zojopackaging.com\/de\/wp-json\/wp\/v2\/product\/4114\/revisions\/8421"}],"wp:featuredmedia":[{"embeddable":true,"href":"https:\/\/zojopackaging.com\/de\/wp-json\/wp\/v2\/media\/4116"}],"wp:attachment":[{"href":"https:\/\/zojopackaging.com\/de\/wp-json\/wp\/v2\/media?parent=4114"}],"wp:term":[{"taxonomy":"product_brand","embeddable":true,"href":"https:\/\/zojopackaging.com\/de\/wp-json\/wp\/v2\/product_brand?post=4114"},{"taxonomy":"product_cat","embeddable":true,"href":"https:\/\/zojopackaging.com\/de\/wp-json\/wp\/v2\/product_cat?post=4114"},{"taxonomy":"product_tag","embeddable":true,"href":"https:\/\/zojopackaging.com\/de\/wp-json\/wp\/v2\/product_tag?post=4114"}],"curies":[{"name":"wp","href":"https:\/\/api.w.org\/{rel}","templated":true}]}}