{"id":4125,"date":"2024-03-21T10:00:52","date_gmt":"2024-03-21T02:00:52","guid":{"rendered":"https:\/\/zojopackaging.com\/?post_type=product&#038;p=4125"},"modified":"2025-03-28T11:23:03","modified_gmt":"2025-03-28T03:23:03","slug":"two-way-drawer-packaging-box","status":"publish","type":"product","link":"https:\/\/zojopackaging.com\/de\/product\/two-way-drawer-packaging-box\/","title":{"rendered":"Individuell bedruckte Luxus Vape Cartridge Verpackung Box Gro\u00dfhandel"},"content":{"rendered":"<h1>Individuell bedruckte Luxus Vape Cartridge Verpackung Box Gro\u00dfhandel<\/h1>\n<p>Die Zwei-Wege-Schubladen-Verpackungsbox ist eine vielseitige und funktionelle Verpackungsl\u00f6sung, die einen einzigartigen \u00d6ffnungsmechanismus f\u00fcr den einfachen Zugriff auf den Inhalt bietet. Dieses innovative Design verf\u00fcgt \u00fcber Schubladen, die von beiden Seiten ge\u00f6ffnet werden k\u00f6nnen, was dem Kunden beim Auspacken Komfort und Flexibilit\u00e4t bietet.<\/p>\n<p>Die aus hochwertigen Materialien wie haltbarem Karton oder Pappe gefertigte Zwei-Wege-Schubladenbox bietet Schutz und Sicherheit f\u00fcr die verpackten Produkte. Die doppelte \u00d6ffnungsfunktion sorgt f\u00fcr einen Hauch von Interaktivit\u00e4t und Engagement und macht sie zu einer herausragenden Wahl f\u00fcr Marken, die ein unvergessliches Unboxing-Erlebnis schaffen wollen.<\/p>\n<p>Die glatte Oberfl\u00e4che der Zwei-Wege-Schubladen-Verpackungsbox verleiht ihr ein modernes und anspruchsvolles Aussehen, das die Gesamtpr\u00e4sentation der darin enthaltenen Produkte aufwertet. Durch die M\u00f6glichkeit, die Au\u00dfenseite der Box mit Branding-Elementen, Logos und Designs zu versehen, k\u00f6nnen Unternehmen eine personalisierte und wirkungsvolle Verpackungsl\u00f6sung schaffen.<\/p>\n<h1><strong>Spezifikation<\/strong><\/h1>\n<table style=\"height: 666px;\" width=\"1070\">\n<tbody>\n<tr>\n<td width=\"373\">Abmessungen<\/td>\n<td width=\"373\">Alle kundenspezifischen Gr\u00f6\u00dfen und Formen<\/td>\n<\/tr>\n<tr>\n<td width=\"373\">MOQ<\/td>\n<td width=\"373\">500St\u00fcck<\/td>\n<\/tr>\n<tr>\n<td width=\"373\">Probezeit<\/td>\n<td width=\"373\">3-5 Tage<\/td>\n<\/tr>\n<tr>\n<td width=\"373\">Standardverfahren<\/td>\n<td width=\"373\">Stanzen, Kleben, Rillen, Perforieren<\/td>\n<\/tr>\n<tr>\n<td width=\"373\">Drucken<\/td>\n<td width=\"373\">Cmyk, pms, kein Druck<\/td>\n<\/tr>\n<tr>\n<td width=\"373\">Option Material<\/td>\n<td width=\"373\">Wei\u00dfes Kartonpapier, gestrichenes Papier, Kunstdruckpapier, Kraftpapier, Elfenbeinkarton, Duplexkarton, Spezialpapier, usw.<\/td>\n<\/tr>\n<tr>\n<td width=\"373\">Oberfl\u00e4chenveredelung<\/td>\n<td width=\"373\">Matt\/Glanz-Laminierung, Spot-UV-Pr\u00e4gung, Pr\u00e4gung, Folienpr\u00e4gung usw.<\/td>\n<\/tr>\n<tr>\n<td width=\"373\">Industrie Verwendung<\/td>\n<td width=\"373\">Kosmetika, Parf\u00fcm, Bekleidung, Schmuck, Tabak, Lebensmittel, Geschenkartikel und Waren des t\u00e4glichen Bedarfs,<\/td>\n<\/tr>\n<tr>\n<td width=\"373\">Qualit\u00e4tskontrolle<\/td>\n<td width=\"373\">Fortschrittliche Ausr\u00fcstung und ein erfahrenes QC-Team \u00fcberpr\u00fcfen Material, Halbfertig- und Fertigprodukte streng in jedem Schritt, bevor<\/td>\n<\/tr>\n<tr>\n<td width=\"373\">Preis<\/td>\n<td width=\"373\">Der Endpreis wird auf Ihr Produkt und die von Ihnen ben\u00f6tigte Menge zugeschnitten<\/td>\n<\/tr>\n<tr>\n<td width=\"373\">Bearbeitungszeit<\/td>\n<td width=\"373\">7-14 Werktage, Eile<\/td>\n<\/tr>\n<tr>\n<td width=\"373\">Papierbestand<\/td>\n<td width=\"373\">10pt bis 28pt (60lb bis 400lb) umweltfreundliches Kraftpapier, E-Welle, Buxkarton, Cardstock<\/td>\n<\/tr>\n<tr>\n<td width=\"373\">Format der Druckvorlage<\/td>\n<td width=\"373\">JPG, PDF, AI, CDR, EPS, GIF....<\/td>\n<\/tr>\n<tr>\n<td width=\"373\">Zubeh\u00f6r<\/td>\n<td width=\"373\">Magnet, Farbband, EVA-Form, Kunststoffschale, Schwamm, PVC\/PET\/PP-Fenster,...<\/td>\n<\/tr>\n<tr>\n<td width=\"373\">Zahlungsfrist<\/td>\n<td width=\"373\">T\/T, Western Union, Paypal, 30% Anzahlung und 70% Restbetrag vor Versand.<\/td>\n<\/tr>\n<\/tbody>\n<\/table>\n<div class=\"widget block block-static-block\">\n<div class=\"landing-page-section option-bottom\">\n<div class=\"custom-materials-tabs-content container container-adjustment\">\n<div class=\"custom-materials-tab-content active\">\n<div class=\"widget block block-static-block\">\n<div class=\"options-items\">\n<div class=\"flex-grid-row-option\">\n<div class=\"flex-grid-item-option\">\n<div class=\"material-box\">\n<p>&nbsp;<\/p>\n<\/div>\n<\/div>\n<\/div>\n<\/div>\n<p><!---end of option item--><\/p>\n<\/div>\n<\/div>\n<\/div>\n<\/div>\n<\/div>","protected":false},"excerpt":{"rendered":"<p>1. Das Design der Schubladenbox und die gleitende \u00d6ffnung erleichtern dem Benutzer das \u00d6ffnen und Schlie\u00dfen und verbessern das Erlebnis des Auspackens<br \/>\n2. Verschiedene Gr\u00f6\u00dfen k\u00f6nnen je nach Ihren Produkten angepasst werden, geeignet f\u00fcr die Verpackung von verschiedenen Cannabis Vapes<br \/>\n3. Der Druck auf der Box Oberfl\u00e4che ist klar und hat keinen Farbunterschied<\/p>","protected":false},"featured_media":4130,"template":"","meta":[],"product_brand":[],"product_cat":[30,420,31,426],"product_tag":[594,756,593],"class_list":{"0":"post-4125","1":"product","2":"type-product","3":"status-publish","4":"has-post-thumbnail","6":"product_cat-by-industry","7":"product_cat-custom-cannabis-boxes","8":"product_cat-paper-box-style","9":"product_cat-paper-drawer-boxes","10":"product_tag-custom-vape-packaging","11":"product_tag-vape-box-wholesale","12":"product_tag-vape-cartridge-packaging","14":"first","15":"instock","16":"shipping-taxable","17":"product-type-grouped"},"_links":{"self":[{"href":"https:\/\/zojopackaging.com\/de\/wp-json\/wp\/v2\/product\/4125","targetHints":{"allow":["GET"]}}],"collection":[{"href":"https:\/\/zojopackaging.com\/de\/wp-json\/wp\/v2\/product"}],"about":[{"href":"https:\/\/zojopackaging.com\/de\/wp-json\/wp\/v2\/types\/product"}],"version-history":[{"count":2,"href":"https:\/\/zojopackaging.com\/de\/wp-json\/wp\/v2\/product\/4125\/revisions"}],"predecessor-version":[{"id":8440,"href":"https:\/\/zojopackaging.com\/de\/wp-json\/wp\/v2\/product\/4125\/revisions\/8440"}],"wp:featuredmedia":[{"embeddable":true,"href":"https:\/\/zojopackaging.com\/de\/wp-json\/wp\/v2\/media\/4130"}],"wp:attachment":[{"href":"https:\/\/zojopackaging.com\/de\/wp-json\/wp\/v2\/media?parent=4125"}],"wp:term":[{"taxonomy":"product_brand","embeddable":true,"href":"https:\/\/zojopackaging.com\/de\/wp-json\/wp\/v2\/product_brand?post=4125"},{"taxonomy":"product_cat","embeddable":true,"href":"https:\/\/zojopackaging.com\/de\/wp-json\/wp\/v2\/product_cat?post=4125"},{"taxonomy":"product_tag","embeddable":true,"href":"https:\/\/zojopackaging.com\/de\/wp-json\/wp\/v2\/product_tag?post=4125"}],"curies":[{"name":"wp","href":"https:\/\/api.w.org\/{rel}","templated":true}]}}