{"id":4134,"date":"2024-03-21T10:04:33","date_gmt":"2024-03-21T02:04:33","guid":{"rendered":"https:\/\/zojopackaging.com\/?post_type=product&#038;p=4134"},"modified":"2025-03-28T10:10:46","modified_gmt":"2025-03-28T02:10:46","slug":"underwear-drawer-packaging-box","status":"publish","type":"product","link":"https:\/\/zojopackaging.com\/de\/product\/underwear-drawer-packaging-box\/","title":{"rendered":"Frauen Unterw\u00e4sche Schiebeschublade Verpackung Box"},"content":{"rendered":"<h1>Frauen Unterw\u00e4sche Schiebeschublade Verpackung Box<\/h1>\n<p>Die Schiebeschubladen-Verpackungsbox f\u00fcr Damenunterw\u00e4sche ist eine spezielle und praktische Verpackungsl\u00f6sung, die speziell f\u00fcr die Aufbewahrung und Pr\u00e4sentation von Unterw\u00e4sche und Dessous entwickelt wurde. Dieses innovative Design verf\u00fcgt \u00fcber eine schubladenartige \u00d6ffnung, die einen einfachen Zugang zu den Kleidungsst\u00fccken im Inneren erm\u00f6glicht, so dass die Kunden ihre Artikel bequem entnehmen und aufbewahren k\u00f6nnen.<\/p>\n<p>Die aus hochwertigen Materialien wie stabilem Karton oder Pappe gefertigte Unterw\u00e4sche-Schubladenbox bietet Schutz und Ordnung f\u00fcr die empfindlichen Kleidungsst\u00fccke. Das Schubladendesign sorgt daf\u00fcr, dass die Unterw\u00e4sche w\u00e4hrend der Lagerung und des Transports ordentlich gefaltet und sicher bleibt und ihre Form und Qualit\u00e4t beibeh\u00e4lt.<\/p>\n<p>Die schlichte und moderne Ausf\u00fchrung der Unterw\u00e4scheschubladen-Verpackungsbox verleiht ihr ein stilvolles und anspruchsvolles Aussehen und wertet die Gesamtpr\u00e4sentation der Unterw\u00e4sche auf. Durch die M\u00f6glichkeit der individuellen Gestaltung kann die Au\u00dfenseite der Box mit Branding-Elementen, Logos und Designs versehen werden, um eine individuelle und attraktive Verpackungsl\u00f6sung zu schaffen.<\/p>\n<h1><strong>Spezifikation<\/strong><\/h1>\n<table style=\"height: 666px;\" width=\"1070\">\n<tbody>\n<tr>\n<td width=\"373\">Abmessungen<\/td>\n<td width=\"373\">Alle kundenspezifischen Gr\u00f6\u00dfen und Formen<\/td>\n<\/tr>\n<tr>\n<td width=\"373\">MOQ<\/td>\n<td width=\"373\">500St\u00fcck<\/td>\n<\/tr>\n<tr>\n<td width=\"373\">Probezeit<\/td>\n<td width=\"373\">3-5 Tage<\/td>\n<\/tr>\n<tr>\n<td width=\"373\">Standardverfahren<\/td>\n<td width=\"373\">Stanzen, Kleben, Rillen, Perforieren<\/td>\n<\/tr>\n<tr>\n<td width=\"373\">Drucken<\/td>\n<td width=\"373\">Cmyk, pms, kein Druck<\/td>\n<\/tr>\n<tr>\n<td width=\"373\">Option Material<\/td>\n<td width=\"373\">Wei\u00dfes Kartonpapier, gestrichenes Papier, Kunstdruckpapier, Kraftpapier, Elfenbeinkarton, Duplexkarton, Spezialpapier, usw.<\/td>\n<\/tr>\n<tr>\n<td width=\"373\">Oberfl\u00e4chenveredelung<\/td>\n<td width=\"373\">Matt\/Glanz-Laminierung, Spot-UV-Pr\u00e4gung, Pr\u00e4gung, Folienpr\u00e4gung usw.<\/td>\n<\/tr>\n<tr>\n<td width=\"373\">Industrie Verwendung<\/td>\n<td width=\"373\">Kosmetika, Parf\u00fcm, Bekleidung, Schmuck, Tabak, Lebensmittel, Geschenkartikel und Waren des t\u00e4glichen Bedarfs,<\/td>\n<\/tr>\n<tr>\n<td width=\"373\">Qualit\u00e4tskontrolle<\/td>\n<td width=\"373\">Fortschrittliche Ausr\u00fcstung und ein erfahrenes QC-Team \u00fcberpr\u00fcfen Material, Halbfertig- und Fertigprodukte streng in jedem Schritt, bevor<\/td>\n<\/tr>\n<tr>\n<td width=\"373\">Preis<\/td>\n<td width=\"373\">Der Endpreis wird auf Ihr Produkt und die von Ihnen ben\u00f6tigte Menge zugeschnitten<\/td>\n<\/tr>\n<tr>\n<td width=\"373\">Bearbeitungszeit<\/td>\n<td width=\"373\">7-14 Werktage, Eile<\/td>\n<\/tr>\n<tr>\n<td width=\"373\">Papierbestand<\/td>\n<td width=\"373\">10pt bis 28pt (60lb bis 400lb) umweltfreundliches Kraftpapier, E-Welle, Buxkarton, Cardstock<\/td>\n<\/tr>\n<tr>\n<td width=\"373\">Format der Druckvorlage<\/td>\n<td width=\"373\">JPG, PDF, AI, CDR, EPS, GIF....<\/td>\n<\/tr>\n<tr>\n<td width=\"373\">Zubeh\u00f6r<\/td>\n<td width=\"373\">Magnet, Farbband, EVA-Form, Kunststoffschale, Schwamm, PVC\/PET\/PP-Fenster,...<\/td>\n<\/tr>\n<tr>\n<td width=\"373\">Zahlungsfrist<\/td>\n<td width=\"373\">T\/T, Western Union, Paypal, 30% Anzahlung und 70% Restbetrag vor Versand.<\/td>\n<\/tr>\n<\/tbody>\n<\/table>\n<div class=\"widget block block-static-block\">\n<div class=\"landing-page-section option-bottom\">\n<div class=\"custom-materials-tabs-content container container-adjustment\">\n<div class=\"custom-materials-tab-content active\">\n<div class=\"widget block block-static-block\">\n<div class=\"options-items\">\n<div class=\"flex-grid-row-option\">\n<div class=\"flex-grid-item-option\">\n<div class=\"material-box\">\n<p>&nbsp;<\/p>\n<\/div>\n<\/div>\n<\/div>\n<\/div>\n<p><!---end of option item--><\/p>\n<\/div>\n<\/div>\n<\/div>\n<\/div>\n<\/div>","protected":false},"excerpt":{"rendered":"<p>1. Rotgoldene Hei\u00dfpr\u00e4gefolie, die der Verpackung ein Gef\u00fchl von Luxus und hochwertiger visueller Pr\u00e4sentation verleiht<br \/>\n2. Verschiedene Gr\u00f6\u00dfen k\u00f6nnen nach Ihrem Produkt angepasst werden, geeignet f\u00fcr die Verpackung von verschiedenen Arten von Kleidung<br \/>\n3. Schublade Papier Box Design, gleitende \u00d6ffnung macht es bequem f\u00fcr Benutzer zu \u00f6ffnen und zu schlie\u00dfen, die den Benutzer die Betriebszeit zu reduzieren und die unboxing Erfahrung verbessern k\u00f6nnen<\/p>","protected":false},"featured_media":4140,"template":"","meta":[],"product_brand":[],"product_cat":[30,415,31,426],"product_tag":[738,739,740],"class_list":{"0":"post-4134","1":"product","2":"type-product","3":"status-publish","4":"has-post-thumbnail","6":"product_cat-by-industry","7":"product_cat-custom-jewelry-boxes-by-industry","8":"product_cat-paper-box-style","9":"product_cat-paper-drawer-boxes","10":"product_tag-underwear-packaging-box","11":"product_tag-underwear-sliding-drawer-box","12":"product_tag-women-underwear-packaging","14":"first","15":"instock","16":"shipping-taxable","17":"product-type-grouped"},"_links":{"self":[{"href":"https:\/\/zojopackaging.com\/de\/wp-json\/wp\/v2\/product\/4134","targetHints":{"allow":["GET"]}}],"collection":[{"href":"https:\/\/zojopackaging.com\/de\/wp-json\/wp\/v2\/product"}],"about":[{"href":"https:\/\/zojopackaging.com\/de\/wp-json\/wp\/v2\/types\/product"}],"version-history":[{"count":2,"href":"https:\/\/zojopackaging.com\/de\/wp-json\/wp\/v2\/product\/4134\/revisions"}],"predecessor-version":[{"id":8433,"href":"https:\/\/zojopackaging.com\/de\/wp-json\/wp\/v2\/product\/4134\/revisions\/8433"}],"wp:featuredmedia":[{"embeddable":true,"href":"https:\/\/zojopackaging.com\/de\/wp-json\/wp\/v2\/media\/4140"}],"wp:attachment":[{"href":"https:\/\/zojopackaging.com\/de\/wp-json\/wp\/v2\/media?parent=4134"}],"wp:term":[{"taxonomy":"product_brand","embeddable":true,"href":"https:\/\/zojopackaging.com\/de\/wp-json\/wp\/v2\/product_brand?post=4134"},{"taxonomy":"product_cat","embeddable":true,"href":"https:\/\/zojopackaging.com\/de\/wp-json\/wp\/v2\/product_cat?post=4134"},{"taxonomy":"product_tag","embeddable":true,"href":"https:\/\/zojopackaging.com\/de\/wp-json\/wp\/v2\/product_tag?post=4134"}],"curies":[{"name":"wp","href":"https:\/\/api.w.org\/{rel}","templated":true}]}}