{"id":4141,"date":"2024-03-21T10:08:37","date_gmt":"2024-03-21T02:08:37","guid":{"rendered":"https:\/\/zojopackaging.com\/?post_type=product&#038;p=4141"},"modified":"2025-03-28T09:54:37","modified_gmt":"2025-03-28T01:54:37","slug":"custom-printing-drawer-packaging-box","status":"publish","type":"product","link":"https:\/\/zojopackaging.com\/de\/product\/custom-printing-drawer-packaging-box\/","title":{"rendered":"Benutzerdefinierte Branded Ring Pappe Schmuck Fu\u00dfkettchen Boxen Gro\u00dfhandel"},"content":{"rendered":"<h1>Benutzerdefinierte Branded Ring Pappe Schmuck Fu\u00dfkettchen Boxen Gro\u00dfhandel<\/h1>\n<p>Die individuell gebrandeten Ringkarton-Schmuckk\u00e4stchen f\u00fcr den Gro\u00dfhandel sind eine vielseitige und personalisierte Verpackungsl\u00f6sung, die ein hohes Ma\u00df an Individualisierung bietet, um die einzigartigen Branding-Anforderungen von Unternehmen zu erf\u00fcllen. Dieses innovative Design verf\u00fcgt \u00fcber eine schubladenartige \u00d6ffnung f\u00fcr einen einfachen Zugriff auf den Inhalt im Inneren, kombiniert mit der M\u00f6glichkeit, individuelle Designs, Logos und Branding-Elemente auf der Au\u00dfenseite der Box zu pr\u00e4sentieren.<\/p>\n<p>Die aus hochwertigen Materialien wie haltbarem Karton oder Pappe gefertigte, individuell bedruckte Schubladenbox bietet sowohl Schutz als auch optische Attraktivit\u00e4t f\u00fcr die verpackten Produkte. Die Option des individuellen Drucks erm\u00f6glicht es Unternehmen, eine vollst\u00e4ndig ma\u00dfgeschneiderte Verpackungsl\u00f6sung zu erstellen, die ihre Markenidentit\u00e4t und -botschaft widerspiegelt und somit ein leistungsstarkes Marketinginstrument zur Steigerung der Markenbekanntheit und Kundenbindung darstellt.<\/p>\n<p>Die glatte Oberfl\u00e4che der individuell bedruckten Schubladenverpackung verleiht ihr ein professionelles und poliertes Aussehen, das die Gesamtpr\u00e4sentation der darin enthaltenen Produkte aufwertet. Unternehmen k\u00f6nnen aus einer Vielzahl von Drucktechniken w\u00e4hlen, darunter Offsetdruck, Digitaldruck oder Folienpr\u00e4gung, um auff\u00e4llige und lebendige Designs zu erstellen, die Kunden fesseln und einen bleibenden Eindruck hinterlassen.<\/p>\n<h1><strong>Spezifikation<\/strong><\/h1>\n<table style=\"height: 666px;\" width=\"1070\">\n<tbody>\n<tr>\n<td width=\"373\">Abmessungen<\/td>\n<td width=\"373\">Alle kundenspezifischen Gr\u00f6\u00dfen und Formen<\/td>\n<\/tr>\n<tr>\n<td width=\"373\">MOQ<\/td>\n<td width=\"373\">500St\u00fcck<\/td>\n<\/tr>\n<tr>\n<td width=\"373\">Probezeit<\/td>\n<td width=\"373\">3-5 Tage<\/td>\n<\/tr>\n<tr>\n<td width=\"373\">Standardverfahren<\/td>\n<td width=\"373\">Stanzen, Kleben, Rillen, Perforieren<\/td>\n<\/tr>\n<tr>\n<td width=\"373\">Drucken<\/td>\n<td width=\"373\">Cmyk, pms, kein Druck<\/td>\n<\/tr>\n<tr>\n<td width=\"373\">Option Material<\/td>\n<td width=\"373\">Wei\u00dfes Kartonpapier, gestrichenes Papier, Kunstdruckpapier, Kraftpapier, Elfenbeinkarton, Duplexkarton, Spezialpapier, usw.<\/td>\n<\/tr>\n<tr>\n<td width=\"373\">Oberfl\u00e4chenveredelung<\/td>\n<td width=\"373\">Matt\/Glanz-Laminierung, Spot-UV-Pr\u00e4gung, Pr\u00e4gung, Folienpr\u00e4gung usw.<\/td>\n<\/tr>\n<tr>\n<td width=\"373\">Industrie Verwendung<\/td>\n<td width=\"373\">Kosmetika, Parf\u00fcm, Bekleidung, Schmuck, Tabak, Lebensmittel, Geschenkartikel und Waren des t\u00e4glichen Bedarfs,<\/td>\n<\/tr>\n<tr>\n<td width=\"373\">Qualit\u00e4tskontrolle<\/td>\n<td width=\"373\">Fortschrittliche Ausr\u00fcstung und ein erfahrenes QC-Team \u00fcberpr\u00fcfen Material, Halbfertig- und Fertigprodukte streng in jedem Schritt, bevor<\/td>\n<\/tr>\n<tr>\n<td width=\"373\">Preis<\/td>\n<td width=\"373\">Der Endpreis wird auf Ihr Produkt und die von Ihnen ben\u00f6tigte Menge zugeschnitten<\/td>\n<\/tr>\n<tr>\n<td width=\"373\">Bearbeitungszeit<\/td>\n<td width=\"373\">7-14 Werktage, Eile<\/td>\n<\/tr>\n<tr>\n<td width=\"373\">Papierbestand<\/td>\n<td width=\"373\">10pt bis 28pt (60lb bis 400lb) umweltfreundliches Kraftpapier, E-Welle, Buxkarton, Cardstock<\/td>\n<\/tr>\n<tr>\n<td width=\"373\">Format der Druckvorlage<\/td>\n<td width=\"373\">JPG, PDF, AI, CDR, EPS, GIF....<\/td>\n<\/tr>\n<tr>\n<td width=\"373\">Zubeh\u00f6r<\/td>\n<td width=\"373\">Magnet, Farbband, EVA-Form, Kunststoffschale, Schwamm, PVC\/PET\/PP-Fenster,...<\/td>\n<\/tr>\n<tr>\n<td width=\"373\">Zahlungsfrist<\/td>\n<td width=\"373\">T\/T, Western Union, Paypal, 30% Anzahlung und 70% Restbetrag vor Versand.<\/td>\n<\/tr>\n<\/tbody>\n<\/table>\n<div class=\"widget block block-static-block\">\n<div class=\"landing-page-section option-bottom\">\n<div class=\"custom-materials-tabs-content container container-adjustment\">\n<div class=\"custom-materials-tab-content active\">\n<div class=\"widget block block-static-block\">\n<div class=\"options-items\">\n<div class=\"flex-grid-row-option\">\n<div class=\"flex-grid-item-option\">\n<div class=\"material-box\">\n<p>&nbsp;<\/p>\n<\/div>\n<\/div>\n<\/div>\n<\/div>\n<p><!---end of option item--><\/p>\n<\/div>\n<\/div>\n<\/div>\n<\/div>\n<\/div>","protected":false},"excerpt":{"rendered":"<p>1. Die Schublade Papier Box Design und Schiebe\u00f6ffnung machen es einfach f\u00fcr die Benutzer zu \u00f6ffnen und zu schlie\u00dfen, die der Benutzer die Betriebszeit reduzieren kann und verbessern die unboxing Erfahrung<br \/>\n2. Verschiedene Gr\u00f6\u00dfen k\u00f6nnen nach Ihren Produkten angepasst werden, geeignet f\u00fcr die Verpackung von verschiedenen Schmuck Fu\u00dfkettchen und Ringe<br \/>\n3. Das Macaron-Farbsystem reduziert die visuelle Erm\u00fcdung und schafft eine entspannende und heilende Atmosph\u00e4re<\/p>","protected":false},"featured_media":4143,"template":"","meta":[],"product_brand":[],"product_cat":[30,415,31,426],"product_tag":[734,733,575],"class_list":{"0":"post-4141","1":"product","2":"type-product","3":"status-publish","4":"has-post-thumbnail","6":"product_cat-by-industry","7":"product_cat-custom-jewelry-boxes-by-industry","8":"product_cat-paper-box-style","9":"product_cat-paper-drawer-boxes","10":"product_tag-cardboard-jewelry-boxes","11":"product_tag-custom-ring-boxes","12":"product_tag-jewelry-boxes-wholesale","14":"first","15":"instock","16":"shipping-taxable","17":"product-type-grouped"},"_links":{"self":[{"href":"https:\/\/zojopackaging.com\/de\/wp-json\/wp\/v2\/product\/4141","targetHints":{"allow":["GET"]}}],"collection":[{"href":"https:\/\/zojopackaging.com\/de\/wp-json\/wp\/v2\/product"}],"about":[{"href":"https:\/\/zojopackaging.com\/de\/wp-json\/wp\/v2\/types\/product"}],"version-history":[{"count":2,"href":"https:\/\/zojopackaging.com\/de\/wp-json\/wp\/v2\/product\/4141\/revisions"}],"predecessor-version":[{"id":8431,"href":"https:\/\/zojopackaging.com\/de\/wp-json\/wp\/v2\/product\/4141\/revisions\/8431"}],"wp:featuredmedia":[{"embeddable":true,"href":"https:\/\/zojopackaging.com\/de\/wp-json\/wp\/v2\/media\/4143"}],"wp:attachment":[{"href":"https:\/\/zojopackaging.com\/de\/wp-json\/wp\/v2\/media?parent=4141"}],"wp:term":[{"taxonomy":"product_brand","embeddable":true,"href":"https:\/\/zojopackaging.com\/de\/wp-json\/wp\/v2\/product_brand?post=4141"},{"taxonomy":"product_cat","embeddable":true,"href":"https:\/\/zojopackaging.com\/de\/wp-json\/wp\/v2\/product_cat?post=4141"},{"taxonomy":"product_tag","embeddable":true,"href":"https:\/\/zojopackaging.com\/de\/wp-json\/wp\/v2\/product_tag?post=4141"}],"curies":[{"name":"wp","href":"https:\/\/api.w.org\/{rel}","templated":true}]}}