{"id":4170,"date":"2024-03-21T10:37:14","date_gmt":"2024-03-21T02:37:14","guid":{"rendered":"https:\/\/zojopackaging.com\/?post_type=product&#038;p=4170"},"modified":"2025-04-03T12:51:52","modified_gmt":"2025-04-03T04:51:52","slug":"valentines-day-gift-packaging-box","status":"publish","type":"product","link":"https:\/\/zojopackaging.com\/de\/product\/valentines-day-gift-packaging-box\/","title":{"rendered":"Benutzerdefinierte Valentinstag Geschenk Magnetische Verpackung Box Maker"},"content":{"rendered":"<h1>Benutzerdefinierte Valentinstag Geschenk Magnetische Verpackung Box Maker<\/h1>\n<p>Die Geschenkverpackung zum Valentinstag ist eine bezaubernde und romantische Verpackungsl\u00f6sung, die den Geschenken, die zu diesem Anlass \u00fcberreicht werden, eine besondere Note verleiht. Das einzigartige Design mit dem fr\u00f6hlichen und festlichen Motiv f\u00e4ngt den Geist des Valentinstages ein und ist die perfekte Wahl f\u00fcr die Verpackung von Geschenken f\u00fcr die Liebsten.<\/p>\n<p>Die aus hochwertigen Materialien wie Premium-Karton oder Pappe gefertigte Geschenkverpackung f\u00fcr den Valentinstag bietet sowohl Haltbarkeit als auch optische Attraktivit\u00e4t. Die Schachtel kann mit romantischen Motiven wie Herzen, Rosen oder Amor verziert werden, um ein skurriles und bezauberndes Design zu schaffen, das den perfekten Ton f\u00fcr den Anlass setzt.<\/p>\n<p>Die lebendige und farbenfrohe Oberfl\u00e4che der Valentinstags-Geschenkverpackung verleiht dem Geschenk ein festliches und feierliches Element, das die Gesamtpr\u00e4sentation der Geschenke im Inneren aufwertet. Durch die M\u00f6glichkeit, das \u00c4u\u00dfere der Schachtel mit pers\u00f6nlichen Botschaften, Namen oder Designs zu versehen, k\u00f6nnen die Schenkenden eine wirklich einzigartige und herzliche Verpackungsl\u00f6sung schaffen.<\/p>\n<p>Ob zum \u00dcberreichen von Pralinen, Schmuck, Blumen oder anderen besonderen Geschenken, die Geschenkverpackung zum Valentinstag wird die Empf\u00e4nger mit ihrem durchdachten und romantischen Design sicher begeistern. Diese Verpackungsl\u00f6sung verleiht dem Geschenk nicht nur eine zus\u00e4tzliche Ebene von Charme und Aufregung, sondern dient auch als sch\u00f6nes Andenken, das die Liebe und Zuneigung, die am Valentinstag geteilt wird, festh\u00e4lt.<\/p>\n<h1><strong>Spezifikation<\/strong><\/h1>\n<table style=\"border-collapse: collapse; width: 759.02pt;\" border=\"0\" width=\"1012\" cellspacing=\"0\" cellpadding=\"0\">\n<tbody>\n<tr style=\"height: 16.50pt;\">\n<td class=\"et3\" style=\"height: 16.50pt; width: 379.50pt;\" width=\"506\" height=\"22\">Abmessungen<\/td>\n<td class=\"et3\" style=\"width: 379.50pt;\" width=\"506\">Alle kundenspezifischen Gr\u00f6\u00dfen und Formen<\/td>\n<\/tr>\n<tr style=\"height: 16.50pt;\">\n<td class=\"et3\" style=\"height: 16.50pt;\" height=\"22\">Min.Menge<\/td>\n<td class=\"et3\">50 Boxen ( Hardproof Muster Option verf\u00fcgbar )<\/td>\n<\/tr>\n<tr style=\"height: 16.50pt;\">\n<td class=\"et3\" style=\"height: 16.50pt;\" height=\"22\">Standardverfahren<\/td>\n<td class=\"et3\">Stanzen, Kleben, Rillen, Perforieren<\/td>\n<\/tr>\n<tr style=\"height: 16.50pt;\">\n<td class=\"et3\" style=\"height: 16.50pt;\" height=\"22\">Drucken<\/td>\n<td class=\"et3\">Cmyk, pms, kein Druck<\/td>\n<\/tr>\n<tr style=\"height: 16.50pt;\">\n<td class=\"et3\" style=\"height: 16.50pt;\" height=\"22\">Option Material<\/td>\n<td class=\"et3\">Wei\u00dfes Kartonpapier, gestrichenes Papier, Kunstdruckpapier, Kraftpapier, Elfenbeinkarton, Duplexkarton, Spezialpapier, usw.<\/td>\n<\/tr>\n<tr style=\"height: 17.25pt;\">\n<td class=\"et3\" style=\"height: 17.25pt;\" height=\"23\">Oberfl\u00e4chenveredelung<\/td>\n<td class=\"et4\" style=\"width: 379.50pt;\" width=\"506\">Matt\/Glanz-Laminierung, Spot-UV-Pr\u00e4gung, Pr\u00e4gung, Folienpr\u00e4gung usw.<\/td>\n<\/tr>\n<tr style=\"height: 17.25pt;\">\n<td class=\"et4\" style=\"height: 17.25pt; width: 379.50pt;\" width=\"506\" height=\"23\">Industrie Verwendung<\/td>\n<td class=\"et4\" style=\"width: 379.50pt;\" width=\"506\">Kosmetika, Parf\u00fcm, Bekleidung, Schmuck, Tabak, Lebensmittel, Geschenkartikel und Waren des t\u00e4glichen Bedarfs,<\/td>\n<\/tr>\n<tr style=\"height: 34.50pt;\">\n<td class=\"et4\" style=\"height: 34.50pt; width: 379.50pt;\" width=\"506\" height=\"46\">Qualit\u00e4tskontrolle<\/td>\n<td class=\"et4\" style=\"width: 379.50pt;\" width=\"506\">Fortschrittliche Ausr\u00fcstung und ein erfahrenes QC-Team \u00fcberpr\u00fcfen Material, Halbfertig- und Fertigprodukte streng in jedem Schritt, bevor<\/td>\n<\/tr>\n<tr style=\"height: 34.50pt;\">\n<td class=\"et4\" style=\"height: 34.50pt; width: 379.50pt;\" width=\"506\" height=\"46\">Preis<\/td>\n<td class=\"et4\" style=\"width: 379.50pt;\" width=\"506\">Der Endpreis wird auf Ihr Produkt und die von Ihnen ben\u00f6tigte Menge zugeschnitten<\/td>\n<\/tr>\n<tr style=\"height: 16.50pt;\">\n<td class=\"et3\" style=\"height: 16.50pt;\" height=\"22\">Bearbeitungszeit<\/td>\n<td class=\"et3\">10-12 Arbeitstage, Eile<\/td>\n<\/tr>\n<tr style=\"height: 16.50pt;\">\n<td class=\"et3\" style=\"height: 16.50pt;\" height=\"22\">Papierbestand<\/td>\n<td class=\"et3\">10pt bis 28pt (60lb bis 400lb) umweltfreundliches Kraftpapier, E-Welle, Buxkarton, Cardstock<\/td>\n<\/tr>\n<tr style=\"height: 16.50pt;\">\n<td class=\"et3\" style=\"height: 16.50pt;\" height=\"22\">Proof<\/td>\n<td class=\"et3\">Flache Ansicht, 3d-Mock-up, physische Bemusterung (auf Anfrage)<\/td>\n<\/tr>\n<\/tbody>\n<\/table>\n<div class=\"widget block block-static-block\">\n<div class=\"landing-page-section option-bottom\">\n<div class=\"custom-materials-tabs-content container container-adjustment\">\n<div class=\"custom-materials-tab-content active\">\n<div class=\"widget block block-static-block\">\n<div class=\"options-items\">\n<div class=\"flex-grid-row-option\">\n<div class=\"flex-grid-item-option\">\n<div class=\"material-box\">\n<div class=\"material-des\">\n<p>&nbsp;<\/p>\n<\/div>\n<p>&nbsp;<\/p>\n<\/div>\n<\/div>\n<\/div>\n<\/div>\n<p><!---end of option item--><\/p>\n<\/div>\n<\/div>\n<\/div>\n<\/div>\n<\/div>","protected":false},"excerpt":{"rendered":"<p>Ihre Valentinsgeschenkboxen k\u00f6nnen \u00fcber mehrere Kan\u00e4le personalisiert werden: Glitzerpapier, gepr\u00e4gte Logos, Folienpr\u00e4gung, Samteinlage usw.<\/p>\n<p>Materialtyp: Umweltfreundlich, mit FSC\/ISO\/BSCI-Zertifizierung<br \/>\nProduktionszeit: Muster 1-3 Tage; Gro\u00dfserie 7-9 Tage<br \/>\nVersandzeit: Express 3-7 Tage; Luft 12-16 Tage; Boot 25-30 Tage\uff08Die verschiedenen L\u00e4nder haben unterschiedliche Zeiten)<\/p>\n<p>Preis:Kontaktieren Sie uns, um eine Anfrage zu senden!<\/p>","protected":false},"featured_media":4174,"template":"","meta":[],"product_brand":[],"product_cat":[30,423,424,31],"product_tag":[809,810,811],"class_list":{"0":"post-4170","1":"product","2":"type-product","3":"status-publish","4":"has-post-thumbnail","6":"product_cat-by-industry","7":"product_cat-custom-presentation-boxes-by-industry","8":"product_cat-magnetic-closure-boxes","9":"product_cat-paper-box-style","10":"product_tag-custom-valentines-day-gift-box","11":"product_tag-magnetic-box-maker","12":"product_tag-packaging-box-maker","14":"first","15":"instock","16":"shipping-taxable","17":"product-type-grouped"},"_links":{"self":[{"href":"https:\/\/zojopackaging.com\/de\/wp-json\/wp\/v2\/product\/4170","targetHints":{"allow":["GET"]}}],"collection":[{"href":"https:\/\/zojopackaging.com\/de\/wp-json\/wp\/v2\/product"}],"about":[{"href":"https:\/\/zojopackaging.com\/de\/wp-json\/wp\/v2\/types\/product"}],"version-history":[{"count":1,"href":"https:\/\/zojopackaging.com\/de\/wp-json\/wp\/v2\/product\/4170\/revisions"}],"predecessor-version":[{"id":8465,"href":"https:\/\/zojopackaging.com\/de\/wp-json\/wp\/v2\/product\/4170\/revisions\/8465"}],"wp:featuredmedia":[{"embeddable":true,"href":"https:\/\/zojopackaging.com\/de\/wp-json\/wp\/v2\/media\/4174"}],"wp:attachment":[{"href":"https:\/\/zojopackaging.com\/de\/wp-json\/wp\/v2\/media?parent=4170"}],"wp:term":[{"taxonomy":"product_brand","embeddable":true,"href":"https:\/\/zojopackaging.com\/de\/wp-json\/wp\/v2\/product_brand?post=4170"},{"taxonomy":"product_cat","embeddable":true,"href":"https:\/\/zojopackaging.com\/de\/wp-json\/wp\/v2\/product_cat?post=4170"},{"taxonomy":"product_tag","embeddable":true,"href":"https:\/\/zojopackaging.com\/de\/wp-json\/wp\/v2\/product_tag?post=4170"}],"curies":[{"name":"wp","href":"https:\/\/api.w.org\/{rel}","templated":true}]}}