{"id":4225,"date":"2024-03-21T11:37:12","date_gmt":"2024-03-21T03:37:12","guid":{"rendered":"https:\/\/zojopackaging.com\/?post_type=product&#038;p=4225"},"modified":"2025-03-26T20:54:19","modified_gmt":"2025-03-26T12:54:19","slug":"water-cup-flip-top-packaging-box","status":"publish","type":"product","link":"https:\/\/zojopackaging.com\/de\/product\/water-cup-flip-top-packaging-box\/","title":{"rendered":"Luxus Gourmet benutzerdefinierte Teebeutel Verpackung Boxen Gro\u00dfhandel"},"content":{"rendered":"<h1>Luxus Gourmet benutzerdefinierte Teebeutel Verpackung Boxen Gro\u00dfhandel<\/h1>\n<p>Die Flip-Top-Verpackungsbox f\u00fcr Wasserbecher ist eine spezielle und praktische Verpackungsl\u00f6sung f\u00fcr die sichere Aufbewahrung und den bequemen Zugriff auf Wasserbecher oder andere \u00e4hnliche Produkte. Dieses innovative Design verf\u00fcgt \u00fcber einen Flip-Top-Deckel, der sich leicht \u00f6ffnen und schlie\u00dfen l\u00e4sst und sowohl bei der Aufbewahrung als auch beim Transport eine benutzerfreundliche Erfahrung bietet.<\/p>\n<p>Die aus hochwertigen Materialien wie stabilem Karton oder Pappe gefertigte Flip-Top-Verpackungsbox f\u00fcr Wasserbecher bietet Haltbarkeit und Schutz f\u00fcr die darin enthaltenen Becher. Das Design ist auf die Form und Gr\u00f6\u00dfe von Wasserbechern zugeschnitten und gew\u00e4hrleistet einen sicheren Sitz, um ein Verrutschen oder Besch\u00e4digen w\u00e4hrend der Handhabung und Lagerung zu verhindern.<\/p>\n<p>Das Design des Flip-Top-Deckels erm\u00f6glicht einen schnellen und einfachen Zugang zu den Wasserbechern, so dass die Benutzer die Becher bei Bedarf bequem entnehmen und auff\u00fcllen k\u00f6nnen. Dieses Merkmal erh\u00f6ht die Funktionalit\u00e4t der Verpackungsbox und bietet sowohl den Unternehmen als auch den Kunden einen h\u00f6heren Komfort.<\/p>\n<h1>Spezifikationen<\/h1>\n<table style=\"border-collapse: collapse; width: 759.02pt;\" border=\"0\" width=\"1012\" cellspacing=\"0\" cellpadding=\"0\">\n<tbody>\n<tr style=\"height: 16.50pt;\">\n<td class=\"et3\" style=\"height: 16.50pt; width: 379.50pt;\" width=\"506\" height=\"22\">Abmessungen<\/td>\n<td class=\"et3\" style=\"width: 379.50pt;\" width=\"506\">Alle kundenspezifischen Gr\u00f6\u00dfen und Formen<\/td>\n<\/tr>\n<tr style=\"height: 16.50pt;\">\n<td class=\"et3\" style=\"height: 16.50pt;\" height=\"22\">Min.Menge<\/td>\n<td class=\"et3\">500 St\u00fcck<\/td>\n<\/tr>\n<tr style=\"height: 16.50pt;\">\n<td class=\"et3\" style=\"height: 16.50pt;\" height=\"22\">Standardverfahren<\/td>\n<td class=\"et3\">Stanzen, Kleben, Rillen, Perforieren<\/td>\n<\/tr>\n<tr style=\"height: 16.50pt;\">\n<td class=\"et3\" style=\"height: 16.50pt;\" height=\"22\">Drucken<\/td>\n<td class=\"et3\">Cmyk, pms, kein Druck<\/td>\n<\/tr>\n<tr style=\"height: 16.50pt;\">\n<td class=\"et3\" style=\"height: 16.50pt;\" height=\"22\">Option Material<\/td>\n<td class=\"et3\">Wei\u00dfes Kartonpapier, gestrichenes Papier, Kunstdruckpapier, Kraftpapier, Elfenbeinkarton, Duplexkarton, Spezialpapier, usw.<\/td>\n<\/tr>\n<tr style=\"height: 17.25pt;\">\n<td class=\"et3\" style=\"height: 17.25pt;\" height=\"23\">Oberfl\u00e4chenveredelung<\/td>\n<td class=\"et4\" style=\"width: 379.50pt;\" width=\"506\">Matt\/Glanz-Laminierung, Spot-UV-Pr\u00e4gung, Pr\u00e4gung, Folienpr\u00e4gung usw.<\/td>\n<\/tr>\n<tr style=\"height: 17.25pt;\">\n<td class=\"et4\" style=\"height: 17.25pt; width: 379.50pt;\" width=\"506\" height=\"23\">Industrie Verwendung<\/td>\n<td class=\"et4\" style=\"width: 379.50pt;\" width=\"506\">Kosmetika, Parf\u00fcm, Bekleidung, Schmuck, Tabak, Lebensmittel, Geschenkartikel und Waren des t\u00e4glichen Bedarfs,<\/td>\n<\/tr>\n<tr style=\"height: 34.50pt;\">\n<td class=\"et4\" style=\"height: 34.50pt; width: 379.50pt;\" width=\"506\" height=\"46\">Qualit\u00e4tskontrolle<\/td>\n<td class=\"et4\" style=\"width: 379.50pt;\" width=\"506\">Fortschrittliche Ausr\u00fcstung und ein erfahrenes QC-Team \u00fcberpr\u00fcfen Material, Halbfertig- und Fertigprodukte streng in jedem Schritt, bevor<\/td>\n<\/tr>\n<tr style=\"height: 34.50pt;\">\n<td class=\"et4\" style=\"height: 34.50pt; width: 379.50pt;\" width=\"506\" height=\"46\">Preis<\/td>\n<td class=\"et4\" style=\"width: 379.50pt;\" width=\"506\">Der Endpreis wird auf Ihr Produkt und die von Ihnen ben\u00f6tigte Menge zugeschnitten<\/td>\n<\/tr>\n<tr style=\"height: 16.50pt;\">\n<td class=\"et3\" style=\"height: 16.50pt;\" height=\"22\">Bearbeitungszeit<\/td>\n<td class=\"et3\">7-14 Werktage, Eile<\/td>\n<\/tr>\n<tr style=\"height: 16.50pt;\">\n<td class=\"et3\" style=\"height: 16.50pt;\" height=\"22\">Papierbestand<\/td>\n<td class=\"et3\">10pt bis 28pt (60lb bis 400lb) umweltfreundliches Kraftpapier, E-Welle, Buxkarton, Cardstock<\/td>\n<\/tr>\n<tr style=\"height: 16.50pt;\">\n<td class=\"et3\" style=\"height: 16.50pt;\" height=\"22\">Proof<\/td>\n<td class=\"et3\">Flache Ansicht, 3d-Mock-up, physische Bemusterung (auf Anfrage)<\/td>\n<\/tr>\n<\/tbody>\n<\/table>\n<div class=\"widget block block-static-block\">\n<div class=\"landing-page-section option-bottom\">\n<div class=\"custom-materials-tabs-content container container-adjustment\">\n<div class=\"custom-materials-tab-content active\">\n<div class=\"widget block block-static-block\">\n<div class=\"options-items\">\n<div class=\"flex-grid-row-option\">\n<div class=\"flex-grid-item-option\">\n<div class=\"material-box\">\n<p>&nbsp;<\/p>\n<\/div>\n<\/div>\n<\/div>\n<\/div>\n<p><!---end of option item--><\/p>\n<\/div>\n<\/div>\n<\/div>\n<\/div>\n<\/div>","protected":false},"excerpt":{"rendered":"<p>Magnetischer Verschluss Box, Anti-Verschlei\u00df-Design. Macaron Farbe Gold Hei\u00dfpr\u00e4gung Prozess, Heilung Luxus. Unbegrenzte Anpassung der Box Art \/ Gr\u00f6\u00dfe \/ Druck, anpassbare Futter, um Transportsch\u00e4den zu verhindern. China Quelle Fabrik, kostenlose Proben \/ Entw\u00fcrfe, Qualit\u00e4t kontrollierbar.<\/p>","protected":false},"featured_media":4230,"template":"","meta":[],"product_brand":[],"product_cat":[30,422,424,31],"product_tag":[650,648,649],"class_list":{"0":"post-4225","1":"product","2":"type-product","3":"status-publish","4":"has-post-thumbnail","6":"product_cat-by-industry","7":"product_cat-custom-gourmet-boxes-by-industry","8":"product_cat-magnetic-closure-boxes","9":"product_cat-paper-box-style","10":"product_tag-gourmet-boxes-wholesale","11":"product_tag-gourmet-tea-packaging","12":"product_tag-tea-packaging-boxes","14":"first","15":"instock","16":"shipping-taxable","17":"product-type-grouped"},"_links":{"self":[{"href":"https:\/\/zojopackaging.com\/de\/wp-json\/wp\/v2\/product\/4225","targetHints":{"allow":["GET"]}}],"collection":[{"href":"https:\/\/zojopackaging.com\/de\/wp-json\/wp\/v2\/product"}],"about":[{"href":"https:\/\/zojopackaging.com\/de\/wp-json\/wp\/v2\/types\/product"}],"version-history":[{"count":2,"href":"https:\/\/zojopackaging.com\/de\/wp-json\/wp\/v2\/product\/4225\/revisions"}],"predecessor-version":[{"id":8316,"href":"https:\/\/zojopackaging.com\/de\/wp-json\/wp\/v2\/product\/4225\/revisions\/8316"}],"wp:featuredmedia":[{"embeddable":true,"href":"https:\/\/zojopackaging.com\/de\/wp-json\/wp\/v2\/media\/4230"}],"wp:attachment":[{"href":"https:\/\/zojopackaging.com\/de\/wp-json\/wp\/v2\/media?parent=4225"}],"wp:term":[{"taxonomy":"product_brand","embeddable":true,"href":"https:\/\/zojopackaging.com\/de\/wp-json\/wp\/v2\/product_brand?post=4225"},{"taxonomy":"product_cat","embeddable":true,"href":"https:\/\/zojopackaging.com\/de\/wp-json\/wp\/v2\/product_cat?post=4225"},{"taxonomy":"product_tag","embeddable":true,"href":"https:\/\/zojopackaging.com\/de\/wp-json\/wp\/v2\/product_tag?post=4225"}],"curies":[{"name":"wp","href":"https:\/\/api.w.org\/{rel}","templated":true}]}}