{"id":4285,"date":"2024-03-21T15:54:56","date_gmt":"2024-03-21T07:54:56","guid":{"rendered":"https:\/\/zojopackaging.com\/?post_type=product&#038;p=4285"},"modified":"2025-03-28T14:13:09","modified_gmt":"2025-03-28T06:13:09","slug":"portable-electronic-cigarette-box","status":"publish","type":"product","link":"https:\/\/zojopackaging.com\/de\/product\/portable-electronic-cigarette-box\/","title":{"rendered":"Benutzerdefinierte Vape Pen Deckel und Basis-Box Gro\u00dfhandel in China"},"content":{"rendered":"<h1>Benutzerdefinierte Vape Pen Deckel und Basis-Box Gro\u00dfhandel in China<\/h1>\n<p>Die elektronische Zigarettenbox ist ein tragbares und praktisches Ger\u00e4t, das f\u00fcr Vaping-Enthusiasten entwickelt wurde.<\/p>\n<ul>\n<li>Akku: Die elektronische Zigarettenbox wird von einem wiederaufladbaren Akku angetrieben, der die n\u00f6tige Energie liefert, um das E-Liquid zu erhitzen und Dampf zu erzeugen.<\/li>\n<li>Tank: Der Tank, auch bekannt als Zerst\u00e4uber oder Clearomizer, ist der Ort, an dem das E-Liquid gelagert wird. Er enth\u00e4lt eine Spule, die sich bei Aktivierung erhitzt und das E-Liquid in Dampf verwandelt.<\/li>\n<li>Bedienfeld: Viele elektronische Zigaretten-Boxen verf\u00fcgen \u00fcber ein Bedienfeld mit Tasten, um Einstellungen wie Wattzahl, Temperatur und Luftstrom zu justieren, um die Vaping-Erfahrung anzupassen.<\/li>\n<li>Bildschirm: Einige Modelle sind mit einem OLED- oder LED-Display ausgestattet, das wichtige Informationen wie Akkulaufzeit, Wattzahl, Widerstand und Anzahl der Puffs anzeigt.<\/li>\n<li>Sicherheitsfunktionen: Elektronische Zigarettenboxen haben oft eingebaute Sicherheitsfunktionen wie Kurzschlussschutz, \u00dcberhitzungsschutz und Warnung bei niedrigem Batteriestand, um einen sicheren Gebrauch zu gew\u00e4hrleisten.<\/li>\n<li>Anpassungsm\u00f6glichkeiten: Die Nutzer k\u00f6nnen ihr Dampferlebnis oft individuell gestalten, indem sie Einstellungen wie Wattzahl, Temperatur und Luftstrom an ihre Vorlieben anpassen.<\/li>\n<li>Design: Elektronische Zigarettenschachteln gibt es in verschiedenen Designs, Gr\u00f6\u00dfen und Farben, um verschiedenen Geschm\u00e4ckern und Stilen gerecht zu werden.<\/li>\n<\/ul>\n<h1><strong>Spezifikation<\/strong><\/h1>\n<div class=\"widget block block-static-block\">\n<div class=\"landing-page-section option-bottom\">\n<div class=\"custom-materials-tabs-content container container-adjustment\">\n<div class=\"custom-materials-tab-content active\">\n<div class=\"widget block block-static-block\">\n<div class=\"options-items\">\n<div class=\"flex-grid-row-option\">\n<div class=\"flex-grid-item-option\">\n<div class=\"material-box\">\n<div class=\"material-des\">\n<table width=\"1070\">\n<tbody>\n<tr>\n<td width=\"373\">Abmessungen<\/td>\n<td width=\"373\">Alle kundenspezifischen Gr\u00f6\u00dfen und Formen<\/td>\n<\/tr>\n<tr>\n<td width=\"373\">MOQ<\/td>\n<td width=\"373\">500St\u00fcck<\/td>\n<\/tr>\n<tr>\n<td width=\"373\">Probezeit<\/td>\n<td width=\"373\">\u00a03-5 Tage<\/td>\n<\/tr>\n<tr>\n<td width=\"373\">Standardverfahren<\/td>\n<td width=\"373\">Stanzen, Kleben, Rillen, Perforieren<\/td>\n<\/tr>\n<tr>\n<td width=\"373\">Drucken<\/td>\n<td width=\"373\">Cmyk, pms, kein Druck<\/td>\n<\/tr>\n<tr>\n<td width=\"373\">Option Material<\/td>\n<td width=\"373\">Wei\u00dfes Kartonpapier, gestrichenes Papier, Kunstdruckpapier, Kraftpapier, Elfenbeinkarton, Duplexkarton, Spezialpapier, usw.<\/td>\n<\/tr>\n<tr>\n<td width=\"373\">Oberfl\u00e4chenveredelung<\/td>\n<td width=\"373\">Matt\/Glanz-Laminierung, Spot-UV-Pr\u00e4gung, Pr\u00e4gung, Folienpr\u00e4gung usw.<\/td>\n<\/tr>\n<tr>\n<td width=\"373\">Industrie Verwendung<\/td>\n<td width=\"373\">Kosmetika, Parf\u00fcm, Bekleidung, Schmuck, Tabak, Lebensmittel, Geschenkartikel und Waren des t\u00e4glichen Bedarfs,<\/td>\n<\/tr>\n<tr>\n<td width=\"373\">Qualit\u00e4tskontrolle<\/td>\n<td width=\"373\">Fortschrittliche Ausr\u00fcstung und ein erfahrenes QC-Team \u00fcberpr\u00fcfen Material, Halbfertig- und Fertigprodukte streng in jedem Schritt, bevor<\/td>\n<\/tr>\n<tr>\n<td width=\"373\">Preis<\/td>\n<td width=\"373\">Der Endpreis wird auf Ihr Produkt und die von Ihnen ben\u00f6tigte Menge zugeschnitten<\/td>\n<\/tr>\n<tr>\n<td width=\"373\">Bearbeitungszeit<\/td>\n<td width=\"373\">7-14 Werktage, Eile<\/td>\n<\/tr>\n<tr>\n<td width=\"373\">Papierbestand<\/td>\n<td width=\"373\">10pt bis 28pt (60lb bis 400lb) umweltfreundliches Kraftpapier, E-Welle, Buxkarton, Cardstock<\/td>\n<\/tr>\n<tr>\n<td width=\"373\">Format der Druckvorlage<\/td>\n<td width=\"373\">JPG, PDF, AI, CDR, EPS, GIF....<\/td>\n<\/tr>\n<tr>\n<td width=\"373\">Zubeh\u00f6r<\/td>\n<td width=\"373\">Magnet, Farbband, EVA-Form, Kunststoffschale, Schwamm, PVC\/PET\/PP-Fenster,...<\/td>\n<\/tr>\n<tr>\n<td width=\"373\">Zahlungsfrist<\/td>\n<td width=\"373\">T\/T, Western Union, Paypal, 30% Anzahlung und 70% Restbetrag vor Versand.<\/td>\n<\/tr>\n<\/tbody>\n<\/table>\n<\/div>\n<\/div>\n<\/div>\n<\/div>\n<\/div>\n<\/div>\n<\/div>\n<\/div>\n<\/div>\n<\/div>\n<h1><strong style=\"font-size: 16px;\">DAS FACHWISSEN VON FACHLEUTEN BEI DER GESTALTUNG DER INDIVIDUELLEN BOXEN ZU SUCHEN<\/strong><\/h1>\n<div class=\"widget block block-static-block\">\n<div class=\"landing-page-section option-bottom\">\n<div class=\"custom-materials-tabs-content container container-adjustment\">\n<div class=\"custom-materials-tab-content active\">\n<div class=\"widget block block-static-block\">\n<div class=\"options-items\">\n<div class=\"flex-grid-row-option\">\n<div class=\"flex-grid-item-option\">\n<div class=\"material-box\">\n<div class=\"material-des\">\n<p>Die Custom Packaging verf\u00fcgt \u00fcber ein Team von erfahrenen Designern, die Ihnen bei der Gestaltung der besten\u00a0<strong>Kundenspezifische Siegelendk\u00e4sten<\/strong>\u00a0nach Ihren Anforderungen. Unsere Designer helfen Ihnen bei der Auswahl des besten Materials, der Form, der Gr\u00f6\u00dfe und der Farbe f\u00fcr die Gestaltung der individuellen Box Ihrer Wahl. Dar\u00fcber hinaus k\u00f6nnen Sie sich auch von unseren Fachleuten beraten lassen, ohne daf\u00fcr extra Geld zu bezahlen. Der Herstellungsprozess der ma\u00dfgeschneiderten Siegelendschachteln wird erst nach Genehmigung durch den Kunden eingeleitet. Unsere Designer stellen kostenlose Muster der Schachteln mit den endg\u00fcltigen Designs vor dem Produktionsprozess zur Verf\u00fcgung, damit die Kunden wissen, was sie bekommen.<\/p>\n<h2><strong>WIR UNTERST\u00dcTZEN UNSERE KUNDEN BEI JEDEM SCHRITT<\/strong><\/h2>\n<p>Unser Team bei The Custom Packaging ist hier, um unsere Kunden bei jedem Schritt zu unterst\u00fctzen. Wir stellen sicher, dass wir unseren Kunden unsere bestm\u00f6glichen Dienstleistungen zu Gro\u00dfhandelspreisen anbieten. Kontaktieren Sie uns per E-Mail oder rufen Sie uns an, um Ihre Auftr\u00e4ge von uns gemacht zu bekommen. Wir versprechen, alle Verpackungsanforderungen unserer wertvollen Kunden zu erf\u00fcllen.<\/p>\n<\/div>\n<p>&nbsp;<\/p>\n<\/div>\n<\/div>\n<\/div>\n<\/div>\n<p><!---end of option item--><\/p>\n<\/div>\n<\/div>\n<\/div>\n<\/div>\n<\/div>","protected":false},"excerpt":{"rendered":"<p>Ein klassischer Vape Pen in fester Verpackung. Benutzerdefiniert mit dem privaten Design des Kunden auf der Box Fall.<\/p>\n<p>Materialtyp: Umweltfreundlich, mit FSC\/ISO\/BSCI-Zertifizierung<br \/>\nProduktionszeit: Muster 1-3 Tage; Gro\u00dfserie 7-9 Tage<br \/>\nVersandzeit: Express 3-7 Tage; Luft 12-16 Tage; Boot 25-30 Tage\uff08Die verschiedenen L\u00e4nder haben unterschiedliche Zeiten)<\/p>\n<p>Preis:Kontaktieren Sie uns, um eine Anfrage zu senden!<\/p>\n<p>&nbsp;<\/p>","protected":false},"featured_media":4288,"template":"","meta":[],"product_brand":[],"product_cat":[30,420,425,31],"product_tag":[791,789,790],"class_list":{"0":"post-4285","1":"product","2":"type-product","3":"status-publish","4":"has-post-thumbnail","6":"product_cat-by-industry","7":"product_cat-custom-cannabis-boxes","8":"product_cat-lid-and-base-gift-box","9":"product_cat-paper-box-style","10":"product_tag-box-wholesale-in-china","11":"product_tag-custom-vape-pen-box","12":"product_tag-vape-pen-box-wholesale","14":"first","15":"instock","16":"shipping-taxable","17":"product-type-grouped"},"_links":{"self":[{"href":"https:\/\/zojopackaging.com\/de\/wp-json\/wp\/v2\/product\/4285","targetHints":{"allow":["GET"]}}],"collection":[{"href":"https:\/\/zojopackaging.com\/de\/wp-json\/wp\/v2\/product"}],"about":[{"href":"https:\/\/zojopackaging.com\/de\/wp-json\/wp\/v2\/types\/product"}],"version-history":[{"count":2,"href":"https:\/\/zojopackaging.com\/de\/wp-json\/wp\/v2\/product\/4285\/revisions"}],"predecessor-version":[{"id":8457,"href":"https:\/\/zojopackaging.com\/de\/wp-json\/wp\/v2\/product\/4285\/revisions\/8457"}],"wp:featuredmedia":[{"embeddable":true,"href":"https:\/\/zojopackaging.com\/de\/wp-json\/wp\/v2\/media\/4288"}],"wp:attachment":[{"href":"https:\/\/zojopackaging.com\/de\/wp-json\/wp\/v2\/media?parent=4285"}],"wp:term":[{"taxonomy":"product_brand","embeddable":true,"href":"https:\/\/zojopackaging.com\/de\/wp-json\/wp\/v2\/product_brand?post=4285"},{"taxonomy":"product_cat","embeddable":true,"href":"https:\/\/zojopackaging.com\/de\/wp-json\/wp\/v2\/product_cat?post=4285"},{"taxonomy":"product_tag","embeddable":true,"href":"https:\/\/zojopackaging.com\/de\/wp-json\/wp\/v2\/product_tag?post=4285"}],"curies":[{"name":"wp","href":"https:\/\/api.w.org\/{rel}","templated":true}]}}