{"id":4292,"date":"2024-03-21T16:02:55","date_gmt":"2024-03-21T08:02:55","guid":{"rendered":"https:\/\/zojopackaging.com\/?post_type=product&#038;p=4292"},"modified":"2025-03-28T13:59:55","modified_gmt":"2025-03-28T05:59:55","slug":"headphone-packaging-box","status":"publish","type":"product","link":"https:\/\/zojopackaging.com\/de\/product\/headphone-packaging-box\/","title":{"rendered":"Benutzerdefinierte Kopfh\u00f6rer Starre Box f\u00fcr Unternehmen Boxen Hersteller"},"content":{"rendered":"<h1>Benutzerdefinierte Kopfh\u00f6rer Starre Box f\u00fcr Unternehmen Boxen Hersteller<\/h1>\n<p>Die Kopfh\u00f6rer-Verpackungsschachtel ist f\u00fcr die sichere Aufbewahrung und Pr\u00e4sentation von Kopfh\u00f6rern im Einzelhandel oder als Teil einer Produktverpackung konzipiert.<\/p>\n<ul>\n<li>Material: Die Box besteht in der Regel aus stabilem Karton oder Pappe, um den Kopfh\u00f6rer w\u00e4hrend des Versands und der Handhabung zu sch\u00fctzen.<\/li>\n<li>Design: Das Design der Box kann variieren, umfasst aber h\u00e4ufig eine Frontplatte mit einem durchsichtigen Kunststofffenster, um die Kopfh\u00f6rer im Inneren zu pr\u00e4sentieren. Das Design kann auch Branding, Produktinformationen und attraktive Grafiken enthalten, um Kunden anzulocken.<\/li>\n<li>Eins\u00e4tze: Viele Kopfh\u00f6rerverpackungen enthalten spezielle Eins\u00e4tze oder Schaumstoffpolster, die den Kopfh\u00f6rer sicher an seinem Platz halten und Besch\u00e4digungen w\u00e4hrend des Transports verhindern.<\/li>\n<li>Verschluss: Die Box kann mit einer Klappe oder einem Magnetverschluss versehen sein, damit die Kopfh\u00f6rer sicher im Inneren bleiben.<\/li>\n<li>Gr\u00f6\u00dfe: Die Gr\u00f6\u00dfe der Box ist auf den jeweiligen Kopfh\u00f6rer zugeschnitten und gew\u00e4hrleistet einen passgenauen Sitz und eine professionelle Pr\u00e4sentation.<\/li>\n<li>Zus\u00e4tzliche Informationen: Die Verpackung kann Einzelheiten \u00fcber den Kopfh\u00f6rer enthalten, z. B. technische Daten, Funktionen und Garantieinformationen.<\/li>\n<li>Markenbildung: Auf der Verpackung sind h\u00e4ufig das Markenlogo und der Markenname gut sichtbar angebracht, um den Kunden die Identifizierung des Produkts zu erleichtern und den Wiedererkennungswert der Marke zu erh\u00f6hen.<\/li>\n<\/ul>\n<h1><strong>Spezifikation<\/strong><\/h1>\n<div class=\"widget block block-static-block\">\n<div class=\"landing-page-section option-bottom\">\n<div class=\"custom-materials-tabs-content container container-adjustment\">\n<div class=\"custom-materials-tab-content active\">\n<div class=\"widget block block-static-block\">\n<div class=\"options-items\">\n<div class=\"flex-grid-row-option\">\n<div class=\"flex-grid-item-option\">\n<div class=\"material-box\">\n<div class=\"material-des\">\n<table width=\"1070\">\n<tbody>\n<tr>\n<td width=\"373\">Abmessungen<\/td>\n<td width=\"373\">Alle kundenspezifischen Gr\u00f6\u00dfen und Formen<\/td>\n<\/tr>\n<tr>\n<td width=\"373\">MOQ<\/td>\n<td width=\"373\">500St\u00fcck<\/td>\n<\/tr>\n<tr>\n<td width=\"373\">Probezeit<\/td>\n<td width=\"373\">\u00a03-5 Tage<\/td>\n<\/tr>\n<tr>\n<td width=\"373\">Standardverfahren<\/td>\n<td width=\"373\">Stanzen, Kleben, Rillen, Perforieren<\/td>\n<\/tr>\n<tr>\n<td width=\"373\">Drucken<\/td>\n<td width=\"373\">Cmyk, pms, kein Druck<\/td>\n<\/tr>\n<tr>\n<td width=\"373\">Option Material<\/td>\n<td width=\"373\">Wei\u00dfes Kartonpapier, gestrichenes Papier, Kunstdruckpapier, Kraftpapier, Elfenbeinkarton, Duplexkarton, Spezialpapier, usw.<\/td>\n<\/tr>\n<tr>\n<td width=\"373\">Oberfl\u00e4chenveredelung<\/td>\n<td width=\"373\">Matt\/Glanz-Laminierung, Spot-UV-Pr\u00e4gung, Pr\u00e4gung, Folienpr\u00e4gung usw.<\/td>\n<\/tr>\n<tr>\n<td width=\"373\">Industrie Verwendung<\/td>\n<td width=\"373\">Kosmetika, Parf\u00fcm, Bekleidung, Schmuck, Tabak, Lebensmittel, Geschenkartikel und Waren des t\u00e4glichen Bedarfs,<\/td>\n<\/tr>\n<tr>\n<td width=\"373\">Qualit\u00e4tskontrolle<\/td>\n<td width=\"373\">Fortschrittliche Ausr\u00fcstung und ein erfahrenes QC-Team \u00fcberpr\u00fcfen Material, Halbfertig- und Fertigprodukte streng in jedem Schritt, bevor<\/td>\n<\/tr>\n<tr>\n<td width=\"373\">Preis<\/td>\n<td width=\"373\">Der Endpreis wird auf Ihr Produkt und die von Ihnen ben\u00f6tigte Menge zugeschnitten<\/td>\n<\/tr>\n<tr>\n<td width=\"373\">Bearbeitungszeit<\/td>\n<td width=\"373\">7-14 Werktage, Eile<\/td>\n<\/tr>\n<tr>\n<td width=\"373\">Papierbestand<\/td>\n<td width=\"373\">10pt bis 28pt (60lb bis 400lb) umweltfreundliches Kraftpapier, E-Welle, Buxkarton, Cardstock<\/td>\n<\/tr>\n<tr>\n<td width=\"373\">Format der Druckvorlage<\/td>\n<td width=\"373\">JPG, PDF, AI, CDR, EPS, GIF....<\/td>\n<\/tr>\n<tr>\n<td width=\"373\">Zubeh\u00f6r<\/td>\n<td width=\"373\">Magnet, Farbband, EVA-Form, Kunststoffschale, Schwamm, PVC\/PET\/PP-Fenster,...<\/td>\n<\/tr>\n<tr>\n<td width=\"373\">Zahlungsfrist<\/td>\n<td width=\"373\">T\/T, Western Union, Paypal, 30% Anzahlung und 70% Restbetrag vor Versand.<\/td>\n<\/tr>\n<\/tbody>\n<\/table>\n<\/div>\n<\/div>\n<\/div>\n<\/div>\n<\/div>\n<\/div>\n<\/div>\n<\/div>\n<\/div>\n<\/div>\n<div class=\"widget block block-static-block\">\n<div class=\"landing-page-section option-bottom\">\n<div class=\"custom-materials-tabs-content container container-adjustment\">\n<div class=\"custom-materials-tab-content active\">\n<div class=\"widget block block-static-block\">\n<div class=\"options-items\">\n<div class=\"flex-grid-row-option\">\n<div class=\"flex-grid-item-option\">\n<div class=\"material-box\">\n<p>&nbsp;<\/p>\n<\/div>\n<\/div>\n<\/div>\n<\/div>\n<p><!---end of option item--><\/p>\n<\/div>\n<\/div>\n<\/div>\n<\/div>\n<\/div>","protected":false},"excerpt":{"rendered":"<p>Benutzerdefinierte Kopfh\u00f6rer sind ein super Spa\u00df Weg, um Ihr Firmenlogo oder Farben, um ein Geschenk hinzuzuf\u00fcgen. Diese machen eine gro\u00dfe Erg\u00e4nzung zu benutzerdefinierten Kunden Geschenke, Messe \u00fcberleben.<\/p>\n<p>Materialtyp: Umweltfreundlich, mit FSC\/ISO\/BSCI-Zertifizierung<br \/>\nProduktionszeit: Muster 1-3 Tage; Gro\u00dfserie 7-9 Tage<br \/>\nVersandzeit: Express 3-7 Tage; Luft 12-16 Tage; Boot 25-30 Tage\uff08Die verschiedenen L\u00e4nder haben unterschiedliche Zeiten)<\/p>\n<p>Preis:Kontaktieren Sie uns, um eine Anfrage zu senden!<\/p>","protected":false},"featured_media":4297,"template":"","meta":[],"product_brand":[],"product_cat":[30,413,425,31],"product_tag":[785,784,786],"class_list":{"0":"post-4292","1":"product","2":"type-product","3":"status-publish","4":"has-post-thumbnail","6":"product_cat-by-industry","7":"product_cat-consumer-electronics-boxes","8":"product_cat-lid-and-base-gift-box","9":"product_cat-paper-box-style","10":"product_tag-corporate-boxes-manufacturer","11":"product_tag-custom-headphones-rigid-box","12":"product_tag-headphones-rigid-box","14":"first","15":"instock","16":"shipping-taxable","17":"product-type-grouped"},"_links":{"self":[{"href":"https:\/\/zojopackaging.com\/de\/wp-json\/wp\/v2\/product\/4292","targetHints":{"allow":["GET"]}}],"collection":[{"href":"https:\/\/zojopackaging.com\/de\/wp-json\/wp\/v2\/product"}],"about":[{"href":"https:\/\/zojopackaging.com\/de\/wp-json\/wp\/v2\/types\/product"}],"version-history":[{"count":2,"href":"https:\/\/zojopackaging.com\/de\/wp-json\/wp\/v2\/product\/4292\/revisions"}],"predecessor-version":[{"id":8455,"href":"https:\/\/zojopackaging.com\/de\/wp-json\/wp\/v2\/product\/4292\/revisions\/8455"}],"wp:featuredmedia":[{"embeddable":true,"href":"https:\/\/zojopackaging.com\/de\/wp-json\/wp\/v2\/media\/4297"}],"wp:attachment":[{"href":"https:\/\/zojopackaging.com\/de\/wp-json\/wp\/v2\/media?parent=4292"}],"wp:term":[{"taxonomy":"product_brand","embeddable":true,"href":"https:\/\/zojopackaging.com\/de\/wp-json\/wp\/v2\/product_brand?post=4292"},{"taxonomy":"product_cat","embeddable":true,"href":"https:\/\/zojopackaging.com\/de\/wp-json\/wp\/v2\/product_cat?post=4292"},{"taxonomy":"product_tag","embeddable":true,"href":"https:\/\/zojopackaging.com\/de\/wp-json\/wp\/v2\/product_tag?post=4292"}],"curies":[{"name":"wp","href":"https:\/\/api.w.org\/{rel}","templated":true}]}}