{"id":4330,"date":"2024-03-21T16:43:04","date_gmt":"2024-03-21T08:43:04","guid":{"rendered":"https:\/\/zojopackaging.com\/?post_type=product&#038;p=4330"},"modified":"2025-03-28T13:40:43","modified_gmt":"2025-03-28T05:40:43","slug":"hair-curler-packaging-box","status":"publish","type":"product","link":"https:\/\/zojopackaging.com\/de\/product\/hair-curler-packaging-box\/","title":{"rendered":"Kundenspezifische Elektrorasierer Haartrimmer Rasierapparat Verpackungsboxen"},"content":{"rendered":"<h1 class=\"self-content-pre-ca33f6\">Kundenspezifische Elektrorasierer Haartrimmer Rasierapparat Verpackungsboxen<\/h1>\n<p>Die<\/p>\n<p>Kundenspezifische Verpackungen f\u00fcr Elektrorasierer, Haartrimmer und Rasierapparate dienen dem Schutz und der Pr\u00e4sentation Ihres eleganten Lockenwicklers. Die Box ist in der Regel aus robusten Materialien gefertigt, um die Sicherheit des Lockenstabs w\u00e4hrend des Transports und der Lagerung zu gew\u00e4hrleisten.<\/p>\n<p>Die Verpackung kann ein attraktives Design aufweisen, m\u00f6glicherweise mit Bildern von sch\u00f6nen Locken oder dem Markenlogo, um die Aufmerksamkeit des K\u00e4ufers zu erregen. Sie kann auch Informationen \u00fcber die Merkmale und Vorteile des Lockenstabs enthalten, wie z. B. verschiedene Heizstufen, Lockenarten und Benutzerfreundlichkeit.<\/p>\n<p>Die Schachtel kann ein Fenster oder einen durchsichtigen Teil haben, durch den die Kundin einen Blick auf den Lockenstab selbst werfen kann. Dies gibt ihnen einen kleinen Einblick in das, was sie mit dem Produkt erreichen k\u00f6nnen.<\/p>\n<p>Auf der R\u00fcckseite oder an den Seiten der Verpackung k\u00f6nnten Anweisungen zur Verwendung des Lockenstabs sowie Sicherheitsvorkehrungen stehen. Dies hilft den Benutzern zu verstehen, wie sie die besten Ergebnisse erzielen und den Lockenstab sicher verwenden k\u00f6nnen.<\/p>\n<h1><strong>Spezifikation<\/strong><\/h1>\n<table style=\"border-collapse: collapse; width: 759.02pt;\" border=\"0\" width=\"1012\" cellspacing=\"0\" cellpadding=\"0\">\n<tbody>\n<tr style=\"height: 16.50pt;\">\n<td class=\"et3\" style=\"height: 16.50pt; width: 379.50pt;\" width=\"506\" height=\"22\">Abmessungen<\/td>\n<td class=\"et3\" style=\"width: 379.50pt;\" width=\"506\">Alle kundenspezifischen Gr\u00f6\u00dfen und Formen<\/td>\n<\/tr>\n<tr style=\"height: 16.50pt;\">\n<td class=\"et3\" style=\"height: 16.50pt;\" height=\"22\">Min.Menge<\/td>\n<td class=\"et3\">500 St\u00fcck<\/td>\n<\/tr>\n<tr style=\"height: 16.50pt;\">\n<td class=\"et3\" style=\"height: 16.50pt;\" height=\"22\">Standardverfahren<\/td>\n<td class=\"et3\">Stanzen, Kleben, Rillen, Perforieren<\/td>\n<\/tr>\n<tr style=\"height: 16.50pt;\">\n<td class=\"et3\" style=\"height: 16.50pt;\" height=\"22\">Drucken<\/td>\n<td class=\"et3\">Cmyk, pms, kein Druck<\/td>\n<\/tr>\n<tr style=\"height: 16.50pt;\">\n<td class=\"et3\" style=\"height: 16.50pt;\" height=\"22\">Option Material<\/td>\n<td class=\"et3\">Wei\u00dfes Kartonpapier, gestrichenes Papier, Kunstdruckpapier, Kraftpapier, Elfenbeinkarton, Duplexkarton, Spezialpapier, usw.<\/td>\n<\/tr>\n<tr style=\"height: 17.25pt;\">\n<td class=\"et3\" style=\"height: 17.25pt;\" height=\"23\">Oberfl\u00e4chenveredelung<\/td>\n<td class=\"et4\" style=\"width: 379.50pt;\" width=\"506\">Matt\/Glanz-Laminierung, Spot-UV-Pr\u00e4gung, Pr\u00e4gung, Folienpr\u00e4gung usw.<\/td>\n<\/tr>\n<tr style=\"height: 17.25pt;\">\n<td class=\"et4\" style=\"height: 17.25pt; width: 379.50pt;\" width=\"506\" height=\"23\">Industrie Verwendung<\/td>\n<td class=\"et4\" style=\"width: 379.50pt;\" width=\"506\">Kosmetika, Parf\u00fcm, Bekleidung, Schmuck, Tabak, Lebensmittel, Geschenkartikel und Waren des t\u00e4glichen Bedarfs,<\/td>\n<\/tr>\n<tr style=\"height: 34.50pt;\">\n<td class=\"et4\" style=\"height: 34.50pt; width: 379.50pt;\" width=\"506\" height=\"46\">Qualit\u00e4tskontrolle<\/td>\n<td class=\"et4\" style=\"width: 379.50pt;\" width=\"506\">Fortschrittliche Ausr\u00fcstung und ein erfahrenes QC-Team \u00fcberpr\u00fcfen Material, Halbfertig- und Fertigprodukte streng in jedem Schritt, bevor<\/td>\n<\/tr>\n<tr style=\"height: 34.50pt;\">\n<td class=\"et4\" style=\"height: 34.50pt; width: 379.50pt;\" width=\"506\" height=\"46\">Preis<\/td>\n<td class=\"et4\" style=\"width: 379.50pt;\" width=\"506\">Der Endpreis wird auf Ihr Produkt und die von Ihnen ben\u00f6tigte Menge zugeschnitten<\/td>\n<\/tr>\n<tr style=\"height: 16.50pt;\">\n<td class=\"et3\" style=\"height: 16.50pt;\" height=\"22\">Bearbeitungszeit<\/td>\n<td class=\"et3\">7-14 Werktage, Eile<\/td>\n<\/tr>\n<tr style=\"height: 16.50pt;\">\n<td class=\"et3\" style=\"height: 16.50pt;\" height=\"22\">Papierbestand<\/td>\n<td class=\"et3\">10pt bis 28pt (60lb bis 400lb) umweltfreundliches Kraftpapier, E-Welle, Buxkarton, Cardstock<\/td>\n<\/tr>\n<tr style=\"height: 16.50pt;\">\n<td class=\"et3\" style=\"height: 16.50pt;\" height=\"22\">Proof<\/td>\n<td class=\"et3\">Flache Ansicht, 3d-Mock-up, physische Bemusterung (auf Anfrage)<\/td>\n<\/tr>\n<\/tbody>\n<\/table>\n<div class=\"widget block block-static-block\">\n<div class=\"landing-page-section option-bottom\">\n<div class=\"custom-materials-tabs-content container container-adjustment\">\n<div class=\"custom-materials-tab-content active\">\n<div class=\"widget block block-static-block\">\n<div class=\"options-items\">\n<div class=\"flex-grid-row-option\">\n<div class=\"flex-grid-item-option\">\n<div class=\"material-box\">\n<p>&nbsp;<\/p>\n<\/div>\n<\/div>\n<\/div>\n<\/div>\n<p><!---end of option item--><\/p>\n<\/div>\n<\/div>\n<\/div>\n<\/div>\n<\/div>","protected":false},"excerpt":{"rendered":"<p>1. Die Schachtel mit Deckel und Boden ist einfach zu handhaben und spart den Verbrauchern Gewohnheiten<br \/>\n2. 157g C2S gestrichenes Kunstdruckpapier + 1200g fester Karton Umweltfreundliches und nachhaltiges Entwicklungsmaterial<br \/>\n3. Verschiedene Gr\u00f6\u00dfen k\u00f6nnen entsprechend Ihrem Produkt angepasst werden Geeignet f\u00fcr verschiedene elektrische Rasierapparate, Haartrimmer, Unterhaltungselektronik Verpackung<\/p>","protected":false},"featured_media":4335,"template":"","meta":[],"product_brand":[],"product_cat":[30,413,425,31],"product_tag":[780,778,779],"class_list":{"0":"post-4330","1":"product","2":"type-product","3":"status-publish","4":"has-post-thumbnail","6":"product_cat-by-industry","7":"product_cat-consumer-electronics-boxes","8":"product_cat-lid-and-base-gift-box","9":"product_cat-paper-box-style","10":"product_tag-custom-razor-packaging","11":"product_tag-electric-shaver-packaging","12":"product_tag-hair-trimmer-packaging-boxes","14":"first","15":"instock","16":"shipping-taxable","17":"product-type-grouped"},"_links":{"self":[{"href":"https:\/\/zojopackaging.com\/de\/wp-json\/wp\/v2\/product\/4330","targetHints":{"allow":["GET"]}}],"collection":[{"href":"https:\/\/zojopackaging.com\/de\/wp-json\/wp\/v2\/product"}],"about":[{"href":"https:\/\/zojopackaging.com\/de\/wp-json\/wp\/v2\/types\/product"}],"version-history":[{"count":2,"href":"https:\/\/zojopackaging.com\/de\/wp-json\/wp\/v2\/product\/4330\/revisions"}],"predecessor-version":[{"id":8452,"href":"https:\/\/zojopackaging.com\/de\/wp-json\/wp\/v2\/product\/4330\/revisions\/8452"}],"wp:featuredmedia":[{"embeddable":true,"href":"https:\/\/zojopackaging.com\/de\/wp-json\/wp\/v2\/media\/4335"}],"wp:attachment":[{"href":"https:\/\/zojopackaging.com\/de\/wp-json\/wp\/v2\/media?parent=4330"}],"wp:term":[{"taxonomy":"product_brand","embeddable":true,"href":"https:\/\/zojopackaging.com\/de\/wp-json\/wp\/v2\/product_brand?post=4330"},{"taxonomy":"product_cat","embeddable":true,"href":"https:\/\/zojopackaging.com\/de\/wp-json\/wp\/v2\/product_cat?post=4330"},{"taxonomy":"product_tag","embeddable":true,"href":"https:\/\/zojopackaging.com\/de\/wp-json\/wp\/v2\/product_tag?post=4330"}],"curies":[{"name":"wp","href":"https:\/\/api.w.org\/{rel}","templated":true}]}}