{"id":4344,"date":"2024-03-21T16:57:26","date_gmt":"2024-03-21T08:57:26","guid":{"rendered":"https:\/\/zojopackaging.com\/?post_type=product&#038;p=4344"},"modified":"2025-03-28T13:18:15","modified_gmt":"2025-03-28T05:18:15","slug":"beauty-gift-packaging-box","status":"publish","type":"product","link":"https:\/\/zojopackaging.com\/de\/product\/beauty-gift-packaging-box\/","title":{"rendered":"Benutzerdefinierte Kosmetik Sch\u00f6nheit Produkt Verpackung Boxen Gro\u00dfhandel"},"content":{"rendered":"<h1 class=\"self-content-pre-ca33f6\">Benutzerdefinierte Kosmetik Sch\u00f6nheit Produkt Verpackung Boxen Gro\u00dfhandel<\/h1>\n<p>Die kundenindividuellen Kosmetikverpackungen f\u00fcr den Gro\u00dfhandel sind eine Oase des Genusses und der Eleganz, die die Anziehungskraft Ihrer kostbaren Geschenke noch verst\u00e4rken soll. Ihr \u00c4u\u00dferes ist eine Symphonie aus exquisiten Materialien, die sorgf\u00e4ltig verarbeitet wurden, um ein visuell fesselndes Erlebnis zu schaffen.<\/p>\n<p>Die Schachtel kann mit zarten Mustern, luxuri\u00f6sen Oberfl\u00e4chen oder gepr\u00e4gten Details verziert werden, die ihr einen Hauch von Raffinesse und Raffinement verleihen. Sie dient als Leinwand, auf der die Sch\u00f6nheit des Inhalts zur Geltung kommt.<\/p>\n<p>Im Inneren bietet die Verpackung einen sicheren Hafen f\u00fcr die sorgf\u00e4ltig kuratierten Sch\u00f6nheitsprodukte. Jedes Produkt ist kuschelig eingebettet und vor Besch\u00e4digungen w\u00e4hrend des Transports gesch\u00fctzt. Das Innere ist oft mit weichen Materialien ausgekleidet, die ein opulentes Gef\u00fchl vermitteln.<\/p>\n<p>Bei der Beauty Gift Packaging Box geht es nicht nur um das Aussehen, sondern auch um die Qualit\u00e4t. Sie zeigt die Sorgfalt, die in die Auswahl der perfekten Geschenke f\u00fcr einen besonderen Menschen investiert wird. Egal, ob es sich um Pflegeprodukte, Make-up-Favoriten oder Duftsch\u00e4tze handelt, diese Verpackung hebt das Erlebnis des Schenkens auf ein neues Niveau.<\/p>\n<p>Mit ihrem Charme und ihrer Anziehungskraft wird die Beauty Gift Packaging Box zu einer angenehmen \u00dcberraschung, die beim \u00d6ffnen Emotionen der Freude und Aufregung hervorruft.<\/p>\n<h1><strong>Spezifikation<\/strong><\/h1>\n<table style=\"border-collapse: collapse; width: 759.02pt;\" border=\"0\" width=\"1012\" cellspacing=\"0\" cellpadding=\"0\">\n<tbody>\n<tr style=\"height: 16.50pt;\">\n<td class=\"et3\" style=\"height: 16.50pt; width: 379.50pt;\" width=\"506\" height=\"22\">Abmessungen<\/td>\n<td class=\"et3\" style=\"width: 379.50pt;\" width=\"506\">Alle kundenspezifischen Gr\u00f6\u00dfen und Formen<\/td>\n<\/tr>\n<tr style=\"height: 16.50pt;\">\n<td class=\"et3\" style=\"height: 16.50pt;\" height=\"22\">Min.Menge<\/td>\n<td class=\"et3\">500 St\u00fcck<\/td>\n<\/tr>\n<tr style=\"height: 16.50pt;\">\n<td class=\"et3\" style=\"height: 16.50pt;\" height=\"22\">Standardverfahren<\/td>\n<td class=\"et3\">Stanzen, Kleben, Rillen, Perforieren<\/td>\n<\/tr>\n<tr style=\"height: 16.50pt;\">\n<td class=\"et3\" style=\"height: 16.50pt;\" height=\"22\">Drucken<\/td>\n<td class=\"et3\">Cmyk, pms, kein Druck<\/td>\n<\/tr>\n<tr style=\"height: 16.50pt;\">\n<td class=\"et3\" style=\"height: 16.50pt;\" height=\"22\">Option Material<\/td>\n<td class=\"et3\">Wei\u00dfes Kartonpapier, gestrichenes Papier, Kunstdruckpapier, Kraftpapier, Elfenbeinkarton, Duplexkarton, Spezialpapier, usw.<\/td>\n<\/tr>\n<tr style=\"height: 17.25pt;\">\n<td class=\"et3\" style=\"height: 17.25pt;\" height=\"23\">Oberfl\u00e4chenveredelung<\/td>\n<td class=\"et4\" style=\"width: 379.50pt;\" width=\"506\">Matt\/Glanz-Laminierung, Spot-UV-Pr\u00e4gung, Pr\u00e4gung, Folienpr\u00e4gung usw.<\/td>\n<\/tr>\n<tr style=\"height: 17.25pt;\">\n<td class=\"et4\" style=\"height: 17.25pt; width: 379.50pt;\" width=\"506\" height=\"23\">Industrie Verwendung<\/td>\n<td class=\"et4\" style=\"width: 379.50pt;\" width=\"506\">Kosmetika, Parf\u00fcm, Bekleidung, Schmuck, Tabak, Lebensmittel, Geschenkartikel und Waren des t\u00e4glichen Bedarfs,<\/td>\n<\/tr>\n<tr style=\"height: 34.50pt;\">\n<td class=\"et4\" style=\"height: 34.50pt; width: 379.50pt;\" width=\"506\" height=\"46\">Qualit\u00e4tskontrolle<\/td>\n<td class=\"et4\" style=\"width: 379.50pt;\" width=\"506\">Fortschrittliche Ausr\u00fcstung und ein erfahrenes QC-Team \u00fcberpr\u00fcfen Material, Halbfertig- und Fertigprodukte streng in jedem Schritt, bevor<\/td>\n<\/tr>\n<tr style=\"height: 34.50pt;\">\n<td class=\"et4\" style=\"height: 34.50pt; width: 379.50pt;\" width=\"506\" height=\"46\">Preis<\/td>\n<td class=\"et4\" style=\"width: 379.50pt;\" width=\"506\">Der Endpreis wird auf Ihr Produkt und die von Ihnen ben\u00f6tigte Menge zugeschnitten<\/td>\n<\/tr>\n<tr style=\"height: 16.50pt;\">\n<td class=\"et3\" style=\"height: 16.50pt;\" height=\"22\">Bearbeitungszeit<\/td>\n<td class=\"et3\">7-14 Werktage, Eile<\/td>\n<\/tr>\n<tr style=\"height: 16.50pt;\">\n<td class=\"et3\" style=\"height: 16.50pt;\" height=\"22\">Papierbestand<\/td>\n<td class=\"et3\">10pt bis 28pt (60lb bis 400lb) umweltfreundliches Kraftpapier, E-Welle, Buxkarton, Cardstock<\/td>\n<\/tr>\n<tr style=\"height: 16.50pt;\">\n<td class=\"et3\" style=\"height: 16.50pt;\" height=\"22\">Proof<\/td>\n<td class=\"et3\">Flache Ansicht, 3d-Mock-up, physische Bemusterung (auf Anfrage)<\/td>\n<\/tr>\n<\/tbody>\n<\/table>\n<div class=\"widget block block-static-block\">\n<div class=\"landing-page-section option-bottom\">\n<div class=\"custom-materials-tabs-content container container-adjustment\">\n<div class=\"custom-materials-tab-content active\">\n<div class=\"widget block block-static-block\">\n<div class=\"options-items\">\n<div class=\"flex-grid-row-option\">\n<div class=\"flex-grid-item-option\">\n<div class=\"material-box\">\n<p>&nbsp;<\/p>\n<\/div>\n<\/div>\n<\/div>\n<\/div>\n<p><!---end of option item--><\/p>\n<\/div>\n<\/div>\n<\/div>\n<\/div>\n<\/div>","protected":false},"excerpt":{"rendered":"<p>1. Der Schachteltyp mit Deckel und Boden nimmt die Struktur des oberen und unteren Deckels an, der bequem zu nehmen ist und die Gewohnheiten der Verbraucher spart<br \/>\n2. 157g C2S beschichtetes Kunstdruckpapier + 1200g starre Pappe ist umweltfreundlich und nachhaltiges Entwicklungsmaterial<br \/>\n3. Verschiedene Gr\u00f6\u00dfen k\u00f6nnen nach Ihren Produkten angepasst werden, geeignet f\u00fcr verschiedene Kosmetika und Hautpflegeprodukte Verpackung<\/p>","protected":false},"featured_media":4347,"template":"","meta":[],"product_brand":[],"product_cat":[30,390,425,31],"product_tag":[776,777,775],"class_list":{"0":"post-4344","1":"product","2":"type-product","3":"status-publish","4":"has-post-thumbnail","6":"product_cat-by-industry","7":"product_cat-custom-cosmetics-boxes","8":"product_cat-lid-and-base-gift-box","9":"product_cat-paper-box-style","10":"product_tag-beauty-packaging-boxes","11":"product_tag-cosmetic-boxes-wholesale","12":"product_tag-custom-cosmetic-packaging","14":"first","15":"instock","16":"shipping-taxable","17":"product-type-grouped"},"_links":{"self":[{"href":"https:\/\/zojopackaging.com\/de\/wp-json\/wp\/v2\/product\/4344","targetHints":{"allow":["GET"]}}],"collection":[{"href":"https:\/\/zojopackaging.com\/de\/wp-json\/wp\/v2\/product"}],"about":[{"href":"https:\/\/zojopackaging.com\/de\/wp-json\/wp\/v2\/types\/product"}],"version-history":[{"count":2,"href":"https:\/\/zojopackaging.com\/de\/wp-json\/wp\/v2\/product\/4344\/revisions"}],"predecessor-version":[{"id":8451,"href":"https:\/\/zojopackaging.com\/de\/wp-json\/wp\/v2\/product\/4344\/revisions\/8451"}],"wp:featuredmedia":[{"embeddable":true,"href":"https:\/\/zojopackaging.com\/de\/wp-json\/wp\/v2\/media\/4347"}],"wp:attachment":[{"href":"https:\/\/zojopackaging.com\/de\/wp-json\/wp\/v2\/media?parent=4344"}],"wp:term":[{"taxonomy":"product_brand","embeddable":true,"href":"https:\/\/zojopackaging.com\/de\/wp-json\/wp\/v2\/product_brand?post=4344"},{"taxonomy":"product_cat","embeddable":true,"href":"https:\/\/zojopackaging.com\/de\/wp-json\/wp\/v2\/product_cat?post=4344"},{"taxonomy":"product_tag","embeddable":true,"href":"https:\/\/zojopackaging.com\/de\/wp-json\/wp\/v2\/product_tag?post=4344"}],"curies":[{"name":"wp","href":"https:\/\/api.w.org\/{rel}","templated":true}]}}