{"id":4358,"date":"2024-03-21T17:12:19","date_gmt":"2024-03-21T09:12:19","guid":{"rendered":"https:\/\/zojopackaging.com\/?post_type=product&#038;p=4358"},"modified":"2025-03-28T12:01:32","modified_gmt":"2025-03-28T04:01:32","slug":"puzzle-toy-packaging-box","status":"publish","type":"product","link":"https:\/\/zojopackaging.com\/de\/product\/puzzle-toy-packaging-box\/","title":{"rendered":"Customization Puzzle Spielzeug Starre Verpackung Box Hersteller"},"content":{"rendered":"<div class=\"ast-row single-product-specifications\">\n<div class=\"ast-container\">\n<div class=\"ast-col-xs-12\">\n<div class=\"single-product-specification-wrapper\">\n<h1><strong>Spezifikation<\/strong><\/h1>\n<table style=\"border-collapse: collapse; width: 759.02pt;\" border=\"0\" width=\"1012\" cellspacing=\"0\" cellpadding=\"0\">\n<tbody>\n<tr style=\"height: 16.50pt;\">\n<td class=\"et3\" style=\"height: 16.50pt; width: 379.50pt;\" width=\"506\" height=\"22\">Abmessungen<\/td>\n<td class=\"et3\" style=\"width: 379.50pt;\" width=\"506\">Alle kundenspezifischen Gr\u00f6\u00dfen und Formen<\/td>\n<\/tr>\n<tr style=\"height: 16.50pt;\">\n<td class=\"et3\" style=\"height: 16.50pt;\" height=\"22\">Min.Menge<\/td>\n<td class=\"et3\">500 St\u00fcck<\/td>\n<\/tr>\n<tr style=\"height: 16.50pt;\">\n<td class=\"et3\" style=\"height: 16.50pt;\" height=\"22\">Standardverfahren<\/td>\n<td class=\"et3\">Stanzen, Kleben, Rillen, Perforieren<\/td>\n<\/tr>\n<tr style=\"height: 16.50pt;\">\n<td class=\"et3\" style=\"height: 16.50pt;\" height=\"22\">Drucken<\/td>\n<td class=\"et3\">Cmyk, pms, kein Druck<\/td>\n<\/tr>\n<tr style=\"height: 16.50pt;\">\n<td class=\"et3\" style=\"height: 16.50pt;\" height=\"22\">Option Material<\/td>\n<td class=\"et3\">Wei\u00dfes Kartonpapier, gestrichenes Papier, Kunstdruckpapier, Kraftpapier, Elfenbeinkarton, Duplexkarton, Spezialpapier, usw.<\/td>\n<\/tr>\n<tr style=\"height: 17.25pt;\">\n<td class=\"et3\" style=\"height: 17.25pt;\" height=\"23\">Oberfl\u00e4chenveredelung<\/td>\n<td class=\"et4\" style=\"width: 379.50pt;\" width=\"506\">Matt\/Glanz-Laminierung, Spot-UV-Pr\u00e4gung, Pr\u00e4gung, Folienpr\u00e4gung usw.<\/td>\n<\/tr>\n<tr style=\"height: 17.25pt;\">\n<td class=\"et4\" style=\"height: 17.25pt; width: 379.50pt;\" width=\"506\" height=\"23\">Industrie Verwendung<\/td>\n<td class=\"et4\" style=\"width: 379.50pt;\" width=\"506\">Kosmetika, Parf\u00fcm, Bekleidung, Schmuck, Tabak, Lebensmittel, Geschenkartikel und Waren des t\u00e4glichen Bedarfs,<\/td>\n<\/tr>\n<tr style=\"height: 34.50pt;\">\n<td class=\"et4\" style=\"height: 34.50pt; width: 379.50pt;\" width=\"506\" height=\"46\">Qualit\u00e4tskontrolle<\/td>\n<td class=\"et4\" style=\"width: 379.50pt;\" width=\"506\">Fortschrittliche Ausr\u00fcstung und ein erfahrenes QC-Team \u00fcberpr\u00fcfen Material, Halbfertig- und Fertigprodukte streng in jedem Schritt, bevor<\/td>\n<\/tr>\n<tr style=\"height: 34.50pt;\">\n<td class=\"et4\" style=\"height: 34.50pt; width: 379.50pt;\" width=\"506\" height=\"46\">Preis<\/td>\n<td class=\"et4\" style=\"width: 379.50pt;\" width=\"506\">Der Endpreis wird auf Ihr Produkt und die von Ihnen ben\u00f6tigte Menge zugeschnitten<\/td>\n<\/tr>\n<tr style=\"height: 16.50pt;\">\n<td class=\"et3\" style=\"height: 16.50pt;\" height=\"22\">Bearbeitungszeit<\/td>\n<td class=\"et3\">7-14 Werktage, Eile<\/td>\n<\/tr>\n<tr style=\"height: 16.50pt;\">\n<td class=\"et3\" style=\"height: 16.50pt;\" height=\"22\">Papierbestand<\/td>\n<td class=\"et3\">Von 250GSM bis 350GSM - 10pt bis 28pt (60lb bis 400lb), Seidenkarton\/Kunstkarton, Karton, Wellpappe e\/c\/b-Welle, Kraftkarton, Buxkarton und PVC\/Kunststoff und mattiert von 300 bis 760 Mikron<\/td>\n<\/tr>\n<tr style=\"height: 16.50pt;\">\n<td class=\"et3\" style=\"height: 16.50pt;\" height=\"22\">Proof<\/td>\n<td class=\"et3\">Flache Ansicht, 3d-Mock-up, physische Bemusterung (auf Anfrage)<\/td>\n<\/tr>\n<\/tbody>\n<\/table>\n<\/div>\n<\/div>\n<\/div>\n<\/div>\n<div class=\"ast-row single-product-description\">\n<div class=\"ast-container\">\n<div class=\"ast-col-xs-12\">\n<h2>Das S\u00fc\u00dfe zelebrieren: Mit personalisierten Puzzle-Spielzeug-Verpackungsschachteln Magic:<\/h2>\n<p>In der k\u00f6stlichen Welt der S\u00fc\u00dfwaren, wo das S\u00fc\u00dfe im Mittelpunkt steht,\u00a0<strong>Zojoprint Verpackungsbox<\/strong>\u00a0stellt spezialisierte Puzzle-Spielzeug-Verpackungsschachteln vor, die entwickelt wurden, um den Reiz dieser k\u00f6stlichen Kreationen zu bewahren, zu pr\u00e4sentieren und zu verst\u00e4rken. Wir stellen erstaunliche Tortenschachteln her, die sowohl erstaunlich aussehen als auch Ihre Torten sicher halten. Die Herstellung der Tortenschachteln ist unser erstes Anliegen, damit die Kunden verf\u00fchrt werden, hineinzubei\u00dfen und die K\u00f6stlichkeiten zu genie\u00dfen. Es spielt keine Rolle, wie gro\u00df oder klein Ihr Unternehmen ist, wir arbeiten mit beiden Arten von Unternehmen zusammen. \u00dcberall auf\u00a0<strong>das Vereinigte K\u00f6nigreich und Europa<\/strong>Zojoprint Packaging Box\" ist eine zuverl\u00e4ssige Quelle f\u00fcr die Herstellung von Tortenschachteln mit Markenzeichen. Vor allem f\u00fcr kleine Unternehmen produzieren wir hochwertige Schachteln zu vern\u00fcnftigen Preisen. Unsere talentierten Designer entwerfen Tortenschachteln, die das Gesamtbild Ihrer Marke perfekt erg\u00e4nzen. Unabh\u00e4ngig davon, wie viel Sie ben\u00f6tigen, k\u00f6nnen wir die Schachteln in jeder Menge herstellen. Wir verf\u00fcgen \u00fcber einen hochmodernen Maschinenpark auf vier Kontinenten. Wenn Sie noch kein Design f\u00fcr Ihre Schachtel haben, ist dies die beste Option, die wir haben. Unser Designteam steht Ihnen zur Seite, ohne dass Sie daf\u00fcr extra bezahlen m\u00fcssen. Hier bei<\/p>\n<h3>Ma\u00dfgeschneiderte Verpackungskartons f\u00fcr Puzzlespielzeug mit individuellen Anforderungen erh\u00e4ltlich bei <strong>Zojoprint Verpackungsbox<\/strong><\/h3>\n<p>\"Zojoprint Packaging Box\" kann Ihnen helfen, Ihre Tortenschachteln in wirklich sch\u00f6ne Schachteln zu verwandeln.  F\u00fcr Ihre einzigartigen Schachteln bieten wir die beste Quelle in Gro\u00dfbritannien. Wir sorgen nicht nur daf\u00fcr, dass Ihre Schachteln stabil sind, sondern auch daf\u00fcr, dass sie fantastisch aussehen. Wir k\u00fcmmern uns um die Umwelt und verwenden Materialien wie Pappe, Kraft-\/Handwerkskarton, Wellpappe und Seidenkarton. Diese Materialien verbessern die Gesundheit unseres Planeten. Wir bieten Ihnen eine gro\u00dfe Auswahl an atemberaubenden Farben, aus denen Sie bei der Gestaltung Ihrer Boxen w\u00e4hlen k\u00f6nnen. Um Ihre Tortenschachteln einzigartig zu machen, k\u00f6nnen Sie zus\u00e4tzliche Elemente wie Texturdruck, Spot-UV, Gold- und Silberfolien, Pr\u00e4gungen und Entpr\u00e4gungen hinzuf\u00fcgen. Das Beste daran ist, dass eine gl\u00e4nzende oder matte Laminierung ohne zus\u00e4tzliche Kosten inbegriffen ist, die das Aussehen Ihrer Schachteln aufwertet. Unser Team unterst\u00fctzt Sie mit kostenlosen Entw\u00fcrfen, falls Sie noch nicht bereit sind, Ihr Design zu gestalten. Wenn Sie mehr als 200 \u00a3 ausgeben, liefern wir sie kostenlos an jeden beliebigen Ort in Gro\u00dfbritannien. Dank unserer ultracoolen Verpackungen wird Ihre Marke noch mehr gl\u00e4nzen, als Sie es sich vorstellen k\u00f6nnen. Entscheiden Sie sich f\u00fcr uns, um Ihre Marke mit einer einzigartigen und m\u00fchelosen Verpackung auszustatten, die sich von der Konkurrenz abhebt.<\/p>\n<h4>Gro\u00dfhandelslieferant von Markenverpackungen f\u00fcr Puzzlespielzeug im Vereinigten K\u00f6nigreich und in Europa<\/h4>\n<p>Zojoprint Packaging Box hat sich als vertrauensw\u00fcrdiger Gro\u00dfhandelslieferant von ma\u00dfgeschneiderten Verpackungskartons f\u00fcr Puzzle-Spielzeug etabliert. Wir haben Hunderte und Tausende von Marken-Puzzle-Spielzeug-Boxen an Tausende von Kunden in Gro\u00dfbritannien und Europa geliefert. Wenn Sie also Puzzle-Spielzeugschachteln mit Ihrem eigenen Logo und einer pers\u00f6nlichen Botschaft ben\u00f6tigen, kontaktieren Sie uns noch heute und wir werden Ihnen einen unschlagbaren Preis bieten. Teilen Sie uns Ihre Anforderungen an die Schachteln mit und fordern Sie ein unverbindliches, kostenloses Angebot an.<\/p>\n<\/div>\n<\/div>\n<\/div>\n<div class=\"widget block block-static-block\">\n<div class=\"landing-page-section option-bottom\">\n<div class=\"custom-materials-tabs-content container container-adjustment\">\n<div class=\"custom-materials-tab-content active\">\n<div class=\"widget block block-static-block\">\n<p><!---end of option item--><\/p>\n<\/div>\n<\/div>\n<\/div>\n<\/div>\n<\/div>","protected":false},"excerpt":{"rendered":"<p>Entdecken Sie Puzzle Box bei ZOJO Print.  16 Jahre Erfahrung zuverl\u00e4ssiger China Hersteller. Kontaktieren Sie uns f\u00fcr mehr Details!<\/p>\n<p>Personalisierung: Kann benutzerdefinierte Gr\u00f6\u00dfe \/ Druck \/ Material \/ Verarbeitung \/ Form etc.<br \/>\nMaterialtyp: Umweltfreundlich, mit FSC\/ISO\/BSCI-Zertifizierung<br \/>\nProduktionszeit: Muster 1-3 Tage; Gro\u00dfserie 7-9 Tage<\/p>","protected":false},"featured_media":4363,"template":"","meta":[],"product_brand":[],"product_cat":[30,423,425,31],"product_tag":[768,769,770],"class_list":{"0":"post-4358","1":"product","2":"type-product","3":"status-publish","4":"has-post-thumbnail","6":"product_cat-by-industry","7":"product_cat-custom-presentation-boxes-by-industry","8":"product_cat-lid-and-base-gift-box","9":"product_cat-paper-box-style","10":"product_tag-customization-rigid-box","11":"product_tag-packaging-box-manufacturers","12":"product_tag-puzzle-toy-box","14":"first","15":"instock","16":"shipping-taxable","17":"product-type-grouped"},"_links":{"self":[{"href":"https:\/\/zojopackaging.com\/de\/wp-json\/wp\/v2\/product\/4358","targetHints":{"allow":["GET"]}}],"collection":[{"href":"https:\/\/zojopackaging.com\/de\/wp-json\/wp\/v2\/product"}],"about":[{"href":"https:\/\/zojopackaging.com\/de\/wp-json\/wp\/v2\/types\/product"}],"version-history":[{"count":2,"href":"https:\/\/zojopackaging.com\/de\/wp-json\/wp\/v2\/product\/4358\/revisions"}],"predecessor-version":[{"id":8448,"href":"https:\/\/zojopackaging.com\/de\/wp-json\/wp\/v2\/product\/4358\/revisions\/8448"}],"wp:featuredmedia":[{"embeddable":true,"href":"https:\/\/zojopackaging.com\/de\/wp-json\/wp\/v2\/media\/4363"}],"wp:attachment":[{"href":"https:\/\/zojopackaging.com\/de\/wp-json\/wp\/v2\/media?parent=4358"}],"wp:term":[{"taxonomy":"product_brand","embeddable":true,"href":"https:\/\/zojopackaging.com\/de\/wp-json\/wp\/v2\/product_brand?post=4358"},{"taxonomy":"product_cat","embeddable":true,"href":"https:\/\/zojopackaging.com\/de\/wp-json\/wp\/v2\/product_cat?post=4358"},{"taxonomy":"product_tag","embeddable":true,"href":"https:\/\/zojopackaging.com\/de\/wp-json\/wp\/v2\/product_tag?post=4358"}],"curies":[{"name":"wp","href":"https:\/\/api.w.org\/{rel}","templated":true}]}}