{"id":4422,"date":"2024-03-22T14:26:55","date_gmt":"2024-03-22T06:26:55","guid":{"rendered":"https:\/\/zojopackaging.com\/?post_type=product&#038;p=4422"},"modified":"2025-03-28T11:37:33","modified_gmt":"2025-03-28T03:37:33","slug":"customized-water-cup-lid-box","status":"publish","type":"product","link":"https:\/\/zojopackaging.com\/de\/product\/customized-water-cup-lid-box\/","title":{"rendered":"Individuell bedruckte Kaffeetasse Verpackung Geschenk Boxen Set Gro\u00dfhandel"},"content":{"rendered":"<h1 class=\"self-content-pre-ca33f6\">Individuell bedruckte Kaffeetasse Verpackung Geschenk Boxen Set Gro\u00dfhandel<\/h1>\n<p>Die benutzerdefinierte gedruckt Kaffeebecher Verpackung Geschenk-Boxen Set Gro\u00dfhandel<\/p>\n<ul>\n<li>Anpassungsm\u00f6glichkeiten: Diese Box bietet die Flexibilit\u00e4t, sie nach Ihren spezifischen Anforderungen zu personalisieren. Sie k\u00f6nnen Ihr Markenlogo, benutzerdefinierte Designs oder andere gew\u00fcnschte Elemente hinzuf\u00fcgen, um einen einzigartigen und ma\u00dfgeschneiderten Look zu erzielen.<\/li>\n<li>Langlebige Konstruktion: Die aus hochwertigen Materialien gefertigte Box gew\u00e4hrleistet Langlebigkeit und Schutz f\u00fcr die Deckel Ihrer Wasserbecher. Sie h\u00e4lt der Handhabung und Lagerung stand und bewahrt die Deckel vor Besch\u00e4digungen.<\/li>\n<li>Pr\u00e4zise Passform: Die Customized Water Cup Lid Box ist so konstruiert, dass sie perfekt auf Ihre Deckel passt und diese sicher und fest platziert. Dadurch wird verhindert, dass die Deckel beim Transport verrutschen oder zerkratzt werden.<\/li>\n<li>Schutz und Organisation: Die Box hilft, die Deckel Ihrer Wasserbecher geordnet und gesch\u00fctzt aufzubewahren. Sie verhindert Staub, Schmutz und Kratzer und sorgt daf\u00fcr, dass die Deckel in einwandfreiem Zustand bleiben.<\/li>\n<li>Bequemlichkeit: Die Box ist f\u00fcr eine einfache Nutzung konzipiert. Sie kann mit einem aufklappbaren oder abnehmbaren Deckel ausgestattet sein, um einen schnellen Zugang zu den Deckeln im Inneren zu erm\u00f6glichen. Au\u00dferdem kann sie f\u00fcr eine effiziente Lagerung stapelbar sein.<\/li>\n<li>Geschenkfertige Pr\u00e4sentation: Ob Sie nun ein Unternehmen sind, das seine Deckel professionell verpacken m\u00f6chte, oder eine Privatperson, die eine individuelle Aufbewahrungsl\u00f6sung sucht - die personalisierte Deckelschachtel f\u00fcr Wasserbecher bietet Stil, Schutz und Komfort. Sie erm\u00f6glicht es Ihnen, Ihre Marke oder Ihren pers\u00f6nlichen Stil zu pr\u00e4sentieren, w\u00e4hrend Sie Ihre Deckel sicher und organisiert aufbewahren.<\/li>\n<\/ul>\n<h1><strong>Spezifikation<\/strong><\/h1>\n<table style=\"height: 666px;\" width=\"1070\">\n<tbody>\n<tr>\n<td width=\"373\">Abmessungen<\/td>\n<td width=\"373\">Alle kundenspezifischen Gr\u00f6\u00dfen und Formen<\/td>\n<\/tr>\n<tr>\n<td width=\"373\">MOQ<\/td>\n<td width=\"373\">500St\u00fcck<\/td>\n<\/tr>\n<tr>\n<td width=\"373\">Probezeit<\/td>\n<td width=\"373\">3-5 Tage<\/td>\n<\/tr>\n<tr>\n<td width=\"373\">Standardverfahren<\/td>\n<td width=\"373\">Stanzen, Kleben, Rillen, Perforieren<\/td>\n<\/tr>\n<tr>\n<td width=\"373\">Drucken<\/td>\n<td width=\"373\">Cmyk, pms, kein Druck<\/td>\n<\/tr>\n<tr>\n<td width=\"373\">Option Material<\/td>\n<td width=\"373\">Wei\u00dfes Kartonpapier, gestrichenes Papier, Kunstdruckpapier, Kraftpapier, Elfenbeinkarton, Duplexkarton, Spezialpapier, usw.<\/td>\n<\/tr>\n<tr>\n<td width=\"373\">Oberfl\u00e4chenveredelung<\/td>\n<td width=\"373\">Matt\/Glanz-Laminierung, Spot-UV-Pr\u00e4gung, Pr\u00e4gung, Folienpr\u00e4gung usw.<\/td>\n<\/tr>\n<tr>\n<td width=\"373\">Industrie Verwendung<\/td>\n<td width=\"373\">Kosmetika, Parf\u00fcm, Bekleidung, Schmuck, Tabak, Lebensmittel, Geschenkartikel und Waren des t\u00e4glichen Bedarfs,<\/td>\n<\/tr>\n<tr>\n<td width=\"373\">Qualit\u00e4tskontrolle<\/td>\n<td width=\"373\">Fortschrittliche Ausr\u00fcstung und ein erfahrenes QC-Team \u00fcberpr\u00fcfen Material, Halbfertig- und Fertigprodukte streng in jedem Schritt, bevor<\/td>\n<\/tr>\n<tr>\n<td width=\"373\">Preis<\/td>\n<td width=\"373\">Der Endpreis wird auf Ihr Produkt und die von Ihnen ben\u00f6tigte Menge zugeschnitten<\/td>\n<\/tr>\n<tr>\n<td width=\"373\">Bearbeitungszeit<\/td>\n<td width=\"373\">7-14 Werktage, Eile<\/td>\n<\/tr>\n<tr>\n<td width=\"373\">Papierbestand<\/td>\n<td width=\"373\">10pt bis 28pt (60lb bis 400lb) umweltfreundliches Kraftpapier, E-Welle, Buxkarton, Cardstock<\/td>\n<\/tr>\n<tr>\n<td width=\"373\">Format der Druckvorlage<\/td>\n<td width=\"373\">JPG, PDF, AI, CDR, EPS, GIF....<\/td>\n<\/tr>\n<tr>\n<td width=\"373\">Zubeh\u00f6r<\/td>\n<td width=\"373\">Magnet, Farbband, EVA-Form, Kunststoffschale, Schwamm, PVC\/PET\/PP-Fenster,...<\/td>\n<\/tr>\n<tr>\n<td width=\"373\">Zahlungsfrist<\/td>\n<td width=\"373\">T\/T, Western Union, Paypal, 30% Anzahlung und 70% Restbetrag vor Versand.<\/td>\n<\/tr>\n<\/tbody>\n<\/table>\n<div><\/div>\n<div class=\"widget block block-static-block\">\n<div class=\"landing-page-section option-bottom\">\n<div class=\"custom-materials-tabs-content container container-adjustment\">\n<div class=\"custom-materials-tab-content active\">\n<div class=\"widget block block-static-block\">\n<div class=\"options-items\">\n<div class=\"flex-grid-row-option\">\n<div class=\"flex-grid-item-option\">\n<div class=\"material-box\">\n<div class=\"material-des\">\n<h1><strong>FAQ<\/strong><\/h1>\n<p><strong>Ob Sie eine Fabrik sind ?<\/strong><\/p>\n<p>Ja, wir sind Fabrik, wir sind ein professioneller Hersteller f\u00fcr Papier-Box und Papiert\u00fcte.<\/p>\n<p><strong>Ob es mit flachen ?<\/strong><\/p>\n<p>Nein, es ist von artpaper + cardbard gemacht, so ist es starren Papier-Box<\/p>\n<p><strong>K\u00f6nnen wir sie anpassen?<\/strong><\/p>\n<p>Ja, wir k\u00f6nnen die Papierschachtel f\u00fcr Sie anpassen, so dass Sie die Schachtelgr\u00f6\u00dfe, die Schachtelfarbe und das Logo w\u00e4hlen k\u00f6nnen.<\/p>\n<p><strong>K\u00f6nnten Sie ein Muster f\u00fcr mich anfertigen?<\/strong><\/p>\n<p>Ja, wir k\u00f6nnen Muster f\u00fcr Sie anfertigen, und die Mustergeb\u00fchr h\u00e4ngt vom Prozess ab.<\/p>\n<p><strong>Wie kann ich bestellen?<\/strong><\/p>\n<ol>\n<li>Bitte geben Sie uns Ihre Daten an<\/li>\n<li>Wir machen Ihnen ein Angebot<\/li>\n<li>ein Muster erstellen<\/li>\n<li>Kaution bezahlen<\/li>\n<li>Massenproduktion<\/li>\n<li>Balakne bezahlen<\/li>\n<li>Produkt versenden<\/li>\n<\/ol>\n<p><strong>Wie sieht es mit der Entwurfsdatei aus?<\/strong><\/p>\n<p>PDF, AI sind in Ordnung.<\/p>\n<p><strong>Wie viele M\u00f6glichkeiten der Verschiffung gibt es, welche ist besser?<\/strong><\/p>\n<p>Auf dem Seeweg, per Express, auf dem Luftweg, je nachdem, wann Sie Ihre Produktion erhalten m\u00f6chten und je nach Bestellmenge.<\/p>\n<\/div>\n<\/div>\n<\/div>\n<\/div>\n<\/div>\n<\/div>\n<\/div>\n<\/div>\n<\/div>\n<\/div>\n<div class=\"widget block block-static-block\">\n<div class=\"landing-page-section option-bottom\">\n<div class=\"custom-materials-tabs-content container container-adjustment\">\n<div class=\"custom-materials-tab-content active\">\n<div class=\"widget block block-static-block\">\n<div class=\"options-items\">\n<div class=\"flex-grid-row-option\">\n<div class=\"flex-grid-item-option\">\n<div class=\"material-box\">\n<p>&nbsp;<\/p>\n<\/div>\n<\/div>\n<\/div>\n<\/div>\n<p><!---end of option item--><\/p>\n<\/div>\n<\/div>\n<\/div>\n<\/div>\n<\/div>","protected":false},"excerpt":{"rendered":"<p>1. Der Schachteltyp mit Deckel und Boden nimmt die Struktur des oberen und unteren Deckels an, der bequem zu nehmen ist und die Gewohnheiten der Verbraucher spart<br \/>\n2. Die Hei\u00dfpr\u00e4gung verleiht der Verpackung ein Gef\u00fchl von Luxus und hochwertiger visueller Pr\u00e4sentation<br \/>\n3. Das spezielle Papiermaterial ist einfach, aber nicht ohne Luxus<\/p>","protected":false},"featured_media":4426,"template":"","meta":[],"product_brand":[],"product_cat":[30,423,425,31],"product_tag":[760,762,761],"class_list":{"0":"post-4422","1":"product","2":"type-product","3":"status-publish","4":"has-post-thumbnail","6":"product_cat-by-industry","7":"product_cat-custom-presentation-boxes-by-industry","8":"product_cat-lid-and-base-gift-box","9":"product_cat-paper-box-style","10":"product_tag-custom-coffee-mug-packaging","11":"product_tag-mug-boxes-set-wholesale","12":"product_tag-mug-packaging-gift-boxes","14":"first","15":"instock","16":"shipping-taxable","17":"product-type-grouped"},"_links":{"self":[{"href":"https:\/\/zojopackaging.com\/de\/wp-json\/wp\/v2\/product\/4422","targetHints":{"allow":["GET"]}}],"collection":[{"href":"https:\/\/zojopackaging.com\/de\/wp-json\/wp\/v2\/product"}],"about":[{"href":"https:\/\/zojopackaging.com\/de\/wp-json\/wp\/v2\/types\/product"}],"version-history":[{"count":1,"href":"https:\/\/zojopackaging.com\/de\/wp-json\/wp\/v2\/product\/4422\/revisions"}],"predecessor-version":[{"id":8445,"href":"https:\/\/zojopackaging.com\/de\/wp-json\/wp\/v2\/product\/4422\/revisions\/8445"}],"wp:featuredmedia":[{"embeddable":true,"href":"https:\/\/zojopackaging.com\/de\/wp-json\/wp\/v2\/media\/4426"}],"wp:attachment":[{"href":"https:\/\/zojopackaging.com\/de\/wp-json\/wp\/v2\/media?parent=4422"}],"wp:term":[{"taxonomy":"product_brand","embeddable":true,"href":"https:\/\/zojopackaging.com\/de\/wp-json\/wp\/v2\/product_brand?post=4422"},{"taxonomy":"product_cat","embeddable":true,"href":"https:\/\/zojopackaging.com\/de\/wp-json\/wp\/v2\/product_cat?post=4422"},{"taxonomy":"product_tag","embeddable":true,"href":"https:\/\/zojopackaging.com\/de\/wp-json\/wp\/v2\/product_tag?post=4422"}],"curies":[{"name":"wp","href":"https:\/\/api.w.org\/{rel}","templated":true}]}}