{"id":4436,"date":"2024-03-22T14:37:29","date_gmt":"2024-03-22T06:37:29","guid":{"rendered":"https:\/\/zojopackaging.com\/?post_type=product&#038;p=4436"},"modified":"2025-03-28T12:04:32","modified_gmt":"2025-03-28T04:04:32","slug":"custom-cardboard-rigid-gift-boxes","status":"publish","type":"product","link":"https:\/\/zojopackaging.com\/de\/product\/custom-cardboard-rigid-gift-boxes\/","title":{"rendered":"Custom Souvenir Starre Geschenkboxen Brand Design Maker"},"content":{"rendered":"<h1 class=\"self-content-pre-ca33f6\">Custom Souvenir Starre Geschenkboxen Brand Design Maker<\/h1>\n<p>Starre Bekleidungsboxen m\u00fcssen Ihre Produkte perfekt erg\u00e4nzen. Daher m\u00fcssen sie mit auff\u00e4lligen, individuellen Aufdrucken versehen werden, die Ihre Produkte in Szene setzen und Ihre Marke auf die n\u00e4chste Stufe heben. Wenn Sie auf der Suche nach solchen starren Bekleidungsboxen sind, sind Sie bei Zojoprint an der richtigen Adresse.<\/p>\n<p>Wir helfen Ihnen bei der Gestaltung eines <a href=\"https:\/\/zojopackaging.com\/de\/produkt-kategorie\/lid-and-base-boxes\/\"><strong>Starre Kiste<\/strong> <\/a>f\u00fcr den Gro\u00df- und Einzelhandel, die anders aussehen, als alles, was Ihre Kunden bisher gesehen haben. Wir machen das mit Hilfe von hochwertigen starren Verpackungsmaterialien m\u00f6glich. Unsere Kombination aus erstklassigen Drucktechniken und Farbmodellen, die dem Weltstandard entsprechen, hilft Ihnen, die Verpackungen nach Ihren Vorstellungen zu gestalten. Dar\u00fcber hinaus k\u00f6nnen Sie die Verpackung mit unseren trendigen Add-ons und Veredelungslacken personalisieren. Machen Sie sich keine Sorgen. Wir bieten Prototyping-Optionen, um sicherzustellen, dass Sie nichts \u00fcbersehen haben.<\/p>\n<div class=\"reviw-title\">\n<h1>Spezifikation<\/h1>\n<\/div>\n<div class=\"tab-content\">\n<div id=\"specifications\" class=\"tab-pane active show\" role=\"tabpanel\">\n<article>\n<div class=\"col-md-12 category-hd\">\n<div id=\"Specifications\">\n<table class=\"table table-striped\">\n<tbody>\n<tr>\n<td>Abmessungen<\/td>\n<td>Alle kundenspezifischen Gr\u00f6\u00dfen und Formen<\/td>\n<\/tr>\n<tr>\n<td>Drucken<\/td>\n<td>CMYK, PMS, Kein Druck<\/td>\n<\/tr>\n<tr>\n<td>Papierbestand<\/td>\n<td>10pt bis 28pt (60lb bis 400lb) Umweltfreundliches Kraftpapier, E-Welle Wellpappe, Buxkarton, Karton<\/td>\n<\/tr>\n<tr>\n<td>Mengen<\/td>\n<td>500 &#8211; 500,000<\/td>\n<\/tr>\n<tr>\n<td>Beschichtung<\/td>\n<td>Gl\u00e4nzend, Matt, Spot UV<\/td>\n<\/tr>\n<tr>\n<td>Standard-Prozess<\/td>\n<td>Stanzen, Kleben, Ritzen, Perforieren<\/td>\n<\/tr>\n<tr>\n<td>Optionen<\/td>\n<td>Individueller Fensterausschnitt, Gold-\/Silberfolierung, Pr\u00e4gung, erhabene Tinte, PVC-Blatt.<\/td>\n<\/tr>\n<tr>\n<td>Proof<\/td>\n<td>Flachansicht, 3D Mock-up, Physische Bemusterung (auf Anfrage)<\/td>\n<\/tr>\n<tr>\n<td>Umschlagzeit<\/td>\n<td>7-14 Arbeitstage, Eilauftrag<\/td>\n<\/tr>\n<\/tbody>\n<\/table>\n<div class=\"material-des\">\n<h1><strong>FAQ<\/strong><\/h1>\n<p><strong>Ob Sie eine Fabrik sind ?<\/strong><\/p>\n<p>Ja, wir sind Fabrik, wir sind ein professioneller Hersteller f\u00fcr Papier-Box und Papiert\u00fcte.<\/p>\n<p><strong>Ob es mit flachen ?<\/strong><\/p>\n<p>Nein, es ist von artpaper + cardbard gemacht, so ist es starren Papier-Box<\/p>\n<p><strong>K\u00f6nnen wir sie anpassen?<\/strong><\/p>\n<p>Ja, wir k\u00f6nnen die Papierschachtel f\u00fcr Sie anpassen, so dass Sie die Schachtelgr\u00f6\u00dfe, die Schachtelfarbe und das Logo w\u00e4hlen k\u00f6nnen.<\/p>\n<p><strong>K\u00f6nnten Sie ein Muster f\u00fcr mich anfertigen?<\/strong><\/p>\n<p>Ja, wir k\u00f6nnen Muster f\u00fcr Sie anfertigen, und die Mustergeb\u00fchr h\u00e4ngt vom Prozess ab.<\/p>\n<p><strong>Wie kann ich bestellen?<\/strong><\/p>\n<ol>\n<li>Bitte geben Sie uns Ihre Daten an<\/li>\n<li>Wir machen Ihnen ein Angebot<\/li>\n<li>ein Muster erstellen<\/li>\n<li>Kaution bezahlen<\/li>\n<li>Massenproduktion<\/li>\n<li>Balakne bezahlen<\/li>\n<li>Produkt versenden<\/li>\n<\/ol>\n<p>&nbsp;<\/p>\n<p><strong>Wie sieht es mit der Entwurfsdatei aus?<\/strong><\/p>\n<p>PDF, AI sind in Ordnung.<\/p>\n<p><strong>Wie viele M\u00f6glichkeiten der Verschiffung gibt es, welche ist besser?<\/strong><\/p>\n<p>Auf dem Seeweg, per Express, auf dem Luftweg, je nachdem, wann Sie Ihre Produktion erhalten m\u00f6chten und je nach Bestellmenge.<\/p>\n<\/div>\n<p>&nbsp;<\/p>\n<\/div>\n<\/div>\n<\/article>\n<\/div>\n<\/div>\n<div class=\"widget block block-static-block\">\n<div class=\"landing-page-section option-bottom\">\n<div class=\"custom-materials-tabs-content container container-adjustment\">\n<div class=\"custom-materials-tab-content active\">\n<div class=\"widget block block-static-block\">\n<div class=\"options-items\">\n<div class=\"flex-grid-row-option\">\n<div class=\"flex-grid-item-option\">\n<div class=\"material-box\">\n<p>&nbsp;<\/p>\n<\/div>\n<\/div>\n<\/div>\n<\/div>\n<p><!---end of option item--><\/p>\n<\/div>\n<\/div>\n<\/div>\n<\/div>\n<\/div>","protected":false},"excerpt":{"rendered":"<p>Sie k\u00f6nnen Ihr Logo, Ihr Design oder Ihre Botschaft einf\u00fcgen, um Ihre Spielzeugverpackungen individueller und unverwechselbarer zu machen. \u00dcber 5.000 gro\u00dfe und kleine Marken lieben uns!<\/p>\n<p>Materialtyp: Umweltfreundlich, mit FSC\/ISO\/BSCI-Zertifizierung<br \/>\nProduktionszeit: Muster 1-3 Tage; Gro\u00dfserie 7-9 Tage<\/p>","protected":false},"featured_media":4438,"template":"","meta":[],"product_brand":[],"product_cat":[30,423,425,31],"product_tag":[767,771,766],"class_list":{"0":"post-4436","1":"product","2":"type-product","3":"status-publish","4":"has-post-thumbnail","6":"product_cat-by-industry","7":"product_cat-custom-presentation-boxes-by-industry","8":"product_cat-lid-and-base-gift-box","9":"product_cat-paper-box-style","10":"product_tag-boxes-brand-design-maker","11":"product_tag-custom-souvenir-box","12":"product_tag-gift-boxes-brand-design","14":"first","15":"instock","16":"shipping-taxable","17":"product-type-grouped"},"_links":{"self":[{"href":"https:\/\/zojopackaging.com\/de\/wp-json\/wp\/v2\/product\/4436","targetHints":{"allow":["GET"]}}],"collection":[{"href":"https:\/\/zojopackaging.com\/de\/wp-json\/wp\/v2\/product"}],"about":[{"href":"https:\/\/zojopackaging.com\/de\/wp-json\/wp\/v2\/types\/product"}],"version-history":[{"count":3,"href":"https:\/\/zojopackaging.com\/de\/wp-json\/wp\/v2\/product\/4436\/revisions"}],"predecessor-version":[{"id":8449,"href":"https:\/\/zojopackaging.com\/de\/wp-json\/wp\/v2\/product\/4436\/revisions\/8449"}],"wp:featuredmedia":[{"embeddable":true,"href":"https:\/\/zojopackaging.com\/de\/wp-json\/wp\/v2\/media\/4438"}],"wp:attachment":[{"href":"https:\/\/zojopackaging.com\/de\/wp-json\/wp\/v2\/media?parent=4436"}],"wp:term":[{"taxonomy":"product_brand","embeddable":true,"href":"https:\/\/zojopackaging.com\/de\/wp-json\/wp\/v2\/product_brand?post=4436"},{"taxonomy":"product_cat","embeddable":true,"href":"https:\/\/zojopackaging.com\/de\/wp-json\/wp\/v2\/product_cat?post=4436"},{"taxonomy":"product_tag","embeddable":true,"href":"https:\/\/zojopackaging.com\/de\/wp-json\/wp\/v2\/product_tag?post=4436"}],"curies":[{"name":"wp","href":"https:\/\/api.w.org\/{rel}","templated":true}]}}