{"id":4459,"date":"2024-03-22T14:54:30","date_gmt":"2024-03-22T06:54:30","guid":{"rendered":"https:\/\/zojopackaging.com\/?post_type=product&#038;p=4459"},"modified":"2025-03-24T16:13:16","modified_gmt":"2025-03-24T08:13:16","slug":"wireless-earbuds-packaging-box","status":"publish","type":"product","link":"https:\/\/zojopackaging.com\/de\/product\/wireless-earbuds-packaging-box\/","title":{"rendered":"Benutzerdefinierte Bluetooth Kopfh\u00f6rer Kopfh\u00f6rer Verpackung Boxen Fabrik"},"content":{"rendered":"<h1 class=\"self-content-pre-ca33f6\">Benutzerdefinierte Bluetooth Kopfh\u00f6rer Kopfh\u00f6rer Verpackung Boxen Fabrik<\/h1>\n<p>Die Verpackungsbox f\u00fcr kabellose Ohrst\u00f6psel wurde speziell entwickelt, um eine sichere und optisch ansprechende Verpackungsl\u00f6sung f\u00fcr kabellose Ohrst\u00f6psel zu bieten.<\/p>\n<p>Die Verpackungsschachtel f\u00fcr kabellose Ohrh\u00f6rer hat in der Regel ein kompaktes und leichtes Design, so dass sie sich f\u00fcr die Lagerung und den Transport eignet. Die Schachtel kann ein durchsichtiges Fenster oder eine transparente Platte enthalten, um die Ohrh\u00f6rer zu pr\u00e4sentieren, so dass die Kunden das Produkt vor dem Kauf sehen k\u00f6nnen.<\/p>\n<p>Die Verpackungsbox f\u00fcr Wireless Earbuds ist nicht nur \u00e4sthetisch ansprechend, sondern bietet auch Schutz f\u00fcr die Ohrh\u00f6rer w\u00e4hrend des Versands und der Handhabung. Die robusten Materialien, aus denen die Box gefertigt ist, beugen Sch\u00e4den vor und sorgen daf\u00fcr, dass die Ohrh\u00f6rer den Kunden in einwandfreiem Zustand erreichen.<\/p>\n<p>Dar\u00fcber hinaus kann der Verpackungskarton F\u00e4cher oder Eins\u00e4tze f\u00fcr Zubeh\u00f6r wie Ladekabel, Ohrst\u00f6psel und Bedienungsanleitungen enthalten. Dies hilft, den Inhalt zu ordnen und bietet dem Kunden ein komplettes Unboxing-Erlebnis.<\/p>\n<h1><strong>Spezifikation<\/strong><\/h1>\n<table style=\"border-collapse: collapse; width: 759.02pt;\" border=\"0\" width=\"1012\" cellspacing=\"0\" cellpadding=\"0\">\n<tbody>\n<tr style=\"height: 16.50pt;\">\n<td class=\"et3\" style=\"height: 16.50pt; width: 379.50pt;\" width=\"506\" height=\"22\">Abmessungen<\/td>\n<td class=\"et3\" style=\"width: 379.50pt;\" width=\"506\">Alle kundenspezifischen Gr\u00f6\u00dfen und Formen<\/td>\n<\/tr>\n<tr style=\"height: 16.50pt;\">\n<td class=\"et3\" style=\"height: 16.50pt;\" height=\"22\">Min.Menge<\/td>\n<td class=\"et3\">500 St\u00fcck<\/td>\n<\/tr>\n<tr style=\"height: 16.50pt;\">\n<td class=\"et3\" style=\"height: 16.50pt;\" height=\"22\">Standardverfahren<\/td>\n<td class=\"et3\">Stanzen, Kleben, Rillen, Perforieren<\/td>\n<\/tr>\n<tr style=\"height: 16.50pt;\">\n<td class=\"et3\" style=\"height: 16.50pt;\" height=\"22\">Drucken<\/td>\n<td class=\"et3\">Cmyk, pms, kein Druck<\/td>\n<\/tr>\n<tr style=\"height: 16.50pt;\">\n<td class=\"et3\" style=\"height: 16.50pt;\" height=\"22\">Option Material<\/td>\n<td class=\"et3\">Wei\u00dfes Kartonpapier, gestrichenes Papier, Kunstdruckpapier, Kraftpapier, Elfenbeinkarton, Duplexkarton, Spezialpapier, usw.<\/td>\n<\/tr>\n<tr style=\"height: 17.25pt;\">\n<td class=\"et3\" style=\"height: 17.25pt;\" height=\"23\">Oberfl\u00e4chenveredelung<\/td>\n<td class=\"et4\" style=\"width: 379.50pt;\" width=\"506\">Matt\/Glanz-Laminierung, Spot-UV-Pr\u00e4gung, Pr\u00e4gung, Folienpr\u00e4gung usw.<\/td>\n<\/tr>\n<tr style=\"height: 17.25pt;\">\n<td class=\"et4\" style=\"height: 17.25pt; width: 379.50pt;\" width=\"506\" height=\"23\">Industrie Verwendung<\/td>\n<td class=\"et4\" style=\"width: 379.50pt;\" width=\"506\">Kosmetika, Parf\u00fcm, Bekleidung, Schmuck, Tabak, Lebensmittel, Geschenkartikel und Waren des t\u00e4glichen Bedarfs,<\/td>\n<\/tr>\n<tr style=\"height: 34.50pt;\">\n<td class=\"et4\" style=\"height: 34.50pt; width: 379.50pt;\" width=\"506\" height=\"46\">Qualit\u00e4tskontrolle<\/td>\n<td class=\"et4\" style=\"width: 379.50pt;\" width=\"506\">Fortschrittliche Ausr\u00fcstung und ein erfahrenes QC-Team \u00fcberpr\u00fcfen Material, Halbfertig- und Fertigprodukte streng in jedem Schritt, bevor<\/td>\n<\/tr>\n<tr style=\"height: 34.50pt;\">\n<td class=\"et4\" style=\"height: 34.50pt; width: 379.50pt;\" width=\"506\" height=\"46\">Preis<\/td>\n<td class=\"et4\" style=\"width: 379.50pt;\" width=\"506\">Der Endpreis wird auf Ihr Produkt und die von Ihnen ben\u00f6tigte Menge zugeschnitten<\/td>\n<\/tr>\n<tr style=\"height: 16.50pt;\">\n<td class=\"et3\" style=\"height: 16.50pt;\" height=\"22\">Bearbeitungszeit<\/td>\n<td class=\"et3\">7-14 Werktage, Eile<\/td>\n<\/tr>\n<tr style=\"height: 16.50pt;\">\n<td class=\"et3\" style=\"height: 16.50pt;\" height=\"22\">Papierbestand<\/td>\n<td class=\"et3\">10pt bis 28pt (60lb bis 400lb) umweltfreundliches Kraftpapier, E-Welle, Buxkarton, Cardstock<\/td>\n<\/tr>\n<tr style=\"height: 16.50pt;\">\n<td class=\"et3\" style=\"height: 16.50pt;\" height=\"22\">Proof<\/td>\n<td class=\"et3\">Flache Ansicht, 3d-Mock-up, physische Bemusterung (auf Anfrage)<\/td>\n<\/tr>\n<\/tbody>\n<\/table>\n<p>&nbsp;<\/p>\n<div class=\"widget block block-static-block\">\n<div class=\"landing-page-section option-bottom\">\n<div class=\"custom-materials-tabs-content container container-adjustment\">\n<div class=\"custom-materials-tab-content active\">\n<div class=\"widget block block-static-block\">\n<div class=\"options-items\">\n<div class=\"flex-grid-row-option\">\n<div class=\"flex-grid-item-option\">\n<div class=\"material-box\">\n<div class=\"material-des\">\n<p>&nbsp;<\/p>\n<\/div>\n<p>&nbsp;<\/p>\n<\/div>\n<\/div>\n<\/div>\n<\/div>\n<p><!---end of option item--><\/p>\n<\/div>\n<\/div>\n<\/div>\n<\/div>\n<\/div>","protected":false},"excerpt":{"rendered":"<p>Kundenspezifische drahtlose Kopfh\u00f6rer Deckel und Basis-Box, flexible Gr\u00f6\u00dfe, um alle Arten von Modellen passen, Perle Baumwolle Futter f\u00fcr intelligente Form Schutz, direkte Lieferung von chinesischen Fabrik mit Template-free Stanztechnik.<\/p>","protected":false},"featured_media":4461,"template":"","meta":[],"product_brand":[],"product_cat":[30,413,425,31],"product_tag":[563,565,564],"class_list":{"0":"post-4459","1":"product","2":"type-product","3":"status-publish","4":"has-post-thumbnail","6":"product_cat-by-industry","7":"product_cat-consumer-electronics-boxes","8":"product_cat-lid-and-base-gift-box","9":"product_cat-paper-box-style","10":"product_tag-bluetooth-headset-packaging","11":"product_tag-headset-boxes-factory","12":"product_tag-headset-headphone-packaging","14":"first","15":"instock","16":"shipping-taxable","17":"product-type-grouped"},"_links":{"self":[{"href":"https:\/\/zojopackaging.com\/de\/wp-json\/wp\/v2\/product\/4459","targetHints":{"allow":["GET"]}}],"collection":[{"href":"https:\/\/zojopackaging.com\/de\/wp-json\/wp\/v2\/product"}],"about":[{"href":"https:\/\/zojopackaging.com\/de\/wp-json\/wp\/v2\/types\/product"}],"version-history":[{"count":2,"href":"https:\/\/zojopackaging.com\/de\/wp-json\/wp\/v2\/product\/4459\/revisions"}],"predecessor-version":[{"id":8105,"href":"https:\/\/zojopackaging.com\/de\/wp-json\/wp\/v2\/product\/4459\/revisions\/8105"}],"wp:featuredmedia":[{"embeddable":true,"href":"https:\/\/zojopackaging.com\/de\/wp-json\/wp\/v2\/media\/4461"}],"wp:attachment":[{"href":"https:\/\/zojopackaging.com\/de\/wp-json\/wp\/v2\/media?parent=4459"}],"wp:term":[{"taxonomy":"product_brand","embeddable":true,"href":"https:\/\/zojopackaging.com\/de\/wp-json\/wp\/v2\/product_brand?post=4459"},{"taxonomy":"product_cat","embeddable":true,"href":"https:\/\/zojopackaging.com\/de\/wp-json\/wp\/v2\/product_cat?post=4459"},{"taxonomy":"product_tag","embeddable":true,"href":"https:\/\/zojopackaging.com\/de\/wp-json\/wp\/v2\/product_tag?post=4459"}],"curies":[{"name":"wp","href":"https:\/\/api.w.org\/{rel}","templated":true}]}}