{"id":4544,"date":"2024-03-22T16:47:04","date_gmt":"2024-03-22T08:47:04","guid":{"rendered":"https:\/\/zojopackaging.com\/?post_type=product&#038;p=4544"},"modified":"2025-03-24T17:01:42","modified_gmt":"2025-03-24T09:01:42","slug":"custom-printing-gift-packaging-box","status":"publish","type":"product","link":"https:\/\/zojopackaging.com\/de\/product\/custom-printing-gift-packaging-box\/","title":{"rendered":"Elegante benutzerdefinierte Schmuck Halskette Boxen mit Fenster Gro\u00dfhandel"},"content":{"rendered":"<h1 class=\"self-content-pre-ca33f6\">Elegante benutzerdefinierte Schmuck Halskette Boxen mit Fenster Gro\u00dfhandel<\/h1>\n<p>Die individuell bedruckte Geschenkverpackung ist ein vielseitiger und individueller Beh\u00e4lter, der die Pr\u00e4sentation und den Schutz von verschiedenen Geschenkartikeln verbessert. Diese Verpackungskartons sind einzigartig gestaltet, um den spezifischen Bed\u00fcrfnissen und Vorlieben der Kunden gerecht zu werden, so dass individuelle Designs, Markenelemente und Botschaften in die Verpackung integriert werden k\u00f6nnen.<\/p>\n<p>Das Design der individuell bedruckten Geschenkverpackungen ist vollst\u00e4ndig anpassbar, so dass die Kunden die Gr\u00f6\u00dfe, Form, Farbe, Grafik und den Text frei w\u00e4hlen k\u00f6nnen, die das beabsichtigte Geschenk und den Empf\u00e4nger am besten repr\u00e4sentieren. Ob f\u00fcr besondere Anl\u00e4sse wie Geburtstage, Hochzeiten, Feiertage oder Firmenevents, der individuelle Druck verleiht der Verpackung eine wirklich einzigartige und pers\u00f6nliche Note.<\/p>\n<p>Die aus hochwertigen Materialien gefertigte Geschenkverpackungsbox mit individuellem Druck bietet Haltbarkeit und Schutz f\u00fcr die darin enthaltenen Geschenkartikel. Die robuste Konstruktion sorgt daf\u00fcr, dass der Inhalt w\u00e4hrend des Transports und der Handhabung gesch\u00fctzt ist und seinen makellosen Zustand bis zur \u00dcbergabe an den Empf\u00e4nger beibeh\u00e4lt.<\/p>\n<p>Dar\u00fcber hinaus kann der Verpackungskarton mit ma\u00dfgeschneiderten Einlagen, F\u00e4chern oder Polstern versehen werden, um die Geschenkartikel sicher an ihrem Platz zu halten und zu verhindern, dass sie verrutschen oder besch\u00e4digt werden. So wird sichergestellt, dass das Geschenk beim \u00d6ffnen der Schachtel wundersch\u00f6n pr\u00e4sentiert wird, was die Freude \u00fcber ein personalisiertes Geschenk noch steigert.<\/p>\n<h1><strong>Spezifikation<\/strong><\/h1>\n<div class=\"widget block block-static-block\">\n<div class=\"landing-page-section option-bottom\">\n<div class=\"custom-materials-tabs-content container container-adjustment\">\n<div class=\"custom-materials-tab-content active\">\n<div class=\"widget block block-static-block\">\n<div class=\"options-items\">\n<div class=\"flex-grid-row-option\">\n<div class=\"flex-grid-item-option\">\n<div class=\"material-box\">\n<div class=\"material-des\">\n<table style=\"border-collapse: collapse; width: 759.02pt;\" border=\"0\" width=\"1012\" cellspacing=\"0\" cellpadding=\"0\">\n<tbody>\n<tr style=\"height: 16.50pt;\">\n<td class=\"et3\" style=\"height: 16.50pt; width: 379.50pt;\" width=\"506\" height=\"22\">Abmessungen<\/td>\n<td class=\"et3\" style=\"width: 379.50pt;\" width=\"506\">Alle kundenspezifischen Gr\u00f6\u00dfen und Formen<\/td>\n<\/tr>\n<tr style=\"height: 16.50pt;\">\n<td class=\"et3\" style=\"height: 16.50pt;\" height=\"22\">Min.Menge<\/td>\n<td class=\"et3\">500 St\u00fcck<\/td>\n<\/tr>\n<tr style=\"height: 16.50pt;\">\n<td class=\"et3\" style=\"height: 16.50pt;\" height=\"22\">Standardverfahren<\/td>\n<td class=\"et3\">Stanzen, Kleben, Rillen, Perforieren<\/td>\n<\/tr>\n<tr style=\"height: 16.50pt;\">\n<td class=\"et3\" style=\"height: 16.50pt;\" height=\"22\">Drucken<\/td>\n<td class=\"et3\">Cmyk, pms, kein Druck<\/td>\n<\/tr>\n<tr style=\"height: 16.50pt;\">\n<td class=\"et3\" style=\"height: 16.50pt;\" height=\"22\">Option Material<\/td>\n<td class=\"et3\">Wei\u00dfes Kartonpapier, gestrichenes Papier, Kunstdruckpapier, Kraftpapier, Elfenbeinkarton, Duplexkarton, Spezialpapier, usw.<\/td>\n<\/tr>\n<tr style=\"height: 17.25pt;\">\n<td class=\"et3\" style=\"height: 17.25pt;\" height=\"23\">Oberfl\u00e4chenveredelung<\/td>\n<td class=\"et4\" style=\"width: 379.50pt;\" width=\"506\">Matt\/Glanz-Laminierung, Spot-UV-Pr\u00e4gung, Pr\u00e4gung, Folienpr\u00e4gung usw.<\/td>\n<\/tr>\n<tr style=\"height: 17.25pt;\">\n<td class=\"et4\" style=\"height: 17.25pt; width: 379.50pt;\" width=\"506\" height=\"23\">Industrie Verwendung<\/td>\n<td class=\"et4\" style=\"width: 379.50pt;\" width=\"506\">Kosmetika, Parf\u00fcm, Bekleidung, Schmuck, Tabak, Lebensmittel, Geschenkartikel und Waren des t\u00e4glichen Bedarfs,<\/td>\n<\/tr>\n<tr style=\"height: 34.50pt;\">\n<td class=\"et4\" style=\"height: 34.50pt; width: 379.50pt;\" width=\"506\" height=\"46\">Qualit\u00e4tskontrolle<\/td>\n<td class=\"et4\" style=\"width: 379.50pt;\" width=\"506\">Fortschrittliche Ausr\u00fcstung und ein erfahrenes QC-Team \u00fcberpr\u00fcfen Material, Halbfertig- und Fertigprodukte streng in jedem Schritt, bevor<\/td>\n<\/tr>\n<tr style=\"height: 34.50pt;\">\n<td class=\"et4\" style=\"height: 34.50pt; width: 379.50pt;\" width=\"506\" height=\"46\">Preis<\/td>\n<td class=\"et4\" style=\"width: 379.50pt;\" width=\"506\">Der Endpreis wird auf Ihr Produkt und die von Ihnen ben\u00f6tigte Menge zugeschnitten<\/td>\n<\/tr>\n<tr style=\"height: 16.50pt;\">\n<td class=\"et3\" style=\"height: 16.50pt;\" height=\"22\">Bearbeitungszeit<\/td>\n<td class=\"et3\">7-14 Werktage, Eile<\/td>\n<\/tr>\n<tr style=\"height: 16.50pt;\">\n<td class=\"et3\" style=\"height: 16.50pt;\" height=\"22\">Papierbestand<\/td>\n<td class=\"et3\">10pt bis 28pt (60lb bis 400lb) umweltfreundliches Kraftpapier, E-Welle, Buxkarton, Cardstock<\/td>\n<\/tr>\n<tr style=\"height: 16.50pt;\">\n<td class=\"et3\" style=\"height: 16.50pt;\" height=\"22\">Proof<\/td>\n<td class=\"et3\">Flache Ansicht, 3d-Mock-up, physische Bemusterung (auf Anfrage)<\/td>\n<\/tr>\n<\/tbody>\n<\/table>\n<\/div>\n<\/div>\n<\/div>\n<\/div>\n<\/div>\n<\/div>\n<\/div>\n<\/div>\n<\/div>\n<\/div>\n<div class=\"widget block block-static-block\">\n<div class=\"landing-page-section option-bottom\">\n<div class=\"custom-materials-tabs-content container container-adjustment\">\n<div class=\"custom-materials-tab-content active\">\n<div class=\"widget block block-static-block\">\n<div class=\"options-items\">\n<div class=\"flex-grid-row-option\">\n<div class=\"flex-grid-item-option\">\n<div class=\"material-box\">\n<p>&nbsp;<\/p>\n<\/div>\n<\/div>\n<\/div>\n<\/div>\n<p><!---end of option item--><\/p>\n<\/div>\n<\/div>\n<\/div>\n<\/div>\n<\/div>","protected":false},"excerpt":{"rendered":"<p>Pr\u00e4sentieren Sie Ihren Schmuck stilvoll mit den Halskettenboxen mit Fenster, die sich durch eine matte Oberfl\u00e4che und silberne Folienakzente auszeichnen. Individuell anpassbare Gr\u00f6\u00dfen, pr\u00e4zisionsgeschnittene Eins\u00e4tze und farbgenaue Bedruckung sorgen daf\u00fcr, dass Ihre Designs gl\u00e4nzen. Premium-Qualit\u00e4t im Ma\u00dfstab. Perfekte Mischung aus Luxus und Funktionalit\u00e4t.<\/p>","protected":false},"featured_media":4552,"template":"","meta":[],"product_brand":[],"product_cat":[30,415,425,31],"product_tag":[577,575,576],"class_list":{"0":"post-4544","1":"product","2":"type-product","3":"status-publish","4":"has-post-thumbnail","6":"product_cat-by-industry","7":"product_cat-custom-jewelry-boxes-by-industry","8":"product_cat-lid-and-base-gift-box","9":"product_cat-paper-box-style","10":"product_tag-custom-jewelry-necklace-boxes","11":"product_tag-jewelry-boxes-wholesale","12":"product_tag-necklace-boxes-wholesale","14":"first","15":"instock","16":"shipping-taxable","17":"product-type-grouped"},"_links":{"self":[{"href":"https:\/\/zojopackaging.com\/de\/wp-json\/wp\/v2\/product\/4544","targetHints":{"allow":["GET"]}}],"collection":[{"href":"https:\/\/zojopackaging.com\/de\/wp-json\/wp\/v2\/product"}],"about":[{"href":"https:\/\/zojopackaging.com\/de\/wp-json\/wp\/v2\/types\/product"}],"version-history":[{"count":2,"href":"https:\/\/zojopackaging.com\/de\/wp-json\/wp\/v2\/product\/4544\/revisions"}],"predecessor-version":[{"id":8110,"href":"https:\/\/zojopackaging.com\/de\/wp-json\/wp\/v2\/product\/4544\/revisions\/8110"}],"wp:featuredmedia":[{"embeddable":true,"href":"https:\/\/zojopackaging.com\/de\/wp-json\/wp\/v2\/media\/4552"}],"wp:attachment":[{"href":"https:\/\/zojopackaging.com\/de\/wp-json\/wp\/v2\/media?parent=4544"}],"wp:term":[{"taxonomy":"product_brand","embeddable":true,"href":"https:\/\/zojopackaging.com\/de\/wp-json\/wp\/v2\/product_brand?post=4544"},{"taxonomy":"product_cat","embeddable":true,"href":"https:\/\/zojopackaging.com\/de\/wp-json\/wp\/v2\/product_cat?post=4544"},{"taxonomy":"product_tag","embeddable":true,"href":"https:\/\/zojopackaging.com\/de\/wp-json\/wp\/v2\/product_tag?post=4544"}],"curies":[{"name":"wp","href":"https:\/\/api.w.org\/{rel}","templated":true}]}}