{"id":4565,"date":"2024-03-22T17:33:01","date_gmt":"2024-03-22T09:33:01","guid":{"rendered":"https:\/\/zojopackaging.com\/?post_type=product&#038;p=4565"},"modified":"2025-03-26T20:37:46","modified_gmt":"2025-03-26T12:37:46","slug":"red-lid-base-gift-boxes","status":"publish","type":"product","link":"https:\/\/zojopackaging.com\/de\/product\/red-lid-base-gift-boxes\/","title":{"rendered":"Deckel und Boden Boxen Valentinstag Geschenkverpackungen Gro\u00dfhandel"},"content":{"rendered":"<h1 class=\"self-content-pre-ca33f6\">Deckel und Boden Box Weihnachten Geschenk Verpackung Box Gro\u00dfhandel<\/h1>\n<p>Die Deckel- und Boden-Geschenkboxen sind elegante und vielseitige Verpackungsl\u00f6sungen, die die Pr\u00e4sentation von Geschenken zu verschiedenen Anl\u00e4ssen aufwerten.<\/p>\n<p>Das Design der Red Lid &amp; Base Gift Boxes ist schlicht und modern und eignet sich f\u00fcr eine breite Palette von Geschenkartikeln wie Schmuck, Kosmetika, kleine Accessoires und vieles mehr. Die leuchtend rote Farbe verleiht der Verpackung einen Hauch von Raffinesse und Luxus und macht sie ideal f\u00fcr besondere Anl\u00e4sse wie Geburtstage, Jahrestage, Feiertage und Firmengeschenke.<\/p>\n<p>Die aus hochwertigen Materialien gefertigten Geschenkboxen Red Lid &amp; Base bieten Haltbarkeit und Schutz f\u00fcr die darin enthaltenen Geschenkartikel. Der stabile Boden bietet eine sichere Grundlage f\u00fcr den Inhalt, w\u00e4hrend der gut sitzende Deckel daf\u00fcr sorgt, dass die Artikel sicher eingeschlossen sind und auf attraktive Weise pr\u00e4sentiert werden.<\/p>\n<p>Dar\u00fcber hinaus k\u00f6nnen der rote Deckel und der Boden mit verschiedenen Veredelungsoptionen wie Pr\u00e4gung, Folienpr\u00e4gung oder Druck individuell gestaltet werden, um der Verpackung eine pers\u00f6nliche Note zu verleihen. Auf diese Weise k\u00f6nnen Branding-Elemente, Botschaften oder dekorative Akzente eingearbeitet werden, wodurch jede Box einzigartig und auf den jeweiligen Anlass zugeschnitten wird.<\/p>\n<h1><strong>Spezifikation<\/strong><\/h1>\n<div class=\"widget block block-static-block\">\n<div class=\"landing-page-section option-bottom\">\n<div class=\"custom-materials-tabs-content container container-adjustment\">\n<div class=\"custom-materials-tab-content active\">\n<div class=\"widget block block-static-block\">\n<div class=\"options-items\">\n<div class=\"flex-grid-row-option\">\n<div class=\"flex-grid-item-option\">\n<div class=\"material-box\">\n<div class=\"material-des\">\n<table style=\"border-collapse: collapse; width: 759.02pt;\" border=\"0\" width=\"1012\" cellspacing=\"0\" cellpadding=\"0\">\n<tbody>\n<tr style=\"height: 16.50pt;\">\n<td class=\"et3\" style=\"height: 16.50pt; width: 379.50pt;\" width=\"506\" height=\"22\">Abmessungen<\/td>\n<td class=\"et3\" style=\"width: 379.50pt;\" width=\"506\">Alle kundenspezifischen Gr\u00f6\u00dfen und Formen<\/td>\n<\/tr>\n<tr style=\"height: 16.50pt;\">\n<td class=\"et3\" style=\"height: 16.50pt;\" height=\"22\">Min.Menge<\/td>\n<td class=\"et3\">500 St\u00fcck<\/td>\n<\/tr>\n<tr style=\"height: 16.50pt;\">\n<td class=\"et3\" style=\"height: 16.50pt;\" height=\"22\">Standardverfahren<\/td>\n<td class=\"et3\">Stanzen, Kleben, Rillen, Perforieren<\/td>\n<\/tr>\n<tr style=\"height: 16.50pt;\">\n<td class=\"et3\" style=\"height: 16.50pt;\" height=\"22\">Drucken<\/td>\n<td class=\"et3\">Cmyk, pms, kein Druck<\/td>\n<\/tr>\n<tr style=\"height: 16.50pt;\">\n<td class=\"et3\" style=\"height: 16.50pt;\" height=\"22\">Option Material<\/td>\n<td class=\"et3\">Wei\u00dfes Kartonpapier, gestrichenes Papier, Kunstdruckpapier, Kraftpapier, Elfenbeinkarton, Duplexkarton, Spezialpapier, usw.<\/td>\n<\/tr>\n<tr style=\"height: 17.25pt;\">\n<td class=\"et3\" style=\"height: 17.25pt;\" height=\"23\">Oberfl\u00e4chenveredelung<\/td>\n<td class=\"et4\" style=\"width: 379.50pt;\" width=\"506\">Matt\/Glanz-Laminierung, Spot-UV-Pr\u00e4gung, Pr\u00e4gung, Folienpr\u00e4gung usw.<\/td>\n<\/tr>\n<tr style=\"height: 17.25pt;\">\n<td class=\"et4\" style=\"height: 17.25pt; width: 379.50pt;\" width=\"506\" height=\"23\">Industrie Verwendung<\/td>\n<td class=\"et4\" style=\"width: 379.50pt;\" width=\"506\">Kosmetika, Parf\u00fcm, Bekleidung, Schmuck, Tabak, Lebensmittel, Geschenkartikel und Waren des t\u00e4glichen Bedarfs,<\/td>\n<\/tr>\n<tr style=\"height: 34.50pt;\">\n<td class=\"et4\" style=\"height: 34.50pt; width: 379.50pt;\" width=\"506\" height=\"46\">Qualit\u00e4tskontrolle<\/td>\n<td class=\"et4\" style=\"width: 379.50pt;\" width=\"506\">Fortschrittliche Ausr\u00fcstung und ein erfahrenes QC-Team \u00fcberpr\u00fcfen Material, Halbfertig- und Fertigprodukte streng in jedem Schritt, bevor<\/td>\n<\/tr>\n<tr style=\"height: 34.50pt;\">\n<td class=\"et4\" style=\"height: 34.50pt; width: 379.50pt;\" width=\"506\" height=\"46\">Preis<\/td>\n<td class=\"et4\" style=\"width: 379.50pt;\" width=\"506\">Der Endpreis wird auf Ihr Produkt und die von Ihnen ben\u00f6tigte Menge zugeschnitten<\/td>\n<\/tr>\n<tr style=\"height: 16.50pt;\">\n<td class=\"et3\" style=\"height: 16.50pt;\" height=\"22\">Bearbeitungszeit<\/td>\n<td class=\"et3\">7-14 Werktage, Eile<\/td>\n<\/tr>\n<tr style=\"height: 16.50pt;\">\n<td class=\"et3\" style=\"height: 16.50pt;\" height=\"22\">Papierbestand<\/td>\n<td class=\"et3\">10pt bis 28pt (60lb bis 400lb) umweltfreundliches Kraftpapier, E-Welle, Buxkarton, Cardstock<\/td>\n<\/tr>\n<tr style=\"height: 16.50pt;\">\n<td class=\"et3\" style=\"height: 16.50pt;\" height=\"22\">Proof<\/td>\n<td class=\"et3\">Flache Ansicht, 3d-Mock-up, physische Bemusterung (auf Anfrage)<\/td>\n<\/tr>\n<\/tbody>\n<\/table>\n<\/div>\n<\/div>\n<\/div>\n<\/div>\n<\/div>\n<\/div>\n<\/div>\n<\/div>\n<\/div>\n<\/div>\n<div class=\"widget block block-static-block\">\n<div class=\"landing-page-section option-bottom\">\n<div class=\"custom-materials-tabs-content container container-adjustment\">\n<div class=\"custom-materials-tab-content active\">\n<div class=\"widget block block-static-block\">\n<div class=\"options-items\">\n<div class=\"flex-grid-row-option\">\n<div class=\"flex-grid-item-option\">\n<div class=\"material-box\">\n<p>&nbsp;<\/p>\n<\/div>\n<\/div>\n<\/div>\n<\/div>\n<p><!---end of option item--><\/p>\n<\/div>\n<\/div>\n<\/div>\n<\/div>\n<\/div>","protected":false},"excerpt":{"rendered":"<p>Geschenk-Deckel und Boden-Box, ma\u00dfgeschneiderte Anti-Erdbeben-Futter f\u00fcr verlustsicheren Transport, auff\u00e4lligen Markendruck. Zubeh\u00f6rband verbessert die Sch\u00f6nheit und Anerkennung, unterst\u00fctzt Multi-Gr\u00f6\u00dfe Anpassung, die beste Wahl f\u00fcr Valentinstag Geschenkverpackung<\/p>","protected":false},"featured_media":4568,"template":"","meta":[],"product_brand":[],"product_cat":[30,423,425,31],"product_tag":[647,645,646],"class_list":{"0":"post-4565","1":"product","2":"type-product","3":"status-publish","4":"has-post-thumbnail","6":"product_cat-by-industry","7":"product_cat-custom-presentation-boxes-by-industry","8":"product_cat-lid-and-base-gift-box","9":"product_cat-paper-box-style","10":"product_tag-valentines-day-boxes-wholesale","11":"product_tag-valentines-day-gift-packaging","12":"product_tag-valentines-day-packaging","14":"first","15":"instock","16":"shipping-taxable","17":"product-type-grouped"},"_links":{"self":[{"href":"https:\/\/zojopackaging.com\/de\/wp-json\/wp\/v2\/product\/4565","targetHints":{"allow":["GET"]}}],"collection":[{"href":"https:\/\/zojopackaging.com\/de\/wp-json\/wp\/v2\/product"}],"about":[{"href":"https:\/\/zojopackaging.com\/de\/wp-json\/wp\/v2\/types\/product"}],"version-history":[{"count":2,"href":"https:\/\/zojopackaging.com\/de\/wp-json\/wp\/v2\/product\/4565\/revisions"}],"predecessor-version":[{"id":8314,"href":"https:\/\/zojopackaging.com\/de\/wp-json\/wp\/v2\/product\/4565\/revisions\/8314"}],"wp:featuredmedia":[{"embeddable":true,"href":"https:\/\/zojopackaging.com\/de\/wp-json\/wp\/v2\/media\/4568"}],"wp:attachment":[{"href":"https:\/\/zojopackaging.com\/de\/wp-json\/wp\/v2\/media?parent=4565"}],"wp:term":[{"taxonomy":"product_brand","embeddable":true,"href":"https:\/\/zojopackaging.com\/de\/wp-json\/wp\/v2\/product_brand?post=4565"},{"taxonomy":"product_cat","embeddable":true,"href":"https:\/\/zojopackaging.com\/de\/wp-json\/wp\/v2\/product_cat?post=4565"},{"taxonomy":"product_tag","embeddable":true,"href":"https:\/\/zojopackaging.com\/de\/wp-json\/wp\/v2\/product_tag?post=4565"}],"curies":[{"name":"wp","href":"https:\/\/api.w.org\/{rel}","templated":true}]}}