{"id":4666,"date":"2024-03-25T10:39:37","date_gmt":"2024-03-25T02:39:37","guid":{"rendered":"https:\/\/zojopackaging.com\/?post_type=product&#038;p=4666"},"modified":"2025-03-25T14:54:16","modified_gmt":"2025-03-25T06:54:16","slug":"custom-luxury-paper-packaging-bag","status":"publish","type":"product","link":"https:\/\/zojopackaging.com\/de\/product\/custom-luxury-paper-packaging-bag\/","title":{"rendered":"Marke Rigid Luxus Griff Geschenk Box OEM Boxen Hersteller"},"content":{"rendered":"<h1 class=\"auto-hide-last-sibling-br paragraph-u1TS5p paragraph-element br-paragraph-space\">Benutzerdefinierte starre Luxus Griff Geschenk Box OEM Boxen Hersteller<\/h1>\n<div class=\"auto-hide-last-sibling-br paragraph-u1TS5p paragraph-element br-paragraph-space\">Sind Sie auf der Suche nach luxuri\u00f6s bedruckten Papiert\u00fcten f\u00fcr Ihr Gesch\u00e4ft oder f\u00fcr einen besonderen Anlass? Dann entscheiden Sie sich f\u00fcr unsere luxuri\u00f6sen Papiert\u00fcten nach Ma\u00df. Luxus-Papiertaschen sind die Cr\u00e8me de la Cr\u00e8me der Papiertaschen und k\u00f6nnen ganz nach Ihren W\u00fcnschen zusammengestellt werden. Denken Sie an die Gr\u00f6\u00dfe, das Material, die Schlaufen oder Henkel, ein elegantes Verschlussband und die Druckm\u00f6glichkeiten mit luxuri\u00f6sen Veredelungen. M\u00f6chten Sie lieber \u00f6kologische Luxus-Papiertaschen bedrucken? Dann sind Luxus-Papiertaschen aus \u00f6kologischem Papier (zum Beispiel aus Recyclingpapier oder FSC\u00ae-zertifiziertem Papier) eine gute Wahl. Sehen Sie sich unten alle Optionen der Luxus-Papiertaschen an.<\/div>\n<div>\n<h1><strong>Spezifikation<\/strong><\/h1>\n<table style=\"border-collapse: collapse; width: 759.02pt;\" border=\"0\" width=\"1012\" cellspacing=\"0\" cellpadding=\"0\">\n<tbody>\n<tr style=\"height: 16.50pt;\">\n<td class=\"et3\" style=\"height: 16.50pt; width: 379.50pt;\" width=\"506\" height=\"22\">Abmessungen<\/td>\n<td class=\"et3\" style=\"width: 379.50pt;\" width=\"506\">Alle kundenspezifischen Gr\u00f6\u00dfen und Formen<\/td>\n<\/tr>\n<tr style=\"height: 16.50pt;\">\n<td class=\"et3\" style=\"height: 16.50pt;\" height=\"22\">Min.Menge<\/td>\n<td class=\"et3\">500St\u00fcck<\/td>\n<\/tr>\n<tr style=\"height: 16.50pt;\">\n<td class=\"et3\" style=\"height: 16.50pt;\" height=\"22\">Standardverfahren<\/td>\n<td class=\"et3\">Stanzen, Kleben, Rillen, Perforieren<\/td>\n<\/tr>\n<tr style=\"height: 16.50pt;\">\n<td class=\"et3\" style=\"height: 16.50pt;\" height=\"22\">Drucken<\/td>\n<td class=\"et3\">Cmyk, pms, kein Druck<\/td>\n<\/tr>\n<tr style=\"height: 16.50pt;\">\n<td class=\"et3\" style=\"height: 16.50pt;\" height=\"22\">Option Material<\/td>\n<td class=\"et3\">Wei\u00dfes Kartonpapier, gestrichenes Papier, Kunstdruckpapier, Kraftpapier, Elfenbeinkarton, Duplexkarton, Spezialpapier, usw.<\/td>\n<\/tr>\n<tr style=\"height: 17.25pt;\">\n<td class=\"et3\" style=\"height: 17.25pt;\" height=\"23\">Oberfl\u00e4chenveredelung<\/td>\n<td class=\"et4\" style=\"width: 379.50pt;\" width=\"506\">Matt\/Glanz-Laminierung, Spot-UV-Pr\u00e4gung, Pr\u00e4gung, Folienpr\u00e4gung usw.<\/td>\n<\/tr>\n<tr style=\"height: 17.25pt;\">\n<td class=\"et4\" style=\"height: 17.25pt; width: 379.50pt;\" width=\"506\" height=\"23\">Industrie Verwendung<\/td>\n<td class=\"et4\" style=\"width: 379.50pt;\" width=\"506\">Kosmetika, Parf\u00fcm, Bekleidung, Schmuck, Tabak, Lebensmittel, Geschenkartikel und Waren des t\u00e4glichen Bedarfs,<\/td>\n<\/tr>\n<tr style=\"height: 34.50pt;\">\n<td class=\"et4\" style=\"height: 34.50pt; width: 379.50pt;\" width=\"506\" height=\"46\">Qualit\u00e4tskontrolle<\/td>\n<td class=\"et4\" style=\"width: 379.50pt;\" width=\"506\">Fortschrittliche Ausr\u00fcstung und ein erfahrenes QC-Team \u00fcberpr\u00fcfen Material, Halbfertig- und Fertigprodukte streng in jedem Schritt, bevor<\/td>\n<\/tr>\n<tr style=\"height: 34.50pt;\">\n<td class=\"et4\" style=\"height: 34.50pt; width: 379.50pt;\" width=\"506\" height=\"46\">Preis<\/td>\n<td class=\"et4\" style=\"width: 379.50pt;\" width=\"506\">Der Endpreis wird auf Ihr Produkt und die von Ihnen ben\u00f6tigte Menge zugeschnitten<\/td>\n<\/tr>\n<tr style=\"height: 16.50pt;\">\n<td class=\"et3\" style=\"height: 16.50pt;\" height=\"22\">Bearbeitungszeit<\/td>\n<td class=\"et3\">7-14 Werktage, Eile<\/td>\n<\/tr>\n<tr style=\"height: 16.50pt;\">\n<td class=\"et3\" style=\"height: 16.50pt;\" height=\"22\">Papierbestand<\/td>\n<td class=\"et3\">10pt bis 28pt (60lb bis 400lb) umweltfreundliches Kraftpapier, E-Welle, Buxkarton, Cardstock<\/td>\n<\/tr>\n<tr style=\"height: 16.50pt;\">\n<td class=\"et3\" style=\"height: 16.50pt;\" height=\"22\">Proof<\/td>\n<td class=\"et3\">Flache Ansicht, 3d-Mock-up, physische Bemusterung (auf Anfrage)<\/td>\n<\/tr>\n<\/tbody>\n<\/table>\n<\/div>\n<h2 class=\"auto-hide-last-sibling-br paragraph-u1TS5p paragraph-element br-paragraph-space\">Wesentliche Merkmale<\/h2>\n<ol class=\"auto-hide-last-sibling-br\">\n<li>Hochwertige Materialien: Unsere Luxustaschen werden aus feinstem Qualit\u00e4tspapier hergestellt und bieten ein haptisches und visuelles Erlebnis, das Opulenz ausstrahlt. W\u00e4hlen Sie aus einer Reihe von hochwertigen Papieren, darunter strukturierte, gepr\u00e4gte oder beschichtete Optionen, um ein unverwechselbares Aussehen und Gef\u00fchl zu schaffen.<\/li>\n<li>Aufw\u00e4ndige Details: Jeder Aspekt dieser Taschen ist sorgf\u00e4ltig gestaltet, von den pr\u00e4zisen N\u00e4hten bis hin zu den feinen Verzierungen und Akzenten. Feine Pr\u00e4ge-, Folienpr\u00e4ge- und Entpr\u00e4gungstechniken k\u00f6nnen eingesetzt werden, um Ihrem Markenlogo oder Ihren Designelementen Tiefe und Textur zu verleihen.<\/li>\n<li>Individuelle Formen und Gr\u00f6\u00dfen: Schneiden Sie die Taschen auf Ihre spezifischen Anforderungen zu, damit sie perfekt zu Ihren Produkten passen. Ganz gleich, ob Sie eine schlanke rechteckige Form oder eine einzigartige Sonderform ben\u00f6tigen, unsere Fertigungskapazit\u00e4ten bieten Ihnen unbegrenzte M\u00f6glichkeiten.<\/li>\n<li>Aufwertung des Innenraums: Verw\u00f6hnen Sie Ihre Produkte mit einer pr\u00e4chtigen Innenausstattung. Zu den Optionen geh\u00f6ren weiche Stoffauskleidungen, Satinb\u00e4nder oder individuelle F\u00e4cher, die zus\u00e4tzlichen Schutz und einen luxuri\u00f6sen Touch bieten.<\/li>\n<li>Branding-Optionen: Setzen Sie mit einer auff\u00e4lligen Markenplatzierung ein deutliches Zeichen. Unsere fortschrittlichen Drucktechnologien sorgen daf\u00fcr, dass Ihr Logo, Ihre Markenfarben und Ihre Botschaften mit Pr\u00e4zision und Klarheit dargestellt werden und einen bleibenden Eindruck bei Ihren Kunden hinterlassen.<\/li>\n<li>Langlebigkeit und St\u00e4rke: Trotz ihres luxuri\u00f6sen Aussehens sind unsere Taschen so konstruiert, dass sie haltbar und funktionell sind. Verst\u00e4rkte Griffe und eine robuste Konstruktion sorgen daf\u00fcr, dass sie dem Gewicht Ihrer Produkte standhalten und gleichzeitig ihre Eleganz bewahren.<\/li>\n<\/ol>\n<h2 class=\"auto-hide-last-sibling-br paragraph-u1TS5p paragraph-element br-paragraph-space\">Bestellvorgang<\/h2>\n<div class=\"auto-hide-last-sibling-br paragraph-u1TS5p paragraph-element br-paragraph-space\">Unser engagiertes Expertenteam steht Ihnen w\u00e4hrend des gesamten Anpassungsprozesses zur Seite. Von der ersten Konzeptbesprechung bis zur endg\u00fcltigen Produktion arbeiten wir eng mit Ihnen zusammen, um Ihre Vision zum Leben zu erwecken. Wir bieten Ihnen Muster und Prototypen zur Pr\u00fcfung und Genehmigung an, damit das Endprodukt Ihre Erwartungen \u00fcbertrifft.<\/div>\n<h2 class=\"auto-hide-last-sibling-br paragraph-u1TS5p paragraph-element br-paragraph-space\">Lieferfrist<\/h2>\n<div class=\"auto-hide-last-sibling-br paragraph-u1TS5p paragraph-element br-paragraph-space\">Wir wissen, wie wichtig eine p\u00fcnktliche Lieferung ist, um Ihre gesch\u00e4ftlichen Anforderungen zu erf\u00fcllen. Unsere effizienten Produktions- und Logistiksysteme sorgen daf\u00fcr, dass Ihre ma\u00dfgeschneiderten Luxus-Papierverpackungen innerhalb der vereinbarten Vorlaufzeit geliefert werden, sodass Sie sie nahtlos in Ihren Betrieb integrieren k\u00f6nnen.<\/div>\n<div class=\"widget block block-static-block\">\n<div class=\"landing-page-section option-bottom\">\n<div class=\"custom-materials-tabs-content container container-adjustment\">\n<div class=\"custom-materials-tab-content active\">\n<div class=\"widget block block-static-block\">\n<div class=\"options-items\">\n<div class=\"flex-grid-row-option\">\n<div class=\"flex-grid-item-option\">\n<div class=\"material-box\">\n<p>&nbsp;<\/p>\n<\/div>\n<\/div>\n<\/div>\n<\/div>\n<p><!---end of option item--><\/p>\n<\/div>\n<\/div>\n<\/div>\n<\/div>\n<\/div>","protected":false},"excerpt":{"rendered":"<p>-Ihre Box wird sein: Starr, luxuri\u00f6s, hochwertig, gebrandmarkt<br \/>\n-Materialtyp: Umweltfreundlich, zertifiziert nach FSC, ISO, BSCI<br \/>\n-Anpassung: Kann benutzerdefinierte Gr\u00f6\u00dfe\/Druck\/Material\/Finish\/Form etc.<br \/>\n-Produktionszeit: Probe 1-3 Tage; Bulk 7-9 Tage Versandzeit: Express 3-7 Tage; Luft 12-16 Tage; Boot 25-30 Tage\uff08Die verschiedenen L\u00e4nder haben unterschiedliche Zeiten)<br \/>\n-Preis: Kontaktieren Sie uns, um eine Anfrage zu senden<\/p>","protected":false},"featured_media":4669,"template":"","meta":[],"product_brand":[],"product_cat":[30,414,390,424,31],"product_tag":[615,280,613,614],"class_list":{"0":"post-4666","1":"product","2":"type-product","3":"status-publish","4":"has-post-thumbnail","6":"product_cat-by-industry","7":"product_cat-custom-apparel-boxes","8":"product_cat-custom-cosmetics-boxes","9":"product_cat-magnetic-closure-boxes","10":"product_cat-paper-box-style","11":"product_tag-brand-box","12":"product_tag-custom-rigid-boxes","13":"product_tag-handle-gift-box","14":"product_tag-oem-boxes-manufacturers","16":"first","17":"instock","18":"shipping-taxable","19":"product-type-grouped"},"_links":{"self":[{"href":"https:\/\/zojopackaging.com\/de\/wp-json\/wp\/v2\/product\/4666","targetHints":{"allow":["GET"]}}],"collection":[{"href":"https:\/\/zojopackaging.com\/de\/wp-json\/wp\/v2\/product"}],"about":[{"href":"https:\/\/zojopackaging.com\/de\/wp-json\/wp\/v2\/types\/product"}],"version-history":[{"count":2,"href":"https:\/\/zojopackaging.com\/de\/wp-json\/wp\/v2\/product\/4666\/revisions"}],"predecessor-version":[{"id":8213,"href":"https:\/\/zojopackaging.com\/de\/wp-json\/wp\/v2\/product\/4666\/revisions\/8213"}],"wp:featuredmedia":[{"embeddable":true,"href":"https:\/\/zojopackaging.com\/de\/wp-json\/wp\/v2\/media\/4669"}],"wp:attachment":[{"href":"https:\/\/zojopackaging.com\/de\/wp-json\/wp\/v2\/media?parent=4666"}],"wp:term":[{"taxonomy":"product_brand","embeddable":true,"href":"https:\/\/zojopackaging.com\/de\/wp-json\/wp\/v2\/product_brand?post=4666"},{"taxonomy":"product_cat","embeddable":true,"href":"https:\/\/zojopackaging.com\/de\/wp-json\/wp\/v2\/product_cat?post=4666"},{"taxonomy":"product_tag","embeddable":true,"href":"https:\/\/zojopackaging.com\/de\/wp-json\/wp\/v2\/product_tag?post=4666"}],"curies":[{"name":"wp","href":"https:\/\/api.w.org\/{rel}","templated":true}]}}