{"id":4687,"date":"2024-03-25T11:10:58","date_gmt":"2024-03-25T03:10:58","guid":{"rendered":"https:\/\/zojopackaging.com\/?post_type=product&#038;p=4687"},"modified":"2025-03-25T14:44:51","modified_gmt":"2025-03-25T06:44:51","slug":"wholesale-charging-head-corrugated-box","status":"publish","type":"product","link":"https:\/\/zojopackaging.com\/de\/product\/wholesale-charging-head-corrugated-box\/","title":{"rendered":"Gro\u00dfhandel langlebige Schaltung Board Wellpappe Versandkarton"},"content":{"rendered":"<h1 class=\"self-content-pre-ca33f6\">Gro\u00dfhandel langlebige Schaltung Board Wellpappe Versandkarton<\/h1>\n<p>Die Wholesale Charging Head Corrugated Box ist eine praktische und effiziente Verpackungsl\u00f6sung, die speziell f\u00fcr die Lagerung und den Transport von Ladek\u00f6pfen oder Adaptern entwickelt wurde.<\/p>\n<p><strong>Zu den Hauptmerkmalen der Gro\u00dfhandels-Ladekopf-Wellpappenbox geh\u00f6ren:<\/strong><\/p>\n<ul>\n<li>Robustes gewelltes Material, das die Sicherheit der Ladek\u00f6pfe gew\u00e4hrleistet<\/li>\n<li>Anpassbare Optionen f\u00fcr Gr\u00f6\u00dfe, Farbe und Designdetails zur Erf\u00fcllung spezifischer Anforderungen<\/li>\n<li>Ideal f\u00fcr die Verpackung von verschiedenen Arten von Ladek\u00f6pfen, Adaptern, Kabeln und elektronischem Zubeh\u00f6r<\/li>\n<li>Bietet eine professionelle und organisierte Verpackungsl\u00f6sung f\u00fcr den Gro\u00dfhandelsvertrieb<\/li>\n<li>Einfach zu stapeln und zu lagern, um Platz und logistische Effizienz zu optimieren<\/li>\n<\/ul>\n<p>Egal, ob Sie als Gro\u00dfh\u00e4ndler eine zuverl\u00e4ssige Verpackungsl\u00f6sung f\u00fcr Ladek\u00f6pfe suchen oder als Elektronikh\u00e4ndler eine praktische und kosteng\u00fcnstige Verpackungsoption ben\u00f6tigen, die Wahl des Verpackungsboxenlieferanten Zojoprint ist eine sehr gute Wahl.<\/p>\n<h1><strong>Spezifikation<\/strong><\/h1>\n<table style=\"border-collapse: collapse; width: 759.02pt;\" border=\"0\" width=\"1012\" cellspacing=\"0\" cellpadding=\"0\">\n<tbody>\n<tr style=\"height: 16.50pt;\">\n<td class=\"et3\" style=\"height: 16.50pt; width: 379.50pt;\" width=\"506\" height=\"22\">Abmessungen<\/td>\n<td class=\"et3\" style=\"width: 379.50pt;\" width=\"506\">Alle kundenspezifischen Gr\u00f6\u00dfen und Formen<\/td>\n<\/tr>\n<tr style=\"height: 16.50pt;\">\n<td class=\"et3\" style=\"height: 16.50pt;\" height=\"22\">Min.Menge<\/td>\n<td class=\"et3\">500 St\u00fcck<\/td>\n<\/tr>\n<tr style=\"height: 16.50pt;\">\n<td class=\"et3\" style=\"height: 16.50pt;\" height=\"22\">Standardverfahren<\/td>\n<td class=\"et3\">Stanzen, Kleben, Rillen, Perforieren<\/td>\n<\/tr>\n<tr style=\"height: 16.50pt;\">\n<td class=\"et3\" style=\"height: 16.50pt;\" height=\"22\">Drucken<\/td>\n<td class=\"et3\">Cmyk, pms, kein Druck<\/td>\n<\/tr>\n<tr style=\"height: 16.50pt;\">\n<td class=\"et3\" style=\"height: 16.50pt;\" height=\"22\">Option Material<\/td>\n<td class=\"et3\">Wei\u00dfes Kartonpapier, gestrichenes Papier, Kunstdruckpapier, Kraftpapier, Elfenbeinkarton, Duplexkarton, Spezialpapier, usw.<\/td>\n<\/tr>\n<tr style=\"height: 17.25pt;\">\n<td class=\"et3\" style=\"height: 17.25pt;\" height=\"23\">Oberfl\u00e4chenveredelung<\/td>\n<td class=\"et4\" style=\"width: 379.50pt;\" width=\"506\">Matt\/Glanz-Laminierung, Spot-UV-Pr\u00e4gung, Pr\u00e4gung, Folienpr\u00e4gung usw.<\/td>\n<\/tr>\n<tr style=\"height: 17.25pt;\">\n<td class=\"et4\" style=\"height: 17.25pt; width: 379.50pt;\" width=\"506\" height=\"23\">Industrie Verwendung<\/td>\n<td class=\"et4\" style=\"width: 379.50pt;\" width=\"506\">Kosmetika, Parf\u00fcm, Bekleidung, Schmuck, Tabak, Lebensmittel, Geschenkartikel und Waren des t\u00e4glichen Bedarfs,<\/td>\n<\/tr>\n<tr style=\"height: 34.50pt;\">\n<td class=\"et4\" style=\"height: 34.50pt; width: 379.50pt;\" width=\"506\" height=\"46\">Qualit\u00e4tskontrolle<\/td>\n<td class=\"et4\" style=\"width: 379.50pt;\" width=\"506\">Fortschrittliche Ausr\u00fcstung und ein erfahrenes QC-Team \u00fcberpr\u00fcfen Material, Halbfertig- und Fertigprodukte streng in jedem Schritt, bevor<\/td>\n<\/tr>\n<tr style=\"height: 34.50pt;\">\n<td class=\"et4\" style=\"height: 34.50pt; width: 379.50pt;\" width=\"506\" height=\"46\">Preis<\/td>\n<td class=\"et4\" style=\"width: 379.50pt;\" width=\"506\">Der Endpreis wird auf Ihr Produkt und die von Ihnen ben\u00f6tigte Menge zugeschnitten<\/td>\n<\/tr>\n<tr style=\"height: 16.50pt;\">\n<td class=\"et3\" style=\"height: 16.50pt;\" height=\"22\">Bearbeitungszeit<\/td>\n<td class=\"et3\">10-12 Arbeitstage, Eile<\/td>\n<\/tr>\n<tr style=\"height: 16.50pt;\">\n<td class=\"et3\" style=\"height: 16.50pt;\" height=\"22\">Papierbestand<\/td>\n<td class=\"et3\">10pt bis 28pt (60lb bis 400lb) umweltfreundliches Kraftpapier, E-Welle, Buxkarton, Cardstock<\/td>\n<\/tr>\n<tr style=\"height: 16.50pt;\">\n<td class=\"et3\" style=\"height: 16.50pt;\" height=\"22\">Proof<\/td>\n<td class=\"et3\">Flache Ansicht, 3d-Mock-up, physische Bemusterung (auf Anfrage)<\/td>\n<\/tr>\n<\/tbody>\n<\/table>\n<div class=\"widget block block-static-block\">\n<div class=\"landing-page-section option-bottom\">\n<div class=\"custom-materials-tabs-content container container-adjustment\">\n<div class=\"custom-materials-tab-content active\">\n<div class=\"widget block block-static-block\">\n<div class=\"options-items\">\n<div class=\"flex-grid-row-option\">\n<div class=\"flex-grid-item-option\">\n<div class=\"material-box\">\n<div class=\"material-des\">\n<p>&nbsp;<\/p>\n<\/div>\n<p>&nbsp;<\/p>\n<\/div>\n<\/div>\n<\/div>\n<\/div>\n<p><!---end of option item--><\/p>\n<\/div>\n<\/div>\n<\/div>\n<\/div>\n<\/div>","protected":false},"excerpt":{"rendered":"<p>-Ihre Box wird sein: Starr, langlebig, klarer Druck, wasserdicht, ordentlich verpacken<br \/>\n-Materialtyp: Umweltfreundlich, zertifiziert nach FSC, ISO, BSCI<br \/>\n-Anpassung: Kann benutzerdefinierte Gr\u00f6\u00dfe\/Druck\/Material\/Finish\/Form etc.<br \/>\n-Produktionszeit: Probe 1-3 Tage; Bulk 7-9 Tage Versandzeit: Express 3-7 Tage; Luft 12-16 Tage; Boot 25-30 Tage\uff08Die verschiedenen L\u00e4nder haben unterschiedliche Zeiten)<br \/>\n-Preis: Kontaktieren Sie uns, um eine Anfrage zu senden<\/p>","protected":false},"featured_media":4693,"template":"","meta":[],"product_brand":[],"product_cat":[30,413,31,433],"product_tag":[606,288,605],"class_list":{"0":"post-4687","1":"product","2":"type-product","3":"status-publish","4":"has-post-thumbnail","6":"product_cat-by-industry","7":"product_cat-consumer-electronics-boxes","8":"product_cat-paper-box-style","9":"product_cat-shipping-mailer-boxes","10":"product_tag-circuit-board-box","11":"product_tag-corrugated-box","12":"product_tag-wholesale-corrugated-box","14":"first","15":"instock","16":"shipping-taxable","17":"product-type-grouped"},"_links":{"self":[{"href":"https:\/\/zojopackaging.com\/de\/wp-json\/wp\/v2\/product\/4687","targetHints":{"allow":["GET"]}}],"collection":[{"href":"https:\/\/zojopackaging.com\/de\/wp-json\/wp\/v2\/product"}],"about":[{"href":"https:\/\/zojopackaging.com\/de\/wp-json\/wp\/v2\/types\/product"}],"version-history":[{"count":2,"href":"https:\/\/zojopackaging.com\/de\/wp-json\/wp\/v2\/product\/4687\/revisions"}],"predecessor-version":[{"id":8209,"href":"https:\/\/zojopackaging.com\/de\/wp-json\/wp\/v2\/product\/4687\/revisions\/8209"}],"wp:featuredmedia":[{"embeddable":true,"href":"https:\/\/zojopackaging.com\/de\/wp-json\/wp\/v2\/media\/4693"}],"wp:attachment":[{"href":"https:\/\/zojopackaging.com\/de\/wp-json\/wp\/v2\/media?parent=4687"}],"wp:term":[{"taxonomy":"product_brand","embeddable":true,"href":"https:\/\/zojopackaging.com\/de\/wp-json\/wp\/v2\/product_brand?post=4687"},{"taxonomy":"product_cat","embeddable":true,"href":"https:\/\/zojopackaging.com\/de\/wp-json\/wp\/v2\/product_cat?post=4687"},{"taxonomy":"product_tag","embeddable":true,"href":"https:\/\/zojopackaging.com\/de\/wp-json\/wp\/v2\/product_tag?post=4687"}],"curies":[{"name":"wp","href":"https:\/\/api.w.org\/{rel}","templated":true}]}}