{"id":4708,"date":"2024-03-25T14:35:18","date_gmt":"2024-03-25T06:35:18","guid":{"rendered":"https:\/\/zojopackaging.com\/?post_type=product&#038;p=4708"},"modified":"2025-03-27T20:00:56","modified_gmt":"2025-03-27T12:00:56","slug":"custom-radiator-corrugated-box","status":"publish","type":"product","link":"https:\/\/zojopackaging.com\/de\/product\/custom-radiator-corrugated-box\/","title":{"rendered":"Benutzerdefinierte Silberfolie Heizk\u00f6rper Wellpappe Box Fabrik"},"content":{"rendered":"<h1 class=\"self-content-pre-ca33f6\">Benutzerdefinierte Silberfolie Heizk\u00f6rper Wellpappe Box Fabrik<\/h1>\n<p>Wir pr\u00e4sentieren unsere erstklassige Heizk\u00f6rper-Wellpappenbox, die f\u00fcr den optimalen Schutz und Transport von Heizk\u00f6rpern entwickelt wurde.<\/p>\n<p><strong>Wesentliche Merkmale:<\/strong><\/p>\n<ul>\n<li>Robuste Konstruktion aus Wellpappe f\u00fcr maximale Festigkeit und Haltbarkeit<\/li>\n<li>Anpassbare Gr\u00f6\u00dfenoptionen f\u00fcr verschiedene Heizk\u00f6rperabmessungen<\/li>\n<li>Sto\u00dfd\u00e4mpfendes Design zur Vermeidung von Sch\u00e4den bei Handhabung und Versand<\/li>\n<li>Leicht zu faltende Klappen f\u00fcr schnellen und sicheren Verschluss<\/li>\n<li>Sorgen Sie f\u00fcr die Sicherheit Ihrer Heizk\u00f6rper mit unserer Premium-Wellpappenbox, die sowohl dem Versender als auch dem Empf\u00e4nger Sicherheit bietet.<\/li>\n<\/ul>\n<h1><strong>Spezifikation<\/strong><\/h1>\n<table style=\"height: 685px;\" width=\"929\">\n<tbody>\n<tr>\n<td width=\"373\">Abmessungen<\/td>\n<td width=\"373\">Alle kundenspezifischen Gr\u00f6\u00dfen und Formen<\/td>\n<\/tr>\n<tr>\n<td width=\"373\">MOQ<\/td>\n<td width=\"373\">500St\u00fcck<\/td>\n<\/tr>\n<tr>\n<td width=\"373\">Probezeit<\/td>\n<td width=\"373\">3-5 Tage<\/td>\n<\/tr>\n<tr>\n<td width=\"373\">Standardverfahren<\/td>\n<td width=\"373\">Stanzen, Kleben, Rillen, Perforieren<\/td>\n<\/tr>\n<tr>\n<td width=\"373\">Drucken<\/td>\n<td width=\"373\">Cmyk, pms, kein Druck<\/td>\n<\/tr>\n<tr>\n<td width=\"373\">Option Material<\/td>\n<td width=\"373\">Wei\u00dfes Kartonpapier, gestrichenes Papier, Kunstdruckpapier, Kraftpapier, Elfenbeinkarton, Duplexkarton, Spezialpapier, usw.<\/td>\n<\/tr>\n<tr>\n<td width=\"373\">Oberfl\u00e4chenveredelung<\/td>\n<td width=\"373\">Matt\/Glanz-Laminierung, Spot-UV-Pr\u00e4gung, Pr\u00e4gung, Folienpr\u00e4gung usw.<\/td>\n<\/tr>\n<tr>\n<td width=\"373\">Industrie Verwendung<\/td>\n<td width=\"373\">Kosmetika, Parf\u00fcm, Bekleidung, Schmuck, Tabak, Lebensmittel, Geschenkartikel und Waren des t\u00e4glichen Bedarfs,<\/td>\n<\/tr>\n<tr>\n<td width=\"373\">Qualit\u00e4tskontrolle<\/td>\n<td width=\"373\">Fortschrittliche Ausr\u00fcstung und ein erfahrenes QC-Team \u00fcberpr\u00fcfen Material, Halbfertig- und Fertigprodukte streng in jedem Schritt, bevor<\/td>\n<\/tr>\n<tr>\n<td width=\"373\">Preis<\/td>\n<td width=\"373\">Der Endpreis wird auf Ihr Produkt und die von Ihnen ben\u00f6tigte Menge zugeschnitten<\/td>\n<\/tr>\n<tr>\n<td width=\"373\">Bearbeitungszeit<\/td>\n<td width=\"373\">7-14 Werktage, Eile<\/td>\n<\/tr>\n<tr>\n<td width=\"373\">Papierbestand<\/td>\n<td width=\"373\">10pt bis 28pt (60lb bis 400lb) umweltfreundliches Kraftpapier, E-Welle, Buxkarton, Cardstock<\/td>\n<\/tr>\n<tr>\n<td width=\"373\">Format der Druckvorlage<\/td>\n<td width=\"373\">JPG, PDF, AI, CDR, EPS, GIF....<\/td>\n<\/tr>\n<tr>\n<td width=\"373\">Zubeh\u00f6r<\/td>\n<td width=\"373\">Magnet, Farbband, EVA-Form, Kunststoffschale, Schwamm, PVC\/PET\/PP-Fenster,...<\/td>\n<\/tr>\n<tr>\n<td width=\"373\">Zahlungsfrist<\/td>\n<td width=\"373\">T\/T, Western Union, Paypal, 30% Anzahlung und 70% Restbetrag vor Versand.<\/td>\n<\/tr>\n<\/tbody>\n<\/table>\n<div class=\"widget block block-static-block\">\n<div class=\"landing-page-section option-bottom\">\n<div class=\"custom-materials-tabs-content container container-adjustment\">\n<div class=\"custom-materials-tab-content active\">\n<div class=\"widget block block-static-block\">\n<p><!---end of option item--><\/p>\n<\/div>\n<\/div>\n<\/div>\n<\/div>\n<\/div>","protected":false},"excerpt":{"rendered":"<ul>\n<li>Ihre Box wird sein: Klarer Druck, wasserdicht, ordentlich verpackt<\/li>\n<li>Materialtyp: Umweltfreundlich, mit FSC-, ISO- und BSCI-Zertifizierung<\/li>\n<li>Personalisierung: Kann benutzerdefinierte Gr\u00f6\u00dfe \/ Druck \/ Material \/ Verarbeitung \/ Form etc.<\/li>\n<li>Produktionszeit: Probe 1-3 Tage; Bulk 7-9 Tage Versandzeit: Express 3-7 Tage; Luft 12-16 Tage; Boot 25-30 Tage\uff08Die verschiedenen L\u00e4nder haben unterschiedliche Zeiten)<\/li>\n<li>Preis: Kontaktieren Sie uns, um eine Anfrage zu senden<\/li>\n<\/ul>","protected":false},"featured_media":4713,"template":"","meta":[],"product_brand":[],"product_cat":[30,413,430,31],"product_tag":[288,222,243],"class_list":{"0":"post-4708","1":"product","2":"type-product","3":"status-publish","4":"has-post-thumbnail","6":"product_cat-by-industry","7":"product_cat-consumer-electronics-boxes","8":"product_cat-folding-cartons","9":"product_cat-paper-box-style","10":"product_tag-corrugated-box","11":"product_tag-custom-packaging-box","12":"product_tag-paper-box-manufacturer","14":"first","15":"instock","16":"shipping-taxable","17":"product-type-grouped"},"_links":{"self":[{"href":"https:\/\/zojopackaging.com\/de\/wp-json\/wp\/v2\/product\/4708","targetHints":{"allow":["GET"]}}],"collection":[{"href":"https:\/\/zojopackaging.com\/de\/wp-json\/wp\/v2\/product"}],"about":[{"href":"https:\/\/zojopackaging.com\/de\/wp-json\/wp\/v2\/types\/product"}],"version-history":[{"count":2,"href":"https:\/\/zojopackaging.com\/de\/wp-json\/wp\/v2\/product\/4708\/revisions"}],"predecessor-version":[{"id":8116,"href":"https:\/\/zojopackaging.com\/de\/wp-json\/wp\/v2\/product\/4708\/revisions\/8116"}],"wp:featuredmedia":[{"embeddable":true,"href":"https:\/\/zojopackaging.com\/de\/wp-json\/wp\/v2\/media\/4713"}],"wp:attachment":[{"href":"https:\/\/zojopackaging.com\/de\/wp-json\/wp\/v2\/media?parent=4708"}],"wp:term":[{"taxonomy":"product_brand","embeddable":true,"href":"https:\/\/zojopackaging.com\/de\/wp-json\/wp\/v2\/product_brand?post=4708"},{"taxonomy":"product_cat","embeddable":true,"href":"https:\/\/zojopackaging.com\/de\/wp-json\/wp\/v2\/product_cat?post=4708"},{"taxonomy":"product_tag","embeddable":true,"href":"https:\/\/zojopackaging.com\/de\/wp-json\/wp\/v2\/product_tag?post=4708"}],"curies":[{"name":"wp","href":"https:\/\/api.w.org\/{rel}","templated":true}]}}