{"id":5697,"date":"2024-05-10T11:01:37","date_gmt":"2024-05-10T03:01:37","guid":{"rendered":"https:\/\/zojopackaging.com\/?post_type=product&#038;p=5697"},"modified":"2025-03-24T11:53:28","modified_gmt":"2025-03-24T03:53:28","slug":"custom-pizza-packaging-box","status":"publish","type":"product","link":"https:\/\/zojopackaging.com\/de\/product\/custom-pizza-packaging-box\/","title":{"rendered":"China Premium benutzerdefinierte gedruckt Kraft Pizza Boxen Gro\u00dfhandel"},"content":{"rendered":"<h1>China Premium benutzerdefinierte gedruckt Kraft Pizza Boxen Gro\u00dfhandel<\/h1>\n<p><strong>Umweltfreundliche individuelle Lebensmittelverpackungen<\/strong><\/p>\n<div class=\"auto-hide-last-sibling-br paragraph-ae1685 br-paragraph-space\" data-sider-select-id=\"3048e002-9888-4134-9a86-1328e88ae0c7\">\n<p>Entdecken Sie unser au\u00dfergew\u00f6hnliches Angebot an ma\u00dfgefertigten Lebensmittelverpackungen, die speziell f\u00fcr die unterschiedlichen Anforderungen Ihres Unternehmens entwickelt wurden. Unsere ma\u00dfgefertigten Boxen sind eine perfekte Mischung aus Funktionalit\u00e4t und Kreativit\u00e4t.<br \/>\nDiese Verpackungskartons werden mit viel Liebe zum Detail hergestellt und gew\u00e4hrleisten h\u00f6chste Qualit\u00e4t und Haltbarkeit. Sie werden genau nach Ihren Vorgaben angefertigt und passen sich nahtlos an Ihre Lebensmittel an und bieten optimalen Schutz und Pr\u00e4sentation.<\/p>\n<p>Mit einer Reihe von anpassbaren Optionen k\u00f6nnen Sie das Design, die Farbe, die Gr\u00f6\u00dfe und den Aufdruck der Schachteln personalisieren, um sie an Ihre Markenidentit\u00e4t anzupassen. Egal, ob Sie eine elegante, moderne oder einzigartige Verpackung ben\u00f6tigen, wir haben die richtige L\u00f6sung f\u00fcr Sie.<\/p>\n<p>Bei ZOJO Print bieten wir eine breite Palette an ma\u00dfgeschneiderten Lebensmittelverpackungen an, die den Bed\u00fcrfnissen verschiedener Unternehmen gerecht werden. Unsere Produkte werden aus hochwertigen Materialien hergestellt und k\u00f6nnen individuell an Ihre Anforderungen angepasst werden. Ganz gleich, ob Sie Verpackungen f\u00fcr Ihr Restaurant, Ihren Imbisswagen oder Ihr Catering-Unternehmen ben\u00f6tigen, wir haben die richtige L\u00f6sung f\u00fcr Sie.<\/p>\n<p><strong>Kundenspezifische Lebensmittelverpackungen<\/strong><br \/>\nZOJO Print bietet eine Reihe von verschiedenen individuellen Lebensmittelverpackungen f\u00fcr Ihre Produkte an. Sie werden alle aus lebensmittelechtem Delipac\u00a9-Karton hergestellt (mit Ausnahme der Doypacks) und k\u00f6nnen mit Ihren Grafiken individuell gestaltet werden. Hier ist eine kurze Zusammenfassung, aber Sie k\u00f6nnen alle Informationen auf den separaten Seiten finden.<\/p>\n<ul>\n<li>Lebensmittelbeh\u00e4lter: Sie sind in vier Formaten erh\u00e4ltlich und eignen sich aufgrund ihrer Form ideal f\u00fcr Lebensmittel wie Popcorn und Chips und sind \u00f6l- und fettbest\u00e4ndig<\/li>\n<li>Flip Lid Food Boxen: Wenn Sie einen Schutz f\u00fcr Ihre Produkte ben\u00f6tigen, sind diese Boxen mit ihrem einfach zu bedienenden Deckel ideal f\u00fcr alle Arten von Produkten, insbesondere f\u00fcr Street Food und Take Aways.<\/li>\n<li>Deluxe-Lebensmittelboxen: Diese bieten dank ihrer interessanten Form und der auff\u00e4lligen Verschl\u00fcsse einen raffinierten Look. W\u00e4hlen Sie zwischen einem Band- oder Griffverschluss und verschiedenen Gr\u00f6\u00dfen<\/li>\n<li>Sandwichboxen: Diese Boxen sind f\u00fcr die Aufbewahrung von Sandwiches, Croissants und anderen Backwaren gedacht, sch\u00fctzen sie und halten die Speisen warm. Ihre l\u00e4ngliche Form verhindert, dass die Lebensmittel zerdr\u00fcckt werden.<\/li>\n<li>Doypacks: Standbodenbeutel aus vier verschiedenen Materialien zum Schutz und zur Aufbewahrung von Lebensmitteln. Optional mit Laminierung, Rei\u00dfverschluss und Aufh\u00e4ngeloch.<\/li>\n<\/ul>\n<p><strong>Individuelle Lebensmittelverpackungen aus Karton<\/strong><br \/>\nUnsere personalisierten Lebensmittelverpackungen werden aus dem Spezialkarton Delipac\u00a9 hergestellt, der sich durch eine Reihe von Eigenschaften von anderen Materialien unterscheidet:<\/p>\n<ul>\n<li>Es hat eine Beschichtung auf Wasserbasis, die es extrem \u00f6l- und fettbest\u00e4ndig macht.<\/li>\n<li>Es kann problemlos in den Gefrierschrank oder die Mikrowelle gelegt werden<\/li>\n<li>Sie bietet den Lebensmitteln eine gute W\u00e4rmeisolierung<\/li>\n<li>Es ist resistent gegen Tintenmigration<\/li>\n<\/ul>\n<p>Au\u00dferdem verwenden wir bei der individuellen Gestaltung der bedruckten Lebensmittelverpackungen migrationsarme Farben in unseren Druckern, um eine Kontamination der Lebensmittel zu vermeiden. Diese Komponenten wurden ebenfalls im Labor getestet, um ihre Sicherheit zu gew\u00e4hrleisten.<\/p>\n<p><strong>Umweltfreundliche individuelle Lebensmittelverpackungen<\/strong><\/p>\n<p>Unsere personalisierten Lebensmittelverpackungen sind eine umweltfreundliche L\u00f6sung f\u00fcr Ihr Lebensmittelunternehmen. Heutzutage werden Nachhaltigkeit und umweltfreundliche Entscheidungen immer wichtiger und sind etwas, worauf die Kunden achten, wenn sie sich f\u00fcr ein Unternehmen entscheiden. Daher k\u00f6nnen unsere umweltfreundlichen Lebensmittelverpackungen einen Mehrwert f\u00fcr Ihr Unternehmen darstellen. Sie haben die folgenden Eigenschaften:<\/p>\n<ul>\n<li>Biologisch abbaubar<\/li>\n<li>Kompostierbar<\/li>\n<li>Wiederverwertbar<\/li>\n<\/ul>\n<p><strong>Bestellung kundenspezifischer Lebensmittelverpackungen<\/strong><\/p>\n<p>Es ist ganz einfach, bei ZOJO Print personalisierte Lebensmittelverpackungen zu bestellen. W\u00e4hlen Sie einfach aus, welcher Produktstil Ihnen am besten gef\u00e4llt und gehen Sie auf die entsprechende Seite. Dort finden Sie ein Bestellformular, das Sie Schritt f\u00fcr Schritt durch den Prozess f\u00fchrt. W\u00e4hlen Sie Ihre bevorzugten Anpassungsoptionen, wie z.B. Gr\u00f6\u00dfe, Material, usw., und ein kostenloses Angebot wird automatisch angezeigt.<\/p>\n<p>W\u00e4hlen Sie aus einer Reihe von Preisen und Lieferoptionen, die Ihren Bed\u00fcrfnissen entsprechen, und senden Sie uns dann Ihre Druckvorlage. Wenn Sie Probleme oder Fragen haben, z\u00f6gern Sie bitte nicht, uns zu kontaktieren.<\/p>\n<\/div>\n<h1><strong>Spezifikation<\/strong><\/h1>\n<div class=\"widget block block-static-block\">\n<div class=\"landing-page-section option-bottom\">\n<div class=\"custom-materials-tabs-content container container-adjustment\">\n<div class=\"custom-materials-tab-content active\">\n<div class=\"widget block block-static-block\">\n<div class=\"options-items\">\n<div class=\"flex-grid-row-option\">\n<div class=\"flex-grid-item-option\">\n<div class=\"material-box\">\n<div class=\"material-des\">\n<table style=\"height: 666px;\" width=\"1070\">\n<tbody>\n<tr>\n<td width=\"373\">Abmessungen<\/td>\n<td width=\"373\">Alle kundenspezifischen Gr\u00f6\u00dfen und Formen<\/td>\n<\/tr>\n<tr>\n<td width=\"373\">MOQ<\/td>\n<td width=\"373\">500St\u00fcck<\/td>\n<\/tr>\n<tr>\n<td width=\"373\">Probezeit<\/td>\n<td width=\"373\">3-5 Tage<\/td>\n<\/tr>\n<tr>\n<td width=\"373\">Standardverfahren<\/td>\n<td width=\"373\">Stanzen, Kleben, Rillen, Perforieren<\/td>\n<\/tr>\n<tr>\n<td width=\"373\">Drucken<\/td>\n<td width=\"373\">Cmyk, pms, kein Druck<\/td>\n<\/tr>\n<tr>\n<td width=\"373\">Option Material<\/td>\n<td width=\"373\">Wei\u00dfes Kartonpapier, gestrichenes Papier, Kunstdruckpapier, Kraftpapier, Elfenbeinkarton, Duplexkarton, Spezialpapier, usw.<\/td>\n<\/tr>\n<tr>\n<td width=\"373\">Oberfl\u00e4chenveredelung<\/td>\n<td width=\"373\">Matt\/Glanz-Laminierung, Spot-UV-Pr\u00e4gung, Pr\u00e4gung, Folienpr\u00e4gung usw.<\/td>\n<\/tr>\n<tr>\n<td width=\"373\">Industrie Verwendung<\/td>\n<td width=\"373\">Kosmetika, Parf\u00fcm, Bekleidung, Schmuck, Tabak, Lebensmittel, Geschenkartikel und Waren des t\u00e4glichen Bedarfs,<\/td>\n<\/tr>\n<tr>\n<td width=\"373\">Qualit\u00e4tskontrolle<\/td>\n<td width=\"373\">Fortschrittliche Ausr\u00fcstung und ein erfahrenes QC-Team \u00fcberpr\u00fcfen Material, Halbfertig- und Fertigprodukte streng in jedem Schritt, bevor<\/td>\n<\/tr>\n<tr>\n<td width=\"373\">Preis<\/td>\n<td width=\"373\">Der Endpreis wird auf Ihr Produkt und die von Ihnen ben\u00f6tigte Menge zugeschnitten<\/td>\n<\/tr>\n<tr>\n<td width=\"373\">Bearbeitungszeit<\/td>\n<td width=\"373\">7-14 Werktage, Eile<\/td>\n<\/tr>\n<tr>\n<td width=\"373\">Papierbestand<\/td>\n<td width=\"373\">10pt bis 28pt (60lb bis 400lb) umweltfreundliches Kraftpapier, E-Welle, Buxkarton, Cardstock<\/td>\n<\/tr>\n<tr>\n<td width=\"373\">Format der Druckvorlage<\/td>\n<td width=\"373\">JPG, PDF, AI, CDR, EPS, GIF....<\/td>\n<\/tr>\n<tr>\n<td width=\"373\">Zubeh\u00f6r<\/td>\n<td width=\"373\">Magnet, Farbband, EVA-Form, Kunststoffschale, Schwamm, PVC\/PET\/PP-Fenster,...<\/td>\n<\/tr>\n<tr>\n<td width=\"373\">Zahlungsfrist<\/td>\n<td width=\"373\">T\/T, Western Union, Paypal, 30% Anzahlung und 70% Restbetrag vor Versand.<\/td>\n<\/tr>\n<\/tbody>\n<\/table>\n<\/div>\n<p>&nbsp;<\/p>\n<\/div>\n<\/div>\n<\/div>\n<\/div>\n<p><!---end of option item--><\/p>\n<\/div>\n<\/div>\n<\/div>\n<\/div>\n<\/div>","protected":false},"excerpt":{"rendered":"<p>Faltbare Pizzakartons aus Kraftpapier, die direkt von chinesischen Fabriken geliefert werden, unterst\u00fctzen unbegrenzte Gr\u00f6\u00dfenanpassung, lebensmitteltaugliches Verpackungsdesign, bequemen Transport und Platzersparnis.<\/p>","protected":false},"featured_media":6705,"template":"","meta":[],"product_brand":[],"product_cat":[30,422,31,433],"product_tag":[532,533,531],"class_list":{"0":"post-5697","1":"product","2":"type-product","3":"status-publish","4":"has-post-thumbnail","6":"product_cat-by-industry","7":"product_cat-custom-gourmet-boxes-by-industry","8":"product_cat-paper-box-style","9":"product_cat-shipping-mailer-boxes","10":"product_tag-kraft-pizza-boxes","11":"product_tag-pizza-boxes-wholesale","12":"product_tag-premium-pizza-boxes","14":"first","15":"instock","16":"shipping-taxable","17":"product-type-grouped"},"_links":{"self":[{"href":"https:\/\/zojopackaging.com\/de\/wp-json\/wp\/v2\/product\/5697","targetHints":{"allow":["GET"]}}],"collection":[{"href":"https:\/\/zojopackaging.com\/de\/wp-json\/wp\/v2\/product"}],"about":[{"href":"https:\/\/zojopackaging.com\/de\/wp-json\/wp\/v2\/types\/product"}],"version-history":[{"count":3,"href":"https:\/\/zojopackaging.com\/de\/wp-json\/wp\/v2\/product\/5697\/revisions"}],"predecessor-version":[{"id":8093,"href":"https:\/\/zojopackaging.com\/de\/wp-json\/wp\/v2\/product\/5697\/revisions\/8093"}],"wp:featuredmedia":[{"embeddable":true,"href":"https:\/\/zojopackaging.com\/de\/wp-json\/wp\/v2\/media\/6705"}],"wp:attachment":[{"href":"https:\/\/zojopackaging.com\/de\/wp-json\/wp\/v2\/media?parent=5697"}],"wp:term":[{"taxonomy":"product_brand","embeddable":true,"href":"https:\/\/zojopackaging.com\/de\/wp-json\/wp\/v2\/product_brand?post=5697"},{"taxonomy":"product_cat","embeddable":true,"href":"https:\/\/zojopackaging.com\/de\/wp-json\/wp\/v2\/product_cat?post=5697"},{"taxonomy":"product_tag","embeddable":true,"href":"https:\/\/zojopackaging.com\/de\/wp-json\/wp\/v2\/product_tag?post=5697"}],"curies":[{"name":"wp","href":"https:\/\/api.w.org\/{rel}","templated":true}]}}