{"id":6279,"date":"2024-06-27T15:38:52","date_gmt":"2024-06-27T07:38:52","guid":{"rendered":"https:\/\/zojopackaging.com\/?post_type=product&#038;p=6279"},"modified":"2025-03-27T20:55:02","modified_gmt":"2025-03-27T12:55:02","slug":"luxury-lid-and-base-box","status":"publish","type":"product","link":"https:\/\/zojopackaging.com\/de\/product\/luxury-lid-and-base-box\/","title":{"rendered":"Premium Smart Watch Verpackung Rigid Box aus China Fabrik"},"content":{"rendered":"<h1 id=\"customized-lid-and-base-box-an-excellent-packaging-tailored-for-your-products\" class=\"header-_3c730 auto-hide-last-sibling-br\">Premium Smart Watch Verpackung Starrer Karton aus China Fabrik<\/h1>\n<div class=\"auto-hide-last-sibling-br paragraph-ae1685 br-paragraph-space\">Im Zeitalter des Strebens nach Qualit\u00e4t und Individualit\u00e4t kann eine hervorragende Verpackung Ihre Produkte aus der Masse der Mitbewerber herausheben. Wir sind stolz darauf, Ihnen die ma\u00dfgeschneiderte Deckel- und Bodenschachtel empfehlen zu k\u00f6nnen. Sie ist eine hervorragende Verpackungsl\u00f6sung, die exquisite Handwerkskunst, innovatives Design und individuelle Anpassung vereint.<\/div>\n<div>\n<h1><strong>Spezifikation<\/strong><\/h1>\n<table style=\"height: 683px;\" width=\"999\">\n<tbody>\n<tr>\n<td width=\"373\">Abmessungen<\/td>\n<td width=\"373\">Alle kundenspezifischen Gr\u00f6\u00dfen und Formen<\/td>\n<\/tr>\n<tr>\n<td width=\"373\">MOQ<\/td>\n<td width=\"373\">500St\u00fcck<\/td>\n<\/tr>\n<tr>\n<td width=\"373\">Probezeit<\/td>\n<td width=\"373\">\u00a03-5 Tage<\/td>\n<\/tr>\n<tr>\n<td width=\"373\">Standardverfahren<\/td>\n<td width=\"373\">Stanzen, Kleben, Rillen, Perforieren<\/td>\n<\/tr>\n<tr>\n<td width=\"373\">Drucken<\/td>\n<td width=\"373\">Cmyk, pms, kein Druck<\/td>\n<\/tr>\n<tr>\n<td width=\"373\">Option Material<\/td>\n<td width=\"373\">Wei\u00dfes Kartonpapier, gestrichenes Papier, Kunstdruckpapier, Kraftpapier, Elfenbeinkarton, Duplexkarton, Spezialpapier, usw.<\/td>\n<\/tr>\n<tr>\n<td width=\"373\">Oberfl\u00e4chenveredelung<\/td>\n<td width=\"373\">Matt\/Glanz-Laminierung, Spot-UV-Pr\u00e4gung, Pr\u00e4gung, Folienpr\u00e4gung usw.<\/td>\n<\/tr>\n<tr>\n<td width=\"373\">Industrie Verwendung<\/td>\n<td width=\"373\">Kosmetika, Parf\u00fcm, Bekleidung, Schmuck, Tabak, Lebensmittel, Geschenkartikel und Waren des t\u00e4glichen Bedarfs,<\/td>\n<\/tr>\n<tr>\n<td width=\"373\">Qualit\u00e4tskontrolle<\/td>\n<td width=\"373\">Fortschrittliche Ausr\u00fcstung und ein erfahrenes QC-Team \u00fcberpr\u00fcfen Material, Halbfertig- und Fertigprodukte streng in jedem Schritt, bevor<\/td>\n<\/tr>\n<tr>\n<td width=\"373\">Preis<\/td>\n<td width=\"373\">Der Endpreis wird auf Ihr Produkt und die von Ihnen ben\u00f6tigte Menge zugeschnitten<\/td>\n<\/tr>\n<tr>\n<td width=\"373\">Bearbeitungszeit<\/td>\n<td width=\"373\">7-14 Werktage, Eile<\/td>\n<\/tr>\n<tr>\n<td width=\"373\">Papierbestand<\/td>\n<td width=\"373\">10pt bis 28pt (60lb bis 400lb) umweltfreundliches Kraftpapier, E-Welle, Buxkarton, Cardstock<\/td>\n<\/tr>\n<tr>\n<td width=\"373\">Format der Druckvorlage<\/td>\n<td width=\"373\">JPG, PDF, AI, CDR, EPS, GIF....<\/td>\n<\/tr>\n<tr>\n<td width=\"373\">Zubeh\u00f6r<\/td>\n<td width=\"373\">Magnet, Farbband, EVA-Form, Kunststoffschale, Schwamm, PVC\/PET\/PP-Fenster,...<\/td>\n<\/tr>\n<tr>\n<td width=\"373\">Zahlungsfrist<\/td>\n<td width=\"373\">T\/T, Western Union, Paypal, 30% Anzahlung und 70% Restbetrag vor Versand.<\/td>\n<\/tr>\n<\/tbody>\n<\/table>\n<\/div>\n<h2 id=\"exquisite-craftsmanship\" class=\"header-_3c730 auto-hide-last-sibling-br\">Exquisite Handwerkskunst<\/h2>\n<ol class=\"auto-hide-last-sibling-br\">\n<li>Wir w\u00e4hlen hochwertige Materialien wie hochfeste Pappen, umweltfreundliche Wellpappen und luxuri\u00f6se Kunstdruckpapiere aus, um sicherzustellen, dass die Schachtel eine ausgezeichnete Haltbarkeit und Textur aufweist.<\/li>\n<li>Wir setzen fortschrittliche Drucktechniken ein. Ob exquisiter Farbdruck, realistische Pr\u00e4gung oder pr\u00e4chtige Gold-\/Silberpr\u00e4gung - sie alle k\u00f6nnen Ihrer Box einen einzigartigen Charme verleihen.<\/li>\n<li>Pr\u00e4zise Stanz- und Falttechniken sorgen daf\u00fcr, dass die Kanten des Deckels und der Bodenschachtel sauber und glatt sind und das \u00d6ffnen und Schlie\u00dfen reibungslos vonstatten geht - ein unvergleichliches Feingef\u00fchl.<\/li>\n<\/ol>\n<h2 id=\"innovative-design\" class=\"header-_3c730 auto-hide-last-sibling-br\">Innovatives Design<\/h2>\n<ol class=\"auto-hide-last-sibling-br\">\n<li>Unser professionelles Designteam entwirft f\u00fcr Sie ein einzigartiges Design f\u00fcr Deckel und Boden, das auf Ihren Produkteigenschaften und Ihrem Markenimage basiert.<\/li>\n<li>Von der Form und Gr\u00f6\u00dfe des Kartons bis hin zur inneren Struktur wird alles sorgf\u00e4ltig geplant, um sicherzustellen, dass er Ihr Produkt perfekt aufnehmen kann und den besten Display-Effekt bietet.<\/li>\n<li>Innovative \u00d6ffnungs- und Schlie\u00dfmethoden und versteckte Strukturen bieten dem Nutzer ein \u00fcberraschendes Nutzungserlebnis und erh\u00f6hen den Mehrwert des Produkts.<\/li>\n<\/ol>\n<h2 id=\"personalized-customization\" class=\"header-_3c730 auto-hide-last-sibling-br\">Personalisierte Anpassung<\/h2>\n<ol class=\"auto-hide-last-sibling-br\">\n<li>Sie k\u00f6nnen Elemente wie Farbe, Muster und Text der Box frei w\u00e4hlen und Ihr Markenlogo, Produktinformationen oder personalisierte Elemente perfekt darin integrieren.<\/li>\n<li>Wir bieten auch eine Vielzahl von Material- und Oberfl\u00e4chenbehandlungsoptionen an, wie z. B. matt, gl\u00e4nzend und gefrostet, so dass Ihre Box einen unverwechselbaren Stil aufweist.<\/li>\n<li>Ganz gleich, ob es sich um eine kleine Charge mit individueller Anpassung oder um eine gro\u00dfe Massenproduktion handelt, wir k\u00f6nnen Ihre Anforderungen erf\u00fcllen und Ihnen einen flexiblen Anpassungsdienst anbieten.<\/li>\n<\/ol>\n<h2 id=\"wide-application\" class=\"header-_3c730 auto-hide-last-sibling-br\">Breite Anwendung<\/h2>\n<div class=\"auto-hide-last-sibling-br paragraph-ae1685 br-paragraph-space\">Die ma\u00dfgeschneiderte Deckel- und Bodenbox eignet sich f\u00fcr zahlreiche Branchen und Produkte, wie z. B.:<\/div>\n<ol class=\"auto-hide-last-sibling-br\">\n<li>Juwelen: Bieten Sie eine sichere und wundersch\u00f6ne Verpackung f\u00fcr kostbaren Schmuck, um seine edle Qualit\u00e4t hervorzuheben.<\/li>\n<li>Elektronische Produkte: Sch\u00fctzen Sie elektronische Produkte wirksam und zeigen Sie gleichzeitig Sinn f\u00fcr Technik und Mode.<\/li>\n<li>Kosmetika: Verbessern Sie die Qualit\u00e4t von Kosmetika und wecken Sie die Aufmerksamkeit der Verbraucher.<\/li>\n<li>Geschenke: Mit einer sorgf\u00e4ltig vorbereiteten Geschenkverpackung k\u00f6nnen Sie Ihre tiefe Zuneigung zum Ausdruck bringen.<\/li>\n<\/ol>\n<h2 id=\"quality-service\" class=\"header-_3c730 auto-hide-last-sibling-br\">Qualit\u00e4t der Dienstleistung<\/h2>\n<ol class=\"auto-hide-last-sibling-br\">\n<li>Von der Beratung \u00fcber das Design bis hin zur Produktion und Lieferung bieten wir Ihnen einen Service aus einer Hand, damit der gesamte Anpassungsprozess reibungslos und sorgenfrei verl\u00e4uft.<\/li>\n<li>Unser strenges Qualit\u00e4tskontrollsystem stellt sicher, dass jede Deckel- und Bodenbox den hohen Qualit\u00e4tsstandards entspricht.<\/li>\n<li>Wir versprechen eine p\u00fcnktliche Lieferung, damit Ihre Produkte rechtzeitig auf den Markt kommen und die Marktchancen genutzt werden k\u00f6nnen.<\/li>\n<\/ol>\n<div class=\"auto-hide-last-sibling-br paragraph-ae1685 br-paragraph-space\">Entscheiden Sie sich f\u00fcr unsere ma\u00dfgeschneiderten Deckel- und Bodenschachteln und kleiden Sie Ihre Produkte in einen pr\u00e4chtigen Mantel, der die Aufmerksamkeit der Kunden auf sich zieht und den Markenwert steigert.<\/div>\n<div class=\"widget block block-static-block\">\n<div class=\"landing-page-section option-bottom\">\n<div class=\"custom-materials-tabs-content container container-adjustment\">\n<div class=\"custom-materials-tab-content active\">\n<div class=\"widget block block-static-block\">\n<p><!---end of option item--><\/p>\n<\/div>\n<\/div>\n<\/div>\n<\/div>\n<\/div>","protected":false},"excerpt":{"rendered":"<p>Individuell gestaltete Deckel- und Bodenschachteln f\u00fcr Smartwatches unterst\u00fctzen ein personalisiertes Design in voller Gr\u00f6\u00dfe und eine Auskleidungsstruktur, die genau den Produktmerkmalen entspricht. Das matte Laminierungsverfahren der chinesischen Fabrik wird mit der hochaufl\u00f6senden F\u00fcnf-Farben-Drucktechnologie kombiniert, um Farbabweichungen zu vermeiden und hochwertige Verpackungsl\u00f6sungen f\u00fcr elektronische Konsumg\u00fcter zu schaffen.<\/p>","protected":false},"featured_media":6282,"template":"","meta":[],"product_brand":[],"product_cat":[30,413,425,31],"product_tag":[543,545,544],"class_list":{"0":"post-6279","1":"product","2":"type-product","3":"status-publish","4":"has-post-thumbnail","6":"product_cat-by-industry","7":"product_cat-consumer-electronics-boxes","8":"product_cat-lid-and-base-gift-box","9":"product_cat-paper-box-style","10":"product_tag-premium-smart-watch-packaging","11":"product_tag-smart-watch-box-factory","12":"product_tag-smart-watch-packaging","14":"first","15":"instock","16":"shipping-taxable","17":"product-type-grouped"},"_links":{"self":[{"href":"https:\/\/zojopackaging.com\/de\/wp-json\/wp\/v2\/product\/6279","targetHints":{"allow":["GET"]}}],"collection":[{"href":"https:\/\/zojopackaging.com\/de\/wp-json\/wp\/v2\/product"}],"about":[{"href":"https:\/\/zojopackaging.com\/de\/wp-json\/wp\/v2\/types\/product"}],"version-history":[{"count":2,"href":"https:\/\/zojopackaging.com\/de\/wp-json\/wp\/v2\/product\/6279\/revisions"}],"predecessor-version":[{"id":8097,"href":"https:\/\/zojopackaging.com\/de\/wp-json\/wp\/v2\/product\/6279\/revisions\/8097"}],"wp:featuredmedia":[{"embeddable":true,"href":"https:\/\/zojopackaging.com\/de\/wp-json\/wp\/v2\/media\/6282"}],"wp:attachment":[{"href":"https:\/\/zojopackaging.com\/de\/wp-json\/wp\/v2\/media?parent=6279"}],"wp:term":[{"taxonomy":"product_brand","embeddable":true,"href":"https:\/\/zojopackaging.com\/de\/wp-json\/wp\/v2\/product_brand?post=6279"},{"taxonomy":"product_cat","embeddable":true,"href":"https:\/\/zojopackaging.com\/de\/wp-json\/wp\/v2\/product_cat?post=6279"},{"taxonomy":"product_tag","embeddable":true,"href":"https:\/\/zojopackaging.com\/de\/wp-json\/wp\/v2\/product_tag?post=6279"}],"curies":[{"name":"wp","href":"https:\/\/api.w.org\/{rel}","templated":true}]}}