{"id":6288,"date":"2024-06-27T18:18:08","date_gmt":"2024-06-27T10:18:08","guid":{"rendered":"https:\/\/zojopackaging.com\/?post_type=product&#038;p=6288"},"modified":"2025-03-24T12:21:28","modified_gmt":"2025-03-24T04:21:28","slug":"magnetic-flip-top-concentrate-box","status":"publish","type":"product","link":"https:\/\/zojopackaging.com\/de\/product\/magnetic-flip-top-concentrate-box\/","title":{"rendered":"Gro\u00dfhandel Custom Concentrate Container Verpackung Boxen"},"content":{"rendered":"<h1>Gro\u00dfhandel Custom Concentrate Container Verpackung Boxen<\/h1>\n<p>F\u00fcr alle, die ihre Zigaretten in einer sch\u00f6nen Schachtel verpacken m\u00f6chten, bietet Zojoprint Packaging individuell bedruckte Zigarettenschachteln mit Flip-Top-Verschluss an. Die Flip-Top-Schachtel wird h\u00e4ufig als Zigarettenverpackung verwendet. Diese einzigartige Art der Verpackung wird sicherlich die Aufmerksamkeit der Kunden auf sich ziehen.<\/p>\n<p>Wir wissen, wie wichtig eine individuelle Gestaltung ist, um Ihre einzigartigen Markenanforderungen zu erf\u00fcllen. Mit unseren fortschrittlichen Druck- und Veredelungstechniken k\u00f6nnen Sie die Verpackung mit Ihrem Markenlogo, Ihren Farben und Grafiken personalisieren und so eine unverwechselbare Verpackung schaffen, die Ihre Markenidentit\u00e4t widerspiegelt und Ihre Produkte von der Konkurrenz abhebt.<\/p>\n<p>Egal, ob Sie Hersteller oder Vertreiber von Zigarettencreme sind, unsere individuelle Flip-Top-Zigarettencremedose ist die ideale Wahl, um das Image Ihres Produkts zu verbessern und die Kundenzufriedenheit zu steigern.<\/p>\n<p>Ganz gleich, ob Sie ein bestehendes Unternehmen sind oder gerade erst anfangen, unser Kundendienstteam hilft Ihnen bei jedem Schritt Ihrer Bestellung. Unsere hochwertigen Verpackungsl\u00f6sungen, wettbewerbsf\u00e4higen Preise und schnellen Bearbeitungszeiten machen es Ihnen leicht, den perfekten Karton f\u00fcr Ihre Bed\u00fcrfnisse zu finden. Glauben Sie uns, dass dies eine gro\u00dfartige L\u00f6sung ist, wenn Sie das Image Ihrer Verpackung \u00e4ndern, sie mit verschiedenen Spezifikationen anpassen oder sogar Ihr eigenes einzigartiges Design kreieren m\u00f6chten. Wir sind bereit, Sie mit den besten unserer Produkte zu den g\u00fcnstigsten Preisen zu bedienen. Sie k\u00f6nnen mit einer geringen Mindestmenge von nur 500 Kartons oder einer maximalen Menge von bis zu 50000 Kartons beginnen. <a href=\"https:\/\/zojopackaging.com\/de\/contact-us\/\"><strong>Jetzt bestellen.<\/strong><\/a><\/p>\n<h1><strong>Spezifikation<\/strong><\/h1>\n<table width=\"1153\">\n<tbody>\n<tr>\n<td width=\"373\">Abmessungen<\/td>\n<td width=\"373\">Alle kundenspezifischen Gr\u00f6\u00dfen und Formen<\/td>\n<\/tr>\n<tr>\n<td width=\"373\">Drucken<\/td>\n<td width=\"373\">CMYK, PMS, Kein Druck<\/td>\n<\/tr>\n<tr>\n<td width=\"373\">Papierbestand<\/td>\n<td width=\"373\">10pt bis 28pt (60lb bis 400lb) Umweltfreundliches Kraftpapier, E-Welle Wellpappe, Buxkarton, Karton<\/td>\n<\/tr>\n<tr>\n<td width=\"373\">Mengen<\/td>\n<td width=\"373\">500- 500,000<\/td>\n<\/tr>\n<tr>\n<td width=\"373\">Beschichtung<\/td>\n<td width=\"373\">Gl\u00e4nzend, Matt, Spot UV<\/td>\n<\/tr>\n<tr>\n<td width=\"373\">Standard-Prozess<\/td>\n<td width=\"373\">Stanzen, Kleben, Ritzen, Perforieren<\/td>\n<\/tr>\n<tr>\n<td width=\"373\">Optionen<\/td>\n<td width=\"373\">Individueller Fensterausschnitt, Gold-\/Silberfolierung, Pr\u00e4gung, erhabene Tinte, PVC-Blatt.<\/td>\n<\/tr>\n<tr>\n<td width=\"373\">Proof<\/td>\n<td width=\"373\">Flachansicht, 3D Mock-up, Physische Bemusterung (auf Anfrage)<\/td>\n<\/tr>\n<tr>\n<td width=\"373\">Umschlagzeit<\/td>\n<td width=\"373\">7-14 Arbeitstage, Eilauftrag<\/td>\n<\/tr>\n<tr>\n<td width=\"373\">MOQ<\/td>\n<td width=\"373\">500<\/td>\n<\/tr>\n<tr>\n<td width=\"373\">Probezeit<\/td>\n<td width=\"373\">\u00a03-5 Tage<\/td>\n<\/tr>\n<tr>\n<td width=\"373\">Zahlungsfrist<\/td>\n<td width=\"373\">T\/T, Western Union, Paypal, 30% Anzahlung und 70% Restbetrag vor Versand.<\/td>\n<\/tr>\n<\/tbody>\n<\/table>\n<p><img fetchpriority=\"high\" decoding=\"async\" class=\"alignnone wp-image-5947\" src=\"https:\/\/zojopackaging.com\/wp-content\/uploads\/2024\/06\/\u5706\u7b52\u8be6\u60c5\u9875_01-300x123.jpg\" alt=\"\" width=\"1362\" height=\"558\" title=\"\" srcset=\"https:\/\/zojopackaging.com\/wp-content\/uploads\/2024\/06\/\u5706\u7b52\u8be6\u60c5\u9875_01-300x123.jpg 300w, https:\/\/zojopackaging.com\/wp-content\/uploads\/2024\/06\/\u5706\u7b52\u8be6\u60c5\u9875_01-600x246.jpg 600w, https:\/\/zojopackaging.com\/wp-content\/uploads\/2024\/06\/\u5706\u7b52\u8be6\u60c5\u9875_01.jpg 750w\" sizes=\"(max-width: 1362px) 100vw, 1362px\" \/><\/p>\n<p><img decoding=\"async\" class=\"alignnone wp-image-6289\" src=\"https:\/\/zojopackaging.com\/wp-content\/uploads\/2024\/06\/\u8be6\u60c5\u9875_02-300x224.jpg\" alt=\"\u00a0Custom Flip Top Zigarette Creme Box\" width=\"1361\" height=\"1016\" title=\"\" srcset=\"https:\/\/zojopackaging.com\/wp-content\/uploads\/2024\/06\/\u8be6\u60c5\u9875_02-300x224.jpg 300w, https:\/\/zojopackaging.com\/wp-content\/uploads\/2024\/06\/\u8be6\u60c5\u9875_02-600x448.jpg 600w, https:\/\/zojopackaging.com\/wp-content\/uploads\/2024\/06\/\u8be6\u60c5\u9875_02.jpg 750w\" sizes=\"(max-width: 1361px) 100vw, 1361px\" \/><\/p>\n<p><img decoding=\"async\" class=\"alignnone wp-image-5951\" src=\"https:\/\/zojopackaging.com\/wp-content\/uploads\/2024\/06\/\u5706\u7b52\u8be6\u60c5\u9875_05-218x300.jpg\" alt=\"\" width=\"1351\" height=\"1859\" title=\"\" srcset=\"https:\/\/zojopackaging.com\/wp-content\/uploads\/2024\/06\/\u5706\u7b52\u8be6\u60c5\u9875_05-218x300.jpg 218w, https:\/\/zojopackaging.com\/wp-content\/uploads\/2024\/06\/\u5706\u7b52\u8be6\u60c5\u9875_05-600x827.jpg 600w\" sizes=\"(max-width: 1351px) 100vw, 1351px\" \/> <img loading=\"lazy\" decoding=\"async\" class=\"alignnone wp-image-5952\" src=\"https:\/\/zojopackaging.com\/wp-content\/uploads\/2024\/06\/\u5706\u7b52\u8be6\u60c5\u9875_06-207x300.jpg\" alt=\"\" width=\"1356\" height=\"1965\" title=\"\" srcset=\"https:\/\/zojopackaging.com\/wp-content\/uploads\/2024\/06\/\u5706\u7b52\u8be6\u60c5\u9875_06-207x300.jpg 207w, https:\/\/zojopackaging.com\/wp-content\/uploads\/2024\/06\/\u5706\u7b52\u8be6\u60c5\u9875_06-600x868.jpg 600w\" sizes=\"(max-width: 1356px) 100vw, 1356px\" \/> <img loading=\"lazy\" decoding=\"async\" class=\"alignnone wp-image-5953\" src=\"https:\/\/zojopackaging.com\/wp-content\/uploads\/2024\/06\/\u5706\u7b52\u8be6\u60c5\u9875_07-151x300.jpg\" alt=\"\" width=\"1361\" height=\"2703\" title=\"\" srcset=\"https:\/\/zojopackaging.com\/wp-content\/uploads\/2024\/06\/\u5706\u7b52\u8be6\u60c5\u9875_07-151x300.jpg 151w, https:\/\/zojopackaging.com\/wp-content\/uploads\/2024\/06\/\u5706\u7b52\u8be6\u60c5\u9875_07-518x1030.jpg 518w, https:\/\/zojopackaging.com\/wp-content\/uploads\/2024\/06\/\u5706\u7b52\u8be6\u60c5\u9875_07-600x1193.jpg 600w, https:\/\/zojopackaging.com\/wp-content\/uploads\/2024\/06\/\u5706\u7b52\u8be6\u60c5\u9875_07.jpg 750w\" sizes=\"(max-width: 1361px) 100vw, 1361px\" \/> <img loading=\"lazy\" decoding=\"async\" class=\"alignnone wp-image-5954\" src=\"https:\/\/zojopackaging.com\/wp-content\/uploads\/2024\/06\/\u5706\u7b52\u8be6\u60c5\u9875_08-182x300.jpg\" alt=\"\" width=\"1358\" height=\"2238\" title=\"\" srcset=\"https:\/\/zojopackaging.com\/wp-content\/uploads\/2024\/06\/\u5706\u7b52\u8be6\u60c5\u9875_08-182x300.jpg 182w, https:\/\/zojopackaging.com\/wp-content\/uploads\/2024\/06\/\u5706\u7b52\u8be6\u60c5\u9875_08-625x1030.jpg 625w, https:\/\/zojopackaging.com\/wp-content\/uploads\/2024\/06\/\u5706\u7b52\u8be6\u60c5\u9875_08-600x989.jpg 600w, https:\/\/zojopackaging.com\/wp-content\/uploads\/2024\/06\/\u5706\u7b52\u8be6\u60c5\u9875_08.jpg 750w\" sizes=\"(max-width: 1358px) 100vw, 1358px\" \/> \u00a0<img loading=\"lazy\" decoding=\"async\" class=\"alignnone wp-image-5956\" src=\"https:\/\/zojopackaging.com\/wp-content\/uploads\/2024\/06\/\u5706\u7b52\u8be6\u60c5\u9875_10-300x284.jpg\" alt=\"\" width=\"1429\" height=\"1353\" title=\"\" srcset=\"https:\/\/zojopackaging.com\/wp-content\/uploads\/2024\/06\/\u5706\u7b52\u8be6\u60c5\u9875_10-300x284.jpg 300w, https:\/\/zojopackaging.com\/wp-content\/uploads\/2024\/06\/\u5706\u7b52\u8be6\u60c5\u9875_10-600x567.jpg 600w, https:\/\/zojopackaging.com\/wp-content\/uploads\/2024\/06\/\u5706\u7b52\u8be6\u60c5\u9875_10.jpg 750w\" sizes=\"(max-width: 1429px) 100vw, 1429px\" \/> <img loading=\"lazy\" decoding=\"async\" class=\"alignnone wp-image-5957\" src=\"https:\/\/zojopackaging.com\/wp-content\/uploads\/2024\/06\/\u5706\u7b52\u8be6\u60c5\u9875_11-133x300.jpg\" alt=\"\" width=\"1359\" height=\"3065\" title=\"\" srcset=\"https:\/\/zojopackaging.com\/wp-content\/uploads\/2024\/06\/\u5706\u7b52\u8be6\u60c5\u9875_11-133x300.jpg 133w, https:\/\/zojopackaging.com\/wp-content\/uploads\/2024\/06\/\u5706\u7b52\u8be6\u60c5\u9875_11-457x1030.jpg 457w\" sizes=\"(max-width: 1359px) 100vw, 1359px\" \/><\/p>","protected":false},"excerpt":{"rendered":"<p>Konzentrierte Magnetverschlussbox, unbegrenzte Gr\u00f6\u00dfenanpassung, geeignet f\u00fcr alle Arten von Bed\u00fcrfnissen. 1200GSM festes Papier + 157GSM Kunstdruckpapier, das Futter kann entsprechend den Produkteigenschaften gestaltet werden. Goldpr\u00e4gung + UV-Beschichtung, hervorragende Textur. Direkt in China produziert, unter Ber\u00fccksichtigung der Praktikabilit\u00e4t und visuelle Premium, ist die Anpassung Kosten kontrollierbar<\/p>","protected":false},"featured_media":6290,"template":"","meta":[],"product_brand":[],"product_cat":[30,420,424,31],"product_tag":[539,537,538],"class_list":{"0":"post-6288","1":"product","2":"type-product","3":"status-publish","4":"has-post-thumbnail","6":"product_cat-by-industry","7":"product_cat-custom-cannabis-boxes","8":"product_cat-magnetic-closure-boxes","9":"product_cat-paper-box-style","10":"product_tag-concentrate-boxes-wholesale","11":"product_tag-concentrate-containers-packaging","12":"product_tag-custom-concentrate-packaging","14":"first","15":"instock","16":"shipping-taxable","17":"product-type-simple"},"_links":{"self":[{"href":"https:\/\/zojopackaging.com\/de\/wp-json\/wp\/v2\/product\/6288","targetHints":{"allow":["GET"]}}],"collection":[{"href":"https:\/\/zojopackaging.com\/de\/wp-json\/wp\/v2\/product"}],"about":[{"href":"https:\/\/zojopackaging.com\/de\/wp-json\/wp\/v2\/types\/product"}],"version-history":[{"count":2,"href":"https:\/\/zojopackaging.com\/de\/wp-json\/wp\/v2\/product\/6288\/revisions"}],"predecessor-version":[{"id":8095,"href":"https:\/\/zojopackaging.com\/de\/wp-json\/wp\/v2\/product\/6288\/revisions\/8095"}],"wp:featuredmedia":[{"embeddable":true,"href":"https:\/\/zojopackaging.com\/de\/wp-json\/wp\/v2\/media\/6290"}],"wp:attachment":[{"href":"https:\/\/zojopackaging.com\/de\/wp-json\/wp\/v2\/media?parent=6288"}],"wp:term":[{"taxonomy":"product_brand","embeddable":true,"href":"https:\/\/zojopackaging.com\/de\/wp-json\/wp\/v2\/product_brand?post=6288"},{"taxonomy":"product_cat","embeddable":true,"href":"https:\/\/zojopackaging.com\/de\/wp-json\/wp\/v2\/product_cat?post=6288"},{"taxonomy":"product_tag","embeddable":true,"href":"https:\/\/zojopackaging.com\/de\/wp-json\/wp\/v2\/product_tag?post=6288"}],"curies":[{"name":"wp","href":"https:\/\/api.w.org\/{rel}","templated":true}]}}