{"id":6714,"date":"2024-07-10T10:29:20","date_gmt":"2024-07-10T02:29:20","guid":{"rendered":"https:\/\/zojopackaging.com\/?post_type=product&#038;p=6714"},"modified":"2025-03-24T16:37:22","modified_gmt":"2025-03-24T08:37:22","slug":"custom-printed-atomizer-box","status":"publish","type":"product","link":"https:\/\/zojopackaging.com\/de\/product\/custom-printed-atomizer-box\/","title":{"rendered":"Benutzerdefinierte gedruckt Vape Pen Patrone Verpackung Box Manufactirer"},"content":{"rendered":"<h1 class=\"LC20lb MBeuO DKV0Md\">Benutzerdefinierte gedruckt Vape Pen Patrone Verpackung Box Manufactirer<\/h1>\n<p>Erhalten Sie individuelle Zerst\u00e4uberboxen zu Gro\u00dfhandelspreisen. Die Custom Box Packaging bietet bedruckte Zerst\u00e4uberboxen in verschiedenen Gr\u00f6\u00dfen an, um sicherzustellen, dass sie Ihren spezifischen Anforderungen entsprechen und die Pr\u00e4sentation Ihres Produkts verbessern.<\/p>\n<p><strong>Material<\/strong><br \/>\nBesorgen Sie sich Pappe oder Kraftmaterial f\u00fcr die Pr\u00e4sentation Ihrer Produkte im Einzelhandel.<br \/>\nSie erhalten hochfeste Well- und Hartpappe, die alle Ihre Anforderungen an den Versand erf\u00fcllt.<br \/>\nEntscheiden Sie sich f\u00fcr dekorative W\u00fcrfelkartons aus Pappe, um Ihre Luxusprodukte effektiv aufzubewahren.<\/p>\n<p><strong>Stil<\/strong><br \/>\nVerleihen Sie Ihrem Produkt einen auff\u00e4lligen Anblick, indem Sie aus unserem Angebot an Stilen f\u00fcr Ihre Box w\u00e4hlen.<br \/>\nW\u00e4hlen Sie ein Tuck-End-, Sleeve- oder zweiteiliges Modell, um Ihr Produkt stilvoll zu pr\u00e4sentieren.<\/p>\n<p><strong>Form<\/strong><br \/>\nUnser speziell entwickeltes rechteckiges oder w\u00fcrfelf\u00f6rmiges Design erm\u00f6glicht Ihnen die einfache Unterbringung Ihrer Waren.<br \/>\nGer\u00e4umige Kastenstrukturen werden je nach Bedarf in kleinen und gro\u00dfen Formen entworfen.<\/p>\n<p><strong>Optionales Verfahren<\/strong><br \/>\nHeben Sie Ihre Markenslogans, Ihren Text oder jedes andere Merkmal mit Techniken wie<br \/>\nzus\u00e4tzlicher Ausschnitt \/ Debossing \/ Embossing \/ Folienpr\u00e4gung \/ Perforation \/ Window Patching und viele andere.<\/p>\n<p><strong>Beschichtung<\/strong><br \/>\nAQ (Halbglanz) \/ Glanzlack \/ Mattlack \/ Glanzlaminierung \/ Matt<br \/>\nSpot UV + Mattlackierung \/ Spot UV + Mattlaminierung<\/p>\n<h1><strong>Spezifikation<\/strong><\/h1>\n<table width=\"1153\">\n<tbody>\n<tr>\n<td width=\"373\">Abmessungen<\/td>\n<td width=\"373\">Alle kundenspezifischen Gr\u00f6\u00dfen und Formen<\/td>\n<\/tr>\n<tr>\n<td width=\"373\">Drucken<\/td>\n<td width=\"373\">CMYK, PMS, Kein Druck<\/td>\n<\/tr>\n<tr>\n<td width=\"373\">Papierbestand<\/td>\n<td width=\"373\">10pt bis 28pt (60lb bis 400lb) Umweltfreundliches Kraftpapier, E-Welle Wellpappe, Buxkarton, Karton<\/td>\n<\/tr>\n<tr>\n<td width=\"373\">Mengen<\/td>\n<td width=\"373\">500- 500,000<\/td>\n<\/tr>\n<tr>\n<td width=\"373\">Beschichtung<\/td>\n<td width=\"373\">Gl\u00e4nzend, Matt, Spot UV<\/td>\n<\/tr>\n<tr>\n<td width=\"373\">Standard-Prozess<\/td>\n<td width=\"373\">Stanzen, Kleben, Ritzen, Perforieren<\/td>\n<\/tr>\n<tr>\n<td width=\"373\">Optionen<\/td>\n<td width=\"373\">Individueller Fensterausschnitt, Gold-\/Silberfolierung, Pr\u00e4gung, erhabene Tinte, PVC-Blatt.<\/td>\n<\/tr>\n<tr>\n<td width=\"373\">Proof<\/td>\n<td width=\"373\">Flachansicht, 3D Mock-up, Physische Bemusterung (auf Anfrage)<\/td>\n<\/tr>\n<tr>\n<td width=\"373\">Umschlagzeit<\/td>\n<td width=\"373\">7-14 Arbeitstage, Eilauftrag<\/td>\n<\/tr>\n<tr>\n<td width=\"373\">MOQ<\/td>\n<td width=\"373\">500<\/td>\n<\/tr>\n<tr>\n<td width=\"373\">Probezeit<\/td>\n<td width=\"373\">\u00a03-5 Tage<\/td>\n<\/tr>\n<tr>\n<td width=\"373\">Zahlungsfrist<\/td>\n<td width=\"373\">T\/T, Western Union, Paypal, 30% Anzahlung und 70% Restbetrag vor Versand.<\/td>\n<\/tr>\n<\/tbody>\n<\/table>\n<p><img fetchpriority=\"high\" decoding=\"async\" class=\"alignnone wp-image-5947\" src=\"https:\/\/zojopackaging.com\/wp-content\/uploads\/2024\/06\/\u5706\u7b52\u8be6\u60c5\u9875_01-300x123.jpg\" alt=\"\" width=\"1362\" height=\"558\" title=\"\" srcset=\"https:\/\/zojopackaging.com\/wp-content\/uploads\/2024\/06\/\u5706\u7b52\u8be6\u60c5\u9875_01-300x123.jpg 300w, https:\/\/zojopackaging.com\/wp-content\/uploads\/2024\/06\/\u5706\u7b52\u8be6\u60c5\u9875_01-600x246.jpg 600w, https:\/\/zojopackaging.com\/wp-content\/uploads\/2024\/06\/\u5706\u7b52\u8be6\u60c5\u9875_01.jpg 750w\" sizes=\"(max-width: 1362px) 100vw, 1362px\" \/><\/p>\n<p>&nbsp;<\/p>\n<p><img decoding=\"async\" class=\"alignnone wp-image-5951\" src=\"https:\/\/zojopackaging.com\/wp-content\/uploads\/2024\/06\/\u5706\u7b52\u8be6\u60c5\u9875_05-218x300.jpg\" alt=\"\" width=\"1351\" height=\"1859\" title=\"\" srcset=\"https:\/\/zojopackaging.com\/wp-content\/uploads\/2024\/06\/\u5706\u7b52\u8be6\u60c5\u9875_05-218x300.jpg 218w, https:\/\/zojopackaging.com\/wp-content\/uploads\/2024\/06\/\u5706\u7b52\u8be6\u60c5\u9875_05-600x827.jpg 600w\" sizes=\"(max-width: 1351px) 100vw, 1351px\" \/> <img decoding=\"async\" class=\"alignnone wp-image-5952\" src=\"https:\/\/zojopackaging.com\/wp-content\/uploads\/2024\/06\/\u5706\u7b52\u8be6\u60c5\u9875_06-207x300.jpg\" alt=\"\" width=\"1356\" height=\"1965\" title=\"\" srcset=\"https:\/\/zojopackaging.com\/wp-content\/uploads\/2024\/06\/\u5706\u7b52\u8be6\u60c5\u9875_06-207x300.jpg 207w, https:\/\/zojopackaging.com\/wp-content\/uploads\/2024\/06\/\u5706\u7b52\u8be6\u60c5\u9875_06-600x868.jpg 600w\" sizes=\"(max-width: 1356px) 100vw, 1356px\" \/> <img loading=\"lazy\" decoding=\"async\" class=\"alignnone wp-image-5953\" src=\"https:\/\/zojopackaging.com\/wp-content\/uploads\/2024\/06\/\u5706\u7b52\u8be6\u60c5\u9875_07-151x300.jpg\" alt=\"\" width=\"1361\" height=\"2703\" title=\"\" srcset=\"https:\/\/zojopackaging.com\/wp-content\/uploads\/2024\/06\/\u5706\u7b52\u8be6\u60c5\u9875_07-151x300.jpg 151w, https:\/\/zojopackaging.com\/wp-content\/uploads\/2024\/06\/\u5706\u7b52\u8be6\u60c5\u9875_07-518x1030.jpg 518w, https:\/\/zojopackaging.com\/wp-content\/uploads\/2024\/06\/\u5706\u7b52\u8be6\u60c5\u9875_07-600x1193.jpg 600w, https:\/\/zojopackaging.com\/wp-content\/uploads\/2024\/06\/\u5706\u7b52\u8be6\u60c5\u9875_07.jpg 750w\" sizes=\"(max-width: 1361px) 100vw, 1361px\" \/> <img loading=\"lazy\" decoding=\"async\" class=\"alignnone wp-image-5954\" src=\"https:\/\/zojopackaging.com\/wp-content\/uploads\/2024\/06\/\u5706\u7b52\u8be6\u60c5\u9875_08-182x300.jpg\" alt=\"\" width=\"1358\" height=\"2238\" title=\"\" srcset=\"https:\/\/zojopackaging.com\/wp-content\/uploads\/2024\/06\/\u5706\u7b52\u8be6\u60c5\u9875_08-182x300.jpg 182w, https:\/\/zojopackaging.com\/wp-content\/uploads\/2024\/06\/\u5706\u7b52\u8be6\u60c5\u9875_08-625x1030.jpg 625w, https:\/\/zojopackaging.com\/wp-content\/uploads\/2024\/06\/\u5706\u7b52\u8be6\u60c5\u9875_08-600x989.jpg 600w, https:\/\/zojopackaging.com\/wp-content\/uploads\/2024\/06\/\u5706\u7b52\u8be6\u60c5\u9875_08.jpg 750w\" sizes=\"(max-width: 1358px) 100vw, 1358px\" \/> \u00a0<img loading=\"lazy\" decoding=\"async\" class=\"alignnone wp-image-5956\" src=\"https:\/\/zojopackaging.com\/wp-content\/uploads\/2024\/06\/\u5706\u7b52\u8be6\u60c5\u9875_10-300x284.jpg\" alt=\"\" width=\"1429\" height=\"1353\" title=\"\" srcset=\"https:\/\/zojopackaging.com\/wp-content\/uploads\/2024\/06\/\u5706\u7b52\u8be6\u60c5\u9875_10-300x284.jpg 300w, https:\/\/zojopackaging.com\/wp-content\/uploads\/2024\/06\/\u5706\u7b52\u8be6\u60c5\u9875_10-600x567.jpg 600w, https:\/\/zojopackaging.com\/wp-content\/uploads\/2024\/06\/\u5706\u7b52\u8be6\u60c5\u9875_10.jpg 750w\" sizes=\"(max-width: 1429px) 100vw, 1429px\" \/> <img loading=\"lazy\" decoding=\"async\" class=\"alignnone wp-image-5957\" src=\"https:\/\/zojopackaging.com\/wp-content\/uploads\/2024\/06\/\u5706\u7b52\u8be6\u60c5\u9875_11-133x300.jpg\" alt=\"\" width=\"1359\" height=\"3065\" title=\"\" srcset=\"https:\/\/zojopackaging.com\/wp-content\/uploads\/2024\/06\/\u5706\u7b52\u8be6\u60c5\u9875_11-133x300.jpg 133w, https:\/\/zojopackaging.com\/wp-content\/uploads\/2024\/06\/\u5706\u7b52\u8be6\u60c5\u9875_11-457x1030.jpg 457w\" sizes=\"(max-width: 1359px) 100vw, 1359px\" \/><\/p>","protected":false},"excerpt":{"rendered":"<p>Customized vape kindersichere Karte Box, voller Gr\u00f6\u00dfe Futter intelligente Anpassung, Pantone-Farbdruck mit Null-Farbunterschied, China Fabrik Zertifizierung.<\/p>","protected":false},"featured_media":6716,"template":"","meta":[],"product_brand":[],"product_cat":[30,420,430,31],"product_tag":[571,570,569],"class_list":{"0":"post-6714","1":"product","2":"type-product","3":"status-publish","4":"has-post-thumbnail","6":"product_cat-by-industry","7":"product_cat-custom-cannabis-boxes","8":"product_cat-folding-cartons","9":"product_cat-paper-box-style","10":"product_tag-packaging-box-manufactirer","11":"product_tag-vape-packaging-box","12":"product_tag-vape-pen-cartridge-packaging","14":"first","15":"instock","16":"shipping-taxable","17":"product-type-simple"},"_links":{"self":[{"href":"https:\/\/zojopackaging.com\/de\/wp-json\/wp\/v2\/product\/6714","targetHints":{"allow":["GET"]}}],"collection":[{"href":"https:\/\/zojopackaging.com\/de\/wp-json\/wp\/v2\/product"}],"about":[{"href":"https:\/\/zojopackaging.com\/de\/wp-json\/wp\/v2\/types\/product"}],"version-history":[{"count":2,"href":"https:\/\/zojopackaging.com\/de\/wp-json\/wp\/v2\/product\/6714\/revisions"}],"predecessor-version":[{"id":8108,"href":"https:\/\/zojopackaging.com\/de\/wp-json\/wp\/v2\/product\/6714\/revisions\/8108"}],"wp:featuredmedia":[{"embeddable":true,"href":"https:\/\/zojopackaging.com\/de\/wp-json\/wp\/v2\/media\/6716"}],"wp:attachment":[{"href":"https:\/\/zojopackaging.com\/de\/wp-json\/wp\/v2\/media?parent=6714"}],"wp:term":[{"taxonomy":"product_brand","embeddable":true,"href":"https:\/\/zojopackaging.com\/de\/wp-json\/wp\/v2\/product_brand?post=6714"},{"taxonomy":"product_cat","embeddable":true,"href":"https:\/\/zojopackaging.com\/de\/wp-json\/wp\/v2\/product_cat?post=6714"},{"taxonomy":"product_tag","embeddable":true,"href":"https:\/\/zojopackaging.com\/de\/wp-json\/wp\/v2\/product_tag?post=6714"}],"curies":[{"name":"wp","href":"https:\/\/api.w.org\/{rel}","templated":true}]}}