{"id":6768,"date":"2024-07-17T09:22:23","date_gmt":"2024-07-17T01:22:23","guid":{"rendered":"https:\/\/zojopackaging.com\/?post_type=product&#038;p=6768"},"modified":"2025-03-24T11:40:30","modified_gmt":"2025-03-24T03:40:30","slug":"custom-round-shaped-rigid-boxes","status":"publish","type":"product","link":"https:\/\/zojopackaging.com\/de\/product\/custom-round-shaped-rigid-boxes\/","title":{"rendered":"Benutzerdefinierte Runde elegante Zylinder Parf\u00fcm Papier Rohre Lieferungen"},"content":{"rendered":"<h1>Benutzerdefinierte Runde elegante Zylinder Parf\u00fcm Papier Rohre Lieferungen<\/h1>\n<h2><strong>Produkt\u00fcbersicht<\/strong><\/h2>\n<p>Wir stellen Ihnen unsere eleganten und hochfunktionalen runden St\u00fclpdeckelschachteln vor, die Ihren vielf\u00e4ltigen Verpackungsanforderungen gerecht werden. Diese einzigartige Verpackungsl\u00f6sung kombiniert Stil und Haltbarkeit, um sicherzustellen, dass Ihre Produkte optimal pr\u00e4sentiert und gesch\u00fctzt werden.<\/p>\n<h2>Wesentliche Merkmale<\/h2>\n<p>Auffallendes Design: Die schlichte schwarze Farbe und die runde Form verleihen der Box ein modernes und anspruchsvolles Aussehen, wodurch sie im Regal auff\u00e4llt.<br \/>\nHochwertige Materialien: Hergestellt aus hochwertigem Karton oder Pappe, die St\u00e4rke und Robustheit gew\u00e4hrleisten, um Ihren Inhalt zu sch\u00fctzen.<br \/>\nAnpassbare Gr\u00f6\u00dfe: Erh\u00e4ltlich in verschiedenen Durchmessern und H\u00f6hen zur Anpassung an unterschiedliche Produktabmessungen.<br \/>\nSicherer Verschluss: Optionen f\u00fcr dicht schlie\u00dfende Deckel oder Schraubverschl\u00fcsse, die verhindern, dass der Inhalt versch\u00fcttet oder besch\u00e4digt wird.<br \/>\nBedruckbare Oberfl\u00e4che: Ideal zum individuellen Bedrucken mit Ihrem Markenlogo, Produktinformationen oder einem Design Ihrer Wahl f\u00fcr maximale Markensichtbarkeit.<\/p>\n<h2>Anwendungen<\/h2>\n<p>Diese schwarze, runde Verpackungsbox eignet sich perfekt f\u00fcr eine Vielzahl von Produkten wie Kosmetika, Kerzen, kleine Geschenke, S\u00fc\u00dfwaren und hochwertige Konsumg\u00fcter.<br \/>\nVorteile:<br \/>\nVerbessern Sie das Markenimage: Das unverwechselbare Design hilft Ihrer Marke, einen bleibenden Eindruck bei den Kunden zu hinterlassen.<br \/>\nSch\u00fctzen Sie Ihre Produkte: Die robuste Konstruktion bietet hervorragenden Schutz bei Lagerung und Transport.<br \/>\nVielseitig verwendbar: Geeignet f\u00fcr den Verpackungsbedarf im Einzel- und Gro\u00dfhandel.<br \/>\nKosteneffektiv: Bietet eine kosteng\u00fcnstige Verpackungsl\u00f6sung ohne Kompromisse bei der Qualit\u00e4t.<\/p>\n<h2>Bestellinformationen<\/h2>\n<table style=\"border-collapse: collapse; width: 681.77pt;\" border=\"0\" width=\"909\" cellspacing=\"0\" cellpadding=\"0\">\n<tbody>\n<tr style=\"height: 15.75pt;\">\n<td class=\"et3\" style=\"height: 15.75pt; width: 306.75pt;\" width=\"409\" height=\"21\">MOQ<\/td>\n<td class=\"et3\" style=\"width: 375.00pt;\" width=\"500\">500 - 500.000 St\u00fcck<\/td>\n<\/tr>\n<tr style=\"height: 31.50pt;\">\n<td class=\"et3\" style=\"height: 31.50pt; width: 306.75pt;\" width=\"409\" height=\"42\">Farben<\/td>\n<td class=\"et3\" style=\"width: 375.00pt;\" width=\"500\">Wei\u00df\/Braun Kraft, CMYK, PMS, Sonderfarben (Metallic Silber, Metallic Gold),<\/td>\n<\/tr>\n<tr style=\"height: 16.50pt;\">\n<td class=\"et4\" style=\"height: 16.50pt;\" height=\"22\">Drucken<\/td>\n<td class=\"et5\">CMYK gedruckt<\/td>\n<\/tr>\n<tr style=\"height: 16.50pt;\">\n<td class=\"et5\" style=\"height: 16.50pt;\" height=\"22\">Dimension<\/td>\n<td class=\"et5\">L + B &lt;= 20 Zoll; H &lt;= 26 Zoll<\/td>\n<\/tr>\n<tr style=\"height: 16.50pt;\">\n<td class=\"et4\" style=\"height: 16.50pt;\" height=\"22\">Zertifizierung<\/td>\n<td class=\"et5\">SGS, IOS9001<\/td>\n<\/tr>\n<tr style=\"height: 16.50pt;\">\n<td class=\"et4\" style=\"height: 16.50pt;\" height=\"22\">Struktur<\/td>\n<td class=\"et5\">3St\u00fcck Teleskop-Papierr\u00f6hre<\/td>\n<\/tr>\n<tr style=\"height: 16.50pt;\">\n<td class=\"et4\" style=\"height: 16.50pt;\" height=\"22\">Dienst<\/td>\n<td class=\"et5\">OEM\/ODM<\/td>\n<\/tr>\n<tr style=\"height: 31.50pt;\">\n<td class=\"et3\" style=\"height: 31.50pt; width: 306.75pt;\" width=\"409\" height=\"42\">Papierbestand<\/td>\n<td class=\"et3\" style=\"width: 375.00pt;\" width=\"500\">12pt bis 24pt wei\u00dfes Cardstock, 18pt bis 24pt SBS, 18pt bis 24pt Kraft Cardstock, Wellpappmaterial.<\/td>\n<\/tr>\n<tr style=\"height: 15.75pt;\">\n<td class=\"et3\" style=\"height: 15.75pt; width: 306.75pt;\" width=\"409\" height=\"21\">Fertigstellung<\/td>\n<td class=\"et3\" style=\"width: 375.00pt;\" width=\"500\">Glanz AQ (Standard), Glanz UV, Matt UV<\/td>\n<\/tr>\n<tr style=\"height: 15.75pt;\">\n<td class=\"et3\" style=\"height: 15.75pt; width: 306.75pt;\" width=\"409\" height=\"21\">Proof<\/td>\n<td class=\"et3\" style=\"width: 375.00pt;\" width=\"500\">Digital Proof (druckfertige Datei) wird vom Kunden best\u00e4tigt.<\/td>\n<\/tr>\n<tr style=\"height: 31.50pt;\">\n<td class=\"et3\" style=\"height: 31.50pt; width: 306.75pt;\" width=\"409\" height=\"42\">Turnaround<\/td>\n<td class=\"et3\" style=\"width: 375.00pt;\" width=\"500\">7-14 Werktage f\u00fcr Druck und Versand, nach der endg\u00fcltigen Genehmigung (KOSTENLOSER Versand)<\/td>\n<\/tr>\n<tr style=\"height: 31.50pt;\">\n<td class=\"et7\" style=\"height: 31.50pt; width: 306.75pt;\" width=\"409\" height=\"42\">Zahlungsfrist<\/td>\n<td class=\"et7\" style=\"width: 375.00pt;\" width=\"500\">T\/T, Western Union, Paypal, 30% Anzahlung und 70% Restbetrag vor Versand.<\/td>\n<\/tr>\n<\/tbody>\n<\/table>","protected":false},"excerpt":{"rendered":"<p>Anbieter von Parf\u00fcmverpackungen, unbegrenzte Anpassung an die Gr\u00f6\u00dfe des Produkts, diese Schachtel besteht aus 1200 GSM Graupappe und 157 GSM beschichtetem Papier, das Hei\u00dfpr\u00e4geverfahren kann die visuelle Wirkung verst\u00e4rken, das spezielle Papiermaterial hat ein einzigartiges visuelles und taktiles Gef\u00fchl und verbessert die Produktqualit\u00e4t<\/p>","protected":false},"featured_media":6773,"template":"","meta":[],"product_brand":[],"product_cat":[417,429],"product_tag":[530,528,529],"class_list":{"0":"post-6768","1":"product","2":"type-product","3":"status-publish","4":"has-post-thumbnail","6":"product_cat-custom-perfume-boxes-by-industry","7":"product_cat-paper-tube-boxes","8":"product_tag-custom-paper-tubes","9":"product_tag-cylinder-perfume-paper-tubes","10":"product_tag-perfume-paper-tubes-supplies","12":"first","13":"instock","14":"shipping-taxable","15":"product-type-simple"},"_links":{"self":[{"href":"https:\/\/zojopackaging.com\/de\/wp-json\/wp\/v2\/product\/6768","targetHints":{"allow":["GET"]}}],"collection":[{"href":"https:\/\/zojopackaging.com\/de\/wp-json\/wp\/v2\/product"}],"about":[{"href":"https:\/\/zojopackaging.com\/de\/wp-json\/wp\/v2\/types\/product"}],"version-history":[{"count":2,"href":"https:\/\/zojopackaging.com\/de\/wp-json\/wp\/v2\/product\/6768\/revisions"}],"predecessor-version":[{"id":8091,"href":"https:\/\/zojopackaging.com\/de\/wp-json\/wp\/v2\/product\/6768\/revisions\/8091"}],"wp:featuredmedia":[{"embeddable":true,"href":"https:\/\/zojopackaging.com\/de\/wp-json\/wp\/v2\/media\/6773"}],"wp:attachment":[{"href":"https:\/\/zojopackaging.com\/de\/wp-json\/wp\/v2\/media?parent=6768"}],"wp:term":[{"taxonomy":"product_brand","embeddable":true,"href":"https:\/\/zojopackaging.com\/de\/wp-json\/wp\/v2\/product_brand?post=6768"},{"taxonomy":"product_cat","embeddable":true,"href":"https:\/\/zojopackaging.com\/de\/wp-json\/wp\/v2\/product_cat?post=6768"},{"taxonomy":"product_tag","embeddable":true,"href":"https:\/\/zojopackaging.com\/de\/wp-json\/wp\/v2\/product_tag?post=6768"}],"curies":[{"name":"wp","href":"https:\/\/api.w.org\/{rel}","templated":true}]}}