{"id":6780,"date":"2024-07-17T10:03:51","date_gmt":"2024-07-17T02:03:51","guid":{"rendered":"https:\/\/zojopackaging.com\/?post_type=product&#038;p=6780"},"modified":"2025-03-24T11:23:21","modified_gmt":"2025-03-24T03:23:21","slug":"custom-round-wine-cardboard-box","status":"publish","type":"product","link":"https:\/\/zojopackaging.com\/de\/product\/custom-round-wine-cardboard-box\/","title":{"rendered":"Benutzerdefinierte Premium Wein Spirituosen Tube Verpackung Boxen Fabrik"},"content":{"rendered":"<h1>Benutzerdefinierte Premium Wein Spirituosen Tube Verpackung Boxen Fabrik<\/h1>\n<div class=\"auto-hide-last-sibling-br paragraph-u1TS5p paragraph-element br-paragraph-space\">Unser kundenspezifischer runder Weinkarton ist eine ma\u00dfgeschneiderte Verpackungsl\u00f6sung, die den hohen Anspr\u00fcchen der Weinindustrie gerecht wird. Diese mit Pr\u00e4zision und Liebe zum Detail gefertigten Kartons sind die perfekte Wahl f\u00fcr die Pr\u00e4sentation und den Schutz Ihrer Premium-Weine.<\/div>\n<div>\n<h2 class=\"yikes-custom-woo-tab-title yikes-custom-woo-tab-title-specifications\">Spezifikationen<\/h2>\n<\/div>\n<div>\n<table style=\"border-collapse: collapse; width: 681.77pt;\" border=\"0\" width=\"909\" cellspacing=\"0\" cellpadding=\"0\">\n<tbody>\n<tr style=\"height: 15.75pt;\">\n<td class=\"et3\" style=\"height: 15.75pt; width: 306.75pt;\" width=\"409\" height=\"21\">MOQ<\/td>\n<td class=\"et3\" style=\"width: 375.00pt;\" width=\"500\">500 - 500.000 St\u00fcck<\/td>\n<\/tr>\n<tr style=\"height: 31.50pt;\">\n<td class=\"et3\" style=\"height: 31.50pt; width: 306.75pt;\" width=\"409\" height=\"42\">Farben<\/td>\n<td class=\"et3\" style=\"width: 375.00pt;\" width=\"500\">Wei\u00df\/Braun Kraft, CMYK, PMS, Sonderfarben (Metallic Silber, Metallic Gold),<\/td>\n<\/tr>\n<tr style=\"height: 16.50pt;\">\n<td class=\"et4\" style=\"height: 16.50pt;\" height=\"22\">Drucken<\/td>\n<td class=\"et5\">CMYK gedruckt<\/td>\n<\/tr>\n<tr style=\"height: 16.50pt;\">\n<td class=\"et5\" style=\"height: 16.50pt;\" height=\"22\">Dimension<\/td>\n<td class=\"et5\">L + B &lt;= 20 Zoll; H &lt;= 26 Zoll<\/td>\n<\/tr>\n<tr style=\"height: 16.50pt;\">\n<td class=\"et4\" style=\"height: 16.50pt;\" height=\"22\">Zertifizierung<\/td>\n<td class=\"et5\">SGS, IOS9001<\/td>\n<\/tr>\n<tr style=\"height: 16.50pt;\">\n<td class=\"et4\" style=\"height: 16.50pt;\" height=\"22\">Struktur<\/td>\n<td class=\"et5\">3St\u00fcck Teleskop-Papierr\u00f6hre<\/td>\n<\/tr>\n<tr style=\"height: 16.50pt;\">\n<td class=\"et4\" style=\"height: 16.50pt;\" height=\"22\">Dienst<\/td>\n<td class=\"et5\">OEM\/ODM<\/td>\n<\/tr>\n<tr style=\"height: 31.50pt;\">\n<td class=\"et3\" style=\"height: 31.50pt; width: 306.75pt;\" width=\"409\" height=\"42\">Papierbestand<\/td>\n<td class=\"et3\" style=\"width: 375.00pt;\" width=\"500\">12pt bis 24pt wei\u00dfes Cardstock, 18pt bis 24pt SBS, 18pt bis 24pt Kraft Cardstock, Wellpappmaterial.<\/td>\n<\/tr>\n<tr style=\"height: 15.75pt;\">\n<td class=\"et3\" style=\"height: 15.75pt; width: 306.75pt;\" width=\"409\" height=\"21\">Fertigstellung<\/td>\n<td class=\"et3\" style=\"width: 375.00pt;\" width=\"500\">Glanz AQ (Standard), Glanz UV, Matt UV<\/td>\n<\/tr>\n<tr style=\"height: 15.75pt;\">\n<td class=\"et3\" style=\"height: 15.75pt; width: 306.75pt;\" width=\"409\" height=\"21\">Proof<\/td>\n<td class=\"et3\" style=\"width: 375.00pt;\" width=\"500\">Digital Proof (druckfertige Datei) wird vom Kunden best\u00e4tigt.<\/td>\n<\/tr>\n<tr style=\"height: 31.50pt;\">\n<td class=\"et3\" style=\"height: 31.50pt; width: 306.75pt;\" width=\"409\" height=\"42\">Turnaround<\/td>\n<td class=\"et3\" style=\"width: 375.00pt;\" width=\"500\">7-14 Werktage f\u00fcr Druck und Versand, nach der endg\u00fcltigen Genehmigung (KOSTENLOSER Versand)<\/td>\n<\/tr>\n<tr style=\"height: 31.50pt;\">\n<td class=\"et7\" style=\"height: 31.50pt; width: 306.75pt;\" width=\"409\" height=\"42\">Zahlungsfrist<\/td>\n<td class=\"et7\" style=\"width: 375.00pt;\" width=\"500\">T\/T, Western Union, Paypal, 30% Anzahlung und 70% Restbetrag vor Versand.<\/td>\n<\/tr>\n<\/tbody>\n<\/table>\n<\/div>\n<h2 class=\"auto-hide-last-sibling-br paragraph-u1TS5p paragraph-element br-paragraph-space\">Wesentliche Merkmale<\/h2>\n<ol class=\"auto-hide-last-sibling-br\">\n<li>Rundes Design: Die runde Form bietet eine einzigartige und elegante \u00c4sthetik, die Ihren Wein im Regal hervorhebt.<\/li>\n<li>Anpassbare Abmessungen: Passen Sie die Gr\u00f6\u00dfe der Box an verschiedene Flaschenformen und -gr\u00f6\u00dfen an und sorgen Sie so f\u00fcr einen passgenauen und sicheren Sitz.<\/li>\n<li>Hochwertiger Karton: Hergestellt aus stabilem und haltbarem Karton, der ausgezeichneten Schutz gegen St\u00f6\u00dfe und \u00e4u\u00dferen Druck bietet.<\/li>\n<li>Druck- und Branding-Optionen: Bedrucken Sie Ihr Markenlogo, Ihre Weinangaben oder ein beliebiges individuelles Design mit hochaufl\u00f6sendem Druck f\u00fcr maximale Markensichtbarkeit und Produktattraktivit\u00e4t.<\/li>\n<li>Innenpolsterung: Die weiche Polsterung auf der Innenseite sch\u00fctzt die Flasche vor Kratzern und Sch\u00e4den w\u00e4hrend des Transports.<\/li>\n<li>Widerstandsf\u00e4higkeit gegen Feuchtigkeit: Spezielle Beschichtungen oder Laminierungen k\u00f6nnen hinzugef\u00fcgt werden, um die Unversehrtheit der Kiste und des Weins vor Feuchtigkeit zu gew\u00e4hrleisten.<\/li>\n<\/ol>\n<h2 class=\"auto-hide-last-sibling-br paragraph-u1TS5p paragraph-element br-paragraph-space\">Produktionsprozess<\/h2>\n<div class=\"auto-hide-last-sibling-br paragraph-u1TS5p paragraph-element br-paragraph-space\">Unsere hochmodernen Produktionsanlagen erm\u00f6glichen es uns, gro\u00dfe Auftr\u00e4ge zu bearbeiten und gleichzeitig eine strenge Qualit\u00e4tskontrolle durchzuf\u00fchren. Vom Entwurf bis zur endg\u00fcltigen Produktion arbeitet unser Team eng mit Ihnen zusammen, um sicherzustellen, dass jeder Aspekt des kundenspezifischen runden Weinkartons Ihren Erwartungen entspricht.<\/div>\n<h2 class=\"auto-hide-last-sibling-br paragraph-u1TS5p paragraph-element br-paragraph-space\">Bestellung und Lieferung<\/h2>\n<div class=\"auto-hide-last-sibling-br paragraph-u1TS5p paragraph-element br-paragraph-space\">Um die Kosteneffizienz zu gew\u00e4hrleisten, gelten Mindestbestellmengen. Wir bieten flexible Lieferzeiten und einen zuverl\u00e4ssigen Lieferservice, damit Sie Ihre Boxen schnell erhalten.<\/div>\n<div class=\"auto-hide-last-sibling-br paragraph-u1TS5p paragraph-element br-paragraph-space\">Investieren Sie in unseren individuellen runden Weinkarton, um Ihre Weine stilvoll zu pr\u00e4sentieren und ihre Qualit\u00e4t zu sichern. Setzen Sie sich noch heute mit uns in Verbindung, um Ihre spezifischen Anforderungen zu besprechen und den ersten Schritt zu einer hervorragenden Verpackung zu machen.<\/div>","protected":false},"excerpt":{"rendered":"<p>Diese Rotweinspirituosen-Verpackungsschachtel aus Papier besteht aus einer doppelseitigen Verbundstruktur aus 1200GSM Graupappe und 157GSM beschichtetem Papier, und das Basismaterial hat die FSC-Umweltzertifizierung erhalten.<\/p>","protected":false},"featured_media":6786,"template":"","meta":[],"product_brand":[],"product_cat":[419,429],"product_tag":[526,527,525],"class_list":{"0":"post-6780","1":"product","2":"type-product","3":"status-publish","4":"has-post-thumbnail","6":"product_cat-custom-wines-spirits-boxes","7":"product_cat-paper-tube-boxes","8":"product_tag-custom-tube-packaging-boxes","9":"product_tag-tube-packaging-factory","10":"product_tag-wine-spirits-tube-packaging","12":"first","13":"instock","14":"shipping-taxable","15":"product-type-simple"},"_links":{"self":[{"href":"https:\/\/zojopackaging.com\/de\/wp-json\/wp\/v2\/product\/6780","targetHints":{"allow":["GET"]}}],"collection":[{"href":"https:\/\/zojopackaging.com\/de\/wp-json\/wp\/v2\/product"}],"about":[{"href":"https:\/\/zojopackaging.com\/de\/wp-json\/wp\/v2\/types\/product"}],"version-history":[{"count":2,"href":"https:\/\/zojopackaging.com\/de\/wp-json\/wp\/v2\/product\/6780\/revisions"}],"predecessor-version":[{"id":8089,"href":"https:\/\/zojopackaging.com\/de\/wp-json\/wp\/v2\/product\/6780\/revisions\/8089"}],"wp:featuredmedia":[{"embeddable":true,"href":"https:\/\/zojopackaging.com\/de\/wp-json\/wp\/v2\/media\/6786"}],"wp:attachment":[{"href":"https:\/\/zojopackaging.com\/de\/wp-json\/wp\/v2\/media?parent=6780"}],"wp:term":[{"taxonomy":"product_brand","embeddable":true,"href":"https:\/\/zojopackaging.com\/de\/wp-json\/wp\/v2\/product_brand?post=6780"},{"taxonomy":"product_cat","embeddable":true,"href":"https:\/\/zojopackaging.com\/de\/wp-json\/wp\/v2\/product_cat?post=6780"},{"taxonomy":"product_tag","embeddable":true,"href":"https:\/\/zojopackaging.com\/de\/wp-json\/wp\/v2\/product_tag?post=6780"}],"curies":[{"name":"wp","href":"https:\/\/api.w.org\/{rel}","templated":true}]}}