{"id":6793,"date":"2024-07-17T10:24:49","date_gmt":"2024-07-17T02:24:49","guid":{"rendered":"https:\/\/zojopackaging.com\/?post_type=product&#038;p=6793"},"modified":"2025-03-24T10:18:40","modified_gmt":"2025-03-24T02:18:40","slug":"custom-chocolate-packaging-gift-box","status":"publish","type":"product","link":"https:\/\/zojopackaging.com\/de\/product\/custom-chocolate-packaging-gift-box\/","title":{"rendered":"Benutzerdefinierte wiederverwertbare Schokolade Papierrohr Verpackung Gro\u00dfhandel"},"content":{"rendered":"<h1>Benutzerdefinierte wiederverwertbare Schokolade Papierrohr Verpackung Gro\u00dfhandel<\/h1>\n<div class=\"auto-hide-last-sibling-br paragraph-u1TS5p paragraph-element br-paragraph-space\">Unsere kundenspezifischen Schokoladenverpackungen werden mit Pr\u00e4zision und Liebe zum Detail hergestellt, um eine elegante und funktionelle L\u00f6sung f\u00fcr Ihren S\u00fc\u00dfwarenbedarf zu bieten.<\/div>\n<div>\n<table style=\"border-collapse: collapse; width: 681.77pt;\" border=\"0\" width=\"909\" cellspacing=\"0\" cellpadding=\"0\">\n<tbody>\n<tr style=\"height: 15.75pt;\">\n<td class=\"et3\" style=\"height: 15.75pt; width: 306.75pt;\" width=\"409\" height=\"21\">MOQ<\/td>\n<td class=\"et3\" style=\"width: 375.00pt;\" width=\"500\">500 - 500.000 St\u00fcck<\/td>\n<\/tr>\n<tr style=\"height: 31.50pt;\">\n<td class=\"et3\" style=\"height: 31.50pt; width: 306.75pt;\" width=\"409\" height=\"42\">Farben<\/td>\n<td class=\"et3\" style=\"width: 375.00pt;\" width=\"500\">Wei\u00df\/Braun Kraft, CMYK, PMS, Sonderfarben (Metallic Silber, Metallic Gold),<\/td>\n<\/tr>\n<tr style=\"height: 16.50pt;\">\n<td class=\"et4\" style=\"height: 16.50pt;\" height=\"22\">Drucken<\/td>\n<td class=\"et5\">CMYK gedruckt<\/td>\n<\/tr>\n<tr style=\"height: 16.50pt;\">\n<td class=\"et5\" style=\"height: 16.50pt;\" height=\"22\">Dimension<\/td>\n<td class=\"et5\">L + B &lt;= 20 Zoll; H &lt;= 26 Zoll<\/td>\n<\/tr>\n<tr style=\"height: 16.50pt;\">\n<td class=\"et4\" style=\"height: 16.50pt;\" height=\"22\">Zertifizierung<\/td>\n<td class=\"et5\">SGS, IOS9001<\/td>\n<\/tr>\n<tr style=\"height: 16.50pt;\">\n<td class=\"et4\" style=\"height: 16.50pt;\" height=\"22\">Struktur<\/td>\n<td class=\"et5\">3St\u00fcck Teleskop-Papierr\u00f6hre<\/td>\n<\/tr>\n<tr style=\"height: 16.50pt;\">\n<td class=\"et4\" style=\"height: 16.50pt;\" height=\"22\">Dienst<\/td>\n<td class=\"et5\">OEM\/ODM<\/td>\n<\/tr>\n<tr style=\"height: 31.50pt;\">\n<td class=\"et3\" style=\"height: 31.50pt; width: 306.75pt;\" width=\"409\" height=\"42\">Papierbestand<\/td>\n<td class=\"et3\" style=\"width: 375.00pt;\" width=\"500\">12pt bis 24pt wei\u00dfes Cardstock, 18pt bis 24pt SBS, 18pt bis 24pt Kraft Cardstock, Wellpappmaterial.<\/td>\n<\/tr>\n<tr style=\"height: 15.75pt;\">\n<td class=\"et3\" style=\"height: 15.75pt; width: 306.75pt;\" width=\"409\" height=\"21\">Fertigstellung<\/td>\n<td class=\"et3\" style=\"width: 375.00pt;\" width=\"500\">Glanz AQ (Standard), Glanz UV, Matt UV<\/td>\n<\/tr>\n<tr style=\"height: 15.75pt;\">\n<td class=\"et3\" style=\"height: 15.75pt; width: 306.75pt;\" width=\"409\" height=\"21\">Proof<\/td>\n<td class=\"et3\" style=\"width: 375.00pt;\" width=\"500\">Digital Proof (druckfertige Datei) wird vom Kunden best\u00e4tigt.<\/td>\n<\/tr>\n<tr style=\"height: 31.50pt;\">\n<td class=\"et3\" style=\"height: 31.50pt; width: 306.75pt;\" width=\"409\" height=\"42\">Turnaround<\/td>\n<td class=\"et3\" style=\"width: 375.00pt;\" width=\"500\">7-14 Werktage f\u00fcr Druck und Versand, nach der endg\u00fcltigen Genehmigung (KOSTENLOSER Versand)<\/td>\n<\/tr>\n<tr style=\"height: 31.50pt;\">\n<td class=\"et7\" style=\"height: 31.50pt; width: 306.75pt;\" width=\"409\" height=\"42\">Zahlungsfrist<\/td>\n<td class=\"et7\" style=\"width: 375.00pt;\" width=\"500\">T\/T, Western Union, Paypal, 30% Anzahlung und 70% Restbetrag vor Versand.<\/td>\n<\/tr>\n<\/tbody>\n<\/table>\n<\/div>\n<h2 class=\"auto-hide-last-sibling-br paragraph-u1TS5p paragraph-element br-paragraph-space\">Wesentliche Merkmale<\/h2>\n<ol class=\"auto-hide-last-sibling-br\">\n<li>Ma\u00dfgeschneiderte Designs: Arbeiten Sie eng mit unserem Designteam zusammen, um eine einzigartige und auff\u00e4llige Schachtel zu entwerfen, die die Pers\u00f6nlichkeit Ihrer Marke und die Essenz Ihres Schokoladenangebots widerspiegelt. Sie k\u00f6nnen aus einer Vielzahl von Formen, Gr\u00f6\u00dfen und Stilen w\u00e4hlen, um Ihre Pralinen perfekt zu pr\u00e4sentieren.<\/li>\n<li>Hochwertige Materialien: Wir verwenden hochwertiges Papier, das nicht nur stabil ist, sondern sich auch luxuri\u00f6s anf\u00fchlt. Das Material gew\u00e4hrleistet den Schutz und die Frische Ihrer Pralinen und bewahrt deren Qualit\u00e4t.<\/li>\n<li>Druckoptionen: W\u00e4hlen Sie aus fortschrittlichen Drucktechniken wie Offsetdruck, Digitaldruck oder Pr\u00e4gung, um Ihren Verpackungen komplizierte Details, leuchtende Farben und eine haptische Oberfl\u00e4che zu verleihen.<\/li>\n<li>Innenausstattungen: Gestalten Sie das Innere der Schachtel mit Einlagen, Trennw\u00e4nden oder Folienauskleidung, um die Pralinen sicher an ihrem Platz zu halten und ihnen einen zus\u00e4tzlichen Hauch von Raffinesse zu verleihen.<\/li>\n<li>Fensterausschnitte: Sie k\u00f6nnen ein transparentes Fenster einf\u00fcgen, um den Kunden einen Blick auf die k\u00f6stlichen Pralinen im Inneren zu gew\u00e4hren und sie zum Kauf zu verleiten.<\/li>\n<li>Branding-M\u00f6glichkeiten: Zeigen Sie an prominenter Stelle Ihr Markenlogo, Ihren Slogan und Ihre Produktinformationen, um das Markenbewusstsein und die Wiedererkennung zu steigern.<\/li>\n<\/ol>\n<h2 class=\"auto-hide-last-sibling-br paragraph-u1TS5p paragraph-element br-paragraph-space\">Vorteile f\u00fcr Ihr Unternehmen<\/h2>\n<ol class=\"auto-hide-last-sibling-br\">\n<li>Differenzierung der Marke: Heben Sie sich von Ihren Mitbewerbern durch eine unverwechselbare Verpackung ab, die die Aufmerksamkeit der Verbraucher auf sich zieht und einen bleibenden Eindruck hinterl\u00e4sst.<\/li>\n<li>Gesteigerte Kundenattraktivit\u00e4t: Eine attraktive Verpackung erh\u00f6ht den wahrgenommenen Wert Ihrer Pralinen, macht sie f\u00fcr die Kunden attraktiver und steigert den Umsatz.<\/li>\n<li>Schutz und Aufbewahrung: Das hochwertige Material und Design sorgen daf\u00fcr, dass die Pralinen in perfektem Zustand bleiben und ihren Geschmack und ihre Konsistenz behalten.<\/li>\n<li>Marketing-Instrument: Die Verpackung dient als leistungsf\u00e4higes Marketinginstrument, das Ihre Markenbotschaft und Ihre Werte an potenzielle Kunden weitergibt.<\/li>\n<\/ol>\n<h2 class=\"auto-hide-last-sibling-br paragraph-u1TS5p paragraph-element br-paragraph-space\">Bestellvorgang<\/h2>\n<div class=\"auto-hide-last-sibling-br paragraph-u1TS5p paragraph-element br-paragraph-space\">Unser engagiertes Team f\u00fchrt Sie durch den einfachen und nahtlosen Bestellprozess. Vom ersten Konzept bis zur endg\u00fcltigen Produktion arbeiten wir bei jedem Schritt mit Ihnen zusammen, um sicherzustellen, dass die Verpackung Ihren Erwartungen entspricht.<\/div>\n<h2 class=\"auto-hide-last-sibling-br paragraph-u1TS5p paragraph-element br-paragraph-space\">Lieferung und Vorlaufzeiten<\/h2>\n<div class=\"auto-hide-last-sibling-br paragraph-u1TS5p paragraph-element br-paragraph-space\">Wir wissen, wie wichtig eine p\u00fcnktliche Lieferung ist. Unsere effizienten Produktions- und Logistiksysteme sorgen daf\u00fcr, dass Ihre ma\u00dfgefertigten Schokoladenverpackungen p\u00fcnktlich geliefert werden, so dass Sie Ihre Gesch\u00e4ftsfristen einhalten k\u00f6nnen.<br \/>\n<a href=\"https:\/\/zojopackaging.com\/de\/contact-us\/\"><strong>Kontakt<\/strong><\/a> noch heute, um die perfekte Verpackung f\u00fcr Ihre S\u00fc\u00dfwaren zu entwerfen.<\/div>","protected":false},"excerpt":{"rendered":"<p>Diese lebensmittelechte Schokoladenkeks-Verpackungsschachtel verwendet 1200GSM lebensmittelechte Graupappe + 157GSM beschichtetes Kunstdruckpapier und ist FSC-zertifiziertes umweltfreundliches Substrat, um die Lebensmittelsicherheit zu gew\u00e4hrleisten. Der Schachteltyp unterst\u00fctzt unbegrenzte Gr\u00f6\u00dfe Verformung Anpassung, und kostenlose Proben sind f\u00fcr Sie, um die Qualit\u00e4t zu \u00fcberpr\u00fcfen zur Verf\u00fcgung gestellt.<\/p>","protected":false},"featured_media":6794,"template":"","meta":[],"product_brand":[],"product_cat":[422,429],"product_tag":[522,523,524],"class_list":{"0":"post-6793","1":"product","2":"type-product","3":"status-publish","4":"has-post-thumbnail","6":"product_cat-custom-gourmet-boxes-by-industry","7":"product_cat-paper-tube-boxes","8":"product_tag-chocolate-paper-tube","9":"product_tag-custom-chocolate-paper-tube","10":"product_tag-paper-tube-wholesale","12":"first","13":"instock","14":"shipping-taxable","15":"product-type-simple"},"_links":{"self":[{"href":"https:\/\/zojopackaging.com\/de\/wp-json\/wp\/v2\/product\/6793","targetHints":{"allow":["GET"]}}],"collection":[{"href":"https:\/\/zojopackaging.com\/de\/wp-json\/wp\/v2\/product"}],"about":[{"href":"https:\/\/zojopackaging.com\/de\/wp-json\/wp\/v2\/types\/product"}],"version-history":[{"count":2,"href":"https:\/\/zojopackaging.com\/de\/wp-json\/wp\/v2\/product\/6793\/revisions"}],"predecessor-version":[{"id":8088,"href":"https:\/\/zojopackaging.com\/de\/wp-json\/wp\/v2\/product\/6793\/revisions\/8088"}],"wp:featuredmedia":[{"embeddable":true,"href":"https:\/\/zojopackaging.com\/de\/wp-json\/wp\/v2\/media\/6794"}],"wp:attachment":[{"href":"https:\/\/zojopackaging.com\/de\/wp-json\/wp\/v2\/media?parent=6793"}],"wp:term":[{"taxonomy":"product_brand","embeddable":true,"href":"https:\/\/zojopackaging.com\/de\/wp-json\/wp\/v2\/product_brand?post=6793"},{"taxonomy":"product_cat","embeddable":true,"href":"https:\/\/zojopackaging.com\/de\/wp-json\/wp\/v2\/product_cat?post=6793"},{"taxonomy":"product_tag","embeddable":true,"href":"https:\/\/zojopackaging.com\/de\/wp-json\/wp\/v2\/product_tag?post=6793"}],"curies":[{"name":"wp","href":"https:\/\/api.w.org\/{rel}","templated":true}]}}