{"id":6800,"date":"2024-07-17T10:36:39","date_gmt":"2024-07-17T02:36:39","guid":{"rendered":"https:\/\/zojopackaging.com\/?post_type=product&#038;p=6800"},"modified":"2025-03-24T10:05:41","modified_gmt":"2025-03-24T02:05:41","slug":"custom-paper-tube-paper-box","status":"publish","type":"product","link":"https:\/\/zojopackaging.com\/de\/product\/custom-paper-tube-paper-box\/","title":{"rendered":"Benutzerdefinierte nachhaltige Runde Fragranc Parf\u00fcm Papier Rohre Fabrik"},"content":{"rendered":"<h1>Benutzerdefinierte nachhaltige Runde Fragranc Parf\u00fcm Papier Rohre Fabrik<\/h1>\n<div class=\"auto-hide-last-sibling-br paragraph-u1TS5p paragraph-element br-paragraph-space\">\n<div class=\"auto-hide-last-sibling-br paragraph-u1TS5p paragraph-element br-paragraph-space\">\n<div class=\"elementor-element elementor-element-052609b elementor-widget elementor-widget-heading\" data-id=\"052609b\" data-element_type=\"widget\" data-widget_type=\"heading.default\">\n<div class=\"elementor-widget-container\">\n<h2 class=\"elementor-heading-title elementor-size-default\">Eine End-to-End-Verpackungsl\u00f6sung aus einer Hand<\/h2>\n<\/div>\n<\/div>\n<div class=\"elementor-element elementor-element-ad86f67 elementor-widget elementor-widget-text-editor\" data-id=\"ad86f67\" data-element_type=\"widget\" data-widget_type=\"text-editor.default\">\n<div class=\"elementor-widget-container\">\n<p>Verpackungen sind Teil Ihrer Marke Kartonagen sind mehr als ihr Aussehen. Wir k\u00f6nnen eine nachhaltige Verpackungsl\u00f6sung entwickeln, die Ihr Produkt und Ihre Markengeschichte erz\u00e4hlt. Wir entwickeln die innovativsten und hochwertigsten Verpackungsl\u00f6sungen.<\/p>\n<\/div>\n<\/div>\n<\/div>\n<table style=\"border-collapse: collapse; width: 681.77pt;\" border=\"0\" width=\"909\" cellspacing=\"0\" cellpadding=\"0\">\n<tbody>\n<tr style=\"height: 15.75pt;\">\n<td class=\"et3\" style=\"height: 15.75pt; width: 306.75pt;\" width=\"409\" height=\"21\">MOQ<\/td>\n<td class=\"et3\" style=\"width: 375.00pt;\" width=\"500\">500 - 500.000 St\u00fcck<\/td>\n<\/tr>\n<tr style=\"height: 31.50pt;\">\n<td class=\"et3\" style=\"height: 31.50pt; width: 306.75pt;\" width=\"409\" height=\"42\">Farben<\/td>\n<td class=\"et3\" style=\"width: 375.00pt;\" width=\"500\">Wei\u00df\/Braun Kraft, CMYK, PMS, Sonderfarben (Metallic Silber, Metallic Gold),<\/td>\n<\/tr>\n<tr style=\"height: 16.50pt;\">\n<td class=\"et4\" style=\"height: 16.50pt;\" height=\"22\">Drucken<\/td>\n<td class=\"et5\">CMYK gedruckt<\/td>\n<\/tr>\n<tr style=\"height: 16.50pt;\">\n<td class=\"et5\" style=\"height: 16.50pt;\" height=\"22\">Dimension<\/td>\n<td class=\"et5\">L + B &lt;= 20 Zoll; H &lt;= 26 Zoll<\/td>\n<\/tr>\n<tr style=\"height: 16.50pt;\">\n<td class=\"et4\" style=\"height: 16.50pt;\" height=\"22\">Zertifizierung<\/td>\n<td class=\"et5\">SGS, IOS9001<\/td>\n<\/tr>\n<tr style=\"height: 16.50pt;\">\n<td class=\"et4\" style=\"height: 16.50pt;\" height=\"22\">Struktur<\/td>\n<td class=\"et5\">3St\u00fcck Teleskop-Papierr\u00f6hre<\/td>\n<\/tr>\n<tr style=\"height: 16.50pt;\">\n<td class=\"et4\" style=\"height: 16.50pt;\" height=\"22\">Dienst<\/td>\n<td class=\"et5\">OEM\/ODM<\/td>\n<\/tr>\n<tr style=\"height: 31.50pt;\">\n<td class=\"et3\" style=\"height: 31.50pt; width: 306.75pt;\" width=\"409\" height=\"42\">Papierbestand<\/td>\n<td class=\"et3\" style=\"width: 375.00pt;\" width=\"500\">12pt bis 24pt wei\u00dfes Cardstock, 18pt bis 24pt SBS, 18pt bis 24pt Kraft Cardstock, Wellpappmaterial.<\/td>\n<\/tr>\n<tr style=\"height: 15.75pt;\">\n<td class=\"et3\" style=\"height: 15.75pt; width: 306.75pt;\" width=\"409\" height=\"21\">Fertigstellung<\/td>\n<td class=\"et3\" style=\"width: 375.00pt;\" width=\"500\">Glanz AQ (Standard), Glanz UV, Matt UV<\/td>\n<\/tr>\n<tr style=\"height: 15.75pt;\">\n<td class=\"et3\" style=\"height: 15.75pt; width: 306.75pt;\" width=\"409\" height=\"21\">Proof<\/td>\n<td class=\"et3\" style=\"width: 375.00pt;\" width=\"500\">Digital Proof (druckfertige Datei) wird vom Kunden best\u00e4tigt.<\/td>\n<\/tr>\n<tr style=\"height: 31.50pt;\">\n<td class=\"et3\" style=\"height: 31.50pt; width: 306.75pt;\" width=\"409\" height=\"42\">Turnaround<\/td>\n<td class=\"et3\" style=\"width: 375.00pt;\" width=\"500\">7-14 Werktage f\u00fcr Druck und Versand, nach der endg\u00fcltigen Genehmigung (KOSTENLOSER Versand)<\/td>\n<\/tr>\n<tr style=\"height: 31.50pt;\">\n<td class=\"et7\" style=\"height: 31.50pt; width: 306.75pt;\" width=\"409\" height=\"42\">Zahlungsfrist<\/td>\n<td class=\"et7\" style=\"width: 375.00pt;\" width=\"500\">T\/T, Western Union, Paypal, 30% Anzahlung und 70% Restbetrag vor Versand.<\/td>\n<\/tr>\n<\/tbody>\n<\/table>\n<h2 class=\"auto-hide-last-sibling-br paragraph-u1TS5p paragraph-element br-paragraph-space\">Wesentliche Merkmale<\/h2>\n<ol class=\"auto-hide-last-sibling-br\">\n<li>Anpassungsm\u00f6glichkeiten: Sie haben die vollst\u00e4ndige Kontrolle \u00fcber die Gr\u00f6\u00dfe, Form und Abmessungen der Papierr\u00f6hrenbox, um eine perfekte Passform f\u00fcr Ihre Produkte zu gew\u00e4hrleisten. W\u00e4hlen Sie aus einer breiten Palette von Farben, Mustern und Veredelungen, um eine einzigartige und optisch ansprechende Verpackung zu schaffen.<\/li>\n<li>Hochwertige Materialien: Wir verwenden hochwertiges Papier, das sowohl langlebig als auch umweltfreundlich ist. Das Material bietet ausgezeichnete Festigkeit und Schutz, damit Ihre Produkte in perfektem Zustand ankommen.<\/li>\n<li>Strukturelle Integrit\u00e4t: Das Design der Papierh\u00fclse bietet eine hervorragende Stabilit\u00e4t und Unterst\u00fctzung und verhindert Sch\u00e4den bei der Handhabung und beim Transport.<\/li>\n<li>Branding-M\u00f6glichkeiten: Pr\u00e4sentieren Sie Ihr Markenlogo, Ihren Slogan und Ihre Produktinformationen durch einen hochwertigen Druck oder eine Pr\u00e4gung und erh\u00f6hen Sie so die Sichtbarkeit und den Wiedererkennungswert Ihrer Marke.<\/li>\n<li>Vielseitige Anwendungen: Geeignet f\u00fcr eine Vielzahl von Produkten wie Kosmetika, Geschenke, Schreibwaren und vieles mehr.<\/li>\n<li>Recycelbar und nachhaltig: Unsere ma\u00dfgefertigten Papierschachteln aus recycelbaren Materialien sind eine umweltbewusste Wahl, die mit den Werten Ihrer Marke \u00fcbereinstimmt.<\/li>\n<\/ol>\n<h2 class=\"auto-hide-last-sibling-br paragraph-u1TS5p paragraph-element br-paragraph-space\">Bestellvorgang<\/h2>\n<div class=\"auto-hide-last-sibling-br paragraph-u1TS5p paragraph-element br-paragraph-space\">Unser Expertenteam wird w\u00e4hrend des gesamten Bestellvorgangs eng mit Ihnen zusammenarbeiten. Von den ersten Designkonzepten bis zur endg\u00fcltigen Produktion stellen wir sicher, dass jedes Detail Ihren Erwartungen entspricht. Au\u00dferdem stellen wir Ihnen vor der Massenproduktion Muster zur Pr\u00fcfung und Genehmigung zur Verf\u00fcgung.<\/div>\n<h2 class=\"auto-hide-last-sibling-br paragraph-u1TS5p paragraph-element br-paragraph-space\">Lieferzeiten<\/h2>\n<div class=\"auto-hide-last-sibling-br paragraph-u1TS5p paragraph-element br-paragraph-space\">Wir wissen, wie wichtig eine p\u00fcnktliche Lieferung ist. Unsere zuverl\u00e4ssigen Logistikpartner sorgen daf\u00fcr, dass Ihre ma\u00dfgefertigten Papierr\u00f6hren-Papierschachteln innerhalb der vereinbarten Vorlaufzeit zu Ihnen nach Hause geliefert werden, damit Sie Ihre Gesch\u00e4ftstermine reibungslos einhalten k\u00f6nnen.<\/div>\n<div><\/div>\n<div class=\"auto-hide-last-sibling-br paragraph-u1TS5p paragraph-element br-paragraph-space\">Entscheiden Sie sich f\u00fcr unsere Custom Paper Tube Paper Box, um Ihre Verpackung aufzuwerten und einen bleibenden Eindruck bei Ihren Kunden zu hinterlassen. <strong><a href=\"https:\/\/zojopackaging.com\/de\/contact-us\/\">Kontaktieren Sie uns heute<\/a><\/strong> um die perfekte Verpackungsl\u00f6sung f\u00fcr Ihr Unternehmen zu finden.<\/div>\n<\/div>","protected":false},"excerpt":{"rendered":"<p>Dieser Parf\u00fcmzylinder-Verpackungskarton verwendet 1200GSM Graupappe + 157GSM beschichtetes Kunstdruckpapier und verwendet FSC-zertifiziertes umweltfreundliches Papier, um eine nachhaltige Verpackung zu erreichen. Sie unterst\u00fctzt die unbegrenzte Anpassung von Schachteltyp, Gr\u00f6\u00dfe, Oberfl\u00e4chendruck usw. an Ihre Produkte und Marken.<\/p>","protected":false},"featured_media":6804,"template":"","meta":[],"product_brand":[],"product_cat":[417,429],"product_tag":[520,521,519],"class_list":{"0":"post-6800","1":"product","2":"type-product","3":"status-publish","4":"has-post-thumbnail","6":"product_cat-custom-perfume-boxes-by-industry","7":"product_cat-paper-tube-boxes","8":"product_tag-custom-fragranc-paper-tubes","9":"product_tag-perfume-paper-tubes","10":"product_tag-perfume-paper-tubes-factory","12":"first","13":"instock","14":"shipping-taxable","15":"product-type-simple"},"_links":{"self":[{"href":"https:\/\/zojopackaging.com\/de\/wp-json\/wp\/v2\/product\/6800","targetHints":{"allow":["GET"]}}],"collection":[{"href":"https:\/\/zojopackaging.com\/de\/wp-json\/wp\/v2\/product"}],"about":[{"href":"https:\/\/zojopackaging.com\/de\/wp-json\/wp\/v2\/types\/product"}],"version-history":[{"count":2,"href":"https:\/\/zojopackaging.com\/de\/wp-json\/wp\/v2\/product\/6800\/revisions"}],"predecessor-version":[{"id":8087,"href":"https:\/\/zojopackaging.com\/de\/wp-json\/wp\/v2\/product\/6800\/revisions\/8087"}],"wp:featuredmedia":[{"embeddable":true,"href":"https:\/\/zojopackaging.com\/de\/wp-json\/wp\/v2\/media\/6804"}],"wp:attachment":[{"href":"https:\/\/zojopackaging.com\/de\/wp-json\/wp\/v2\/media?parent=6800"}],"wp:term":[{"taxonomy":"product_brand","embeddable":true,"href":"https:\/\/zojopackaging.com\/de\/wp-json\/wp\/v2\/product_brand?post=6800"},{"taxonomy":"product_cat","embeddable":true,"href":"https:\/\/zojopackaging.com\/de\/wp-json\/wp\/v2\/product_cat?post=6800"},{"taxonomy":"product_tag","embeddable":true,"href":"https:\/\/zojopackaging.com\/de\/wp-json\/wp\/v2\/product_tag?post=6800"}],"curies":[{"name":"wp","href":"https:\/\/api.w.org\/{rel}","templated":true}]}}