{"id":6811,"date":"2024-07-17T13:41:36","date_gmt":"2024-07-17T05:41:36","guid":{"rendered":"https:\/\/zojopackaging.com\/?post_type=product&#038;p=6811"},"modified":"2025-03-24T09:49:41","modified_gmt":"2025-03-24T01:49:41","slug":"customized-printed-paper-gift-bags","status":"publish","type":"product","link":"https:\/\/zojopackaging.com\/de\/product\/customized-printed-paper-gift-bags\/","title":{"rendered":"Luxus benutzerdefinierte faltbare Papier Einkaufstaschen Hersteller"},"content":{"rendered":"<h1 class=\"auto-hide-last-sibling-br paragraph-u1TS5p paragraph-element br-paragraph-space\">Individuell bedruckte Papiertragetaschen<\/h1>\n<div class=\"auto-hide-last-sibling-br paragraph-u1TS5p paragraph-element br-paragraph-space\">Unsere individuell bedruckten Papiertragetaschen sind die perfekte Wahl, um Ihren Geschenken eine pers\u00f6nliche und unvergessliche Note zu verleihen.<\/div>\n<h2 class=\"auto-hide-last-sibling-br paragraph-u1TS5p paragraph-element br-paragraph-space\">Wesentliche Merkmale<\/h2>\n<ol class=\"auto-hide-last-sibling-br\">\n<li>Ma\u00dfgeschneiderte Designs: Arbeiten Sie eng mit unserem erfahrenen Designteam zusammen, um eine einzigartige Tasche zu entwerfen, die zu Ihrer Marke oder Ihrem Veranstaltungsthema passt. Sie k\u00f6nnen aus einer breiten Palette von Farben, Mustern und Grafiken w\u00e4hlen, um Ihre Geschenktaschen zu echten Unikaten zu machen.<\/li>\n<li>Hochwertige Materialien: Wir verwenden hochwertiges Papier, das nicht nur stabil ist, sondern auch eine luxuri\u00f6se Haptik bietet. Das Papier wird so ausgew\u00e4hlt, dass eine lange Haltbarkeit und eine glatte Oberfl\u00e4che gew\u00e4hrleistet sind.<\/li>\n<li>Pr\u00e4zisionsdruck: Unsere fortschrittliche Drucktechnologie erm\u00f6glicht scharfe, lebendige und langlebige Drucke. Ob es sich um ein detailliertes Logo, ein komplexes Design oder eine aufrichtige Botschaft handelt, wir garantieren h\u00f6chste Qualit\u00e4t.<\/li>\n<li>Griff-Optionen: W\u00e4hlen Sie aus verschiedenen Griffen wie Satinband, gedrehtem Papierseil oder flachen Papiergriffen f\u00fcr zus\u00e4tzlichen Komfort und Stil.<\/li>\n<li>Gr\u00f6\u00dfenanpassung: Erh\u00e4ltlich in einer Vielzahl von Gr\u00f6\u00dfen f\u00fcr unterschiedliche Geschenkartikel, von kleinen Schmuckst\u00fccken bis hin zu gr\u00f6\u00dferen Geschenken.<\/li>\n<li>Optionen f\u00fcr das Innere: Verbessern Sie die Pr\u00e4sentation, indem Sie das Innere der Tasche mit Seidenpapier oder einer speziellen Auskleidung versehen.<\/li>\n<\/ol>\n<h2 class=\"auto-hide-last-sibling-br paragraph-u1TS5p paragraph-element br-paragraph-space\">Bestellvorgang<\/h2>\n<div class=\"auto-hide-last-sibling-br paragraph-u1TS5p paragraph-element br-paragraph-space\">Unser Bestellverfahren ist einfach und unkompliziert. Teilen Sie uns einfach Ihre Design-Ideen und -Anforderungen mit, und wir unterbreiten Ihnen ein detailliertes Angebot und ein Muster. Nach der Genehmigung sorgt unser effizientes Produktionsteam f\u00fcr die rechtzeitige Lieferung Ihrer Bestellung.<\/div>\n<h2 class=\"auto-hide-last-sibling-br paragraph-u1TS5p paragraph-element br-paragraph-space\">Lieferung und Vorlaufzeiten<\/h2>\n<div class=\"auto-hide-last-sibling-br paragraph-u1TS5p paragraph-element br-paragraph-space\">Wir wissen, wie wichtig es ist, Ihre Fristen einzuhalten. Wir bieten Ihnen einen zuverl\u00e4ssigen Lieferservice und geben Ihnen je nach Umfang und Komplexit\u00e4t Ihres Auftrags klare Zeitvorgaben.<\/div>\n<div class=\"auto-hide-last-sibling-br paragraph-u1TS5p paragraph-element br-paragraph-space\">Investieren Sie in unsere individuell bedruckten Papiertragetaschen, damit Ihre Geschenke auffallen und einen bleibenden Eindruck hinterlassen. <strong><a href=\"https:\/\/zojopackaging.com\/de\/contact-us\/\">Kontaktieren Sie uns heute<\/a><\/strong> um die perfekte Geschenktaschenl\u00f6sung f\u00fcr Ihre gesch\u00e4ftlichen Anforderungen zu finden.<\/div>\n<div>\n<h2 class=\"yikes-custom-woo-tab-title yikes-custom-woo-tab-title-specifications\">Spezifikationen<\/h2>\n<table class=\"table table-striped\">\n<tbody>\n<tr>\n<td>Box-Stil<\/td>\n<td>Umgekehrtes Falzende<\/td>\n<\/tr>\n<tr>\n<td>Wesentliche Merkmale<\/td>\n<td>Friktionsverschluss oben<\/td>\n<\/tr>\n<tr>\n<td>Dimension<\/td>\n<td>L + B &lt;= 20 Zoll; H &lt;= 26 Zoll<\/td>\n<\/tr>\n<tr>\n<td>Mengen<\/td>\n<td>500 &#8211; 500,000<\/td>\n<\/tr>\n<tr>\n<td>Papierbestand<\/td>\n<td>12pt bis 24pt wei\u00dfes Cardstock, 18pt bis 24pt SBS, 18pt bis 24pt Kraft Cardstock, Wellpappmaterial.<\/td>\n<\/tr>\n<tr>\n<td>Farben<\/td>\n<td>Wei\u00df\/Braun Kraft, CMYK, PMS, Sonderfarben (Metallic Silber, Metallic Gold),<\/td>\n<\/tr>\n<tr>\n<td>Fertigstellung<\/td>\n<td>Glanz AQ (Standard), Glanz UV, Matt UV<\/td>\n<\/tr>\n<tr>\n<td>Hochladen von Dateien<\/td>\n<td>Stanzkontur und Design in getrennten Ebenen<\/p>\n<p>PMS-Muster notiert, falls zutreffend<\/td>\n<\/tr>\n<tr>\n<td>Proof<\/td>\n<td>Digital Proof (druckfertige Datei) wird vom Kunden best\u00e4tigt.<\/td>\n<\/tr>\n<tr>\n<td>Turnaround<\/td>\n<td>7-14 Werktage f\u00fcr Druck und Versand, nach der endg\u00fcltigen Genehmigung (KOSTENLOSER Versand)<\/td>\n<\/tr>\n<tr>\n<td>Versand<\/td>\n<td>Flaches Paket<\/td>\n<\/tr>\n<\/tbody>\n<\/table>\n<\/div>","protected":false},"excerpt":{"rendered":"<p>Diese schwarze faltbare Papiertasche verwendet ein mattes Laminierungsverfahren, um eine unauff\u00e4llige, kratzfeste Oberfl\u00e4che zu schaffen, kombiniert mit einem goldenen Hei\u00dfpr\u00e4gefolienverfahren, um das exklusive Muster der Marke zu pr\u00e4sentieren, und ist mit einem abnehmbaren Band\/Griffseil gepaart. Das faltbare Design kann 50% an Lager- und Transportraum sparen.<\/p>","protected":false},"featured_media":6817,"template":"","meta":[],"product_brand":[],"product_cat":[30,413,432,31],"product_tag":[518,516,517],"class_list":{"0":"post-6811","1":"product","2":"type-product","3":"status-publish","4":"has-post-thumbnail","6":"product_cat-by-industry","7":"product_cat-consumer-electronics-boxes","8":"product_cat-pape-gift-bags","9":"product_cat-paper-box-style","10":"product_tag-custom-paper-bags","11":"product_tag-foldable-paper-shopping-bags","12":"product_tag-paper-shopping-bags-manufacturer","14":"first","15":"instock","16":"shipping-taxable","17":"product-type-simple"},"_links":{"self":[{"href":"https:\/\/zojopackaging.com\/de\/wp-json\/wp\/v2\/product\/6811","targetHints":{"allow":["GET"]}}],"collection":[{"href":"https:\/\/zojopackaging.com\/de\/wp-json\/wp\/v2\/product"}],"about":[{"href":"https:\/\/zojopackaging.com\/de\/wp-json\/wp\/v2\/types\/product"}],"version-history":[{"count":2,"href":"https:\/\/zojopackaging.com\/de\/wp-json\/wp\/v2\/product\/6811\/revisions"}],"predecessor-version":[{"id":8086,"href":"https:\/\/zojopackaging.com\/de\/wp-json\/wp\/v2\/product\/6811\/revisions\/8086"}],"wp:featuredmedia":[{"embeddable":true,"href":"https:\/\/zojopackaging.com\/de\/wp-json\/wp\/v2\/media\/6817"}],"wp:attachment":[{"href":"https:\/\/zojopackaging.com\/de\/wp-json\/wp\/v2\/media?parent=6811"}],"wp:term":[{"taxonomy":"product_brand","embeddable":true,"href":"https:\/\/zojopackaging.com\/de\/wp-json\/wp\/v2\/product_brand?post=6811"},{"taxonomy":"product_cat","embeddable":true,"href":"https:\/\/zojopackaging.com\/de\/wp-json\/wp\/v2\/product_cat?post=6811"},{"taxonomy":"product_tag","embeddable":true,"href":"https:\/\/zojopackaging.com\/de\/wp-json\/wp\/v2\/product_tag?post=6811"}],"curies":[{"name":"wp","href":"https:\/\/api.w.org\/{rel}","templated":true}]}}